{"id":9493,"date":"2026-03-18T14:06:42","date_gmt":"2026-03-18T13:06:42","guid":{"rendered":"https:\/\/www.nedbalka.sk\/?post_type=product&#038;p=9493"},"modified":"2026-03-18T14:08:48","modified_gmt":"2026-03-18T13:08:48","slug":"martin-benka-malba","status":"publish","type":"product","link":"https:\/\/www.nedbalka.sk\/en\/product\/martin-benka-malba\/","title":{"rendered":"Martin Benka &#8211; Ma\u013eba"},"content":{"rendered":"<p>Martin Benka patr\u00ed k najv\u00fdznamnej\u0161\u00edm predstavite\u013eom slovensk\u00e9ho v\u00fdtvarn\u00e9ho umenia 20. storo\u010dia. Jeho tvorba je zn\u00e1ma \u0161irokej odbornej i laickej verejnosti a\u00a0jeho diela patria na trhu s\u00a0umen\u00edm dodnes k najpred\u00e1vanej\u0161\u00edm a najvy\u0161\u0161ie hodnoten\u00fdm. V\u00fdstava sa zameriava na jeho maliarsku tvorbu a pribli\u017euje n\u00e1v\u0161tevn\u00edkom autorov osobit\u00fd v\u00fdtvarn\u00fd jazyk, ktor\u00fd sa stal z\u00e1kladom formovania modern\u00e9ho slovensk\u00e9ho maliarstva.<\/p>\n<p data-sr-id=\"24\">\u017divot a tvorba Martina Benku s\u00fa neodmyslite\u013enou s\u00fa\u010das\u0165ou slovensk\u00fdch kult\u00farnych dej\u00edn. Vo svojich dielach dok\u00e1zal jedine\u010dn\u00fdm sp\u00f4sobom prepoji\u0165 modern\u00e9 v\u00fdtvarn\u00e9 tendencie s historizuj\u00facimi prvkami, ktor\u00e9 idealizuj\u00fa slovensk\u00fa vidiecku spolo\u010dnos\u0165. Jeho cie\u013eom nebola len form\u00e1lna inov\u00e1cia, ale predov\u0161etk\u00fdm vybudovanie slovensk\u00e9ho m\u00fdtu \u2013 vizu\u00e1lneho obrazu n\u00e1roda, ktor\u00fd by prispel k jeho kult\u00farnemu a n\u00e1rodn\u00e9mu ukotveniu. Benkove diela tak nepon\u00fakaj\u00fa iba estetick\u00fd z\u00e1\u017eitok, ale aj hlbok\u00e9 posolstvo o pracovitosti, sile a vytrvalosti slovensk\u00e9ho \u013eudu.<\/p>\n<p data-sr-id=\"25\">V\u00fdznamn\u00fa \u00falohu v Benkovej tvorbe zohr\u00e1va aj forma. Jeho v\u00fdtvarn\u00fd prejav sa postupne vyv\u00edjal od impresionistick\u00fdch za\u010diatkov a\u017e po \u0161pecifick\u00e9 dekorat\u00edvne po\u0148atie ma\u013eby, ktor\u00e9 kunsthistorici ozna\u010duj\u00fa ako secesn\u00fd dekorativizmus. Tento osobit\u00fd \u0161t\u00fdl bol na na\u0161om \u00fazem\u00ed prelomov\u00fd a z\u00e1sadne ovplyvnil \u010fal\u0161\u00ed v\u00fdvoj slovensk\u00e9ho v\u00fdtvarn\u00e9ho umenia.<\/p>\n<p style=\"font-weight: 400;\">N\u00e1zov: Martin Benka, Podtitul: Ma\u013eba \/ Painting, Autor: Alexandra Ko\u010di\u0161kov\u00e1, V\u00e4zba: m\u00e4kk\u00e1, ISBN: 978-80-89784-32-5, Rok vydania: 2026, Vydavate\u013e: Gal\u00e9ria Nedbalka, Po\u010det str\u00e1n: 55, Jazyk: slovensk\u00fd + anglick\u00fd<\/p>\n","protected":false},"excerpt":{"rendered":"<p>Martin Benka patr\u00ed k najv\u00fdznamnej\u0161\u00edm predstavite\u013eom slovensk\u00e9ho v\u00fdtvarn\u00e9ho umenia 20. storo\u010dia. Jeho tvorba je zn\u00e1ma \u0161irokej odbornej i laickej verejnosti a\u00a0jeho diela patria na trhu s\u00a0umen\u00edm dodnes k najpred\u00e1vanej\u0161\u00edm a najvy\u0161\u0161ie hodnoten\u00fdm. V\u00fdstava sa zameriava na jeho maliarsku tvorbu a pribli\u017euje n\u00e1v\u0161tevn\u00edkom autorov osobit\u00fd v\u00fdtvarn\u00fd jazyk, ktor\u00fd sa stal z\u00e1kladom formovania modern\u00e9ho slovensk\u00e9ho maliarstva.<\/p>\n<p data-sr-id=\"24\">\u017divot a tvorba Martina Benku s\u00fa neodmyslite\u013enou s\u00fa\u010das\u0165ou slovensk\u00fdch kult\u00farnych dej\u00edn. Vo svojich dielach dok\u00e1zal jedine\u010dn\u00fdm sp\u00f4sobom prepoji\u0165 modern\u00e9 v\u00fdtvarn\u00e9 tendencie s historizuj\u00facimi prvkami, ktor\u00e9 idealizuj\u00fa slovensk\u00fa vidiecku spolo\u010dnos\u0165. Jeho cie\u013eom nebola len form\u00e1lna inov\u00e1cia, ale predov\u0161etk\u00fdm vybudovanie slovensk\u00e9ho m\u00fdtu \u2013 vizu\u00e1lneho obrazu n\u00e1roda, ktor\u00fd by prispel k jeho kult\u00farnemu a n\u00e1rodn\u00e9mu ukotveniu. Benkove diela tak nepon\u00fakaj\u00fa iba estetick\u00fd z\u00e1\u017eitok, ale aj hlbok\u00e9 posolstvo o pracovitosti, sile a vytrvalosti slovensk\u00e9ho \u013eudu.<\/p>\n<p data-sr-id=\"25\">V\u00fdznamn\u00fa \u00falohu v Benkovej tvorbe zohr\u00e1va aj forma. Jeho v\u00fdtvarn\u00fd prejav sa postupne vyv\u00edjal od impresionistick\u00fdch za\u010diatkov a\u017e po \u0161pecifick\u00e9 dekorat\u00edvne po\u0148atie ma\u013eby, ktor\u00e9 kunsthistorici ozna\u010duj\u00fa ako secesn\u00fd dekorativizmus. Tento osobit\u00fd \u0161t\u00fdl bol na na\u0161om \u00fazem\u00ed prelomov\u00fd a z\u00e1sadne ovplyvnil \u010fal\u0161\u00ed v\u00fdvoj slovensk\u00e9ho v\u00fdtvarn\u00e9ho umenia.<\/p>\n<p style=\"font-weight: 400;\">N\u00e1zov: Martin Benka, Podtitul: Ma\u013eba \/ Painting, Autor: Alexandra Ko\u010di\u0161kov\u00e1, V\u00e4zba: m\u00e4kk\u00e1, ISBN: 978-80-89784-32-5, Rok vydania: 2026, Vydavate\u013e: Gal\u00e9ria Nedbalka, Po\u010det str\u00e1n: 55, Jazyk: slovensk\u00fd + anglick\u00fd<\/p>\n","protected":false},"featured_media":9494,"template":"","meta":{"_acf_changed":false,"inline_featured_image":false},"class_list":{"0":"post-9493","1":"product","2":"type-product","3":"status-publish","4":"has-post-thumbnail","6":"product_cat-katalog","8":"first","9":"instock","10":"taxable","11":"shipping-taxable","12":"purchasable","13":"product-type-simple"},"acf":[],"yoast_head":"<!-- This site is optimized with the Yoast SEO plugin v27.1.1 - https:\/\/yoast.com\/product\/yoast-seo-wordpress\/ -->\n<title>Martin Benka - Ma\u013eba | Nedbalka<\/title>\n<meta name=\"robots\" content=\"index, follow, max-snippet:-1, max-image-preview:large, max-video-preview:-1\" \/>\n<link rel=\"canonical\" href=\"https:\/\/www.nedbalka.sk\/product\/martin-benka-malba\/\" \/>\n<meta property=\"og:locale\" content=\"en_US\" \/>\n<meta property=\"og:type\" content=\"article\" \/>\n<meta property=\"og:title\" content=\"Martin Benka - Ma\u013eba | Nedbalka\" \/>\n<meta property=\"og:description\" content=\"Martin Benka patr\u00ed k najv\u00fdznamnej\u0161\u00edm predstavite\u013eom slovensk\u00e9ho v\u00fdtvarn\u00e9ho umenia 20. storo\u010dia. Jeho tvorba je zn\u00e1ma \u0161irokej odbornej i laickej verejnosti a\u00a0jeho diela patria na trhu s\u00a0umen\u00edm dodnes k najpred\u00e1vanej\u0161\u00edm a najvy\u0161\u0161ie hodnoten\u00fdm. V\u00fdstava sa zameriava na jeho maliarsku tvorbu a pribli\u017euje n\u00e1v\u0161tevn\u00edkom autorov osobit\u00fd v\u00fdtvarn\u00fd jazyk, ktor\u00fd sa stal z\u00e1kladom formovania modern\u00e9ho slovensk\u00e9ho maliarstva. \u017divot a tvorba Martina Benku s\u00fa neodmyslite\u013enou s\u00fa\u010das\u0165ou slovensk\u00fdch kult\u00farnych dej\u00edn. Vo svojich dielach dok\u00e1zal jedine\u010dn\u00fdm sp\u00f4sobom prepoji\u0165 modern\u00e9 v\u00fdtvarn\u00e9 tendencie s historizuj\u00facimi prvkami, ktor\u00e9 idealizuj\u00fa slovensk\u00fa vidiecku spolo\u010dnos\u0165. Jeho cie\u013eom nebola len form\u00e1lna inov\u00e1cia, ale predov\u0161etk\u00fdm vybudovanie slovensk\u00e9ho m\u00fdtu \u2013 vizu\u00e1lneho obrazu n\u00e1roda, ktor\u00fd by prispel k jeho kult\u00farnemu a n\u00e1rodn\u00e9mu ukotveniu. Benkove diela tak nepon\u00fakaj\u00fa iba estetick\u00fd z\u00e1\u017eitok, ale aj hlbok\u00e9 posolstvo o pracovitosti, sile a vytrvalosti slovensk\u00e9ho \u013eudu. V\u00fdznamn\u00fa \u00falohu v Benkovej tvorbe zohr\u00e1va aj forma. Jeho v\u00fdtvarn\u00fd prejav sa postupne vyv\u00edjal od impresionistick\u00fdch za\u010diatkov a\u017e po \u0161pecifick\u00e9 dekorat\u00edvne po\u0148atie ma\u013eby, ktor\u00e9 kunsthistorici ozna\u010duj\u00fa ako secesn\u00fd dekorativizmus. Tento osobit\u00fd \u0161t\u00fdl bol na na\u0161om \u00fazem\u00ed prelomov\u00fd a z\u00e1sadne ovplyvnil \u010fal\u0161\u00ed v\u00fdvoj slovensk\u00e9ho v\u00fdtvarn\u00e9ho umenia. N\u00e1zov: Martin Benka, Podtitul: Ma\u013eba \/ Painting, Autor: Alexandra Ko\u010di\u0161kov\u00e1, V\u00e4zba: m\u00e4kk\u00e1, ISBN: 978-80-89784-32-5, Rok vydania: 2026, Vydavate\u013e: Gal\u00e9ria Nedbalka, Po\u010det str\u00e1n: 55, Jazyk: slovensk\u00fd + anglick\u00fd\" \/>\n<meta property=\"og:url\" content=\"https:\/\/www.nedbalka.sk\/product\/martin-benka-malba\/\" \/>\n<meta property=\"og:site_name\" content=\"Nedbalka\" \/>\n<meta property=\"article:modified_time\" content=\"2026-03-18T13:08:48+00:00\" \/>\n<meta property=\"og:image\" content=\"https:\/\/www.nedbalka.sk\/wp-content\/uploads\/Unknown-24.jpeg\" \/>\n\t<meta property=\"og:image:width\" content=\"1700\" \/>\n\t<meta property=\"og:image:height\" content=\"2200\" \/>\n\t<meta property=\"og:image:type\" content=\"image\/jpeg\" \/>\n<meta name=\"twitter:card\" content=\"summary_large_image\" \/>\n<meta name=\"twitter:label1\" content=\"Est. reading time\" \/>\n\t<meta name=\"twitter:data1\" content=\"2 minutes\" \/>\n<script type=\"application\/ld+json\" class=\"yoast-schema-graph\">{\"@context\":\"https:\/\/schema.org\",\"@graph\":[{\"@type\":\"WebPage\",\"@id\":\"https:\/\/www.nedbalka.sk\/product\/martin-benka-malba\/\",\"url\":\"https:\/\/www.nedbalka.sk\/product\/martin-benka-malba\/\",\"name\":\"Martin Benka - Ma\u013eba | Nedbalka\",\"isPartOf\":{\"@id\":\"https:\/\/www.nedbalka.sk\/#website\"},\"primaryImageOfPage\":{\"@id\":\"https:\/\/www.nedbalka.sk\/product\/martin-benka-malba\/#primaryimage\"},\"image\":{\"@id\":\"https:\/\/www.nedbalka.sk\/product\/martin-benka-malba\/#primaryimage\"},\"thumbnailUrl\":\"https:\/\/www.nedbalka.sk\/wp-content\/uploads\/Unknown-24.jpeg\",\"datePublished\":\"2026-03-18T13:06:42+00:00\",\"dateModified\":\"2026-03-18T13:08:48+00:00\",\"breadcrumb\":{\"@id\":\"https:\/\/www.nedbalka.sk\/product\/martin-benka-malba\/#breadcrumb\"},\"inLanguage\":\"en-US\",\"potentialAction\":[{\"@type\":\"ReadAction\",\"target\":[\"https:\/\/www.nedbalka.sk\/product\/martin-benka-malba\/\"]}]},{\"@type\":\"ImageObject\",\"inLanguage\":\"en-US\",\"@id\":\"https:\/\/www.nedbalka.sk\/product\/martin-benka-malba\/#primaryimage\",\"url\":\"https:\/\/www.nedbalka.sk\/wp-content\/uploads\/Unknown-24.jpeg\",\"contentUrl\":\"https:\/\/www.nedbalka.sk\/wp-content\/uploads\/Unknown-24.jpeg\",\"width\":1700,\"height\":2200},{\"@type\":\"BreadcrumbList\",\"@id\":\"https:\/\/www.nedbalka.sk\/product\/martin-benka-malba\/#breadcrumb\",\"itemListElement\":[{\"@type\":\"ListItem\",\"position\":1,\"name\":\"Home\",\"item\":\"https:\/\/www.nedbalka.sk\/en\/\"},{\"@type\":\"ListItem\",\"position\":2,\"name\":\"E-shop\",\"item\":\"https:\/\/www.nedbalka.sk\/e-shop\/\"},{\"@type\":\"ListItem\",\"position\":3,\"name\":\"Martin Benka &#8211; Ma\u013eba\"}]},{\"@type\":\"WebSite\",\"@id\":\"https:\/\/www.nedbalka.sk\/#website\",\"url\":\"https:\/\/www.nedbalka.sk\/\",\"name\":\"Nedbalka\",\"description\":\"\u0164a\u017eisko zbierky Gal\u00e9rie Nedbalka spo\u010d\u00edva v slovenskej ma\u013ebe 20. storo\u010dia, ale s\u00fa v nej zast\u00fapen\u00e9 aj socha a grafika. Gal\u00e9ria diela prezentuje prostredn\u00edctvom st\u00e1lej expoz\u00edcie a kr\u00e1tkodob\u00fdch v\u00fdstav.\",\"potentialAction\":[{\"@type\":\"SearchAction\",\"target\":{\"@type\":\"EntryPoint\",\"urlTemplate\":\"https:\/\/www.nedbalka.sk\/?s={search_term_string}\"},\"query-input\":{\"@type\":\"PropertyValueSpecification\",\"valueRequired\":true,\"valueName\":\"search_term_string\"}}],\"inLanguage\":\"en-US\"}]}<\/script>\n<!-- \/ Yoast SEO plugin. -->","yoast_head_json":{"title":"Martin Benka - Ma\u013eba | Nedbalka","robots":{"index":"index","follow":"follow","max-snippet":"max-snippet:-1","max-image-preview":"max-image-preview:large","max-video-preview":"max-video-preview:-1"},"canonical":"https:\/\/www.nedbalka.sk\/product\/martin-benka-malba\/","og_locale":"en_US","og_type":"article","og_title":"Martin Benka - Ma\u013eba | Nedbalka","og_description":"Martin Benka patr\u00ed k najv\u00fdznamnej\u0161\u00edm predstavite\u013eom slovensk\u00e9ho v\u00fdtvarn\u00e9ho umenia 20. storo\u010dia. Jeho tvorba je zn\u00e1ma \u0161irokej odbornej i laickej verejnosti a\u00a0jeho diela patria na trhu s\u00a0umen\u00edm dodnes k najpred\u00e1vanej\u0161\u00edm a najvy\u0161\u0161ie hodnoten\u00fdm. V\u00fdstava sa zameriava na jeho maliarsku tvorbu a pribli\u017euje n\u00e1v\u0161tevn\u00edkom autorov osobit\u00fd v\u00fdtvarn\u00fd jazyk, ktor\u00fd sa stal z\u00e1kladom formovania modern\u00e9ho slovensk\u00e9ho maliarstva. \u017divot a tvorba Martina Benku s\u00fa neodmyslite\u013enou s\u00fa\u010das\u0165ou slovensk\u00fdch kult\u00farnych dej\u00edn. Vo svojich dielach dok\u00e1zal jedine\u010dn\u00fdm sp\u00f4sobom prepoji\u0165 modern\u00e9 v\u00fdtvarn\u00e9 tendencie s historizuj\u00facimi prvkami, ktor\u00e9 idealizuj\u00fa slovensk\u00fa vidiecku spolo\u010dnos\u0165. Jeho cie\u013eom nebola len form\u00e1lna inov\u00e1cia, ale predov\u0161etk\u00fdm vybudovanie slovensk\u00e9ho m\u00fdtu \u2013 vizu\u00e1lneho obrazu n\u00e1roda, ktor\u00fd by prispel k jeho kult\u00farnemu a n\u00e1rodn\u00e9mu ukotveniu. Benkove diela tak nepon\u00fakaj\u00fa iba estetick\u00fd z\u00e1\u017eitok, ale aj hlbok\u00e9 posolstvo o pracovitosti, sile a vytrvalosti slovensk\u00e9ho \u013eudu. V\u00fdznamn\u00fa \u00falohu v Benkovej tvorbe zohr\u00e1va aj forma. Jeho v\u00fdtvarn\u00fd prejav sa postupne vyv\u00edjal od impresionistick\u00fdch za\u010diatkov a\u017e po \u0161pecifick\u00e9 dekorat\u00edvne po\u0148atie ma\u013eby, ktor\u00e9 kunsthistorici ozna\u010duj\u00fa ako secesn\u00fd dekorativizmus. Tento osobit\u00fd \u0161t\u00fdl bol na na\u0161om \u00fazem\u00ed prelomov\u00fd a z\u00e1sadne ovplyvnil \u010fal\u0161\u00ed v\u00fdvoj slovensk\u00e9ho v\u00fdtvarn\u00e9ho umenia. N\u00e1zov: Martin Benka, Podtitul: Ma\u013eba \/ Painting, Autor: Alexandra Ko\u010di\u0161kov\u00e1, V\u00e4zba: m\u00e4kk\u00e1, ISBN: 978-80-89784-32-5, Rok vydania: 2026, Vydavate\u013e: Gal\u00e9ria Nedbalka, Po\u010det str\u00e1n: 55, Jazyk: slovensk\u00fd + anglick\u00fd","og_url":"https:\/\/www.nedbalka.sk\/product\/martin-benka-malba\/","og_site_name":"Nedbalka","article_modified_time":"2026-03-18T13:08:48+00:00","og_image":[{"width":1700,"height":2200,"url":"https:\/\/www.nedbalka.sk\/wp-content\/uploads\/Unknown-24.jpeg","type":"image\/jpeg"}],"twitter_card":"summary_large_image","twitter_misc":{"Est. reading time":"2 minutes"},"schema":{"@context":"https:\/\/schema.org","@graph":[{"@type":"WebPage","@id":"https:\/\/www.nedbalka.sk\/product\/martin-benka-malba\/","url":"https:\/\/www.nedbalka.sk\/product\/martin-benka-malba\/","name":"Martin Benka - Ma\u013eba | Nedbalka","isPartOf":{"@id":"https:\/\/www.nedbalka.sk\/#website"},"primaryImageOfPage":{"@id":"https:\/\/www.nedbalka.sk\/product\/martin-benka-malba\/#primaryimage"},"image":{"@id":"https:\/\/www.nedbalka.sk\/product\/martin-benka-malba\/#primaryimage"},"thumbnailUrl":"https:\/\/www.nedbalka.sk\/wp-content\/uploads\/Unknown-24.jpeg","datePublished":"2026-03-18T13:06:42+00:00","dateModified":"2026-03-18T13:08:48+00:00","breadcrumb":{"@id":"https:\/\/www.nedbalka.sk\/product\/martin-benka-malba\/#breadcrumb"},"inLanguage":"en-US","potentialAction":[{"@type":"ReadAction","target":["https:\/\/www.nedbalka.sk\/product\/martin-benka-malba\/"]}]},{"@type":"ImageObject","inLanguage":"en-US","@id":"https:\/\/www.nedbalka.sk\/product\/martin-benka-malba\/#primaryimage","url":"https:\/\/www.nedbalka.sk\/wp-content\/uploads\/Unknown-24.jpeg","contentUrl":"https:\/\/www.nedbalka.sk\/wp-content\/uploads\/Unknown-24.jpeg","width":1700,"height":2200},{"@type":"BreadcrumbList","@id":"https:\/\/www.nedbalka.sk\/product\/martin-benka-malba\/#breadcrumb","itemListElement":[{"@type":"ListItem","position":1,"name":"Home","item":"https:\/\/www.nedbalka.sk\/en\/"},{"@type":"ListItem","position":2,"name":"E-shop","item":"https:\/\/www.nedbalka.sk\/e-shop\/"},{"@type":"ListItem","position":3,"name":"Martin Benka &#8211; Ma\u013eba"}]},{"@type":"WebSite","@id":"https:\/\/www.nedbalka.sk\/#website","url":"https:\/\/www.nedbalka.sk\/","name":"Nedbalka","description":"\u0164a\u017eisko zbierky Gal\u00e9rie Nedbalka spo\u010d\u00edva v slovenskej ma\u013ebe 20. storo\u010dia, ale s\u00fa v nej zast\u00fapen\u00e9 aj socha a grafika. Gal\u00e9ria diela prezentuje prostredn\u00edctvom st\u00e1lej expoz\u00edcie a kr\u00e1tkodob\u00fdch v\u00fdstav.","potentialAction":[{"@type":"SearchAction","target":{"@type":"EntryPoint","urlTemplate":"https:\/\/www.nedbalka.sk\/?s={search_term_string}"},"query-input":{"@type":"PropertyValueSpecification","valueRequired":true,"valueName":"search_term_string"}}],"inLanguage":"en-US"}]}},"_links":{"self":[{"href":"https:\/\/www.nedbalka.sk\/en\/wp-json\/wp\/v2\/product\/9493","targetHints":{"allow":["GET"]}}],"collection":[{"href":"https:\/\/www.nedbalka.sk\/en\/wp-json\/wp\/v2\/product"}],"about":[{"href":"https:\/\/www.nedbalka.sk\/en\/wp-json\/wp\/v2\/types\/product"}],"wp:featuredmedia":[{"embeddable":true,"href":"https:\/\/www.nedbalka.sk\/en\/wp-json\/wp\/v2\/media\/9494"}],"wp:attachment":[{"href":"https:\/\/www.nedbalka.sk\/en\/wp-json\/wp\/v2\/media?parent=9493"}],"curies":[{"name":"wp","href":"https:\/\/api.w.org\/{rel}","templated":true}]}}