{"id":6872,"date":"2023-04-12T13:43:52","date_gmt":"2023-04-12T11:43:52","guid":{"rendered":"https:\/\/www.nedbalka.sk\/?post_type=product&#038;p=6872"},"modified":"2023-05-10T14:25:19","modified_gmt":"2023-05-10T12:25:19","slug":"lucia-dovicakova-citim-sa-ako","status":"publish","type":"product","link":"https:\/\/www.nedbalka.sk\/en\/product\/lucia-dovicakova-citim-sa-ako\/","title":{"rendered":"Lucia Dovi\u010d\u00e1kov\u00e1 &#8211; C\u00edtim sa ako&#8230;"},"content":{"rendered":"<p data-sr-id=\"15\">Tvorba Lucie Dovi\u010d\u00e1kovej rezonuje na slovenskej v\u00fdtvarnej sc\u00e9ne u\u017e osemn\u00e1s\u0165 rokov, dospela spolo\u010dne s autorkou k jasnej defin\u00edcii siln\u00e9ho autorsk\u00e9ho programu, v ktor\u00e9ho centre sa nach\u00e1dza \u017eena a jej obraz.<\/p>\n<p data-sr-id=\"16\">Neh\u013ead\u00e1 v\u0161ak vyjadrenie univerz\u00e1lnej \u017eenskej sk\u00fasenosti, no cielene vyber\u00e1 momenty, v ktor\u00fdch na\u0161e predstavy o radostiach, starostiach, rol\u00e1ch a \u00fadeloch \u017eien sk\u013azaj\u00fa do stereotypov. N\u00e1mety sprac\u00fava s humorom a zveli\u010den\u00edm, obratne man\u00e9vruje na hran\u00e1ch grotesky a par\u00f3die tradi\u010dn\u00fdch zobrazen\u00ed \u017eeny ako objektu (mu\u017eskej) t\u00fa\u017eby, man\u017eelky, matky, profesion\u00e1lky \u010di gazdinej. Vyu\u017e\u00edva mno\u017estvo vizu\u00e1lne a v\u00fdznamovo potentn\u00fdch symbolov, hr\u00e1 sa s ich viaczna\u010dn\u00fdmi, \u010dastokr\u00e1t senzu\u00e1lne a sexu\u00e1lne nabit\u00fdmi polohami.<\/p>\n<p data-sr-id=\"17\"><strong>V\u00fdstava\u00a0<em>C\u00edtim sa ako<\/em><\/strong><em>\u2026<\/em>\u00a0predstavuje diela Lucie Dovi\u010d\u00e1kovej zo zbierky Gal\u00e9rie Nedbalka, ktor\u00e9 odr\u00e1\u017eaj\u00fa nosn\u00e9 t\u00e9my objavuj\u00face v autorkinej tvorbe od jej \u0161tudentsk\u00fdch \u010dias po s\u00fa\u010dasnos\u0165. Dovi\u010d\u00e1kov\u00e1 sleduje a komentuje tradi\u010dn\u00e9 \u017e\u00e1nre a zobrazenia \u017eeny v literat\u00fare a vo vizu\u00e1lnej kult\u00fare, ich rozpr\u00e1vky o kr\u00e1se ako o jednom z hlavn\u00fdch \u017eensk\u00fdch atrib\u00fatov. V\u0161\u00edma si pretrv\u00e1vaj\u00face rodov\u00e9 nerovnosti pri delen\u00ed pr\u00e1c v dom\u00e1cnosti stelesnen\u00e9 v postave\u00a0<em>\u017eeny v dom\u00e1cnosti<\/em>. Citlivo vn\u00edma, \u017ee feminizmus nie je zastaran\u00fd pojem, ani \u017eiadne retro, ale neust\u00e1le aktualizovan\u00fdm predpokladom pre rozm\u00fd\u0161\u013eanie o mocensk\u00fdch vz\u0165ahoch v spolo\u010dnosti.<\/p>\n<p data-sr-id=\"18\"><em>C\u00edtim sa ako\u2026<\/em>\u00a0je formulovan\u00e9 v prvej osobe, preto\u017ee Dovi\u010d\u00e1kovej tvorba je z ve\u013ekej \u010dasti autobiografick\u00e1. V\u0161\u00edma si nielen to pozit\u00edvne na \u017een\u00e1ch, ale pracuje aj s ich temnej\u0161\u00edmi, zversk\u00fdmi str\u00e1nkami. Jej diela tematizuj\u00face tehotenstvo a materstvo sa svojou otvorenos\u0165ou a priamo\u010diarou obrazotvornos\u0165ou dost\u00e1vaj\u00fa doslova pod ko\u017eu. U\u017e v nich je vidite\u013en\u00e1 Dovi\u010d\u00e1kovej schopnos\u0165 prenies\u0165 hlbok\u00e9, telesne aj du\u0161evne n\u00e1ro\u010dn\u00e9 z\u00e1\u017eitky a stavy na pl\u00e1tno.\u00a0<em>C\u00edtim sa ako\u2026<\/em>\u00a0je n\u00e1zov konkr\u00e9tneho Dovi\u010d\u00e1kovej diela, ktor\u00fd sa pon\u00faka na dokon\u010denie. Ako kto \/ \u010do sa dnes c\u00edtite vy?<\/p>\n<p>Katal\u00f3g k v\u00fdstave: Lucia Dovi\u010d\u00e1kov\u00e1 &#8211; C\u00edt\u00edm sa ako.., autor textov: Miroslava Urbanov\u00e1; po\u010det str\u00e1n: 56; v\u00e4zba: m\u00e4kk\u00e1; rok vydania 2023.<\/p>\n","protected":false},"excerpt":{"rendered":"<p data-sr-id=\"15\">Tvorba Lucie Dovi\u010d\u00e1kovej rezonuje na slovenskej v\u00fdtvarnej sc\u00e9ne u\u017e osemn\u00e1s\u0165 rokov, dospela spolo\u010dne s autorkou k jasnej defin\u00edcii siln\u00e9ho autorsk\u00e9ho programu, v ktor\u00e9ho centre sa nach\u00e1dza \u017eena a jej obraz.<\/p>\n<p data-sr-id=\"16\">Neh\u013ead\u00e1 v\u0161ak vyjadrenie univerz\u00e1lnej \u017eenskej sk\u00fasenosti, no cielene vyber\u00e1 momenty, v ktor\u00fdch na\u0161e predstavy o radostiach, starostiach, rol\u00e1ch a \u00fadeloch \u017eien sk\u013azaj\u00fa do stereotypov. N\u00e1mety sprac\u00fava s humorom a zveli\u010den\u00edm, obratne man\u00e9vruje na hran\u00e1ch grotesky a par\u00f3die tradi\u010dn\u00fdch zobrazen\u00ed \u017eeny ako objektu (mu\u017eskej) t\u00fa\u017eby, man\u017eelky, matky, profesion\u00e1lky \u010di gazdinej. Vyu\u017e\u00edva mno\u017estvo vizu\u00e1lne a v\u00fdznamovo potentn\u00fdch symbolov, hr\u00e1 sa s ich viaczna\u010dn\u00fdmi, \u010dastokr\u00e1t senzu\u00e1lne a sexu\u00e1lne nabit\u00fdmi polohami.<\/p>\n<p data-sr-id=\"17\"><strong>V\u00fdstava\u00a0<em>C\u00edtim sa ako<\/em><\/strong><em>\u2026<\/em>\u00a0predstavuje diela Lucie Dovi\u010d\u00e1kovej zo zbierky Gal\u00e9rie Nedbalka, ktor\u00e9 odr\u00e1\u017eaj\u00fa nosn\u00e9 t\u00e9my objavuj\u00face v autorkinej tvorbe od jej \u0161tudentsk\u00fdch \u010dias po s\u00fa\u010dasnos\u0165. Dovi\u010d\u00e1kov\u00e1 sleduje a komentuje tradi\u010dn\u00e9 \u017e\u00e1nre a zobrazenia \u017eeny v literat\u00fare a vo vizu\u00e1lnej kult\u00fare, ich rozpr\u00e1vky o kr\u00e1se ako o jednom z hlavn\u00fdch \u017eensk\u00fdch atrib\u00fatov. V\u0161\u00edma si pretrv\u00e1vaj\u00face rodov\u00e9 nerovnosti pri delen\u00ed pr\u00e1c v dom\u00e1cnosti stelesnen\u00e9 v postave\u00a0<em>\u017eeny v dom\u00e1cnosti<\/em>. Citlivo vn\u00edma, \u017ee feminizmus nie je zastaran\u00fd pojem, ani \u017eiadne retro, ale neust\u00e1le aktualizovan\u00fdm predpokladom pre rozm\u00fd\u0161\u013eanie o mocensk\u00fdch vz\u0165ahoch v spolo\u010dnosti.<\/p>\n<p data-sr-id=\"18\"><em>C\u00edtim sa ako\u2026<\/em>\u00a0je formulovan\u00e9 v prvej osobe, preto\u017ee Dovi\u010d\u00e1kovej tvorba je z ve\u013ekej \u010dasti autobiografick\u00e1. V\u0161\u00edma si nielen to pozit\u00edvne na \u017een\u00e1ch, ale pracuje aj s ich temnej\u0161\u00edmi, zversk\u00fdmi str\u00e1nkami. Jej diela tematizuj\u00face tehotenstvo a materstvo sa svojou otvorenos\u0165ou a priamo\u010diarou obrazotvornos\u0165ou dost\u00e1vaj\u00fa doslova pod ko\u017eu. U\u017e v nich je vidite\u013en\u00e1 Dovi\u010d\u00e1kovej schopnos\u0165 prenies\u0165 hlbok\u00e9, telesne aj du\u0161evne n\u00e1ro\u010dn\u00e9 z\u00e1\u017eitky a stavy na pl\u00e1tno.\u00a0<em>C\u00edtim sa ako\u2026<\/em>\u00a0je n\u00e1zov konkr\u00e9tneho Dovi\u010d\u00e1kovej diela, ktor\u00fd sa pon\u00faka na dokon\u010denie. Ako kto \/ \u010do sa dnes c\u00edtite vy?<\/p>\n<p data-sr-id=\"18\">Katal\u00f3g k v\u00fdstave: Lucia Dovi\u010d\u00e1kov\u00e1 &#8211; C\u00edt\u00edm sa ako.., autor textov: Miroslava Urbanov\u00e1; po\u010det str\u00e1n: 56; v\u00e4zba: m\u00e4kk\u00e1; rok vydania 2023.<\/p>\n","protected":false},"featured_media":6873,"template":"","meta":{"_acf_changed":false,"inline_featured_image":false},"class_list":{"0":"post-6872","1":"product","2":"type-product","3":"status-publish","4":"has-post-thumbnail","6":"product_cat-katalog","8":"first","9":"instock","10":"taxable","11":"shipping-taxable","12":"purchasable","13":"product-type-simple"},"acf":[],"yoast_head":"<!-- This site is optimized with the Yoast SEO plugin v27.1.1 - https:\/\/yoast.com\/product\/yoast-seo-wordpress\/ -->\n<title>Lucia Dovi\u010d\u00e1kov\u00e1 - C\u00edtim sa ako... | Nedbalka<\/title>\n<meta name=\"robots\" content=\"index, follow, max-snippet:-1, max-image-preview:large, max-video-preview:-1\" \/>\n<link rel=\"canonical\" href=\"https:\/\/www.nedbalka.sk\/product\/lucia-dovicakova-citim-sa-ako\/\" \/>\n<meta property=\"og:locale\" content=\"en_US\" \/>\n<meta property=\"og:type\" content=\"article\" \/>\n<meta property=\"og:title\" content=\"Lucia Dovi\u010d\u00e1kov\u00e1 - C\u00edtim sa ako... | Nedbalka\" \/>\n<meta property=\"og:description\" content=\"Tvorba Lucie Dovi\u010d\u00e1kovej rezonuje na slovenskej v\u00fdtvarnej sc\u00e9ne u\u017e osemn\u00e1s\u0165 rokov, dospela spolo\u010dne s autorkou k jasnej defin\u00edcii siln\u00e9ho autorsk\u00e9ho programu, v ktor\u00e9ho centre sa nach\u00e1dza \u017eena a jej obraz. Neh\u013ead\u00e1 v\u0161ak vyjadrenie univerz\u00e1lnej \u017eenskej sk\u00fasenosti, no cielene vyber\u00e1 momenty, v ktor\u00fdch na\u0161e predstavy o radostiach, starostiach, rol\u00e1ch a \u00fadeloch \u017eien sk\u013azaj\u00fa do stereotypov. N\u00e1mety sprac\u00fava s humorom a zveli\u010den\u00edm, obratne man\u00e9vruje na hran\u00e1ch grotesky a par\u00f3die tradi\u010dn\u00fdch zobrazen\u00ed \u017eeny ako objektu (mu\u017eskej) t\u00fa\u017eby, man\u017eelky, matky, profesion\u00e1lky \u010di gazdinej. Vyu\u017e\u00edva mno\u017estvo vizu\u00e1lne a v\u00fdznamovo potentn\u00fdch symbolov, hr\u00e1 sa s ich viaczna\u010dn\u00fdmi, \u010dastokr\u00e1t senzu\u00e1lne a sexu\u00e1lne nabit\u00fdmi polohami. V\u00fdstava\u00a0C\u00edtim sa ako\u2026\u00a0predstavuje diela Lucie Dovi\u010d\u00e1kovej zo zbierky Gal\u00e9rie Nedbalka, ktor\u00e9 odr\u00e1\u017eaj\u00fa nosn\u00e9 t\u00e9my objavuj\u00face v autorkinej tvorbe od jej \u0161tudentsk\u00fdch \u010dias po s\u00fa\u010dasnos\u0165. Dovi\u010d\u00e1kov\u00e1 sleduje a komentuje tradi\u010dn\u00e9 \u017e\u00e1nre a zobrazenia \u017eeny v literat\u00fare a vo vizu\u00e1lnej kult\u00fare, ich rozpr\u00e1vky o kr\u00e1se ako o jednom z hlavn\u00fdch \u017eensk\u00fdch atrib\u00fatov. V\u0161\u00edma si pretrv\u00e1vaj\u00face rodov\u00e9 nerovnosti pri delen\u00ed pr\u00e1c v dom\u00e1cnosti stelesnen\u00e9 v postave\u00a0\u017eeny v dom\u00e1cnosti. Citlivo vn\u00edma, \u017ee feminizmus nie je zastaran\u00fd pojem, ani \u017eiadne retro, ale neust\u00e1le aktualizovan\u00fdm predpokladom pre rozm\u00fd\u0161\u013eanie o mocensk\u00fdch vz\u0165ahoch v spolo\u010dnosti. C\u00edtim sa ako\u2026\u00a0je formulovan\u00e9 v prvej osobe, preto\u017ee Dovi\u010d\u00e1kovej tvorba je z ve\u013ekej \u010dasti autobiografick\u00e1. V\u0161\u00edma si nielen to pozit\u00edvne na \u017een\u00e1ch, ale pracuje aj s ich temnej\u0161\u00edmi, zversk\u00fdmi str\u00e1nkami. Jej diela tematizuj\u00face tehotenstvo a materstvo sa svojou otvorenos\u0165ou a priamo\u010diarou obrazotvornos\u0165ou dost\u00e1vaj\u00fa doslova pod ko\u017eu. U\u017e v nich je vidite\u013en\u00e1 Dovi\u010d\u00e1kovej schopnos\u0165 prenies\u0165 hlbok\u00e9, telesne aj du\u0161evne n\u00e1ro\u010dn\u00e9 z\u00e1\u017eitky a stavy na pl\u00e1tno.\u00a0C\u00edtim sa ako\u2026\u00a0je n\u00e1zov konkr\u00e9tneho Dovi\u010d\u00e1kovej diela, ktor\u00fd sa pon\u00faka na dokon\u010denie. Ako kto \/ \u010do sa dnes c\u00edtite vy? Katal\u00f3g k v\u00fdstave: Lucia Dovi\u010d\u00e1kov\u00e1 - C\u00edt\u00edm sa ako.., autor textov: Miroslava Urbanov\u00e1; po\u010det str\u00e1n: 56; v\u00e4zba: m\u00e4kk\u00e1; rok vydania 2023.\" \/>\n<meta property=\"og:url\" content=\"https:\/\/www.nedbalka.sk\/product\/lucia-dovicakova-citim-sa-ako\/\" \/>\n<meta property=\"og:site_name\" content=\"Nedbalka\" \/>\n<meta property=\"article:modified_time\" content=\"2023-05-10T12:25:19+00:00\" \/>\n<meta property=\"og:image\" content=\"https:\/\/www.nedbalka.sk\/wp-content\/uploads\/Unknown-7.png\" \/>\n\t<meta property=\"og:image:width\" content=\"865\" \/>\n\t<meta property=\"og:image:height\" content=\"1156\" \/>\n\t<meta property=\"og:image:type\" content=\"image\/png\" \/>\n<meta name=\"twitter:card\" content=\"summary_large_image\" \/>\n<meta name=\"twitter:label1\" content=\"Est. reading time\" \/>\n\t<meta name=\"twitter:data1\" content=\"2 minutes\" \/>\n<script type=\"application\/ld+json\" class=\"yoast-schema-graph\">{\"@context\":\"https:\/\/schema.org\",\"@graph\":[{\"@type\":\"WebPage\",\"@id\":\"https:\/\/www.nedbalka.sk\/product\/lucia-dovicakova-citim-sa-ako\/\",\"url\":\"https:\/\/www.nedbalka.sk\/product\/lucia-dovicakova-citim-sa-ako\/\",\"name\":\"Lucia Dovi\u010d\u00e1kov\u00e1 - C\u00edtim sa ako... | Nedbalka\",\"isPartOf\":{\"@id\":\"https:\/\/www.nedbalka.sk\/#website\"},\"primaryImageOfPage\":{\"@id\":\"https:\/\/www.nedbalka.sk\/product\/lucia-dovicakova-citim-sa-ako\/#primaryimage\"},\"image\":{\"@id\":\"https:\/\/www.nedbalka.sk\/product\/lucia-dovicakova-citim-sa-ako\/#primaryimage\"},\"thumbnailUrl\":\"https:\/\/www.nedbalka.sk\/wp-content\/uploads\/Unknown-7.png\",\"datePublished\":\"2023-04-12T11:43:52+00:00\",\"dateModified\":\"2023-05-10T12:25:19+00:00\",\"breadcrumb\":{\"@id\":\"https:\/\/www.nedbalka.sk\/product\/lucia-dovicakova-citim-sa-ako\/#breadcrumb\"},\"inLanguage\":\"en-US\",\"potentialAction\":[{\"@type\":\"ReadAction\",\"target\":[\"https:\/\/www.nedbalka.sk\/product\/lucia-dovicakova-citim-sa-ako\/\"]}]},{\"@type\":\"ImageObject\",\"inLanguage\":\"en-US\",\"@id\":\"https:\/\/www.nedbalka.sk\/product\/lucia-dovicakova-citim-sa-ako\/#primaryimage\",\"url\":\"https:\/\/www.nedbalka.sk\/wp-content\/uploads\/Unknown-7.png\",\"contentUrl\":\"https:\/\/www.nedbalka.sk\/wp-content\/uploads\/Unknown-7.png\",\"width\":865,\"height\":1156,\"caption\":\"Dovicakova web\"},{\"@type\":\"BreadcrumbList\",\"@id\":\"https:\/\/www.nedbalka.sk\/product\/lucia-dovicakova-citim-sa-ako\/#breadcrumb\",\"itemListElement\":[{\"@type\":\"ListItem\",\"position\":1,\"name\":\"Home\",\"item\":\"https:\/\/www.nedbalka.sk\/en\/\"},{\"@type\":\"ListItem\",\"position\":2,\"name\":\"E-shop\",\"item\":\"https:\/\/www.nedbalka.sk\/e-shop\/\"},{\"@type\":\"ListItem\",\"position\":3,\"name\":\"Lucia Dovi\u010d\u00e1kov\u00e1 &#8211; C\u00edtim sa ako&#8230;\"}]},{\"@type\":\"WebSite\",\"@id\":\"https:\/\/www.nedbalka.sk\/#website\",\"url\":\"https:\/\/www.nedbalka.sk\/\",\"name\":\"Nedbalka\",\"description\":\"\u0164a\u017eisko zbierky Gal\u00e9rie Nedbalka spo\u010d\u00edva v slovenskej ma\u013ebe 20. storo\u010dia, ale s\u00fa v nej zast\u00fapen\u00e9 aj socha a grafika. Gal\u00e9ria diela prezentuje prostredn\u00edctvom st\u00e1lej expoz\u00edcie a kr\u00e1tkodob\u00fdch v\u00fdstav.\",\"potentialAction\":[{\"@type\":\"SearchAction\",\"target\":{\"@type\":\"EntryPoint\",\"urlTemplate\":\"https:\/\/www.nedbalka.sk\/?s={search_term_string}\"},\"query-input\":{\"@type\":\"PropertyValueSpecification\",\"valueRequired\":true,\"valueName\":\"search_term_string\"}}],\"inLanguage\":\"en-US\"}]}<\/script>\n<!-- \/ Yoast SEO plugin. -->","yoast_head_json":{"title":"Lucia Dovi\u010d\u00e1kov\u00e1 - C\u00edtim sa ako... | Nedbalka","robots":{"index":"index","follow":"follow","max-snippet":"max-snippet:-1","max-image-preview":"max-image-preview:large","max-video-preview":"max-video-preview:-1"},"canonical":"https:\/\/www.nedbalka.sk\/product\/lucia-dovicakova-citim-sa-ako\/","og_locale":"en_US","og_type":"article","og_title":"Lucia Dovi\u010d\u00e1kov\u00e1 - C\u00edtim sa ako... | Nedbalka","og_description":"Tvorba Lucie Dovi\u010d\u00e1kovej rezonuje na slovenskej v\u00fdtvarnej sc\u00e9ne u\u017e osemn\u00e1s\u0165 rokov, dospela spolo\u010dne s autorkou k jasnej defin\u00edcii siln\u00e9ho autorsk\u00e9ho programu, v ktor\u00e9ho centre sa nach\u00e1dza \u017eena a jej obraz. Neh\u013ead\u00e1 v\u0161ak vyjadrenie univerz\u00e1lnej \u017eenskej sk\u00fasenosti, no cielene vyber\u00e1 momenty, v ktor\u00fdch na\u0161e predstavy o radostiach, starostiach, rol\u00e1ch a \u00fadeloch \u017eien sk\u013azaj\u00fa do stereotypov. N\u00e1mety sprac\u00fava s humorom a zveli\u010den\u00edm, obratne man\u00e9vruje na hran\u00e1ch grotesky a par\u00f3die tradi\u010dn\u00fdch zobrazen\u00ed \u017eeny ako objektu (mu\u017eskej) t\u00fa\u017eby, man\u017eelky, matky, profesion\u00e1lky \u010di gazdinej. Vyu\u017e\u00edva mno\u017estvo vizu\u00e1lne a v\u00fdznamovo potentn\u00fdch symbolov, hr\u00e1 sa s ich viaczna\u010dn\u00fdmi, \u010dastokr\u00e1t senzu\u00e1lne a sexu\u00e1lne nabit\u00fdmi polohami. V\u00fdstava\u00a0C\u00edtim sa ako\u2026\u00a0predstavuje diela Lucie Dovi\u010d\u00e1kovej zo zbierky Gal\u00e9rie Nedbalka, ktor\u00e9 odr\u00e1\u017eaj\u00fa nosn\u00e9 t\u00e9my objavuj\u00face v autorkinej tvorbe od jej \u0161tudentsk\u00fdch \u010dias po s\u00fa\u010dasnos\u0165. Dovi\u010d\u00e1kov\u00e1 sleduje a komentuje tradi\u010dn\u00e9 \u017e\u00e1nre a zobrazenia \u017eeny v literat\u00fare a vo vizu\u00e1lnej kult\u00fare, ich rozpr\u00e1vky o kr\u00e1se ako o jednom z hlavn\u00fdch \u017eensk\u00fdch atrib\u00fatov. V\u0161\u00edma si pretrv\u00e1vaj\u00face rodov\u00e9 nerovnosti pri delen\u00ed pr\u00e1c v dom\u00e1cnosti stelesnen\u00e9 v postave\u00a0\u017eeny v dom\u00e1cnosti. Citlivo vn\u00edma, \u017ee feminizmus nie je zastaran\u00fd pojem, ani \u017eiadne retro, ale neust\u00e1le aktualizovan\u00fdm predpokladom pre rozm\u00fd\u0161\u013eanie o mocensk\u00fdch vz\u0165ahoch v spolo\u010dnosti. C\u00edtim sa ako\u2026\u00a0je formulovan\u00e9 v prvej osobe, preto\u017ee Dovi\u010d\u00e1kovej tvorba je z ve\u013ekej \u010dasti autobiografick\u00e1. V\u0161\u00edma si nielen to pozit\u00edvne na \u017een\u00e1ch, ale pracuje aj s ich temnej\u0161\u00edmi, zversk\u00fdmi str\u00e1nkami. Jej diela tematizuj\u00face tehotenstvo a materstvo sa svojou otvorenos\u0165ou a priamo\u010diarou obrazotvornos\u0165ou dost\u00e1vaj\u00fa doslova pod ko\u017eu. U\u017e v nich je vidite\u013en\u00e1 Dovi\u010d\u00e1kovej schopnos\u0165 prenies\u0165 hlbok\u00e9, telesne aj du\u0161evne n\u00e1ro\u010dn\u00e9 z\u00e1\u017eitky a stavy na pl\u00e1tno.\u00a0C\u00edtim sa ako\u2026\u00a0je n\u00e1zov konkr\u00e9tneho Dovi\u010d\u00e1kovej diela, ktor\u00fd sa pon\u00faka na dokon\u010denie. Ako kto \/ \u010do sa dnes c\u00edtite vy? Katal\u00f3g k v\u00fdstave: Lucia Dovi\u010d\u00e1kov\u00e1 - C\u00edt\u00edm sa ako.., autor textov: Miroslava Urbanov\u00e1; po\u010det str\u00e1n: 56; v\u00e4zba: m\u00e4kk\u00e1; rok vydania 2023.","og_url":"https:\/\/www.nedbalka.sk\/product\/lucia-dovicakova-citim-sa-ako\/","og_site_name":"Nedbalka","article_modified_time":"2023-05-10T12:25:19+00:00","og_image":[{"width":865,"height":1156,"url":"https:\/\/www.nedbalka.sk\/wp-content\/uploads\/Unknown-7.png","type":"image\/png"}],"twitter_card":"summary_large_image","twitter_misc":{"Est. reading time":"2 minutes"},"schema":{"@context":"https:\/\/schema.org","@graph":[{"@type":"WebPage","@id":"https:\/\/www.nedbalka.sk\/product\/lucia-dovicakova-citim-sa-ako\/","url":"https:\/\/www.nedbalka.sk\/product\/lucia-dovicakova-citim-sa-ako\/","name":"Lucia Dovi\u010d\u00e1kov\u00e1 - C\u00edtim sa ako... | Nedbalka","isPartOf":{"@id":"https:\/\/www.nedbalka.sk\/#website"},"primaryImageOfPage":{"@id":"https:\/\/www.nedbalka.sk\/product\/lucia-dovicakova-citim-sa-ako\/#primaryimage"},"image":{"@id":"https:\/\/www.nedbalka.sk\/product\/lucia-dovicakova-citim-sa-ako\/#primaryimage"},"thumbnailUrl":"https:\/\/www.nedbalka.sk\/wp-content\/uploads\/Unknown-7.png","datePublished":"2023-04-12T11:43:52+00:00","dateModified":"2023-05-10T12:25:19+00:00","breadcrumb":{"@id":"https:\/\/www.nedbalka.sk\/product\/lucia-dovicakova-citim-sa-ako\/#breadcrumb"},"inLanguage":"en-US","potentialAction":[{"@type":"ReadAction","target":["https:\/\/www.nedbalka.sk\/product\/lucia-dovicakova-citim-sa-ako\/"]}]},{"@type":"ImageObject","inLanguage":"en-US","@id":"https:\/\/www.nedbalka.sk\/product\/lucia-dovicakova-citim-sa-ako\/#primaryimage","url":"https:\/\/www.nedbalka.sk\/wp-content\/uploads\/Unknown-7.png","contentUrl":"https:\/\/www.nedbalka.sk\/wp-content\/uploads\/Unknown-7.png","width":865,"height":1156,"caption":"Dovicakova web"},{"@type":"BreadcrumbList","@id":"https:\/\/www.nedbalka.sk\/product\/lucia-dovicakova-citim-sa-ako\/#breadcrumb","itemListElement":[{"@type":"ListItem","position":1,"name":"Home","item":"https:\/\/www.nedbalka.sk\/en\/"},{"@type":"ListItem","position":2,"name":"E-shop","item":"https:\/\/www.nedbalka.sk\/e-shop\/"},{"@type":"ListItem","position":3,"name":"Lucia Dovi\u010d\u00e1kov\u00e1 &#8211; C\u00edtim sa ako&#8230;"}]},{"@type":"WebSite","@id":"https:\/\/www.nedbalka.sk\/#website","url":"https:\/\/www.nedbalka.sk\/","name":"Nedbalka","description":"\u0164a\u017eisko zbierky Gal\u00e9rie Nedbalka spo\u010d\u00edva v slovenskej ma\u013ebe 20. storo\u010dia, ale s\u00fa v nej zast\u00fapen\u00e9 aj socha a grafika. Gal\u00e9ria diela prezentuje prostredn\u00edctvom st\u00e1lej expoz\u00edcie a kr\u00e1tkodob\u00fdch v\u00fdstav.","potentialAction":[{"@type":"SearchAction","target":{"@type":"EntryPoint","urlTemplate":"https:\/\/www.nedbalka.sk\/?s={search_term_string}"},"query-input":{"@type":"PropertyValueSpecification","valueRequired":true,"valueName":"search_term_string"}}],"inLanguage":"en-US"}]}},"_links":{"self":[{"href":"https:\/\/www.nedbalka.sk\/en\/wp-json\/wp\/v2\/product\/6872","targetHints":{"allow":["GET"]}}],"collection":[{"href":"https:\/\/www.nedbalka.sk\/en\/wp-json\/wp\/v2\/product"}],"about":[{"href":"https:\/\/www.nedbalka.sk\/en\/wp-json\/wp\/v2\/types\/product"}],"wp:featuredmedia":[{"embeddable":true,"href":"https:\/\/www.nedbalka.sk\/en\/wp-json\/wp\/v2\/media\/6873"}],"wp:attachment":[{"href":"https:\/\/www.nedbalka.sk\/en\/wp-json\/wp\/v2\/media?parent=6872"}],"curies":[{"name":"wp","href":"https:\/\/api.w.org\/{rel}","templated":true}]}}