{"id":6215,"date":"2022-06-02T14:09:07","date_gmt":"2022-06-02T12:09:07","guid":{"rendered":"https:\/\/www.nedbalka.sk\/?post_type=product&#038;p=6215"},"modified":"2024-12-19T00:20:37","modified_gmt":"2024-12-18T23:20:37","slug":"0e-bankovka","status":"publish","type":"product","link":"https:\/\/www.nedbalka.sk\/en\/product\/0e-bankovka\/","title":{"rendered":"0\u20ac bankovka"},"content":{"rendered":"","protected":false},"excerpt":{"rendered":"<p>Euro Souvenir bol vytvoren\u00fd v\u00a0roku 2015 vo Franc\u00fazku.\u00a0 Jedn\u00e1 sa o\u00a0ofici\u00e1lne vydania, ktor\u00e9 s\u00fa realizovan\u00e9 v\u00fdhradne pre konkr\u00e9tne turistick\u00e9 lokality ako s\u00fa hrady, z\u00e1mky, mest\u00e1, m\u00faze\u00e1, informa\u010dn\u00e9 centr\u00e1, \u010di in\u00e9 spolo\u010dnosti p\u00f4sobiace v\u00a0turistickom ruchu a to z\u00a0toho d\u00f4vodu, aby zisk z\u00a0predaja zostal pr\u00e1ve t\u00fdmto lokalit\u00e1m.<\/p>\n<p><strong>Pri zasielan\u00ed po\u0161tou cez eshop ned\u00e1vame na v\u00fdber \u010d\u00edsla bankoviek.<\/strong> Objedna\u0165 je mo\u017en\u00e9 len po\u010det kusov.<\/p>\n<p>Spustenie predaja cez eshop 10.6.2022.<\/p>\n","protected":false},"featured_media":6198,"template":"","meta":{"_acf_changed":false,"inline_featured_image":false},"class_list":{"0":"post-6215","1":"product","2":"type-product","3":"status-publish","4":"has-post-thumbnail","6":"product_cat-suvenir","8":"first","9":"instock","10":"taxable","11":"shipping-taxable","12":"purchasable","13":"product-type-simple"},"acf":[],"yoast_head":"<!-- This site is optimized with the Yoast SEO plugin v27.4 - https:\/\/yoast.com\/product\/yoast-seo-wordpress\/ -->\n<title>0\u20ac bankovka | Nedbalka<\/title>\n<meta name=\"robots\" content=\"index, follow, max-snippet:-1, max-image-preview:large, max-video-preview:-1\" \/>\n<link rel=\"canonical\" href=\"https:\/\/www.nedbalka.sk\/en\/product\/0e-bankovka\/\" \/>\n<meta property=\"og:locale\" content=\"en_US\" \/>\n<meta property=\"og:type\" content=\"article\" \/>\n<meta property=\"og:title\" content=\"0\u20ac bankovka | Nedbalka\" \/>\n<meta property=\"og:description\" content=\"Euro Souvenir bol vytvoren\u00fd v\u00a0roku 2015 vo Franc\u00fazku.\u00a0 Jedn\u00e1 sa o\u00a0ofici\u00e1lne vydania, ktor\u00e9 s\u00fa realizovan\u00e9 v\u00fdhradne pre konkr\u00e9tne turistick\u00e9 lokality ako s\u00fa hrady, z\u00e1mky, mest\u00e1, m\u00faze\u00e1, informa\u010dn\u00e9 centr\u00e1, \u010di in\u00e9 spolo\u010dnosti p\u00f4sobiace v\u00a0turistickom ruchu a to z\u00a0toho d\u00f4vodu, aby zisk z\u00a0predaja zostal pr\u00e1ve t\u00fdmto lokalit\u00e1m.  Pri zasielan\u00ed po\u0161tou cez eshop ned\u00e1vame na v\u00fdber \u010d\u00edsla bankoviek. Objedna\u0165 je mo\u017en\u00e9 len po\u010det kusov.  Spustenie predaja cez eshop 10.6.2022.\" \/>\n<meta property=\"og:url\" content=\"https:\/\/www.nedbalka.sk\/en\/product\/0e-bankovka\/\" \/>\n<meta property=\"og:site_name\" content=\"Nedbalka\" \/>\n<meta property=\"article:modified_time\" content=\"2024-12-18T23:20:37+00:00\" \/>\n<meta property=\"og:image\" content=\"https:\/\/www.nedbalka.sk\/wp-content\/uploads\/Unknown-14.jpeg\" \/>\n\t<meta property=\"og:image:width\" content=\"640\" \/>\n\t<meta property=\"og:image:height\" content=\"374\" \/>\n\t<meta property=\"og:image:type\" content=\"image\/jpeg\" \/>\n<meta name=\"twitter:card\" content=\"summary_large_image\" \/>\n<script type=\"application\/ld+json\" class=\"yoast-schema-graph\">{\"@context\":\"https:\\\/\\\/schema.org\",\"@graph\":[{\"@type\":\"WebPage\",\"@id\":\"https:\\\/\\\/www.nedbalka.sk\\\/en\\\/product\\\/0e-bankovka\\\/\",\"url\":\"https:\\\/\\\/www.nedbalka.sk\\\/en\\\/product\\\/0e-bankovka\\\/\",\"name\":\"0\u20ac bankovka | Nedbalka\",\"isPartOf\":{\"@id\":\"https:\\\/\\\/www.nedbalka.sk\\\/#website\"},\"primaryImageOfPage\":{\"@id\":\"https:\\\/\\\/www.nedbalka.sk\\\/en\\\/product\\\/0e-bankovka\\\/#primaryimage\"},\"image\":{\"@id\":\"https:\\\/\\\/www.nedbalka.sk\\\/en\\\/product\\\/0e-bankovka\\\/#primaryimage\"},\"thumbnailUrl\":\"https:\\\/\\\/www.nedbalka.sk\\\/wp-content\\\/uploads\\\/Unknown-14.jpeg\",\"datePublished\":\"2022-06-02T12:09:07+00:00\",\"dateModified\":\"2024-12-18T23:20:37+00:00\",\"breadcrumb\":{\"@id\":\"https:\\\/\\\/www.nedbalka.sk\\\/en\\\/product\\\/0e-bankovka\\\/#breadcrumb\"},\"inLanguage\":\"en-US\",\"potentialAction\":[{\"@type\":\"ReadAction\",\"target\":[\"https:\\\/\\\/www.nedbalka.sk\\\/en\\\/product\\\/0e-bankovka\\\/\"]}]},{\"@type\":\"ImageObject\",\"inLanguage\":\"en-US\",\"@id\":\"https:\\\/\\\/www.nedbalka.sk\\\/en\\\/product\\\/0e-bankovka\\\/#primaryimage\",\"url\":\"https:\\\/\\\/www.nedbalka.sk\\\/wp-content\\\/uploads\\\/Unknown-14.jpeg\",\"contentUrl\":\"https:\\\/\\\/www.nedbalka.sk\\\/wp-content\\\/uploads\\\/Unknown-14.jpeg\",\"width\":640,\"height\":374},{\"@type\":\"BreadcrumbList\",\"@id\":\"https:\\\/\\\/www.nedbalka.sk\\\/en\\\/product\\\/0e-bankovka\\\/#breadcrumb\",\"itemListElement\":[{\"@type\":\"ListItem\",\"position\":1,\"name\":\"Home\",\"item\":\"https:\\\/\\\/www.nedbalka.sk\\\/en\\\/\"},{\"@type\":\"ListItem\",\"position\":2,\"name\":\"E-shop\",\"item\":\"https:\\\/\\\/www.nedbalka.sk\\\/e-shop\\\/\"},{\"@type\":\"ListItem\",\"position\":3,\"name\":\"0\u20ac bankovka\"}]},{\"@type\":\"WebSite\",\"@id\":\"https:\\\/\\\/www.nedbalka.sk\\\/#website\",\"url\":\"https:\\\/\\\/www.nedbalka.sk\\\/\",\"name\":\"Nedbalka\",\"description\":\"\u0164a\u017eisko zbierky Gal\u00e9rie Nedbalka spo\u010d\u00edva v slovenskej ma\u013ebe 20. storo\u010dia, ale s\u00fa v nej zast\u00fapen\u00e9 aj socha a grafika. Gal\u00e9ria diela prezentuje prostredn\u00edctvom st\u00e1lej expoz\u00edcie a kr\u00e1tkodob\u00fdch v\u00fdstav.\",\"potentialAction\":[{\"@type\":\"SearchAction\",\"target\":{\"@type\":\"EntryPoint\",\"urlTemplate\":\"https:\\\/\\\/www.nedbalka.sk\\\/?s={search_term_string}\"},\"query-input\":{\"@type\":\"PropertyValueSpecification\",\"valueRequired\":true,\"valueName\":\"search_term_string\"}}],\"inLanguage\":\"en-US\"}]}<\/script>\n<!-- \/ Yoast SEO plugin. -->","yoast_head_json":{"title":"0\u20ac bankovka | Nedbalka","robots":{"index":"index","follow":"follow","max-snippet":"max-snippet:-1","max-image-preview":"max-image-preview:large","max-video-preview":"max-video-preview:-1"},"canonical":"https:\/\/www.nedbalka.sk\/en\/product\/0e-bankovka\/","og_locale":"en_US","og_type":"article","og_title":"0\u20ac bankovka | Nedbalka","og_description":"Euro Souvenir bol vytvoren\u00fd v\u00a0roku 2015 vo Franc\u00fazku.\u00a0 Jedn\u00e1 sa o\u00a0ofici\u00e1lne vydania, ktor\u00e9 s\u00fa realizovan\u00e9 v\u00fdhradne pre konkr\u00e9tne turistick\u00e9 lokality ako s\u00fa hrady, z\u00e1mky, mest\u00e1, m\u00faze\u00e1, informa\u010dn\u00e9 centr\u00e1, \u010di in\u00e9 spolo\u010dnosti p\u00f4sobiace v\u00a0turistickom ruchu a to z\u00a0toho d\u00f4vodu, aby zisk z\u00a0predaja zostal pr\u00e1ve t\u00fdmto lokalit\u00e1m.  Pri zasielan\u00ed po\u0161tou cez eshop ned\u00e1vame na v\u00fdber \u010d\u00edsla bankoviek. Objedna\u0165 je mo\u017en\u00e9 len po\u010det kusov.  Spustenie predaja cez eshop 10.6.2022.","og_url":"https:\/\/www.nedbalka.sk\/en\/product\/0e-bankovka\/","og_site_name":"Nedbalka","article_modified_time":"2024-12-18T23:20:37+00:00","og_image":[{"width":640,"height":374,"url":"https:\/\/www.nedbalka.sk\/wp-content\/uploads\/Unknown-14.jpeg","type":"image\/jpeg"}],"twitter_card":"summary_large_image","schema":{"@context":"https:\/\/schema.org","@graph":[{"@type":"WebPage","@id":"https:\/\/www.nedbalka.sk\/en\/product\/0e-bankovka\/","url":"https:\/\/www.nedbalka.sk\/en\/product\/0e-bankovka\/","name":"0\u20ac bankovka | Nedbalka","isPartOf":{"@id":"https:\/\/www.nedbalka.sk\/#website"},"primaryImageOfPage":{"@id":"https:\/\/www.nedbalka.sk\/en\/product\/0e-bankovka\/#primaryimage"},"image":{"@id":"https:\/\/www.nedbalka.sk\/en\/product\/0e-bankovka\/#primaryimage"},"thumbnailUrl":"https:\/\/www.nedbalka.sk\/wp-content\/uploads\/Unknown-14.jpeg","datePublished":"2022-06-02T12:09:07+00:00","dateModified":"2024-12-18T23:20:37+00:00","breadcrumb":{"@id":"https:\/\/www.nedbalka.sk\/en\/product\/0e-bankovka\/#breadcrumb"},"inLanguage":"en-US","potentialAction":[{"@type":"ReadAction","target":["https:\/\/www.nedbalka.sk\/en\/product\/0e-bankovka\/"]}]},{"@type":"ImageObject","inLanguage":"en-US","@id":"https:\/\/www.nedbalka.sk\/en\/product\/0e-bankovka\/#primaryimage","url":"https:\/\/www.nedbalka.sk\/wp-content\/uploads\/Unknown-14.jpeg","contentUrl":"https:\/\/www.nedbalka.sk\/wp-content\/uploads\/Unknown-14.jpeg","width":640,"height":374},{"@type":"BreadcrumbList","@id":"https:\/\/www.nedbalka.sk\/en\/product\/0e-bankovka\/#breadcrumb","itemListElement":[{"@type":"ListItem","position":1,"name":"Home","item":"https:\/\/www.nedbalka.sk\/en\/"},{"@type":"ListItem","position":2,"name":"E-shop","item":"https:\/\/www.nedbalka.sk\/e-shop\/"},{"@type":"ListItem","position":3,"name":"0\u20ac bankovka"}]},{"@type":"WebSite","@id":"https:\/\/www.nedbalka.sk\/#website","url":"https:\/\/www.nedbalka.sk\/","name":"Nedbalka","description":"\u0164a\u017eisko zbierky Gal\u00e9rie Nedbalka spo\u010d\u00edva v slovenskej ma\u013ebe 20. storo\u010dia, ale s\u00fa v nej zast\u00fapen\u00e9 aj socha a grafika. Gal\u00e9ria diela prezentuje prostredn\u00edctvom st\u00e1lej expoz\u00edcie a kr\u00e1tkodob\u00fdch v\u00fdstav.","potentialAction":[{"@type":"SearchAction","target":{"@type":"EntryPoint","urlTemplate":"https:\/\/www.nedbalka.sk\/?s={search_term_string}"},"query-input":{"@type":"PropertyValueSpecification","valueRequired":true,"valueName":"search_term_string"}}],"inLanguage":"en-US"}]}},"_links":{"self":[{"href":"https:\/\/www.nedbalka.sk\/en\/wp-json\/wp\/v2\/product\/6215","targetHints":{"allow":["GET"]}}],"collection":[{"href":"https:\/\/www.nedbalka.sk\/en\/wp-json\/wp\/v2\/product"}],"about":[{"href":"https:\/\/www.nedbalka.sk\/en\/wp-json\/wp\/v2\/types\/product"}],"wp:featuredmedia":[{"embeddable":true,"href":"https:\/\/www.nedbalka.sk\/en\/wp-json\/wp\/v2\/media\/6198"}],"wp:attachment":[{"href":"https:\/\/www.nedbalka.sk\/en\/wp-json\/wp\/v2\/media?parent=6215"}],"curies":[{"name":"wp","href":"https:\/\/api.w.org\/{rel}","templated":true}]}}