{"id":4236,"date":"2019-01-17T16:59:38","date_gmt":"2019-01-17T15:59:38","guid":{"rendered":"https:\/\/www.nedbalka.sk\/?post_type=product&#038;p=4236"},"modified":"2019-04-11T12:46:32","modified_gmt":"2019-04-11T11:46:32","slug":"koloman-sokol-1968-1998","status":"publish","type":"product","link":"https:\/\/www.nedbalka.sk\/en\/product\/koloman-sokol-1968-1998\/","title":{"rendered":"Koloman Sokol 1968-1998"},"content":{"rendered":"","protected":false},"excerpt":{"rendered":"<p>Koncom \u0161es\u0165desiatych rokov sa v\u00a0tvorbe Kolomana Sokola, v\u00fdznamnej osobnosti slovensk\u00e9ho v\u00fdtvarn\u00e9ho umenia, ktor\u00e1 svoj\u00edm umeleck\u00fdm a humanistick\u00fdm posolstvom v\u00fdrazne prekro\u010dila hranice Slovenska, za\u010d\u00edna posledn\u00e1 tvoriv\u00e1 etapa. Zmena jeho myslenia aj v\u00fdtvarn\u00e9ho rukopisu je z\u00e1sadn\u00e1. U\u017e net\u00fa\u017ei po form\u00e1lnej dokonalosti, akoby ho u\u017e tvaroslovie, kompoz\u00edcia \u010di priestor prestali zauj\u00edma\u0165. D\u00f4le\u017eitej\u0161ia je atmosf\u00e9ra, zobrazovanie d\u00f4le\u017eit\u00fdch momentov a du\u0161evn\u00e9ho stavu. Kolekcia osemn\u00e1stich diel zo zbierky Gal\u00e9rie Nedbalka, ktor\u00e9 vznikali od roku 1968 do roku 1993, je kvalitat\u00edvne vyrovnan\u00e1 a\u00a0je v\u00fdberom toho najlep\u0161ieho, \u010do umelec v\u00a0tomto obdob\u00ed vytvoril.<\/p>\n<p>Vydanie publik\u00e1cie podpril Fond na podporu umenia <a title=\"\" href=\"http:\/\/www.nedbalka.sk\/wp-content\/uploads\/FPU_logo-1.png\" data-fancybox=\"article-gallery\"><img decoding=\"async\" class=\"\" src=\"http:\/\/www.nedbalka.sk\/wp-content\/uploads\/FPU_logo-1.png\" alt=\"\" width=\"108\" height=\"32\" \/><\/a><\/p>\n<p>Publik\u00e1cia: Koloman Sokol 1968-1993, autor textov: Ivan Jan\u010d\u00e1r; po\u010det str\u00e1n: 64; v\u00e4zba: m\u00e4kk\u00e1; rok vydania 2019.<\/p>\n","protected":false},"featured_media":4235,"template":"","meta":{"_acf_changed":false,"inline_featured_image":false},"class_list":{"0":"post-4236","1":"product","2":"type-product","3":"status-publish","4":"has-post-thumbnail","6":"product_cat-katalog","8":"first","9":"instock","10":"taxable","11":"shipping-taxable","12":"purchasable","13":"product-type-simple"},"acf":[],"yoast_head":"<!-- This site is optimized with the Yoast SEO plugin v27.4 - https:\/\/yoast.com\/product\/yoast-seo-wordpress\/ -->\n<title>Koloman Sokol 1968-1998 | Nedbalka<\/title>\n<meta name=\"robots\" content=\"index, follow, max-snippet:-1, max-image-preview:large, max-video-preview:-1\" \/>\n<link rel=\"canonical\" href=\"https:\/\/www.nedbalka.sk\/en\/product\/koloman-sokol-1968-1998\/\" \/>\n<meta property=\"og:locale\" content=\"en_US\" \/>\n<meta property=\"og:type\" content=\"article\" \/>\n<meta property=\"og:title\" content=\"Koloman Sokol 1968-1998 | Nedbalka\" \/>\n<meta property=\"og:description\" content=\"Koncom \u0161es\u0165desiatych rokov sa v\u00a0tvorbe Kolomana Sokola, v\u00fdznamnej osobnosti slovensk\u00e9ho v\u00fdtvarn\u00e9ho umenia, ktor\u00e1 svoj\u00edm umeleck\u00fdm a humanistick\u00fdm posolstvom v\u00fdrazne prekro\u010dila hranice Slovenska, za\u010d\u00edna posledn\u00e1 tvoriv\u00e1 etapa. Zmena jeho myslenia aj v\u00fdtvarn\u00e9ho rukopisu je z\u00e1sadn\u00e1. U\u017e net\u00fa\u017ei po form\u00e1lnej dokonalosti, akoby ho u\u017e tvaroslovie, kompoz\u00edcia \u010di priestor prestali zauj\u00edma\u0165. D\u00f4le\u017eitej\u0161ia je atmosf\u00e9ra, zobrazovanie d\u00f4le\u017eit\u00fdch momentov a du\u0161evn\u00e9ho stavu. Kolekcia osemn\u00e1stich diel zo zbierky Gal\u00e9rie Nedbalka, ktor\u00e9 vznikali od roku 1968 do roku 1993, je kvalitat\u00edvne vyrovnan\u00e1 a\u00a0je v\u00fdberom toho najlep\u0161ieho, \u010do umelec v\u00a0tomto obdob\u00ed vytvoril.  Vydanie publik\u00e1cie podpril Fond na podporu umenia   Publik\u00e1cia: Koloman Sokol 1968-1993, autor textov: Ivan Jan\u010d\u00e1r; po\u010det str\u00e1n: 64; v\u00e4zba: m\u00e4kk\u00e1; rok vydania 2019.\" \/>\n<meta property=\"og:url\" content=\"https:\/\/www.nedbalka.sk\/en\/product\/koloman-sokol-1968-1998\/\" \/>\n<meta property=\"og:site_name\" content=\"Nedbalka\" \/>\n<meta property=\"article:modified_time\" content=\"2019-04-11T11:46:32+00:00\" \/>\n<meta property=\"og:image\" content=\"https:\/\/www.nedbalka.sk\/wp-content\/uploads\/koloman-sokol-3D-obalka.jpg\" \/>\n\t<meta property=\"og:image:width\" content=\"865\" \/>\n\t<meta property=\"og:image:height\" content=\"1156\" \/>\n\t<meta property=\"og:image:type\" content=\"image\/jpeg\" \/>\n<meta name=\"twitter:card\" content=\"summary_large_image\" \/>\n<script type=\"application\/ld+json\" class=\"yoast-schema-graph\">{\"@context\":\"https:\\\/\\\/schema.org\",\"@graph\":[{\"@type\":\"WebPage\",\"@id\":\"https:\\\/\\\/www.nedbalka.sk\\\/en\\\/product\\\/koloman-sokol-1968-1998\\\/\",\"url\":\"https:\\\/\\\/www.nedbalka.sk\\\/en\\\/product\\\/koloman-sokol-1968-1998\\\/\",\"name\":\"Koloman Sokol 1968-1998 | Nedbalka\",\"isPartOf\":{\"@id\":\"https:\\\/\\\/www.nedbalka.sk\\\/#website\"},\"primaryImageOfPage\":{\"@id\":\"https:\\\/\\\/www.nedbalka.sk\\\/en\\\/product\\\/koloman-sokol-1968-1998\\\/#primaryimage\"},\"image\":{\"@id\":\"https:\\\/\\\/www.nedbalka.sk\\\/en\\\/product\\\/koloman-sokol-1968-1998\\\/#primaryimage\"},\"thumbnailUrl\":\"https:\\\/\\\/www.nedbalka.sk\\\/wp-content\\\/uploads\\\/koloman-sokol-3D-obalka.jpg\",\"datePublished\":\"2019-01-17T15:59:38+00:00\",\"dateModified\":\"2019-04-11T11:46:32+00:00\",\"breadcrumb\":{\"@id\":\"https:\\\/\\\/www.nedbalka.sk\\\/en\\\/product\\\/koloman-sokol-1968-1998\\\/#breadcrumb\"},\"inLanguage\":\"en-US\",\"potentialAction\":[{\"@type\":\"ReadAction\",\"target\":[\"https:\\\/\\\/www.nedbalka.sk\\\/en\\\/product\\\/koloman-sokol-1968-1998\\\/\"]}]},{\"@type\":\"ImageObject\",\"inLanguage\":\"en-US\",\"@id\":\"https:\\\/\\\/www.nedbalka.sk\\\/en\\\/product\\\/koloman-sokol-1968-1998\\\/#primaryimage\",\"url\":\"https:\\\/\\\/www.nedbalka.sk\\\/wp-content\\\/uploads\\\/koloman-sokol-3D-obalka.jpg\",\"contentUrl\":\"https:\\\/\\\/www.nedbalka.sk\\\/wp-content\\\/uploads\\\/koloman-sokol-3D-obalka.jpg\",\"width\":865,\"height\":1156},{\"@type\":\"BreadcrumbList\",\"@id\":\"https:\\\/\\\/www.nedbalka.sk\\\/en\\\/product\\\/koloman-sokol-1968-1998\\\/#breadcrumb\",\"itemListElement\":[{\"@type\":\"ListItem\",\"position\":1,\"name\":\"Home\",\"item\":\"https:\\\/\\\/www.nedbalka.sk\\\/en\\\/\"},{\"@type\":\"ListItem\",\"position\":2,\"name\":\"E-shop\",\"item\":\"https:\\\/\\\/www.nedbalka.sk\\\/e-shop\\\/\"},{\"@type\":\"ListItem\",\"position\":3,\"name\":\"Koloman Sokol 1968-1998\"}]},{\"@type\":\"WebSite\",\"@id\":\"https:\\\/\\\/www.nedbalka.sk\\\/#website\",\"url\":\"https:\\\/\\\/www.nedbalka.sk\\\/\",\"name\":\"Nedbalka\",\"description\":\"\u0164a\u017eisko zbierky Gal\u00e9rie Nedbalka spo\u010d\u00edva v slovenskej ma\u013ebe 20. storo\u010dia, ale s\u00fa v nej zast\u00fapen\u00e9 aj socha a grafika. Gal\u00e9ria diela prezentuje prostredn\u00edctvom st\u00e1lej expoz\u00edcie a kr\u00e1tkodob\u00fdch v\u00fdstav.\",\"potentialAction\":[{\"@type\":\"SearchAction\",\"target\":{\"@type\":\"EntryPoint\",\"urlTemplate\":\"https:\\\/\\\/www.nedbalka.sk\\\/?s={search_term_string}\"},\"query-input\":{\"@type\":\"PropertyValueSpecification\",\"valueRequired\":true,\"valueName\":\"search_term_string\"}}],\"inLanguage\":\"en-US\"}]}<\/script>\n<!-- \/ Yoast SEO plugin. -->","yoast_head_json":{"title":"Koloman Sokol 1968-1998 | Nedbalka","robots":{"index":"index","follow":"follow","max-snippet":"max-snippet:-1","max-image-preview":"max-image-preview:large","max-video-preview":"max-video-preview:-1"},"canonical":"https:\/\/www.nedbalka.sk\/en\/product\/koloman-sokol-1968-1998\/","og_locale":"en_US","og_type":"article","og_title":"Koloman Sokol 1968-1998 | Nedbalka","og_description":"Koncom \u0161es\u0165desiatych rokov sa v\u00a0tvorbe Kolomana Sokola, v\u00fdznamnej osobnosti slovensk\u00e9ho v\u00fdtvarn\u00e9ho umenia, ktor\u00e1 svoj\u00edm umeleck\u00fdm a humanistick\u00fdm posolstvom v\u00fdrazne prekro\u010dila hranice Slovenska, za\u010d\u00edna posledn\u00e1 tvoriv\u00e1 etapa. Zmena jeho myslenia aj v\u00fdtvarn\u00e9ho rukopisu je z\u00e1sadn\u00e1. U\u017e net\u00fa\u017ei po form\u00e1lnej dokonalosti, akoby ho u\u017e tvaroslovie, kompoz\u00edcia \u010di priestor prestali zauj\u00edma\u0165. D\u00f4le\u017eitej\u0161ia je atmosf\u00e9ra, zobrazovanie d\u00f4le\u017eit\u00fdch momentov a du\u0161evn\u00e9ho stavu. Kolekcia osemn\u00e1stich diel zo zbierky Gal\u00e9rie Nedbalka, ktor\u00e9 vznikali od roku 1968 do roku 1993, je kvalitat\u00edvne vyrovnan\u00e1 a\u00a0je v\u00fdberom toho najlep\u0161ieho, \u010do umelec v\u00a0tomto obdob\u00ed vytvoril.  Vydanie publik\u00e1cie podpril Fond na podporu umenia   Publik\u00e1cia: Koloman Sokol 1968-1993, autor textov: Ivan Jan\u010d\u00e1r; po\u010det str\u00e1n: 64; v\u00e4zba: m\u00e4kk\u00e1; rok vydania 2019.","og_url":"https:\/\/www.nedbalka.sk\/en\/product\/koloman-sokol-1968-1998\/","og_site_name":"Nedbalka","article_modified_time":"2019-04-11T11:46:32+00:00","og_image":[{"width":865,"height":1156,"url":"https:\/\/www.nedbalka.sk\/wp-content\/uploads\/koloman-sokol-3D-obalka.jpg","type":"image\/jpeg"}],"twitter_card":"summary_large_image","schema":{"@context":"https:\/\/schema.org","@graph":[{"@type":"WebPage","@id":"https:\/\/www.nedbalka.sk\/en\/product\/koloman-sokol-1968-1998\/","url":"https:\/\/www.nedbalka.sk\/en\/product\/koloman-sokol-1968-1998\/","name":"Koloman Sokol 1968-1998 | Nedbalka","isPartOf":{"@id":"https:\/\/www.nedbalka.sk\/#website"},"primaryImageOfPage":{"@id":"https:\/\/www.nedbalka.sk\/en\/product\/koloman-sokol-1968-1998\/#primaryimage"},"image":{"@id":"https:\/\/www.nedbalka.sk\/en\/product\/koloman-sokol-1968-1998\/#primaryimage"},"thumbnailUrl":"https:\/\/www.nedbalka.sk\/wp-content\/uploads\/koloman-sokol-3D-obalka.jpg","datePublished":"2019-01-17T15:59:38+00:00","dateModified":"2019-04-11T11:46:32+00:00","breadcrumb":{"@id":"https:\/\/www.nedbalka.sk\/en\/product\/koloman-sokol-1968-1998\/#breadcrumb"},"inLanguage":"en-US","potentialAction":[{"@type":"ReadAction","target":["https:\/\/www.nedbalka.sk\/en\/product\/koloman-sokol-1968-1998\/"]}]},{"@type":"ImageObject","inLanguage":"en-US","@id":"https:\/\/www.nedbalka.sk\/en\/product\/koloman-sokol-1968-1998\/#primaryimage","url":"https:\/\/www.nedbalka.sk\/wp-content\/uploads\/koloman-sokol-3D-obalka.jpg","contentUrl":"https:\/\/www.nedbalka.sk\/wp-content\/uploads\/koloman-sokol-3D-obalka.jpg","width":865,"height":1156},{"@type":"BreadcrumbList","@id":"https:\/\/www.nedbalka.sk\/en\/product\/koloman-sokol-1968-1998\/#breadcrumb","itemListElement":[{"@type":"ListItem","position":1,"name":"Home","item":"https:\/\/www.nedbalka.sk\/en\/"},{"@type":"ListItem","position":2,"name":"E-shop","item":"https:\/\/www.nedbalka.sk\/e-shop\/"},{"@type":"ListItem","position":3,"name":"Koloman Sokol 1968-1998"}]},{"@type":"WebSite","@id":"https:\/\/www.nedbalka.sk\/#website","url":"https:\/\/www.nedbalka.sk\/","name":"Nedbalka","description":"\u0164a\u017eisko zbierky Gal\u00e9rie Nedbalka spo\u010d\u00edva v slovenskej ma\u013ebe 20. storo\u010dia, ale s\u00fa v nej zast\u00fapen\u00e9 aj socha a grafika. Gal\u00e9ria diela prezentuje prostredn\u00edctvom st\u00e1lej expoz\u00edcie a kr\u00e1tkodob\u00fdch v\u00fdstav.","potentialAction":[{"@type":"SearchAction","target":{"@type":"EntryPoint","urlTemplate":"https:\/\/www.nedbalka.sk\/?s={search_term_string}"},"query-input":{"@type":"PropertyValueSpecification","valueRequired":true,"valueName":"search_term_string"}}],"inLanguage":"en-US"}]}},"_links":{"self":[{"href":"https:\/\/www.nedbalka.sk\/en\/wp-json\/wp\/v2\/product\/4236","targetHints":{"allow":["GET"]}}],"collection":[{"href":"https:\/\/www.nedbalka.sk\/en\/wp-json\/wp\/v2\/product"}],"about":[{"href":"https:\/\/www.nedbalka.sk\/en\/wp-json\/wp\/v2\/types\/product"}],"wp:featuredmedia":[{"embeddable":true,"href":"https:\/\/www.nedbalka.sk\/en\/wp-json\/wp\/v2\/media\/4235"}],"wp:attachment":[{"href":"https:\/\/www.nedbalka.sk\/en\/wp-json\/wp\/v2\/media?parent=4236"}],"curies":[{"name":"wp","href":"https:\/\/api.w.org\/{rel}","templated":true}]}}