{"id":2312,"date":"2013-03-01T20:22:59","date_gmt":"2013-03-01T19:22:59","guid":{"rendered":"http:\/\/www.nedbalka.sk\/?post_type=product&#038;p=2312"},"modified":"2019-04-23T14:28:39","modified_gmt":"2019-04-23T13:28:39","slug":"katalog-juraj-rusnak","status":"publish","type":"product","link":"https:\/\/www.nedbalka.sk\/en\/product\/katalog-juraj-rusnak\/","title":{"rendered":"Juraj Rus\u0148\u00e1k &#8211; Bioformy"},"content":{"rendered":"","protected":false},"excerpt":{"rendered":"<p>Katal\u00f3g bol vydan\u00fd pri pr\u00edle\u017eitosti v\u00fdstavy Juraj Rus\u0148\u00e1k, Bioformy. Soch\u00e1r Juraj Rus\u0148\u00e1k (*1938) je predstavite\u013eom gener\u00e1cie slovensk\u00fdch v\u00fdtvarn\u00fdch umelcov, ktor\u00e1 v \u201emagickej&#8221; druhej polovici \u0161es\u0165desiatych rokov minul\u00e9ho storo\u010dia prispela k tomu, \u017ee na\u0161e umenie po depres\u00edvnom obdob\u00ed dikt\u00e1tu\u00a0 socialistick\u00e9ho realizmu op\u00e4\u0165 dr\u017ealo krok s v\u00fdvojom umenia vo svete. V publik\u00e1cii sa dozviete viac o umelcovom \u017eivote a tvorbe.<\/p>\n<p><strong>Katal\u00f3g: JURAJ RUS\u0147\u00c1K \u2013 Bioformy \/ Bioforms; <\/strong>autorka textov: Katar\u00edna M\u00fcllerov\u00e1; po\u010det str\u00e1n: 84; jazyk: slovensk\u00fd a\u00a0anglick\u00fd; v\u00e4zba: m\u00e4kk\u00e1; rok vydania: 2013.<\/p>\n","protected":false},"featured_media":2313,"template":"","meta":{"_acf_changed":false,"inline_featured_image":false},"class_list":{"0":"post-2312","1":"product","2":"type-product","3":"status-publish","4":"has-post-thumbnail","6":"product_cat-katalog","8":"first","9":"instock","10":"taxable","11":"shipping-taxable","12":"purchasable","13":"product-type-simple"},"acf":[],"yoast_head":"<!-- This site is optimized with the Yoast SEO plugin v27.4 - https:\/\/yoast.com\/product\/yoast-seo-wordpress\/ -->\n<title>Juraj Rus\u0148\u00e1k - Bioformy | Nedbalka<\/title>\n<meta name=\"robots\" content=\"index, follow, max-snippet:-1, max-image-preview:large, max-video-preview:-1\" \/>\n<link rel=\"canonical\" href=\"https:\/\/www.nedbalka.sk\/en\/product\/katalog-juraj-rusnak\/\" \/>\n<meta property=\"og:locale\" content=\"en_US\" \/>\n<meta property=\"og:type\" content=\"article\" \/>\n<meta property=\"og:title\" content=\"Juraj Rus\u0148\u00e1k - Bioformy | Nedbalka\" \/>\n<meta property=\"og:description\" content=\"Katal\u00f3g bol vydan\u00fd pri pr\u00edle\u017eitosti v\u00fdstavy Juraj Rus\u0148\u00e1k, Bioformy. Soch\u00e1r Juraj Rus\u0148\u00e1k (*1938) je predstavite\u013eom gener\u00e1cie slovensk\u00fdch v\u00fdtvarn\u00fdch umelcov, ktor\u00e1 v \u201emagickej&quot; druhej polovici \u0161es\u0165desiatych rokov minul\u00e9ho storo\u010dia prispela k tomu, \u017ee na\u0161e umenie po depres\u00edvnom obdob\u00ed dikt\u00e1tu\u00a0 socialistick\u00e9ho realizmu op\u00e4\u0165 dr\u017ealo krok s v\u00fdvojom umenia vo svete. V publik\u00e1cii sa dozviete viac o umelcovom \u017eivote a tvorbe.  Katal\u00f3g: JURAJ RUS\u0147\u00c1K \u2013 Bioformy \/ Bioforms; autorka textov: Katar\u00edna M\u00fcllerov\u00e1; po\u010det str\u00e1n: 84; jazyk: slovensk\u00fd a\u00a0anglick\u00fd; v\u00e4zba: m\u00e4kk\u00e1; rok vydania: 2013.\" \/>\n<meta property=\"og:url\" content=\"https:\/\/www.nedbalka.sk\/en\/product\/katalog-juraj-rusnak\/\" \/>\n<meta property=\"og:site_name\" content=\"Nedbalka\" \/>\n<meta property=\"article:modified_time\" content=\"2019-04-23T13:28:39+00:00\" \/>\n<meta property=\"og:image\" content=\"https:\/\/www.nedbalka.sk\/wp-content\/uploads\/Katalo\u0301g-\u2013-Juraj-Rusn\u030ca\u0301k.jpg\" \/>\n\t<meta property=\"og:image:width\" content=\"865\" \/>\n\t<meta property=\"og:image:height\" content=\"1156\" \/>\n\t<meta property=\"og:image:type\" content=\"image\/jpeg\" \/>\n<meta name=\"twitter:card\" content=\"summary_large_image\" \/>\n<script type=\"application\/ld+json\" class=\"yoast-schema-graph\">{\"@context\":\"https:\\\/\\\/schema.org\",\"@graph\":[{\"@type\":\"WebPage\",\"@id\":\"https:\\\/\\\/www.nedbalka.sk\\\/en\\\/product\\\/katalog-juraj-rusnak\\\/\",\"url\":\"https:\\\/\\\/www.nedbalka.sk\\\/en\\\/product\\\/katalog-juraj-rusnak\\\/\",\"name\":\"Juraj Rus\u0148\u00e1k - Bioformy | Nedbalka\",\"isPartOf\":{\"@id\":\"https:\\\/\\\/www.nedbalka.sk\\\/#website\"},\"primaryImageOfPage\":{\"@id\":\"https:\\\/\\\/www.nedbalka.sk\\\/en\\\/product\\\/katalog-juraj-rusnak\\\/#primaryimage\"},\"image\":{\"@id\":\"https:\\\/\\\/www.nedbalka.sk\\\/en\\\/product\\\/katalog-juraj-rusnak\\\/#primaryimage\"},\"thumbnailUrl\":\"https:\\\/\\\/www.nedbalka.sk\\\/wp-content\\\/uploads\\\/Katalo\u0301g-\u2013-Juraj-Rusn\u030ca\u0301k.jpg\",\"datePublished\":\"2013-03-01T19:22:59+00:00\",\"dateModified\":\"2019-04-23T13:28:39+00:00\",\"breadcrumb\":{\"@id\":\"https:\\\/\\\/www.nedbalka.sk\\\/en\\\/product\\\/katalog-juraj-rusnak\\\/#breadcrumb\"},\"inLanguage\":\"en-US\",\"potentialAction\":[{\"@type\":\"ReadAction\",\"target\":[\"https:\\\/\\\/www.nedbalka.sk\\\/en\\\/product\\\/katalog-juraj-rusnak\\\/\"]}]},{\"@type\":\"ImageObject\",\"inLanguage\":\"en-US\",\"@id\":\"https:\\\/\\\/www.nedbalka.sk\\\/en\\\/product\\\/katalog-juraj-rusnak\\\/#primaryimage\",\"url\":\"https:\\\/\\\/www.nedbalka.sk\\\/wp-content\\\/uploads\\\/Katalo\u0301g-\u2013-Juraj-Rusn\u030ca\u0301k.jpg\",\"contentUrl\":\"https:\\\/\\\/www.nedbalka.sk\\\/wp-content\\\/uploads\\\/Katalo\u0301g-\u2013-Juraj-Rusn\u030ca\u0301k.jpg\",\"width\":865,\"height\":1156,\"caption\":\"Katalo\u0301g \u2013 Juraj Rusn\u030ca\u0301k\"},{\"@type\":\"BreadcrumbList\",\"@id\":\"https:\\\/\\\/www.nedbalka.sk\\\/en\\\/product\\\/katalog-juraj-rusnak\\\/#breadcrumb\",\"itemListElement\":[{\"@type\":\"ListItem\",\"position\":1,\"name\":\"Home\",\"item\":\"https:\\\/\\\/www.nedbalka.sk\\\/en\\\/\"},{\"@type\":\"ListItem\",\"position\":2,\"name\":\"E-shop\",\"item\":\"https:\\\/\\\/www.nedbalka.sk\\\/e-shop\\\/\"},{\"@type\":\"ListItem\",\"position\":3,\"name\":\"Juraj Rus\u0148\u00e1k &#8211; Bioformy\"}]},{\"@type\":\"WebSite\",\"@id\":\"https:\\\/\\\/www.nedbalka.sk\\\/#website\",\"url\":\"https:\\\/\\\/www.nedbalka.sk\\\/\",\"name\":\"Nedbalka\",\"description\":\"\u0164a\u017eisko zbierky Gal\u00e9rie Nedbalka spo\u010d\u00edva v slovenskej ma\u013ebe 20. storo\u010dia, ale s\u00fa v nej zast\u00fapen\u00e9 aj socha a grafika. Gal\u00e9ria diela prezentuje prostredn\u00edctvom st\u00e1lej expoz\u00edcie a kr\u00e1tkodob\u00fdch v\u00fdstav.\",\"potentialAction\":[{\"@type\":\"SearchAction\",\"target\":{\"@type\":\"EntryPoint\",\"urlTemplate\":\"https:\\\/\\\/www.nedbalka.sk\\\/?s={search_term_string}\"},\"query-input\":{\"@type\":\"PropertyValueSpecification\",\"valueRequired\":true,\"valueName\":\"search_term_string\"}}],\"inLanguage\":\"en-US\"}]}<\/script>\n<!-- \/ Yoast SEO plugin. -->","yoast_head_json":{"title":"Juraj Rus\u0148\u00e1k - Bioformy | Nedbalka","robots":{"index":"index","follow":"follow","max-snippet":"max-snippet:-1","max-image-preview":"max-image-preview:large","max-video-preview":"max-video-preview:-1"},"canonical":"https:\/\/www.nedbalka.sk\/en\/product\/katalog-juraj-rusnak\/","og_locale":"en_US","og_type":"article","og_title":"Juraj Rus\u0148\u00e1k - Bioformy | Nedbalka","og_description":"Katal\u00f3g bol vydan\u00fd pri pr\u00edle\u017eitosti v\u00fdstavy Juraj Rus\u0148\u00e1k, Bioformy. Soch\u00e1r Juraj Rus\u0148\u00e1k (*1938) je predstavite\u013eom gener\u00e1cie slovensk\u00fdch v\u00fdtvarn\u00fdch umelcov, ktor\u00e1 v \u201emagickej\" druhej polovici \u0161es\u0165desiatych rokov minul\u00e9ho storo\u010dia prispela k tomu, \u017ee na\u0161e umenie po depres\u00edvnom obdob\u00ed dikt\u00e1tu\u00a0 socialistick\u00e9ho realizmu op\u00e4\u0165 dr\u017ealo krok s v\u00fdvojom umenia vo svete. V publik\u00e1cii sa dozviete viac o umelcovom \u017eivote a tvorbe.  Katal\u00f3g: JURAJ RUS\u0147\u00c1K \u2013 Bioformy \/ Bioforms; autorka textov: Katar\u00edna M\u00fcllerov\u00e1; po\u010det str\u00e1n: 84; jazyk: slovensk\u00fd a\u00a0anglick\u00fd; v\u00e4zba: m\u00e4kk\u00e1; rok vydania: 2013.","og_url":"https:\/\/www.nedbalka.sk\/en\/product\/katalog-juraj-rusnak\/","og_site_name":"Nedbalka","article_modified_time":"2019-04-23T13:28:39+00:00","og_image":[{"width":865,"height":1156,"url":"https:\/\/www.nedbalka.sk\/wp-content\/uploads\/Katalo\u0301g-\u2013-Juraj-Rusn\u030ca\u0301k.jpg","type":"image\/jpeg"}],"twitter_card":"summary_large_image","schema":{"@context":"https:\/\/schema.org","@graph":[{"@type":"WebPage","@id":"https:\/\/www.nedbalka.sk\/en\/product\/katalog-juraj-rusnak\/","url":"https:\/\/www.nedbalka.sk\/en\/product\/katalog-juraj-rusnak\/","name":"Juraj Rus\u0148\u00e1k - Bioformy | Nedbalka","isPartOf":{"@id":"https:\/\/www.nedbalka.sk\/#website"},"primaryImageOfPage":{"@id":"https:\/\/www.nedbalka.sk\/en\/product\/katalog-juraj-rusnak\/#primaryimage"},"image":{"@id":"https:\/\/www.nedbalka.sk\/en\/product\/katalog-juraj-rusnak\/#primaryimage"},"thumbnailUrl":"https:\/\/www.nedbalka.sk\/wp-content\/uploads\/Katalo\u0301g-\u2013-Juraj-Rusn\u030ca\u0301k.jpg","datePublished":"2013-03-01T19:22:59+00:00","dateModified":"2019-04-23T13:28:39+00:00","breadcrumb":{"@id":"https:\/\/www.nedbalka.sk\/en\/product\/katalog-juraj-rusnak\/#breadcrumb"},"inLanguage":"en-US","potentialAction":[{"@type":"ReadAction","target":["https:\/\/www.nedbalka.sk\/en\/product\/katalog-juraj-rusnak\/"]}]},{"@type":"ImageObject","inLanguage":"en-US","@id":"https:\/\/www.nedbalka.sk\/en\/product\/katalog-juraj-rusnak\/#primaryimage","url":"https:\/\/www.nedbalka.sk\/wp-content\/uploads\/Katalo\u0301g-\u2013-Juraj-Rusn\u030ca\u0301k.jpg","contentUrl":"https:\/\/www.nedbalka.sk\/wp-content\/uploads\/Katalo\u0301g-\u2013-Juraj-Rusn\u030ca\u0301k.jpg","width":865,"height":1156,"caption":"Katalo\u0301g \u2013 Juraj Rusn\u030ca\u0301k"},{"@type":"BreadcrumbList","@id":"https:\/\/www.nedbalka.sk\/en\/product\/katalog-juraj-rusnak\/#breadcrumb","itemListElement":[{"@type":"ListItem","position":1,"name":"Home","item":"https:\/\/www.nedbalka.sk\/en\/"},{"@type":"ListItem","position":2,"name":"E-shop","item":"https:\/\/www.nedbalka.sk\/e-shop\/"},{"@type":"ListItem","position":3,"name":"Juraj Rus\u0148\u00e1k &#8211; Bioformy"}]},{"@type":"WebSite","@id":"https:\/\/www.nedbalka.sk\/#website","url":"https:\/\/www.nedbalka.sk\/","name":"Nedbalka","description":"\u0164a\u017eisko zbierky Gal\u00e9rie Nedbalka spo\u010d\u00edva v slovenskej ma\u013ebe 20. storo\u010dia, ale s\u00fa v nej zast\u00fapen\u00e9 aj socha a grafika. Gal\u00e9ria diela prezentuje prostredn\u00edctvom st\u00e1lej expoz\u00edcie a kr\u00e1tkodob\u00fdch v\u00fdstav.","potentialAction":[{"@type":"SearchAction","target":{"@type":"EntryPoint","urlTemplate":"https:\/\/www.nedbalka.sk\/?s={search_term_string}"},"query-input":{"@type":"PropertyValueSpecification","valueRequired":true,"valueName":"search_term_string"}}],"inLanguage":"en-US"}]}},"_links":{"self":[{"href":"https:\/\/www.nedbalka.sk\/en\/wp-json\/wp\/v2\/product\/2312","targetHints":{"allow":["GET"]}}],"collection":[{"href":"https:\/\/www.nedbalka.sk\/en\/wp-json\/wp\/v2\/product"}],"about":[{"href":"https:\/\/www.nedbalka.sk\/en\/wp-json\/wp\/v2\/types\/product"}],"wp:featuredmedia":[{"embeddable":true,"href":"https:\/\/www.nedbalka.sk\/en\/wp-json\/wp\/v2\/media\/2313"}],"wp:attachment":[{"href":"https:\/\/www.nedbalka.sk\/en\/wp-json\/wp\/v2\/media?parent=2312"}],"curies":[{"name":"wp","href":"https:\/\/api.w.org\/{rel}","templated":true}]}}