{"id":2311,"date":"2013-06-09T20:12:17","date_gmt":"2013-06-09T19:12:17","guid":{"rendered":"http:\/\/www.nedbalka.sk\/?post_type=product&#038;p=2311"},"modified":"2019-04-23T14:28:28","modified_gmt":"2019-04-23T13:28:28","slug":"kniha-milan-pasteka-uhol-odvahy","status":"publish","type":"product","link":"https:\/\/www.nedbalka.sk\/en\/product\/kniha-milan-pasteka-uhol-odvahy\/","title":{"rendered":"Milan Pa\u0161t\u00e9ka &#8211; Uhol odvahy"},"content":{"rendered":"<p>Knihu o Milanovi Pa\u0161t\u00e9kovi sme nazvali Uhol odvahy pod\u013ea maliarovho v\u00fdroku, v ktorom zd\u00f4raznil, \u017ee medzi ustavi\u010dne sa meniacimi n\u00e1zormi a postojmi pre\u0148ho predsa len zost\u00e1va \u010dosi kon\u0161tantn\u00e9: uhol odvahy. Vyslovil sa tak v roku 1969, v roku, ke\u010f u\u017e dlh\u0161\u00ed \u010das nepatril medzi umeleck\u00fdch rebelov, av\u0161ak mnoh\u00e9 z vlastnost\u00ed rebela nestr\u00e1cal ani v rokoch zrelej tvorby i v\u0161eobecn\u00e9ho re\u0161pektu vo\u010di jeho v\u00fdtvarn\u00e9mu dielu.<\/p>\n","protected":false},"excerpt":{"rendered":"<p>Tento nezvy\u010dajne senzit\u00edvny umelec v\u0161ak znamenal pre slovensk\u00e9 modern\u00e9 umenie aj rovnako nezvy\u010dajn\u00fd podiel na jeho o\u010dividnej intelektualiz\u00e1cii. Pr\u00e1ve preto vydavate\u013esk\u00fd po\u010din Gal\u00e9rie Nedbalka, po\u010din ozrejmuj\u00faci uhol odvahy maliara Milana Pa\u0161t\u00e9ku, mieni by\u0165 \u010ditate\u013en\u00fdm impulzom a in\u0161pir\u00e1ciou pre najr\u00f4znej\u0161ie redefin\u00edcie ust\u00e1len\u00e9ho, ale neraz aj nudn\u00e9ho pozn\u00e1vania osudov modern\u00e9ho umenia a jeho v\u00fdrazn\u00fdch predstavite\u013eov.<\/p>\n<p><strong>Publik\u00e1cia: Milan Pa\u0161t\u00e9ka \u2013 Uhol odvahy; <\/strong>autor textov: Juraj Moj\u017ei\u0161; po\u010det str\u00e1n: 108; v\u00e4zba: pevn\u00e1; jazyk: slovensk\u00fd a anglick\u00e9 resum\u00e9; rok vydania: 2013.<\/p>\n","protected":false},"featured_media":2329,"template":"","meta":{"_acf_changed":false,"inline_featured_image":false},"class_list":{"0":"post-2311","1":"product","2":"type-product","3":"status-publish","4":"has-post-thumbnail","6":"product_cat-katalog","8":"first","9":"instock","10":"taxable","11":"shipping-taxable","12":"purchasable","13":"product-type-simple"},"acf":[],"yoast_head":"<!-- This site is optimized with the Yoast SEO plugin v27.4 - https:\/\/yoast.com\/product\/yoast-seo-wordpress\/ -->\n<title>Milan Pa\u0161t\u00e9ka - Uhol odvahy | Nedbalka<\/title>\n<meta name=\"robots\" content=\"index, follow, max-snippet:-1, max-image-preview:large, max-video-preview:-1\" \/>\n<link rel=\"canonical\" href=\"https:\/\/www.nedbalka.sk\/en\/product\/kniha-milan-pasteka-uhol-odvahy\/\" \/>\n<meta property=\"og:locale\" content=\"en_US\" \/>\n<meta property=\"og:type\" content=\"article\" \/>\n<meta property=\"og:title\" content=\"Milan Pa\u0161t\u00e9ka - Uhol odvahy | Nedbalka\" \/>\n<meta property=\"og:description\" content=\"Tento nezvy\u010dajne senzit\u00edvny umelec v\u0161ak znamenal pre slovensk\u00e9 modern\u00e9 umenie aj rovnako nezvy\u010dajn\u00fd podiel na jeho o\u010dividnej intelektualiz\u00e1cii. Pr\u00e1ve preto vydavate\u013esk\u00fd po\u010din Gal\u00e9rie Nedbalka, po\u010din ozrejmuj\u00faci uhol odvahy maliara Milana Pa\u0161t\u00e9ku, mieni by\u0165 \u010ditate\u013en\u00fdm impulzom a in\u0161pir\u00e1ciou pre najr\u00f4znej\u0161ie redefin\u00edcie ust\u00e1len\u00e9ho, ale neraz aj nudn\u00e9ho pozn\u00e1vania osudov modern\u00e9ho umenia a jeho v\u00fdrazn\u00fdch predstavite\u013eov.  Publik\u00e1cia: Milan Pa\u0161t\u00e9ka \u2013 Uhol odvahy; autor textov: Juraj Moj\u017ei\u0161; po\u010det str\u00e1n: 108; v\u00e4zba: pevn\u00e1; jazyk: slovensk\u00fd a anglick\u00e9 resum\u00e9; rok vydania: 2013.\" \/>\n<meta property=\"og:url\" content=\"https:\/\/www.nedbalka.sk\/en\/product\/kniha-milan-pasteka-uhol-odvahy\/\" \/>\n<meta property=\"og:site_name\" content=\"Nedbalka\" \/>\n<meta property=\"article:modified_time\" content=\"2019-04-23T13:28:28+00:00\" \/>\n<meta property=\"og:image\" content=\"https:\/\/www.nedbalka.sk\/wp-content\/uploads\/Milan-Pas\u030cte\u0301ka-Uhol-odvahy.jpg\" \/>\n\t<meta property=\"og:image:width\" content=\"865\" \/>\n\t<meta property=\"og:image:height\" content=\"1156\" \/>\n\t<meta property=\"og:image:type\" content=\"image\/jpeg\" \/>\n<meta name=\"twitter:card\" content=\"summary_large_image\" \/>\n<script type=\"application\/ld+json\" class=\"yoast-schema-graph\">{\"@context\":\"https:\\\/\\\/schema.org\",\"@graph\":[{\"@type\":\"WebPage\",\"@id\":\"https:\\\/\\\/www.nedbalka.sk\\\/en\\\/product\\\/kniha-milan-pasteka-uhol-odvahy\\\/\",\"url\":\"https:\\\/\\\/www.nedbalka.sk\\\/en\\\/product\\\/kniha-milan-pasteka-uhol-odvahy\\\/\",\"name\":\"Milan Pa\u0161t\u00e9ka - Uhol odvahy | Nedbalka\",\"isPartOf\":{\"@id\":\"https:\\\/\\\/www.nedbalka.sk\\\/#website\"},\"primaryImageOfPage\":{\"@id\":\"https:\\\/\\\/www.nedbalka.sk\\\/en\\\/product\\\/kniha-milan-pasteka-uhol-odvahy\\\/#primaryimage\"},\"image\":{\"@id\":\"https:\\\/\\\/www.nedbalka.sk\\\/en\\\/product\\\/kniha-milan-pasteka-uhol-odvahy\\\/#primaryimage\"},\"thumbnailUrl\":\"https:\\\/\\\/www.nedbalka.sk\\\/wp-content\\\/uploads\\\/Milan-Pas\u030cte\u0301ka-Uhol-odvahy.jpg\",\"datePublished\":\"2013-06-09T19:12:17+00:00\",\"dateModified\":\"2019-04-23T13:28:28+00:00\",\"breadcrumb\":{\"@id\":\"https:\\\/\\\/www.nedbalka.sk\\\/en\\\/product\\\/kniha-milan-pasteka-uhol-odvahy\\\/#breadcrumb\"},\"inLanguage\":\"en-US\",\"potentialAction\":[{\"@type\":\"ReadAction\",\"target\":[\"https:\\\/\\\/www.nedbalka.sk\\\/en\\\/product\\\/kniha-milan-pasteka-uhol-odvahy\\\/\"]}]},{\"@type\":\"ImageObject\",\"inLanguage\":\"en-US\",\"@id\":\"https:\\\/\\\/www.nedbalka.sk\\\/en\\\/product\\\/kniha-milan-pasteka-uhol-odvahy\\\/#primaryimage\",\"url\":\"https:\\\/\\\/www.nedbalka.sk\\\/wp-content\\\/uploads\\\/Milan-Pas\u030cte\u0301ka-Uhol-odvahy.jpg\",\"contentUrl\":\"https:\\\/\\\/www.nedbalka.sk\\\/wp-content\\\/uploads\\\/Milan-Pas\u030cte\u0301ka-Uhol-odvahy.jpg\",\"width\":865,\"height\":1156,\"caption\":\"Milan Pas\u030cte\u0301ka - Uhol odvahy\"},{\"@type\":\"BreadcrumbList\",\"@id\":\"https:\\\/\\\/www.nedbalka.sk\\\/en\\\/product\\\/kniha-milan-pasteka-uhol-odvahy\\\/#breadcrumb\",\"itemListElement\":[{\"@type\":\"ListItem\",\"position\":1,\"name\":\"Home\",\"item\":\"https:\\\/\\\/www.nedbalka.sk\\\/en\\\/\"},{\"@type\":\"ListItem\",\"position\":2,\"name\":\"E-shop\",\"item\":\"https:\\\/\\\/www.nedbalka.sk\\\/e-shop\\\/\"},{\"@type\":\"ListItem\",\"position\":3,\"name\":\"Milan Pa\u0161t\u00e9ka &#8211; Uhol odvahy\"}]},{\"@type\":\"WebSite\",\"@id\":\"https:\\\/\\\/www.nedbalka.sk\\\/#website\",\"url\":\"https:\\\/\\\/www.nedbalka.sk\\\/\",\"name\":\"Nedbalka\",\"description\":\"\u0164a\u017eisko zbierky Gal\u00e9rie Nedbalka spo\u010d\u00edva v slovenskej ma\u013ebe 20. storo\u010dia, ale s\u00fa v nej zast\u00fapen\u00e9 aj socha a grafika. Gal\u00e9ria diela prezentuje prostredn\u00edctvom st\u00e1lej expoz\u00edcie a kr\u00e1tkodob\u00fdch v\u00fdstav.\",\"potentialAction\":[{\"@type\":\"SearchAction\",\"target\":{\"@type\":\"EntryPoint\",\"urlTemplate\":\"https:\\\/\\\/www.nedbalka.sk\\\/?s={search_term_string}\"},\"query-input\":{\"@type\":\"PropertyValueSpecification\",\"valueRequired\":true,\"valueName\":\"search_term_string\"}}],\"inLanguage\":\"en-US\"}]}<\/script>\n<!-- \/ Yoast SEO plugin. -->","yoast_head_json":{"title":"Milan Pa\u0161t\u00e9ka - Uhol odvahy | Nedbalka","robots":{"index":"index","follow":"follow","max-snippet":"max-snippet:-1","max-image-preview":"max-image-preview:large","max-video-preview":"max-video-preview:-1"},"canonical":"https:\/\/www.nedbalka.sk\/en\/product\/kniha-milan-pasteka-uhol-odvahy\/","og_locale":"en_US","og_type":"article","og_title":"Milan Pa\u0161t\u00e9ka - Uhol odvahy | Nedbalka","og_description":"Tento nezvy\u010dajne senzit\u00edvny umelec v\u0161ak znamenal pre slovensk\u00e9 modern\u00e9 umenie aj rovnako nezvy\u010dajn\u00fd podiel na jeho o\u010dividnej intelektualiz\u00e1cii. Pr\u00e1ve preto vydavate\u013esk\u00fd po\u010din Gal\u00e9rie Nedbalka, po\u010din ozrejmuj\u00faci uhol odvahy maliara Milana Pa\u0161t\u00e9ku, mieni by\u0165 \u010ditate\u013en\u00fdm impulzom a in\u0161pir\u00e1ciou pre najr\u00f4znej\u0161ie redefin\u00edcie ust\u00e1len\u00e9ho, ale neraz aj nudn\u00e9ho pozn\u00e1vania osudov modern\u00e9ho umenia a jeho v\u00fdrazn\u00fdch predstavite\u013eov.  Publik\u00e1cia: Milan Pa\u0161t\u00e9ka \u2013 Uhol odvahy; autor textov: Juraj Moj\u017ei\u0161; po\u010det str\u00e1n: 108; v\u00e4zba: pevn\u00e1; jazyk: slovensk\u00fd a anglick\u00e9 resum\u00e9; rok vydania: 2013.","og_url":"https:\/\/www.nedbalka.sk\/en\/product\/kniha-milan-pasteka-uhol-odvahy\/","og_site_name":"Nedbalka","article_modified_time":"2019-04-23T13:28:28+00:00","og_image":[{"width":865,"height":1156,"url":"https:\/\/www.nedbalka.sk\/wp-content\/uploads\/Milan-Pas\u030cte\u0301ka-Uhol-odvahy.jpg","type":"image\/jpeg"}],"twitter_card":"summary_large_image","schema":{"@context":"https:\/\/schema.org","@graph":[{"@type":"WebPage","@id":"https:\/\/www.nedbalka.sk\/en\/product\/kniha-milan-pasteka-uhol-odvahy\/","url":"https:\/\/www.nedbalka.sk\/en\/product\/kniha-milan-pasteka-uhol-odvahy\/","name":"Milan Pa\u0161t\u00e9ka - Uhol odvahy | Nedbalka","isPartOf":{"@id":"https:\/\/www.nedbalka.sk\/#website"},"primaryImageOfPage":{"@id":"https:\/\/www.nedbalka.sk\/en\/product\/kniha-milan-pasteka-uhol-odvahy\/#primaryimage"},"image":{"@id":"https:\/\/www.nedbalka.sk\/en\/product\/kniha-milan-pasteka-uhol-odvahy\/#primaryimage"},"thumbnailUrl":"https:\/\/www.nedbalka.sk\/wp-content\/uploads\/Milan-Pas\u030cte\u0301ka-Uhol-odvahy.jpg","datePublished":"2013-06-09T19:12:17+00:00","dateModified":"2019-04-23T13:28:28+00:00","breadcrumb":{"@id":"https:\/\/www.nedbalka.sk\/en\/product\/kniha-milan-pasteka-uhol-odvahy\/#breadcrumb"},"inLanguage":"en-US","potentialAction":[{"@type":"ReadAction","target":["https:\/\/www.nedbalka.sk\/en\/product\/kniha-milan-pasteka-uhol-odvahy\/"]}]},{"@type":"ImageObject","inLanguage":"en-US","@id":"https:\/\/www.nedbalka.sk\/en\/product\/kniha-milan-pasteka-uhol-odvahy\/#primaryimage","url":"https:\/\/www.nedbalka.sk\/wp-content\/uploads\/Milan-Pas\u030cte\u0301ka-Uhol-odvahy.jpg","contentUrl":"https:\/\/www.nedbalka.sk\/wp-content\/uploads\/Milan-Pas\u030cte\u0301ka-Uhol-odvahy.jpg","width":865,"height":1156,"caption":"Milan Pas\u030cte\u0301ka - Uhol odvahy"},{"@type":"BreadcrumbList","@id":"https:\/\/www.nedbalka.sk\/en\/product\/kniha-milan-pasteka-uhol-odvahy\/#breadcrumb","itemListElement":[{"@type":"ListItem","position":1,"name":"Home","item":"https:\/\/www.nedbalka.sk\/en\/"},{"@type":"ListItem","position":2,"name":"E-shop","item":"https:\/\/www.nedbalka.sk\/e-shop\/"},{"@type":"ListItem","position":3,"name":"Milan Pa\u0161t\u00e9ka &#8211; Uhol odvahy"}]},{"@type":"WebSite","@id":"https:\/\/www.nedbalka.sk\/#website","url":"https:\/\/www.nedbalka.sk\/","name":"Nedbalka","description":"\u0164a\u017eisko zbierky Gal\u00e9rie Nedbalka spo\u010d\u00edva v slovenskej ma\u013ebe 20. storo\u010dia, ale s\u00fa v nej zast\u00fapen\u00e9 aj socha a grafika. Gal\u00e9ria diela prezentuje prostredn\u00edctvom st\u00e1lej expoz\u00edcie a kr\u00e1tkodob\u00fdch v\u00fdstav.","potentialAction":[{"@type":"SearchAction","target":{"@type":"EntryPoint","urlTemplate":"https:\/\/www.nedbalka.sk\/?s={search_term_string}"},"query-input":{"@type":"PropertyValueSpecification","valueRequired":true,"valueName":"search_term_string"}}],"inLanguage":"en-US"}]}},"_links":{"self":[{"href":"https:\/\/www.nedbalka.sk\/en\/wp-json\/wp\/v2\/product\/2311","targetHints":{"allow":["GET"]}}],"collection":[{"href":"https:\/\/www.nedbalka.sk\/en\/wp-json\/wp\/v2\/product"}],"about":[{"href":"https:\/\/www.nedbalka.sk\/en\/wp-json\/wp\/v2\/types\/product"}],"wp:featuredmedia":[{"embeddable":true,"href":"https:\/\/www.nedbalka.sk\/en\/wp-json\/wp\/v2\/media\/2329"}],"wp:attachment":[{"href":"https:\/\/www.nedbalka.sk\/en\/wp-json\/wp\/v2\/media?parent=2311"}],"curies":[{"name":"wp","href":"https:\/\/api.w.org\/{rel}","templated":true}]}}