{"id":2303,"date":"2013-11-02T19:58:22","date_gmt":"2013-11-02T18:58:22","guid":{"rendered":"http:\/\/www.nedbalka.sk\/?post_type=product&#038;p=2303"},"modified":"2019-04-23T14:28:11","modified_gmt":"2019-04-23T13:28:11","slug":"kniha-asot-haas-inside","status":"publish","type":"product","link":"https:\/\/www.nedbalka.sk\/en\/product\/kniha-asot-haas-inside\/","title":{"rendered":"A\u0161ot Haas &#8211; Inside"},"content":{"rendered":"","protected":false},"excerpt":{"rendered":"<p>Tesne pred prv\u00fdm v\u00fdro\u010d\u00edm otvorenia Gal\u00e9rie Nedbalka bola do v\u00fdstavn\u00e9ho pl\u00e1nu zaraden\u00e1 v\u00fdstava mlad\u00e9ho v\u00fdtvarn\u00edka A\u0161ota Haasa pod n\u00e1zvom Inside. Jedn\u00fdm z d\u00f4vodov je fakt, \u017ee sa s nad\u0161en\u00edm podie\u013eal na vytvoren\u00ed centr\u00e1lneho architektonick\u00e9ho priestoru novej zrekon\u0161truovanej budovy. Horizont\u00e1lny transparentn\u00fd objekt, sa stal centr\u00e1lnym optick\u00fdm prvkom prezent\u00e1cie s\u00fa\u010dasn\u00e9ho v\u00fdtvarn\u00e9ho umenia v gal\u00e9rii. \u010eal\u0161\u00edm d\u00f4vodom je rozsiahle portf\u00f3lio materializovan\u00fdch pr\u00e1c a mo\u017enos\u0165 vystavi\u0165 najnov\u0161ie projekty pod n\u00e1zvom Diamonds &amp; Reliefs. Je to pekn\u00fd jesenn\u00fd pozdrav Gal\u00e9rie Nedbalka a A\u0161ota Haasa slovensk\u00e9mu v\u00fdtvarn\u00e9mu umeniu. Zauj\u00edmavos\u0165ou knihy je v kni\u017enej v\u00e4zbe vlo\u017een\u00e9 dielo autora, spolu s jeho podpisom na titulnom liste.<\/p>\n<p><strong>Publik\u00e1cia: A\u0160OT HAAS \u2013 INSIDE; <\/strong>autori textov: Palo Choma, Mira Sikorov\u00e1 Puti\u0161ov\u00e1; po\u010det str\u00e1n: 116; v\u00e4zba: kart\u00f3nov\u00e1; jazyk: slovensk\u00fd a\u00a0anglick\u00fd; rok vydania: 2013.<\/p>\n","protected":false},"featured_media":2304,"template":"","meta":{"_acf_changed":false,"inline_featured_image":false},"class_list":{"0":"post-2303","1":"product","2":"type-product","3":"status-publish","4":"has-post-thumbnail","6":"product_cat-katalog","8":"first","9":"instock","10":"taxable","11":"shipping-taxable","12":"purchasable","13":"product-type-simple"},"acf":[],"yoast_head":"<!-- This site is optimized with the Yoast SEO plugin v27.4 - https:\/\/yoast.com\/product\/yoast-seo-wordpress\/ -->\n<title>A\u0161ot Haas - Inside | Nedbalka<\/title>\n<meta name=\"robots\" content=\"index, follow, max-snippet:-1, max-image-preview:large, max-video-preview:-1\" \/>\n<link rel=\"canonical\" href=\"https:\/\/www.nedbalka.sk\/en\/product\/kniha-asot-haas-inside\/\" \/>\n<meta property=\"og:locale\" content=\"en_US\" \/>\n<meta property=\"og:type\" content=\"article\" \/>\n<meta property=\"og:title\" content=\"A\u0161ot Haas - Inside | Nedbalka\" \/>\n<meta property=\"og:description\" content=\"Tesne pred prv\u00fdm v\u00fdro\u010d\u00edm otvorenia Gal\u00e9rie Nedbalka bola do v\u00fdstavn\u00e9ho pl\u00e1nu zaraden\u00e1 v\u00fdstava mlad\u00e9ho v\u00fdtvarn\u00edka A\u0161ota Haasa pod n\u00e1zvom Inside. Jedn\u00fdm z d\u00f4vodov je fakt, \u017ee sa s nad\u0161en\u00edm podie\u013eal na vytvoren\u00ed centr\u00e1lneho architektonick\u00e9ho priestoru novej zrekon\u0161truovanej budovy. Horizont\u00e1lny transparentn\u00fd objekt, sa stal centr\u00e1lnym optick\u00fdm prvkom prezent\u00e1cie s\u00fa\u010dasn\u00e9ho v\u00fdtvarn\u00e9ho umenia v gal\u00e9rii. \u010eal\u0161\u00edm d\u00f4vodom je rozsiahle portf\u00f3lio materializovan\u00fdch pr\u00e1c a mo\u017enos\u0165 vystavi\u0165 najnov\u0161ie projekty pod n\u00e1zvom Diamonds &amp; Reliefs. Je to pekn\u00fd jesenn\u00fd pozdrav Gal\u00e9rie Nedbalka a A\u0161ota Haasa slovensk\u00e9mu v\u00fdtvarn\u00e9mu umeniu. Zauj\u00edmavos\u0165ou knihy je v kni\u017enej v\u00e4zbe vlo\u017een\u00e9 dielo autora, spolu s jeho podpisom na titulnom liste.  Publik\u00e1cia: A\u0160OT HAAS \u2013 INSIDE; autori textov: Palo Choma, Mira Sikorov\u00e1 Puti\u0161ov\u00e1; po\u010det str\u00e1n: 116; v\u00e4zba: kart\u00f3nov\u00e1; jazyk: slovensk\u00fd a\u00a0anglick\u00fd; rok vydania: 2013.\" \/>\n<meta property=\"og:url\" content=\"https:\/\/www.nedbalka.sk\/en\/product\/kniha-asot-haas-inside\/\" \/>\n<meta property=\"og:site_name\" content=\"Nedbalka\" \/>\n<meta property=\"article:modified_time\" content=\"2019-04-23T13:28:11+00:00\" \/>\n<meta property=\"og:image\" content=\"https:\/\/www.nedbalka.sk\/wp-content\/uploads\/As\u030cot-Haas-Inside.jpg\" \/>\n\t<meta property=\"og:image:width\" content=\"865\" \/>\n\t<meta property=\"og:image:height\" content=\"1156\" \/>\n\t<meta property=\"og:image:type\" content=\"image\/jpeg\" \/>\n<meta name=\"twitter:card\" content=\"summary_large_image\" \/>\n<script type=\"application\/ld+json\" class=\"yoast-schema-graph\">{\"@context\":\"https:\\\/\\\/schema.org\",\"@graph\":[{\"@type\":\"WebPage\",\"@id\":\"https:\\\/\\\/www.nedbalka.sk\\\/en\\\/product\\\/kniha-asot-haas-inside\\\/\",\"url\":\"https:\\\/\\\/www.nedbalka.sk\\\/en\\\/product\\\/kniha-asot-haas-inside\\\/\",\"name\":\"A\u0161ot Haas - Inside | Nedbalka\",\"isPartOf\":{\"@id\":\"https:\\\/\\\/www.nedbalka.sk\\\/#website\"},\"primaryImageOfPage\":{\"@id\":\"https:\\\/\\\/www.nedbalka.sk\\\/en\\\/product\\\/kniha-asot-haas-inside\\\/#primaryimage\"},\"image\":{\"@id\":\"https:\\\/\\\/www.nedbalka.sk\\\/en\\\/product\\\/kniha-asot-haas-inside\\\/#primaryimage\"},\"thumbnailUrl\":\"https:\\\/\\\/www.nedbalka.sk\\\/wp-content\\\/uploads\\\/As\u030cot-Haas-Inside.jpg\",\"datePublished\":\"2013-11-02T18:58:22+00:00\",\"dateModified\":\"2019-04-23T13:28:11+00:00\",\"breadcrumb\":{\"@id\":\"https:\\\/\\\/www.nedbalka.sk\\\/en\\\/product\\\/kniha-asot-haas-inside\\\/#breadcrumb\"},\"inLanguage\":\"en-US\",\"potentialAction\":[{\"@type\":\"ReadAction\",\"target\":[\"https:\\\/\\\/www.nedbalka.sk\\\/en\\\/product\\\/kniha-asot-haas-inside\\\/\"]}]},{\"@type\":\"ImageObject\",\"inLanguage\":\"en-US\",\"@id\":\"https:\\\/\\\/www.nedbalka.sk\\\/en\\\/product\\\/kniha-asot-haas-inside\\\/#primaryimage\",\"url\":\"https:\\\/\\\/www.nedbalka.sk\\\/wp-content\\\/uploads\\\/As\u030cot-Haas-Inside.jpg\",\"contentUrl\":\"https:\\\/\\\/www.nedbalka.sk\\\/wp-content\\\/uploads\\\/As\u030cot-Haas-Inside.jpg\",\"width\":865,\"height\":1156,\"caption\":\"As\u030cot Haas - Inside\"},{\"@type\":\"BreadcrumbList\",\"@id\":\"https:\\\/\\\/www.nedbalka.sk\\\/en\\\/product\\\/kniha-asot-haas-inside\\\/#breadcrumb\",\"itemListElement\":[{\"@type\":\"ListItem\",\"position\":1,\"name\":\"Home\",\"item\":\"https:\\\/\\\/www.nedbalka.sk\\\/en\\\/\"},{\"@type\":\"ListItem\",\"position\":2,\"name\":\"E-shop\",\"item\":\"https:\\\/\\\/www.nedbalka.sk\\\/e-shop\\\/\"},{\"@type\":\"ListItem\",\"position\":3,\"name\":\"A\u0161ot Haas &#8211; Inside\"}]},{\"@type\":\"WebSite\",\"@id\":\"https:\\\/\\\/www.nedbalka.sk\\\/#website\",\"url\":\"https:\\\/\\\/www.nedbalka.sk\\\/\",\"name\":\"Nedbalka\",\"description\":\"\u0164a\u017eisko zbierky Gal\u00e9rie Nedbalka spo\u010d\u00edva v slovenskej ma\u013ebe 20. storo\u010dia, ale s\u00fa v nej zast\u00fapen\u00e9 aj socha a grafika. Gal\u00e9ria diela prezentuje prostredn\u00edctvom st\u00e1lej expoz\u00edcie a kr\u00e1tkodob\u00fdch v\u00fdstav.\",\"potentialAction\":[{\"@type\":\"SearchAction\",\"target\":{\"@type\":\"EntryPoint\",\"urlTemplate\":\"https:\\\/\\\/www.nedbalka.sk\\\/?s={search_term_string}\"},\"query-input\":{\"@type\":\"PropertyValueSpecification\",\"valueRequired\":true,\"valueName\":\"search_term_string\"}}],\"inLanguage\":\"en-US\"}]}<\/script>\n<!-- \/ Yoast SEO plugin. -->","yoast_head_json":{"title":"A\u0161ot Haas - Inside | Nedbalka","robots":{"index":"index","follow":"follow","max-snippet":"max-snippet:-1","max-image-preview":"max-image-preview:large","max-video-preview":"max-video-preview:-1"},"canonical":"https:\/\/www.nedbalka.sk\/en\/product\/kniha-asot-haas-inside\/","og_locale":"en_US","og_type":"article","og_title":"A\u0161ot Haas - Inside | Nedbalka","og_description":"Tesne pred prv\u00fdm v\u00fdro\u010d\u00edm otvorenia Gal\u00e9rie Nedbalka bola do v\u00fdstavn\u00e9ho pl\u00e1nu zaraden\u00e1 v\u00fdstava mlad\u00e9ho v\u00fdtvarn\u00edka A\u0161ota Haasa pod n\u00e1zvom Inside. Jedn\u00fdm z d\u00f4vodov je fakt, \u017ee sa s nad\u0161en\u00edm podie\u013eal na vytvoren\u00ed centr\u00e1lneho architektonick\u00e9ho priestoru novej zrekon\u0161truovanej budovy. Horizont\u00e1lny transparentn\u00fd objekt, sa stal centr\u00e1lnym optick\u00fdm prvkom prezent\u00e1cie s\u00fa\u010dasn\u00e9ho v\u00fdtvarn\u00e9ho umenia v gal\u00e9rii. \u010eal\u0161\u00edm d\u00f4vodom je rozsiahle portf\u00f3lio materializovan\u00fdch pr\u00e1c a mo\u017enos\u0165 vystavi\u0165 najnov\u0161ie projekty pod n\u00e1zvom Diamonds &amp; Reliefs. Je to pekn\u00fd jesenn\u00fd pozdrav Gal\u00e9rie Nedbalka a A\u0161ota Haasa slovensk\u00e9mu v\u00fdtvarn\u00e9mu umeniu. Zauj\u00edmavos\u0165ou knihy je v kni\u017enej v\u00e4zbe vlo\u017een\u00e9 dielo autora, spolu s jeho podpisom na titulnom liste.  Publik\u00e1cia: A\u0160OT HAAS \u2013 INSIDE; autori textov: Palo Choma, Mira Sikorov\u00e1 Puti\u0161ov\u00e1; po\u010det str\u00e1n: 116; v\u00e4zba: kart\u00f3nov\u00e1; jazyk: slovensk\u00fd a\u00a0anglick\u00fd; rok vydania: 2013.","og_url":"https:\/\/www.nedbalka.sk\/en\/product\/kniha-asot-haas-inside\/","og_site_name":"Nedbalka","article_modified_time":"2019-04-23T13:28:11+00:00","og_image":[{"width":865,"height":1156,"url":"https:\/\/www.nedbalka.sk\/wp-content\/uploads\/As\u030cot-Haas-Inside.jpg","type":"image\/jpeg"}],"twitter_card":"summary_large_image","schema":{"@context":"https:\/\/schema.org","@graph":[{"@type":"WebPage","@id":"https:\/\/www.nedbalka.sk\/en\/product\/kniha-asot-haas-inside\/","url":"https:\/\/www.nedbalka.sk\/en\/product\/kniha-asot-haas-inside\/","name":"A\u0161ot Haas - Inside | Nedbalka","isPartOf":{"@id":"https:\/\/www.nedbalka.sk\/#website"},"primaryImageOfPage":{"@id":"https:\/\/www.nedbalka.sk\/en\/product\/kniha-asot-haas-inside\/#primaryimage"},"image":{"@id":"https:\/\/www.nedbalka.sk\/en\/product\/kniha-asot-haas-inside\/#primaryimage"},"thumbnailUrl":"https:\/\/www.nedbalka.sk\/wp-content\/uploads\/As\u030cot-Haas-Inside.jpg","datePublished":"2013-11-02T18:58:22+00:00","dateModified":"2019-04-23T13:28:11+00:00","breadcrumb":{"@id":"https:\/\/www.nedbalka.sk\/en\/product\/kniha-asot-haas-inside\/#breadcrumb"},"inLanguage":"en-US","potentialAction":[{"@type":"ReadAction","target":["https:\/\/www.nedbalka.sk\/en\/product\/kniha-asot-haas-inside\/"]}]},{"@type":"ImageObject","inLanguage":"en-US","@id":"https:\/\/www.nedbalka.sk\/en\/product\/kniha-asot-haas-inside\/#primaryimage","url":"https:\/\/www.nedbalka.sk\/wp-content\/uploads\/As\u030cot-Haas-Inside.jpg","contentUrl":"https:\/\/www.nedbalka.sk\/wp-content\/uploads\/As\u030cot-Haas-Inside.jpg","width":865,"height":1156,"caption":"As\u030cot Haas - Inside"},{"@type":"BreadcrumbList","@id":"https:\/\/www.nedbalka.sk\/en\/product\/kniha-asot-haas-inside\/#breadcrumb","itemListElement":[{"@type":"ListItem","position":1,"name":"Home","item":"https:\/\/www.nedbalka.sk\/en\/"},{"@type":"ListItem","position":2,"name":"E-shop","item":"https:\/\/www.nedbalka.sk\/e-shop\/"},{"@type":"ListItem","position":3,"name":"A\u0161ot Haas &#8211; Inside"}]},{"@type":"WebSite","@id":"https:\/\/www.nedbalka.sk\/#website","url":"https:\/\/www.nedbalka.sk\/","name":"Nedbalka","description":"\u0164a\u017eisko zbierky Gal\u00e9rie Nedbalka spo\u010d\u00edva v slovenskej ma\u013ebe 20. storo\u010dia, ale s\u00fa v nej zast\u00fapen\u00e9 aj socha a grafika. Gal\u00e9ria diela prezentuje prostredn\u00edctvom st\u00e1lej expoz\u00edcie a kr\u00e1tkodob\u00fdch v\u00fdstav.","potentialAction":[{"@type":"SearchAction","target":{"@type":"EntryPoint","urlTemplate":"https:\/\/www.nedbalka.sk\/?s={search_term_string}"},"query-input":{"@type":"PropertyValueSpecification","valueRequired":true,"valueName":"search_term_string"}}],"inLanguage":"en-US"}]}},"_links":{"self":[{"href":"https:\/\/www.nedbalka.sk\/en\/wp-json\/wp\/v2\/product\/2303","targetHints":{"allow":["GET"]}}],"collection":[{"href":"https:\/\/www.nedbalka.sk\/en\/wp-json\/wp\/v2\/product"}],"about":[{"href":"https:\/\/www.nedbalka.sk\/en\/wp-json\/wp\/v2\/types\/product"}],"wp:featuredmedia":[{"embeddable":true,"href":"https:\/\/www.nedbalka.sk\/en\/wp-json\/wp\/v2\/media\/2304"}],"wp:attachment":[{"href":"https:\/\/www.nedbalka.sk\/en\/wp-json\/wp\/v2\/media?parent=2303"}],"curies":[{"name":"wp","href":"https:\/\/api.w.org\/{rel}","templated":true}]}}