{"id":2295,"date":"2014-07-14T06:00:02","date_gmt":"2014-07-14T05:00:02","guid":{"rendered":"http:\/\/www.nedbalka.sk\/?post_type=product&#038;p=2295"},"modified":"2019-04-23T14:27:50","modified_gmt":"2019-04-23T13:27:50","slug":"juraj-rusnak-monografia","status":"publish","type":"product","link":"https:\/\/www.nedbalka.sk\/en\/product\/juraj-rusnak-monografia\/","title":{"rendered":"Juraj Rus\u0148\u00e1k \u2013 monografia"},"content":{"rendered":"","protected":false},"excerpt":{"rendered":"<p>Gal\u00e9ria Nedbalka zorganizovala druh\u00fa v\u00fdstavu soch\u00e1rskych diel, tentoraz s cie\u013eom predstavi\u0165 sochy so svojich zbierok. V\u00fdstavou Sochy zo zbierky Gal\u00e9rie Nedbalka \u2013 Hmatov\u00e9 \u0161t\u00fadio sme sa zapojili do projektu Socha a objekt XIX, ktor\u00fd je s\u00fa\u010das\u0165ou Staromestsk\u00e9ho letn\u00e9ho festivalu 2014, Kult\u00farneho leta a Hradn\u00fdch sl\u00e1vnost\u00ed Bratislava 2014.<\/p>\n<p>V r\u00e1mci v\u00fdstavy sme dali najv\u00e4\u010d\u0161\u00ed priestor umelcovi Jurajovi Rus\u0148\u00e1kovi, ktor\u00e9mu pod\u013ea n\u00e1\u0161ho n\u00e1zoru dlh\u00e9 obdobie nebola venovan\u00e1 pozornos\u0165, ak\u00fa by si tento umelec zasl\u00fa\u017eil. Juraj Rus\u0148\u00e1k je soch\u00e1r presadzuj\u00faci abstraktn\u00fd tvar a patr\u00ed ku gener\u00e1ci\u00ed slovensk\u00fdch v\u00fdtvarn\u00edkov, ktor\u00e1 v \u0161estedsiatych rokoch minul\u00e9ho storo\u010dia nadviazala na v\u00fdvoj umenia vo svete.<\/p>\n<p><strong>Publik\u00e1cia: Juraj Rus\u0148\u00e1k \u2013 monografia; <\/strong>autorka textov:\u00a0\u013duba Belohradsk\u00e1; po\u010det str\u00e1n:\u00a0242; v\u00e4zba:\u00a0pevn\u00e1; jazyk:\u00a0slovensk\u00fd a\u00a0anglick\u00fd; rok vydania: 2014.<\/p>\n","protected":false},"featured_media":2296,"template":"","meta":{"_acf_changed":false,"inline_featured_image":false},"class_list":{"0":"post-2295","1":"product","2":"type-product","3":"status-publish","4":"has-post-thumbnail","6":"product_cat-katalog","8":"first","9":"instock","10":"taxable","11":"shipping-taxable","12":"purchasable","13":"product-type-simple"},"acf":[],"yoast_head":"<!-- This site is optimized with the Yoast SEO plugin v27.1.1 - https:\/\/yoast.com\/product\/yoast-seo-wordpress\/ -->\n<title>Juraj Rus\u0148\u00e1k \u2013 monografia | Nedbalka<\/title>\n<meta name=\"robots\" content=\"index, follow, max-snippet:-1, max-image-preview:large, max-video-preview:-1\" \/>\n<link rel=\"canonical\" href=\"https:\/\/www.nedbalka.sk\/en\/product\/juraj-rusnak-monografia\/\" \/>\n<meta property=\"og:locale\" content=\"en_US\" \/>\n<meta property=\"og:type\" content=\"article\" \/>\n<meta property=\"og:title\" content=\"Juraj Rus\u0148\u00e1k \u2013 monografia | Nedbalka\" \/>\n<meta property=\"og:description\" content=\"Gal\u00e9ria Nedbalka zorganizovala druh\u00fa v\u00fdstavu soch\u00e1rskych diel, tentoraz s cie\u013eom predstavi\u0165 sochy so svojich zbierok. V\u00fdstavou Sochy zo zbierky Gal\u00e9rie Nedbalka \u2013 Hmatov\u00e9 \u0161t\u00fadio sme sa zapojili do projektu Socha a objekt XIX, ktor\u00fd je s\u00fa\u010das\u0165ou Staromestsk\u00e9ho letn\u00e9ho festivalu 2014, Kult\u00farneho leta a Hradn\u00fdch sl\u00e1vnost\u00ed Bratislava 2014.  V r\u00e1mci v\u00fdstavy sme dali najv\u00e4\u010d\u0161\u00ed priestor umelcovi Jurajovi Rus\u0148\u00e1kovi, ktor\u00e9mu pod\u013ea n\u00e1\u0161ho n\u00e1zoru dlh\u00e9 obdobie nebola venovan\u00e1 pozornos\u0165, ak\u00fa by si tento umelec zasl\u00fa\u017eil. Juraj Rus\u0148\u00e1k je soch\u00e1r presadzuj\u00faci abstraktn\u00fd tvar a patr\u00ed ku gener\u00e1ci\u00ed slovensk\u00fdch v\u00fdtvarn\u00edkov, ktor\u00e1 v \u0161estedsiatych rokoch minul\u00e9ho storo\u010dia nadviazala na v\u00fdvoj umenia vo svete.  Publik\u00e1cia: Juraj Rus\u0148\u00e1k \u2013 monografia; autorka textov:\u00a0\u013duba Belohradsk\u00e1; po\u010det str\u00e1n:\u00a0242; v\u00e4zba:\u00a0pevn\u00e1; jazyk:\u00a0slovensk\u00fd a\u00a0anglick\u00fd; rok vydania: 2014.\" \/>\n<meta property=\"og:url\" content=\"https:\/\/www.nedbalka.sk\/en\/product\/juraj-rusnak-monografia\/\" \/>\n<meta property=\"og:site_name\" content=\"Nedbalka\" \/>\n<meta property=\"article:modified_time\" content=\"2019-04-23T13:27:50+00:00\" \/>\n<meta property=\"og:image\" content=\"https:\/\/www.nedbalka.sk\/wp-content\/uploads\/Juraj-Rusn\u030ca\u0301k-\u2013-monografia-1.jpg\" \/>\n\t<meta property=\"og:image:width\" content=\"865\" \/>\n\t<meta property=\"og:image:height\" content=\"1156\" \/>\n\t<meta property=\"og:image:type\" content=\"image\/jpeg\" \/>\n<meta name=\"twitter:card\" content=\"summary_large_image\" \/>\n<script type=\"application\/ld+json\" class=\"yoast-schema-graph\">{\"@context\":\"https:\/\/schema.org\",\"@graph\":[{\"@type\":\"WebPage\",\"@id\":\"https:\/\/www.nedbalka.sk\/en\/product\/juraj-rusnak-monografia\/\",\"url\":\"https:\/\/www.nedbalka.sk\/en\/product\/juraj-rusnak-monografia\/\",\"name\":\"Juraj Rus\u0148\u00e1k \u2013 monografia | Nedbalka\",\"isPartOf\":{\"@id\":\"https:\/\/www.nedbalka.sk\/#website\"},\"primaryImageOfPage\":{\"@id\":\"https:\/\/www.nedbalka.sk\/en\/product\/juraj-rusnak-monografia\/#primaryimage\"},\"image\":{\"@id\":\"https:\/\/www.nedbalka.sk\/en\/product\/juraj-rusnak-monografia\/#primaryimage\"},\"thumbnailUrl\":\"https:\/\/www.nedbalka.sk\/wp-content\/uploads\/Juraj-Rusn\u030ca\u0301k-\u2013-monografia-1.jpg\",\"datePublished\":\"2014-07-14T05:00:02+00:00\",\"dateModified\":\"2019-04-23T13:27:50+00:00\",\"breadcrumb\":{\"@id\":\"https:\/\/www.nedbalka.sk\/en\/product\/juraj-rusnak-monografia\/#breadcrumb\"},\"inLanguage\":\"en-US\",\"potentialAction\":[{\"@type\":\"ReadAction\",\"target\":[\"https:\/\/www.nedbalka.sk\/en\/product\/juraj-rusnak-monografia\/\"]}]},{\"@type\":\"ImageObject\",\"inLanguage\":\"en-US\",\"@id\":\"https:\/\/www.nedbalka.sk\/en\/product\/juraj-rusnak-monografia\/#primaryimage\",\"url\":\"https:\/\/www.nedbalka.sk\/wp-content\/uploads\/Juraj-Rusn\u030ca\u0301k-\u2013-monografia-1.jpg\",\"contentUrl\":\"https:\/\/www.nedbalka.sk\/wp-content\/uploads\/Juraj-Rusn\u030ca\u0301k-\u2013-monografia-1.jpg\",\"width\":865,\"height\":1156,\"caption\":\"Juraj Rusn\u030ca\u0301k \u2013 monografia\"},{\"@type\":\"BreadcrumbList\",\"@id\":\"https:\/\/www.nedbalka.sk\/en\/product\/juraj-rusnak-monografia\/#breadcrumb\",\"itemListElement\":[{\"@type\":\"ListItem\",\"position\":1,\"name\":\"Home\",\"item\":\"https:\/\/www.nedbalka.sk\/en\/\"},{\"@type\":\"ListItem\",\"position\":2,\"name\":\"E-shop\",\"item\":\"https:\/\/www.nedbalka.sk\/e-shop\/\"},{\"@type\":\"ListItem\",\"position\":3,\"name\":\"Juraj Rus\u0148\u00e1k \u2013 monografia\"}]},{\"@type\":\"WebSite\",\"@id\":\"https:\/\/www.nedbalka.sk\/#website\",\"url\":\"https:\/\/www.nedbalka.sk\/\",\"name\":\"Nedbalka\",\"description\":\"\u0164a\u017eisko zbierky Gal\u00e9rie Nedbalka spo\u010d\u00edva v slovenskej ma\u013ebe 20. storo\u010dia, ale s\u00fa v nej zast\u00fapen\u00e9 aj socha a grafika. Gal\u00e9ria diela prezentuje prostredn\u00edctvom st\u00e1lej expoz\u00edcie a kr\u00e1tkodob\u00fdch v\u00fdstav.\",\"potentialAction\":[{\"@type\":\"SearchAction\",\"target\":{\"@type\":\"EntryPoint\",\"urlTemplate\":\"https:\/\/www.nedbalka.sk\/?s={search_term_string}\"},\"query-input\":{\"@type\":\"PropertyValueSpecification\",\"valueRequired\":true,\"valueName\":\"search_term_string\"}}],\"inLanguage\":\"en-US\"}]}<\/script>\n<!-- \/ Yoast SEO plugin. -->","yoast_head_json":{"title":"Juraj Rus\u0148\u00e1k \u2013 monografia | Nedbalka","robots":{"index":"index","follow":"follow","max-snippet":"max-snippet:-1","max-image-preview":"max-image-preview:large","max-video-preview":"max-video-preview:-1"},"canonical":"https:\/\/www.nedbalka.sk\/en\/product\/juraj-rusnak-monografia\/","og_locale":"en_US","og_type":"article","og_title":"Juraj Rus\u0148\u00e1k \u2013 monografia | Nedbalka","og_description":"Gal\u00e9ria Nedbalka zorganizovala druh\u00fa v\u00fdstavu soch\u00e1rskych diel, tentoraz s cie\u013eom predstavi\u0165 sochy so svojich zbierok. V\u00fdstavou Sochy zo zbierky Gal\u00e9rie Nedbalka \u2013 Hmatov\u00e9 \u0161t\u00fadio sme sa zapojili do projektu Socha a objekt XIX, ktor\u00fd je s\u00fa\u010das\u0165ou Staromestsk\u00e9ho letn\u00e9ho festivalu 2014, Kult\u00farneho leta a Hradn\u00fdch sl\u00e1vnost\u00ed Bratislava 2014.  V r\u00e1mci v\u00fdstavy sme dali najv\u00e4\u010d\u0161\u00ed priestor umelcovi Jurajovi Rus\u0148\u00e1kovi, ktor\u00e9mu pod\u013ea n\u00e1\u0161ho n\u00e1zoru dlh\u00e9 obdobie nebola venovan\u00e1 pozornos\u0165, ak\u00fa by si tento umelec zasl\u00fa\u017eil. Juraj Rus\u0148\u00e1k je soch\u00e1r presadzuj\u00faci abstraktn\u00fd tvar a patr\u00ed ku gener\u00e1ci\u00ed slovensk\u00fdch v\u00fdtvarn\u00edkov, ktor\u00e1 v \u0161estedsiatych rokoch minul\u00e9ho storo\u010dia nadviazala na v\u00fdvoj umenia vo svete.  Publik\u00e1cia: Juraj Rus\u0148\u00e1k \u2013 monografia; autorka textov:\u00a0\u013duba Belohradsk\u00e1; po\u010det str\u00e1n:\u00a0242; v\u00e4zba:\u00a0pevn\u00e1; jazyk:\u00a0slovensk\u00fd a\u00a0anglick\u00fd; rok vydania: 2014.","og_url":"https:\/\/www.nedbalka.sk\/en\/product\/juraj-rusnak-monografia\/","og_site_name":"Nedbalka","article_modified_time":"2019-04-23T13:27:50+00:00","og_image":[{"width":865,"height":1156,"url":"https:\/\/www.nedbalka.sk\/wp-content\/uploads\/Juraj-Rusn\u030ca\u0301k-\u2013-monografia-1.jpg","type":"image\/jpeg"}],"twitter_card":"summary_large_image","schema":{"@context":"https:\/\/schema.org","@graph":[{"@type":"WebPage","@id":"https:\/\/www.nedbalka.sk\/en\/product\/juraj-rusnak-monografia\/","url":"https:\/\/www.nedbalka.sk\/en\/product\/juraj-rusnak-monografia\/","name":"Juraj Rus\u0148\u00e1k \u2013 monografia | Nedbalka","isPartOf":{"@id":"https:\/\/www.nedbalka.sk\/#website"},"primaryImageOfPage":{"@id":"https:\/\/www.nedbalka.sk\/en\/product\/juraj-rusnak-monografia\/#primaryimage"},"image":{"@id":"https:\/\/www.nedbalka.sk\/en\/product\/juraj-rusnak-monografia\/#primaryimage"},"thumbnailUrl":"https:\/\/www.nedbalka.sk\/wp-content\/uploads\/Juraj-Rusn\u030ca\u0301k-\u2013-monografia-1.jpg","datePublished":"2014-07-14T05:00:02+00:00","dateModified":"2019-04-23T13:27:50+00:00","breadcrumb":{"@id":"https:\/\/www.nedbalka.sk\/en\/product\/juraj-rusnak-monografia\/#breadcrumb"},"inLanguage":"en-US","potentialAction":[{"@type":"ReadAction","target":["https:\/\/www.nedbalka.sk\/en\/product\/juraj-rusnak-monografia\/"]}]},{"@type":"ImageObject","inLanguage":"en-US","@id":"https:\/\/www.nedbalka.sk\/en\/product\/juraj-rusnak-monografia\/#primaryimage","url":"https:\/\/www.nedbalka.sk\/wp-content\/uploads\/Juraj-Rusn\u030ca\u0301k-\u2013-monografia-1.jpg","contentUrl":"https:\/\/www.nedbalka.sk\/wp-content\/uploads\/Juraj-Rusn\u030ca\u0301k-\u2013-monografia-1.jpg","width":865,"height":1156,"caption":"Juraj Rusn\u030ca\u0301k \u2013 monografia"},{"@type":"BreadcrumbList","@id":"https:\/\/www.nedbalka.sk\/en\/product\/juraj-rusnak-monografia\/#breadcrumb","itemListElement":[{"@type":"ListItem","position":1,"name":"Home","item":"https:\/\/www.nedbalka.sk\/en\/"},{"@type":"ListItem","position":2,"name":"E-shop","item":"https:\/\/www.nedbalka.sk\/e-shop\/"},{"@type":"ListItem","position":3,"name":"Juraj Rus\u0148\u00e1k \u2013 monografia"}]},{"@type":"WebSite","@id":"https:\/\/www.nedbalka.sk\/#website","url":"https:\/\/www.nedbalka.sk\/","name":"Nedbalka","description":"\u0164a\u017eisko zbierky Gal\u00e9rie Nedbalka spo\u010d\u00edva v slovenskej ma\u013ebe 20. storo\u010dia, ale s\u00fa v nej zast\u00fapen\u00e9 aj socha a grafika. Gal\u00e9ria diela prezentuje prostredn\u00edctvom st\u00e1lej expoz\u00edcie a kr\u00e1tkodob\u00fdch v\u00fdstav.","potentialAction":[{"@type":"SearchAction","target":{"@type":"EntryPoint","urlTemplate":"https:\/\/www.nedbalka.sk\/?s={search_term_string}"},"query-input":{"@type":"PropertyValueSpecification","valueRequired":true,"valueName":"search_term_string"}}],"inLanguage":"en-US"}]}},"_links":{"self":[{"href":"https:\/\/www.nedbalka.sk\/en\/wp-json\/wp\/v2\/product\/2295","targetHints":{"allow":["GET"]}}],"collection":[{"href":"https:\/\/www.nedbalka.sk\/en\/wp-json\/wp\/v2\/product"}],"about":[{"href":"https:\/\/www.nedbalka.sk\/en\/wp-json\/wp\/v2\/types\/product"}],"wp:featuredmedia":[{"embeddable":true,"href":"https:\/\/www.nedbalka.sk\/en\/wp-json\/wp\/v2\/media\/2296"}],"wp:attachment":[{"href":"https:\/\/www.nedbalka.sk\/en\/wp-json\/wp\/v2\/media?parent=2295"}],"curies":[{"name":"wp","href":"https:\/\/api.w.org\/{rel}","templated":true}]}}