{"id":2291,"date":"2014-07-14T19:12:43","date_gmt":"2014-07-14T18:12:43","guid":{"rendered":"http:\/\/www.nedbalka.sk\/?post_type=product&#038;p=2291"},"modified":"2019-04-23T14:27:30","modified_gmt":"2019-04-23T13:27:30","slug":"juraj-rusnak-autobiografia","status":"publish","type":"product","link":"https:\/\/www.nedbalka.sk\/en\/product\/juraj-rusnak-autobiografia\/","title":{"rendered":"Juraj Rus\u0148\u00e1k \u2013 autobiografia"},"content":{"rendered":"","protected":false},"excerpt":{"rendered":"<p>V r\u00e1mci v\u00fdstavy Sochy zo zbierky Gal\u00e9rie Nedbalka sme dali najv\u00e4\u010d\u0161\u00ed priestor umelcovi Jurajovi Rus\u0148\u00e1kovi, ktor\u00e9mu pod\u013ea n\u00e1\u0161ho n\u00e1zoru dlh\u00e9 obdobie nebola venovan\u00e1 pozornos\u0165, ak\u00fa by si tento umelec zasl\u00fa\u017eil. Juraj Rus\u0148\u00e1k je soch\u00e1r presadzuj\u00faci abstraktn\u00fd tvar a patr\u00ed ku gener\u00e1ci\u00ed slovensk\u00fdch v\u00fdtvarn\u00edkov, ktor\u00e1 v \u0161estedsiatych rokoch minul\u00e9ho storo\u010dia nadviazala na v\u00fdvoj umenia vo svete. Pr\u00e1ve preto sme sa rozhodli vyda\u0165 autorovi autobiografiu.<\/p>\n<p><strong>Publik\u00e1cia: Juraj Rus\u0148\u00e1k \u2013 autobiografia; <\/strong>autori textov:\u00a0Ren\u00e1ta Gudernov\u00e1, Juraj Rus\u0148\u00e1k; po\u010det str\u00e1n:\u00a0120; v\u00e4zba:\u00a0pevn\u00e1; jazyk:\u00a0slovensk\u00fd; rok vydania: 2014.<\/p>\n","protected":false},"featured_media":2299,"template":"","meta":{"_acf_changed":false,"inline_featured_image":false},"class_list":{"0":"post-2291","1":"product","2":"type-product","3":"status-publish","4":"has-post-thumbnail","6":"product_cat-katalog","8":"first","9":"instock","10":"taxable","11":"shipping-taxable","12":"purchasable","13":"product-type-simple"},"acf":[],"yoast_head":"<!-- This site is optimized with the Yoast SEO plugin v27.1.1 - https:\/\/yoast.com\/product\/yoast-seo-wordpress\/ -->\n<title>Juraj Rus\u0148\u00e1k \u2013 autobiografia | Nedbalka<\/title>\n<meta name=\"robots\" content=\"index, follow, max-snippet:-1, max-image-preview:large, max-video-preview:-1\" \/>\n<link rel=\"canonical\" href=\"https:\/\/www.nedbalka.sk\/en\/product\/juraj-rusnak-autobiografia\/\" \/>\n<meta property=\"og:locale\" content=\"en_US\" \/>\n<meta property=\"og:type\" content=\"article\" \/>\n<meta property=\"og:title\" content=\"Juraj Rus\u0148\u00e1k \u2013 autobiografia | Nedbalka\" \/>\n<meta property=\"og:description\" content=\"V r\u00e1mci v\u00fdstavy Sochy zo zbierky Gal\u00e9rie Nedbalka sme dali najv\u00e4\u010d\u0161\u00ed priestor umelcovi Jurajovi Rus\u0148\u00e1kovi, ktor\u00e9mu pod\u013ea n\u00e1\u0161ho n\u00e1zoru dlh\u00e9 obdobie nebola venovan\u00e1 pozornos\u0165, ak\u00fa by si tento umelec zasl\u00fa\u017eil. Juraj Rus\u0148\u00e1k je soch\u00e1r presadzuj\u00faci abstraktn\u00fd tvar a patr\u00ed ku gener\u00e1ci\u00ed slovensk\u00fdch v\u00fdtvarn\u00edkov, ktor\u00e1 v \u0161estedsiatych rokoch minul\u00e9ho storo\u010dia nadviazala na v\u00fdvoj umenia vo svete. Pr\u00e1ve preto sme sa rozhodli vyda\u0165 autorovi autobiografiu.  Publik\u00e1cia: Juraj Rus\u0148\u00e1k \u2013 autobiografia; autori textov:\u00a0Ren\u00e1ta Gudernov\u00e1, Juraj Rus\u0148\u00e1k; po\u010det str\u00e1n:\u00a0120; v\u00e4zba:\u00a0pevn\u00e1; jazyk:\u00a0slovensk\u00fd; rok vydania: 2014.\" \/>\n<meta property=\"og:url\" content=\"https:\/\/www.nedbalka.sk\/en\/product\/juraj-rusnak-autobiografia\/\" \/>\n<meta property=\"og:site_name\" content=\"Nedbalka\" \/>\n<meta property=\"article:modified_time\" content=\"2019-04-23T13:27:30+00:00\" \/>\n<meta property=\"og:image\" content=\"https:\/\/www.nedbalka.sk\/wp-content\/uploads\/Juraj-Rusn\u030ca\u0301k-\u2013-autobiografia.jpg\" \/>\n\t<meta property=\"og:image:width\" content=\"865\" \/>\n\t<meta property=\"og:image:height\" content=\"1156\" \/>\n\t<meta property=\"og:image:type\" content=\"image\/jpeg\" \/>\n<meta name=\"twitter:card\" content=\"summary_large_image\" \/>\n<script type=\"application\/ld+json\" class=\"yoast-schema-graph\">{\"@context\":\"https:\/\/schema.org\",\"@graph\":[{\"@type\":\"WebPage\",\"@id\":\"https:\/\/www.nedbalka.sk\/en\/product\/juraj-rusnak-autobiografia\/\",\"url\":\"https:\/\/www.nedbalka.sk\/en\/product\/juraj-rusnak-autobiografia\/\",\"name\":\"Juraj Rus\u0148\u00e1k \u2013 autobiografia | Nedbalka\",\"isPartOf\":{\"@id\":\"https:\/\/www.nedbalka.sk\/#website\"},\"primaryImageOfPage\":{\"@id\":\"https:\/\/www.nedbalka.sk\/en\/product\/juraj-rusnak-autobiografia\/#primaryimage\"},\"image\":{\"@id\":\"https:\/\/www.nedbalka.sk\/en\/product\/juraj-rusnak-autobiografia\/#primaryimage\"},\"thumbnailUrl\":\"https:\/\/www.nedbalka.sk\/wp-content\/uploads\/Juraj-Rusn\u030ca\u0301k-\u2013-autobiografia.jpg\",\"datePublished\":\"2014-07-14T18:12:43+00:00\",\"dateModified\":\"2019-04-23T13:27:30+00:00\",\"breadcrumb\":{\"@id\":\"https:\/\/www.nedbalka.sk\/en\/product\/juraj-rusnak-autobiografia\/#breadcrumb\"},\"inLanguage\":\"en-US\",\"potentialAction\":[{\"@type\":\"ReadAction\",\"target\":[\"https:\/\/www.nedbalka.sk\/en\/product\/juraj-rusnak-autobiografia\/\"]}]},{\"@type\":\"ImageObject\",\"inLanguage\":\"en-US\",\"@id\":\"https:\/\/www.nedbalka.sk\/en\/product\/juraj-rusnak-autobiografia\/#primaryimage\",\"url\":\"https:\/\/www.nedbalka.sk\/wp-content\/uploads\/Juraj-Rusn\u030ca\u0301k-\u2013-autobiografia.jpg\",\"contentUrl\":\"https:\/\/www.nedbalka.sk\/wp-content\/uploads\/Juraj-Rusn\u030ca\u0301k-\u2013-autobiografia.jpg\",\"width\":865,\"height\":1156,\"caption\":\"Juraj Rusn\u030ca\u0301k \u2013 autobiografia\"},{\"@type\":\"BreadcrumbList\",\"@id\":\"https:\/\/www.nedbalka.sk\/en\/product\/juraj-rusnak-autobiografia\/#breadcrumb\",\"itemListElement\":[{\"@type\":\"ListItem\",\"position\":1,\"name\":\"Home\",\"item\":\"https:\/\/www.nedbalka.sk\/en\/\"},{\"@type\":\"ListItem\",\"position\":2,\"name\":\"E-shop\",\"item\":\"https:\/\/www.nedbalka.sk\/e-shop\/\"},{\"@type\":\"ListItem\",\"position\":3,\"name\":\"Juraj Rus\u0148\u00e1k \u2013 autobiografia\"}]},{\"@type\":\"WebSite\",\"@id\":\"https:\/\/www.nedbalka.sk\/#website\",\"url\":\"https:\/\/www.nedbalka.sk\/\",\"name\":\"Nedbalka\",\"description\":\"\u0164a\u017eisko zbierky Gal\u00e9rie Nedbalka spo\u010d\u00edva v slovenskej ma\u013ebe 20. storo\u010dia, ale s\u00fa v nej zast\u00fapen\u00e9 aj socha a grafika. Gal\u00e9ria diela prezentuje prostredn\u00edctvom st\u00e1lej expoz\u00edcie a kr\u00e1tkodob\u00fdch v\u00fdstav.\",\"potentialAction\":[{\"@type\":\"SearchAction\",\"target\":{\"@type\":\"EntryPoint\",\"urlTemplate\":\"https:\/\/www.nedbalka.sk\/?s={search_term_string}\"},\"query-input\":{\"@type\":\"PropertyValueSpecification\",\"valueRequired\":true,\"valueName\":\"search_term_string\"}}],\"inLanguage\":\"en-US\"}]}<\/script>\n<!-- \/ Yoast SEO plugin. -->","yoast_head_json":{"title":"Juraj Rus\u0148\u00e1k \u2013 autobiografia | Nedbalka","robots":{"index":"index","follow":"follow","max-snippet":"max-snippet:-1","max-image-preview":"max-image-preview:large","max-video-preview":"max-video-preview:-1"},"canonical":"https:\/\/www.nedbalka.sk\/en\/product\/juraj-rusnak-autobiografia\/","og_locale":"en_US","og_type":"article","og_title":"Juraj Rus\u0148\u00e1k \u2013 autobiografia | Nedbalka","og_description":"V r\u00e1mci v\u00fdstavy Sochy zo zbierky Gal\u00e9rie Nedbalka sme dali najv\u00e4\u010d\u0161\u00ed priestor umelcovi Jurajovi Rus\u0148\u00e1kovi, ktor\u00e9mu pod\u013ea n\u00e1\u0161ho n\u00e1zoru dlh\u00e9 obdobie nebola venovan\u00e1 pozornos\u0165, ak\u00fa by si tento umelec zasl\u00fa\u017eil. Juraj Rus\u0148\u00e1k je soch\u00e1r presadzuj\u00faci abstraktn\u00fd tvar a patr\u00ed ku gener\u00e1ci\u00ed slovensk\u00fdch v\u00fdtvarn\u00edkov, ktor\u00e1 v \u0161estedsiatych rokoch minul\u00e9ho storo\u010dia nadviazala na v\u00fdvoj umenia vo svete. Pr\u00e1ve preto sme sa rozhodli vyda\u0165 autorovi autobiografiu.  Publik\u00e1cia: Juraj Rus\u0148\u00e1k \u2013 autobiografia; autori textov:\u00a0Ren\u00e1ta Gudernov\u00e1, Juraj Rus\u0148\u00e1k; po\u010det str\u00e1n:\u00a0120; v\u00e4zba:\u00a0pevn\u00e1; jazyk:\u00a0slovensk\u00fd; rok vydania: 2014.","og_url":"https:\/\/www.nedbalka.sk\/en\/product\/juraj-rusnak-autobiografia\/","og_site_name":"Nedbalka","article_modified_time":"2019-04-23T13:27:30+00:00","og_image":[{"width":865,"height":1156,"url":"https:\/\/www.nedbalka.sk\/wp-content\/uploads\/Juraj-Rusn\u030ca\u0301k-\u2013-autobiografia.jpg","type":"image\/jpeg"}],"twitter_card":"summary_large_image","schema":{"@context":"https:\/\/schema.org","@graph":[{"@type":"WebPage","@id":"https:\/\/www.nedbalka.sk\/en\/product\/juraj-rusnak-autobiografia\/","url":"https:\/\/www.nedbalka.sk\/en\/product\/juraj-rusnak-autobiografia\/","name":"Juraj Rus\u0148\u00e1k \u2013 autobiografia | Nedbalka","isPartOf":{"@id":"https:\/\/www.nedbalka.sk\/#website"},"primaryImageOfPage":{"@id":"https:\/\/www.nedbalka.sk\/en\/product\/juraj-rusnak-autobiografia\/#primaryimage"},"image":{"@id":"https:\/\/www.nedbalka.sk\/en\/product\/juraj-rusnak-autobiografia\/#primaryimage"},"thumbnailUrl":"https:\/\/www.nedbalka.sk\/wp-content\/uploads\/Juraj-Rusn\u030ca\u0301k-\u2013-autobiografia.jpg","datePublished":"2014-07-14T18:12:43+00:00","dateModified":"2019-04-23T13:27:30+00:00","breadcrumb":{"@id":"https:\/\/www.nedbalka.sk\/en\/product\/juraj-rusnak-autobiografia\/#breadcrumb"},"inLanguage":"en-US","potentialAction":[{"@type":"ReadAction","target":["https:\/\/www.nedbalka.sk\/en\/product\/juraj-rusnak-autobiografia\/"]}]},{"@type":"ImageObject","inLanguage":"en-US","@id":"https:\/\/www.nedbalka.sk\/en\/product\/juraj-rusnak-autobiografia\/#primaryimage","url":"https:\/\/www.nedbalka.sk\/wp-content\/uploads\/Juraj-Rusn\u030ca\u0301k-\u2013-autobiografia.jpg","contentUrl":"https:\/\/www.nedbalka.sk\/wp-content\/uploads\/Juraj-Rusn\u030ca\u0301k-\u2013-autobiografia.jpg","width":865,"height":1156,"caption":"Juraj Rusn\u030ca\u0301k \u2013 autobiografia"},{"@type":"BreadcrumbList","@id":"https:\/\/www.nedbalka.sk\/en\/product\/juraj-rusnak-autobiografia\/#breadcrumb","itemListElement":[{"@type":"ListItem","position":1,"name":"Home","item":"https:\/\/www.nedbalka.sk\/en\/"},{"@type":"ListItem","position":2,"name":"E-shop","item":"https:\/\/www.nedbalka.sk\/e-shop\/"},{"@type":"ListItem","position":3,"name":"Juraj Rus\u0148\u00e1k \u2013 autobiografia"}]},{"@type":"WebSite","@id":"https:\/\/www.nedbalka.sk\/#website","url":"https:\/\/www.nedbalka.sk\/","name":"Nedbalka","description":"\u0164a\u017eisko zbierky Gal\u00e9rie Nedbalka spo\u010d\u00edva v slovenskej ma\u013ebe 20. storo\u010dia, ale s\u00fa v nej zast\u00fapen\u00e9 aj socha a grafika. Gal\u00e9ria diela prezentuje prostredn\u00edctvom st\u00e1lej expoz\u00edcie a kr\u00e1tkodob\u00fdch v\u00fdstav.","potentialAction":[{"@type":"SearchAction","target":{"@type":"EntryPoint","urlTemplate":"https:\/\/www.nedbalka.sk\/?s={search_term_string}"},"query-input":{"@type":"PropertyValueSpecification","valueRequired":true,"valueName":"search_term_string"}}],"inLanguage":"en-US"}]}},"_links":{"self":[{"href":"https:\/\/www.nedbalka.sk\/en\/wp-json\/wp\/v2\/product\/2291","targetHints":{"allow":["GET"]}}],"collection":[{"href":"https:\/\/www.nedbalka.sk\/en\/wp-json\/wp\/v2\/product"}],"about":[{"href":"https:\/\/www.nedbalka.sk\/en\/wp-json\/wp\/v2\/types\/product"}],"wp:featuredmedia":[{"embeddable":true,"href":"https:\/\/www.nedbalka.sk\/en\/wp-json\/wp\/v2\/media\/2299"}],"wp:attachment":[{"href":"https:\/\/www.nedbalka.sk\/en\/wp-json\/wp\/v2\/media?parent=2291"}],"curies":[{"name":"wp","href":"https:\/\/api.w.org\/{rel}","templated":true}]}}