{"id":2287,"date":"2014-08-21T18:59:11","date_gmt":"2014-08-21T17:59:11","guid":{"rendered":"http:\/\/www.nedbalka.sk\/?post_type=product&#038;p=2287"},"modified":"2019-04-23T14:27:20","modified_gmt":"2019-04-23T13:27:20","slug":"kniha-vincent-hloznik-posolstva-vizie","status":"publish","type":"product","link":"https:\/\/www.nedbalka.sk\/en\/product\/kniha-vincent-hloznik-posolstva-vizie\/","title":{"rendered":"Vincent Hlo\u017en\u00edk, Posolstv\u00e1 a v\u00edzie"},"content":{"rendered":"","protected":false},"excerpt":{"rendered":"<p>Rozsiahle dielo Vincenta Hlo\u017en\u00edka (1919 \u2014 1997) sa stalo z\u00e1kladom slovensk\u00e9ho modern\u00e9ho v\u00fdtvarn\u00e9ho prejavu. Maliar, grafik, ilustr\u00e1tor, vysoko\u0161kolsk\u00fd profesor, n\u00e1rodn\u00fd umelec Vincent Hlo\u017en\u00edk je jednou z najv\u00fdznamnej\u0161\u00edch osobnost\u00ed slovensk\u00e9ho v\u00fdtvarn\u00e9ho umenia 20. storo\u010dia. S\u00fa\u010das\u0165ou vrcholn\u00e9ho modern\u00e9ho umenia na Slovensku je najm\u00e4 fenom\u00e9n zn\u00e1my pod n\u00e1zvom Hlo\u017en\u00edkova grafick\u00e1 \u0161kola. Jeho nov\u00e9 smerovanie vo v\u00fdtvarnom umen\u00ed in\u0161pirat\u00edvne ovplyvnilo gener\u00e1ciu jeho s\u00fa\u010dasn\u00edkov i nasledovn\u00edkov a patr\u00ed k trval\u00fdm hodnot\u00e1m slovenskej v\u00fdtvarnej kult\u00fary.<\/p>\n<p><strong>Publik\u00e1cia: Vincent Hlo\u017en\u00edk \u2013 Posolstv\u00e1 a\u00a0v\u00edzie \/ Messages and Visions; <\/strong>autor textov:\u00a0\u013dudov\u00edt Petr\u00e1nsky; po\u010det str\u00e1n:\u00a0128; v\u00e4zba:\u00a0pevn\u00e1; jazyk:\u00a0slovensk\u00fd a\u00a0anglick\u00fd; rok vydania:\u00a02014.<\/p>\n","protected":false},"featured_media":2288,"template":"","meta":{"_acf_changed":false,"inline_featured_image":false},"class_list":{"0":"post-2287","1":"product","2":"type-product","3":"status-publish","4":"has-post-thumbnail","6":"product_cat-katalog","8":"first","9":"instock","10":"taxable","11":"shipping-taxable","12":"purchasable","13":"product-type-simple"},"acf":[],"yoast_head":"<!-- This site is optimized with the Yoast SEO plugin v27.4 - https:\/\/yoast.com\/product\/yoast-seo-wordpress\/ -->\n<title>Vincent Hlo\u017en\u00edk, Posolstv\u00e1 a v\u00edzie | Nedbalka<\/title>\n<meta name=\"robots\" content=\"index, follow, max-snippet:-1, max-image-preview:large, max-video-preview:-1\" \/>\n<link rel=\"canonical\" href=\"https:\/\/www.nedbalka.sk\/en\/product\/kniha-vincent-hloznik-posolstva-vizie\/\" \/>\n<meta property=\"og:locale\" content=\"en_US\" \/>\n<meta property=\"og:type\" content=\"article\" \/>\n<meta property=\"og:title\" content=\"Vincent Hlo\u017en\u00edk, Posolstv\u00e1 a v\u00edzie | Nedbalka\" \/>\n<meta property=\"og:description\" content=\"Rozsiahle dielo Vincenta Hlo\u017en\u00edka (1919 \u2014 1997) sa stalo z\u00e1kladom slovensk\u00e9ho modern\u00e9ho v\u00fdtvarn\u00e9ho prejavu. Maliar, grafik, ilustr\u00e1tor, vysoko\u0161kolsk\u00fd profesor, n\u00e1rodn\u00fd umelec Vincent Hlo\u017en\u00edk je jednou z najv\u00fdznamnej\u0161\u00edch osobnost\u00ed slovensk\u00e9ho v\u00fdtvarn\u00e9ho umenia 20. storo\u010dia. S\u00fa\u010das\u0165ou vrcholn\u00e9ho modern\u00e9ho umenia na Slovensku je najm\u00e4 fenom\u00e9n zn\u00e1my pod n\u00e1zvom Hlo\u017en\u00edkova grafick\u00e1 \u0161kola. Jeho nov\u00e9 smerovanie vo v\u00fdtvarnom umen\u00ed in\u0161pirat\u00edvne ovplyvnilo gener\u00e1ciu jeho s\u00fa\u010dasn\u00edkov i nasledovn\u00edkov a patr\u00ed k trval\u00fdm hodnot\u00e1m slovenskej v\u00fdtvarnej kult\u00fary.  Publik\u00e1cia: Vincent Hlo\u017en\u00edk \u2013 Posolstv\u00e1 a\u00a0v\u00edzie \/ Messages and Visions; autor textov:\u00a0\u013dudov\u00edt Petr\u00e1nsky; po\u010det str\u00e1n:\u00a0128; v\u00e4zba:\u00a0pevn\u00e1; jazyk:\u00a0slovensk\u00fd a\u00a0anglick\u00fd; rok vydania:\u00a02014.\" \/>\n<meta property=\"og:url\" content=\"https:\/\/www.nedbalka.sk\/en\/product\/kniha-vincent-hloznik-posolstva-vizie\/\" \/>\n<meta property=\"og:site_name\" content=\"Nedbalka\" \/>\n<meta property=\"article:modified_time\" content=\"2019-04-23T13:27:20+00:00\" \/>\n<meta property=\"og:image\" content=\"https:\/\/www.nedbalka.sk\/wp-content\/uploads\/Vincent-Hloz\u030cni\u0301k-Posolstva\u0301-a-vi\u0301zie.jpg\" \/>\n\t<meta property=\"og:image:width\" content=\"865\" \/>\n\t<meta property=\"og:image:height\" content=\"1156\" \/>\n\t<meta property=\"og:image:type\" content=\"image\/jpeg\" \/>\n<meta name=\"twitter:card\" content=\"summary_large_image\" \/>\n<script type=\"application\/ld+json\" class=\"yoast-schema-graph\">{\"@context\":\"https:\\\/\\\/schema.org\",\"@graph\":[{\"@type\":\"WebPage\",\"@id\":\"https:\\\/\\\/www.nedbalka.sk\\\/en\\\/product\\\/kniha-vincent-hloznik-posolstva-vizie\\\/\",\"url\":\"https:\\\/\\\/www.nedbalka.sk\\\/en\\\/product\\\/kniha-vincent-hloznik-posolstva-vizie\\\/\",\"name\":\"Vincent Hlo\u017en\u00edk, Posolstv\u00e1 a v\u00edzie | Nedbalka\",\"isPartOf\":{\"@id\":\"https:\\\/\\\/www.nedbalka.sk\\\/#website\"},\"primaryImageOfPage\":{\"@id\":\"https:\\\/\\\/www.nedbalka.sk\\\/en\\\/product\\\/kniha-vincent-hloznik-posolstva-vizie\\\/#primaryimage\"},\"image\":{\"@id\":\"https:\\\/\\\/www.nedbalka.sk\\\/en\\\/product\\\/kniha-vincent-hloznik-posolstva-vizie\\\/#primaryimage\"},\"thumbnailUrl\":\"https:\\\/\\\/www.nedbalka.sk\\\/wp-content\\\/uploads\\\/Vincent-Hloz\u030cni\u0301k-Posolstva\u0301-a-vi\u0301zie.jpg\",\"datePublished\":\"2014-08-21T17:59:11+00:00\",\"dateModified\":\"2019-04-23T13:27:20+00:00\",\"breadcrumb\":{\"@id\":\"https:\\\/\\\/www.nedbalka.sk\\\/en\\\/product\\\/kniha-vincent-hloznik-posolstva-vizie\\\/#breadcrumb\"},\"inLanguage\":\"en-US\",\"potentialAction\":[{\"@type\":\"ReadAction\",\"target\":[\"https:\\\/\\\/www.nedbalka.sk\\\/en\\\/product\\\/kniha-vincent-hloznik-posolstva-vizie\\\/\"]}]},{\"@type\":\"ImageObject\",\"inLanguage\":\"en-US\",\"@id\":\"https:\\\/\\\/www.nedbalka.sk\\\/en\\\/product\\\/kniha-vincent-hloznik-posolstva-vizie\\\/#primaryimage\",\"url\":\"https:\\\/\\\/www.nedbalka.sk\\\/wp-content\\\/uploads\\\/Vincent-Hloz\u030cni\u0301k-Posolstva\u0301-a-vi\u0301zie.jpg\",\"contentUrl\":\"https:\\\/\\\/www.nedbalka.sk\\\/wp-content\\\/uploads\\\/Vincent-Hloz\u030cni\u0301k-Posolstva\u0301-a-vi\u0301zie.jpg\",\"width\":865,\"height\":1156,\"caption\":\"Vincent Hloz\u030cni\u0301k - Posolstva\u0301 a vi\u0301zie\"},{\"@type\":\"BreadcrumbList\",\"@id\":\"https:\\\/\\\/www.nedbalka.sk\\\/en\\\/product\\\/kniha-vincent-hloznik-posolstva-vizie\\\/#breadcrumb\",\"itemListElement\":[{\"@type\":\"ListItem\",\"position\":1,\"name\":\"Home\",\"item\":\"https:\\\/\\\/www.nedbalka.sk\\\/en\\\/\"},{\"@type\":\"ListItem\",\"position\":2,\"name\":\"E-shop\",\"item\":\"https:\\\/\\\/www.nedbalka.sk\\\/e-shop\\\/\"},{\"@type\":\"ListItem\",\"position\":3,\"name\":\"Vincent Hlo\u017en\u00edk, Posolstv\u00e1 a v\u00edzie\"}]},{\"@type\":\"WebSite\",\"@id\":\"https:\\\/\\\/www.nedbalka.sk\\\/#website\",\"url\":\"https:\\\/\\\/www.nedbalka.sk\\\/\",\"name\":\"Nedbalka\",\"description\":\"\u0164a\u017eisko zbierky Gal\u00e9rie Nedbalka spo\u010d\u00edva v slovenskej ma\u013ebe 20. storo\u010dia, ale s\u00fa v nej zast\u00fapen\u00e9 aj socha a grafika. Gal\u00e9ria diela prezentuje prostredn\u00edctvom st\u00e1lej expoz\u00edcie a kr\u00e1tkodob\u00fdch v\u00fdstav.\",\"potentialAction\":[{\"@type\":\"SearchAction\",\"target\":{\"@type\":\"EntryPoint\",\"urlTemplate\":\"https:\\\/\\\/www.nedbalka.sk\\\/?s={search_term_string}\"},\"query-input\":{\"@type\":\"PropertyValueSpecification\",\"valueRequired\":true,\"valueName\":\"search_term_string\"}}],\"inLanguage\":\"en-US\"}]}<\/script>\n<!-- \/ Yoast SEO plugin. -->","yoast_head_json":{"title":"Vincent Hlo\u017en\u00edk, Posolstv\u00e1 a v\u00edzie | Nedbalka","robots":{"index":"index","follow":"follow","max-snippet":"max-snippet:-1","max-image-preview":"max-image-preview:large","max-video-preview":"max-video-preview:-1"},"canonical":"https:\/\/www.nedbalka.sk\/en\/product\/kniha-vincent-hloznik-posolstva-vizie\/","og_locale":"en_US","og_type":"article","og_title":"Vincent Hlo\u017en\u00edk, Posolstv\u00e1 a v\u00edzie | Nedbalka","og_description":"Rozsiahle dielo Vincenta Hlo\u017en\u00edka (1919 \u2014 1997) sa stalo z\u00e1kladom slovensk\u00e9ho modern\u00e9ho v\u00fdtvarn\u00e9ho prejavu. Maliar, grafik, ilustr\u00e1tor, vysoko\u0161kolsk\u00fd profesor, n\u00e1rodn\u00fd umelec Vincent Hlo\u017en\u00edk je jednou z najv\u00fdznamnej\u0161\u00edch osobnost\u00ed slovensk\u00e9ho v\u00fdtvarn\u00e9ho umenia 20. storo\u010dia. S\u00fa\u010das\u0165ou vrcholn\u00e9ho modern\u00e9ho umenia na Slovensku je najm\u00e4 fenom\u00e9n zn\u00e1my pod n\u00e1zvom Hlo\u017en\u00edkova grafick\u00e1 \u0161kola. Jeho nov\u00e9 smerovanie vo v\u00fdtvarnom umen\u00ed in\u0161pirat\u00edvne ovplyvnilo gener\u00e1ciu jeho s\u00fa\u010dasn\u00edkov i nasledovn\u00edkov a patr\u00ed k trval\u00fdm hodnot\u00e1m slovenskej v\u00fdtvarnej kult\u00fary.  Publik\u00e1cia: Vincent Hlo\u017en\u00edk \u2013 Posolstv\u00e1 a\u00a0v\u00edzie \/ Messages and Visions; autor textov:\u00a0\u013dudov\u00edt Petr\u00e1nsky; po\u010det str\u00e1n:\u00a0128; v\u00e4zba:\u00a0pevn\u00e1; jazyk:\u00a0slovensk\u00fd a\u00a0anglick\u00fd; rok vydania:\u00a02014.","og_url":"https:\/\/www.nedbalka.sk\/en\/product\/kniha-vincent-hloznik-posolstva-vizie\/","og_site_name":"Nedbalka","article_modified_time":"2019-04-23T13:27:20+00:00","og_image":[{"width":865,"height":1156,"url":"https:\/\/www.nedbalka.sk\/wp-content\/uploads\/Vincent-Hloz\u030cni\u0301k-Posolstva\u0301-a-vi\u0301zie.jpg","type":"image\/jpeg"}],"twitter_card":"summary_large_image","schema":{"@context":"https:\/\/schema.org","@graph":[{"@type":"WebPage","@id":"https:\/\/www.nedbalka.sk\/en\/product\/kniha-vincent-hloznik-posolstva-vizie\/","url":"https:\/\/www.nedbalka.sk\/en\/product\/kniha-vincent-hloznik-posolstva-vizie\/","name":"Vincent Hlo\u017en\u00edk, Posolstv\u00e1 a v\u00edzie | Nedbalka","isPartOf":{"@id":"https:\/\/www.nedbalka.sk\/#website"},"primaryImageOfPage":{"@id":"https:\/\/www.nedbalka.sk\/en\/product\/kniha-vincent-hloznik-posolstva-vizie\/#primaryimage"},"image":{"@id":"https:\/\/www.nedbalka.sk\/en\/product\/kniha-vincent-hloznik-posolstva-vizie\/#primaryimage"},"thumbnailUrl":"https:\/\/www.nedbalka.sk\/wp-content\/uploads\/Vincent-Hloz\u030cni\u0301k-Posolstva\u0301-a-vi\u0301zie.jpg","datePublished":"2014-08-21T17:59:11+00:00","dateModified":"2019-04-23T13:27:20+00:00","breadcrumb":{"@id":"https:\/\/www.nedbalka.sk\/en\/product\/kniha-vincent-hloznik-posolstva-vizie\/#breadcrumb"},"inLanguage":"en-US","potentialAction":[{"@type":"ReadAction","target":["https:\/\/www.nedbalka.sk\/en\/product\/kniha-vincent-hloznik-posolstva-vizie\/"]}]},{"@type":"ImageObject","inLanguage":"en-US","@id":"https:\/\/www.nedbalka.sk\/en\/product\/kniha-vincent-hloznik-posolstva-vizie\/#primaryimage","url":"https:\/\/www.nedbalka.sk\/wp-content\/uploads\/Vincent-Hloz\u030cni\u0301k-Posolstva\u0301-a-vi\u0301zie.jpg","contentUrl":"https:\/\/www.nedbalka.sk\/wp-content\/uploads\/Vincent-Hloz\u030cni\u0301k-Posolstva\u0301-a-vi\u0301zie.jpg","width":865,"height":1156,"caption":"Vincent Hloz\u030cni\u0301k - Posolstva\u0301 a vi\u0301zie"},{"@type":"BreadcrumbList","@id":"https:\/\/www.nedbalka.sk\/en\/product\/kniha-vincent-hloznik-posolstva-vizie\/#breadcrumb","itemListElement":[{"@type":"ListItem","position":1,"name":"Home","item":"https:\/\/www.nedbalka.sk\/en\/"},{"@type":"ListItem","position":2,"name":"E-shop","item":"https:\/\/www.nedbalka.sk\/e-shop\/"},{"@type":"ListItem","position":3,"name":"Vincent Hlo\u017en\u00edk, Posolstv\u00e1 a v\u00edzie"}]},{"@type":"WebSite","@id":"https:\/\/www.nedbalka.sk\/#website","url":"https:\/\/www.nedbalka.sk\/","name":"Nedbalka","description":"\u0164a\u017eisko zbierky Gal\u00e9rie Nedbalka spo\u010d\u00edva v slovenskej ma\u013ebe 20. storo\u010dia, ale s\u00fa v nej zast\u00fapen\u00e9 aj socha a grafika. Gal\u00e9ria diela prezentuje prostredn\u00edctvom st\u00e1lej expoz\u00edcie a kr\u00e1tkodob\u00fdch v\u00fdstav.","potentialAction":[{"@type":"SearchAction","target":{"@type":"EntryPoint","urlTemplate":"https:\/\/www.nedbalka.sk\/?s={search_term_string}"},"query-input":{"@type":"PropertyValueSpecification","valueRequired":true,"valueName":"search_term_string"}}],"inLanguage":"en-US"}]}},"_links":{"self":[{"href":"https:\/\/www.nedbalka.sk\/en\/wp-json\/wp\/v2\/product\/2287","targetHints":{"allow":["GET"]}}],"collection":[{"href":"https:\/\/www.nedbalka.sk\/en\/wp-json\/wp\/v2\/product"}],"about":[{"href":"https:\/\/www.nedbalka.sk\/en\/wp-json\/wp\/v2\/types\/product"}],"wp:featuredmedia":[{"embeddable":true,"href":"https:\/\/www.nedbalka.sk\/en\/wp-json\/wp\/v2\/media\/2288"}],"wp:attachment":[{"href":"https:\/\/www.nedbalka.sk\/en\/wp-json\/wp\/v2\/media?parent=2287"}],"curies":[{"name":"wp","href":"https:\/\/api.w.org\/{rel}","templated":true}]}}