{"id":2255,"date":"2018-03-13T06:00:24","date_gmt":"2018-03-13T06:00:24","guid":{"rendered":"http:\/\/www.nedbalka.sk\/?post_type=product&#038;p=2255"},"modified":"2019-02-23T17:00:55","modified_gmt":"2019-02-23T16:00:55","slug":"albin-brunovsky-zahrada-snov","status":"publish","type":"product","link":"https:\/\/www.nedbalka.sk\/en\/product\/albin-brunovsky-zahrada-snov\/","title":{"rendered":"Alb\u00edn Brunovsk\u00fd &#8211; Z\u00e1hrada snov"},"content":{"rendered":"","protected":false},"excerpt":{"rendered":"<p>V\u00fdstava predstavila kolekciu umelcov\u00fdch graf\u00edk a obrazov (vy\u0161e 65 diel) z r\u00f4znych obdob\u00ed jeho tvorby. Nem\u00e1 amb\u00edciu by\u0165 retrospekt\u00edvou, rekapitul\u00e1ciou umelcovej celo\u017eivotnej tvorby. Vzh\u013eadom na jej osobitos\u0165, rozsah, zau\u017e\u00edvan\u00e9 sp\u00f4soby umelecko-historickej interpret\u00e1cie a prozaick\u00fd d\u00f4vod, ak\u00fdm je mapovanie umelcovho diela, by to ani nebolo mo\u017en\u00e9 (ako v\u017edy v takomto pr\u00edpade). Kompletn\u00e9 spracovanie Brunovsk\u00e9ho tvorby na p\u00f4de v\u00fdstavn\u00e9ho projektu, t. j. zosumarizovanie a pribl\u00ed\u017eenie umelcovho celo\u017eivotn\u00e9ho v\u00fdtvarn\u00e9ho odkazu, n\u00e1s e\u0161te len \u010dak\u00e1. Napriek tomu, alebo pr\u00e1ve preto, je ak\u00fdko\u013evek relevantn\u00fd umelecko-historick\u00fd pokus o jeho postihnutie v\u00edtan\u00fd. Treba ho pova\u017eova\u0165 za potrebn\u00fd krok pri objas\u0148ovan\u00ed meandrov, z\u00e1kut\u00ed, osobitosti a rozsahu umelcovej tvorby (svoju \u00falohu v tejto s\u00favislosti zohrala Brunovsk\u00e9ho monografick\u00e1 v\u00fdstava Theatrum Mundi v Slovenskej n\u00e1rodnej gal\u00e9rii v Bratislave roku 1996), inak povedan\u00e9 za krok vpred pri roz\u0161irovan\u00ed poznania o v\u0161etkom, \u010do s danou tvorbou s\u00favis\u00ed. Len na z\u00e1klade dosiahnut\u00e9ho stavu poznania mo\u017eno toti\u017e formulova\u0165 v\u00fdchodisk\u00e1 a sp\u00f4soby, ako ho \u010falej prehlbova\u0165.<\/p>\n<p><strong>Publik\u00e1cia:\u00a0Alb\u00edn Brunovsk\u00fd \u2013 Z\u00e1hrada snov \/ The Garden of Dreams; <\/strong>autor textov:\u00a0\u013dubom\u00edr Podu\u0161el; po\u010det str\u00e1n: 160; v\u00e4zba:\u00a0pevn\u00e1; rok vydania: 2017.<\/p>\n","protected":false},"featured_media":2256,"template":"","meta":{"_acf_changed":false,"inline_featured_image":false},"class_list":{"0":"post-2255","1":"product","2":"type-product","3":"status-publish","4":"has-post-thumbnail","6":"product_cat-katalog","8":"first","9":"instock","10":"taxable","11":"shipping-taxable","12":"purchasable","13":"product-type-simple"},"acf":[],"yoast_head":"<!-- This site is optimized with the Yoast SEO plugin v27.4 - https:\/\/yoast.com\/product\/yoast-seo-wordpress\/ -->\n<title>Alb\u00edn Brunovsk\u00fd - Z\u00e1hrada snov | Nedbalka<\/title>\n<meta name=\"robots\" content=\"index, follow, max-snippet:-1, max-image-preview:large, max-video-preview:-1\" \/>\n<link rel=\"canonical\" href=\"https:\/\/www.nedbalka.sk\/en\/product\/albin-brunovsky-zahrada-snov\/\" \/>\n<meta property=\"og:locale\" content=\"en_US\" \/>\n<meta property=\"og:type\" content=\"article\" \/>\n<meta property=\"og:title\" content=\"Alb\u00edn Brunovsk\u00fd - Z\u00e1hrada snov | Nedbalka\" \/>\n<meta property=\"og:description\" content=\"V\u00fdstava predstavila kolekciu umelcov\u00fdch graf\u00edk a obrazov (vy\u0161e 65 diel) z r\u00f4znych obdob\u00ed jeho tvorby. Nem\u00e1 amb\u00edciu by\u0165 retrospekt\u00edvou, rekapitul\u00e1ciou umelcovej celo\u017eivotnej tvorby. Vzh\u013eadom na jej osobitos\u0165, rozsah, zau\u017e\u00edvan\u00e9 sp\u00f4soby umelecko-historickej interpret\u00e1cie a prozaick\u00fd d\u00f4vod, ak\u00fdm je mapovanie umelcovho diela, by to ani nebolo mo\u017en\u00e9 (ako v\u017edy v takomto pr\u00edpade). Kompletn\u00e9 spracovanie Brunovsk\u00e9ho tvorby na p\u00f4de v\u00fdstavn\u00e9ho projektu, t. j. zosumarizovanie a pribl\u00ed\u017eenie umelcovho celo\u017eivotn\u00e9ho v\u00fdtvarn\u00e9ho odkazu, n\u00e1s e\u0161te len \u010dak\u00e1. Napriek tomu, alebo pr\u00e1ve preto, je ak\u00fdko\u013evek relevantn\u00fd umelecko-historick\u00fd pokus o jeho postihnutie v\u00edtan\u00fd. Treba ho pova\u017eova\u0165 za potrebn\u00fd krok pri objas\u0148ovan\u00ed meandrov, z\u00e1kut\u00ed, osobitosti a rozsahu umelcovej tvorby (svoju \u00falohu v tejto s\u00favislosti zohrala Brunovsk\u00e9ho monografick\u00e1 v\u00fdstava Theatrum Mundi v Slovenskej n\u00e1rodnej gal\u00e9rii v Bratislave roku 1996), inak povedan\u00e9 za krok vpred pri roz\u0161irovan\u00ed poznania o v\u0161etkom, \u010do s danou tvorbou s\u00favis\u00ed. Len na z\u00e1klade dosiahnut\u00e9ho stavu poznania mo\u017eno toti\u017e formulova\u0165 v\u00fdchodisk\u00e1 a sp\u00f4soby, ako ho \u010falej prehlbova\u0165.  Publik\u00e1cia:\u00a0Alb\u00edn Brunovsk\u00fd \u2013 Z\u00e1hrada snov \/ The Garden of Dreams; autor textov:\u00a0\u013dubom\u00edr Podu\u0161el; po\u010det str\u00e1n: 160; v\u00e4zba:\u00a0pevn\u00e1; rok vydania: 2017.\" \/>\n<meta property=\"og:url\" content=\"https:\/\/www.nedbalka.sk\/en\/product\/albin-brunovsky-zahrada-snov\/\" \/>\n<meta property=\"og:site_name\" content=\"Nedbalka\" \/>\n<meta property=\"article:modified_time\" content=\"2019-02-23T16:00:55+00:00\" \/>\n<meta property=\"og:image\" content=\"https:\/\/www.nedbalka.sk\/wp-content\/uploads\/Albi\u0301n-Brunovsky\u0301-Za\u0301hrada-snov.jpg\" \/>\n\t<meta property=\"og:image:width\" content=\"865\" \/>\n\t<meta property=\"og:image:height\" content=\"1156\" \/>\n\t<meta property=\"og:image:type\" content=\"image\/jpeg\" \/>\n<meta name=\"twitter:card\" content=\"summary_large_image\" \/>\n<script type=\"application\/ld+json\" class=\"yoast-schema-graph\">{\"@context\":\"https:\\\/\\\/schema.org\",\"@graph\":[{\"@type\":\"WebPage\",\"@id\":\"https:\\\/\\\/www.nedbalka.sk\\\/en\\\/product\\\/albin-brunovsky-zahrada-snov\\\/\",\"url\":\"https:\\\/\\\/www.nedbalka.sk\\\/en\\\/product\\\/albin-brunovsky-zahrada-snov\\\/\",\"name\":\"Alb\u00edn Brunovsk\u00fd - Z\u00e1hrada snov | Nedbalka\",\"isPartOf\":{\"@id\":\"https:\\\/\\\/www.nedbalka.sk\\\/#website\"},\"primaryImageOfPage\":{\"@id\":\"https:\\\/\\\/www.nedbalka.sk\\\/en\\\/product\\\/albin-brunovsky-zahrada-snov\\\/#primaryimage\"},\"image\":{\"@id\":\"https:\\\/\\\/www.nedbalka.sk\\\/en\\\/product\\\/albin-brunovsky-zahrada-snov\\\/#primaryimage\"},\"thumbnailUrl\":\"https:\\\/\\\/www.nedbalka.sk\\\/wp-content\\\/uploads\\\/Albi\u0301n-Brunovsky\u0301-Za\u0301hrada-snov.jpg\",\"datePublished\":\"2018-03-13T06:00:24+00:00\",\"dateModified\":\"2019-02-23T16:00:55+00:00\",\"breadcrumb\":{\"@id\":\"https:\\\/\\\/www.nedbalka.sk\\\/en\\\/product\\\/albin-brunovsky-zahrada-snov\\\/#breadcrumb\"},\"inLanguage\":\"en-US\",\"potentialAction\":[{\"@type\":\"ReadAction\",\"target\":[\"https:\\\/\\\/www.nedbalka.sk\\\/en\\\/product\\\/albin-brunovsky-zahrada-snov\\\/\"]}]},{\"@type\":\"ImageObject\",\"inLanguage\":\"en-US\",\"@id\":\"https:\\\/\\\/www.nedbalka.sk\\\/en\\\/product\\\/albin-brunovsky-zahrada-snov\\\/#primaryimage\",\"url\":\"https:\\\/\\\/www.nedbalka.sk\\\/wp-content\\\/uploads\\\/Albi\u0301n-Brunovsky\u0301-Za\u0301hrada-snov.jpg\",\"contentUrl\":\"https:\\\/\\\/www.nedbalka.sk\\\/wp-content\\\/uploads\\\/Albi\u0301n-Brunovsky\u0301-Za\u0301hrada-snov.jpg\",\"width\":865,\"height\":1156,\"caption\":\"Albi\u0301n Brunovsky\u0301, Za\u0301hrada snov\"},{\"@type\":\"BreadcrumbList\",\"@id\":\"https:\\\/\\\/www.nedbalka.sk\\\/en\\\/product\\\/albin-brunovsky-zahrada-snov\\\/#breadcrumb\",\"itemListElement\":[{\"@type\":\"ListItem\",\"position\":1,\"name\":\"Home\",\"item\":\"https:\\\/\\\/www.nedbalka.sk\\\/en\\\/\"},{\"@type\":\"ListItem\",\"position\":2,\"name\":\"E-shop\",\"item\":\"https:\\\/\\\/www.nedbalka.sk\\\/e-shop\\\/\"},{\"@type\":\"ListItem\",\"position\":3,\"name\":\"Alb\u00edn Brunovsk\u00fd &#8211; Z\u00e1hrada snov\"}]},{\"@type\":\"WebSite\",\"@id\":\"https:\\\/\\\/www.nedbalka.sk\\\/#website\",\"url\":\"https:\\\/\\\/www.nedbalka.sk\\\/\",\"name\":\"Nedbalka\",\"description\":\"\u0164a\u017eisko zbierky Gal\u00e9rie Nedbalka spo\u010d\u00edva v slovenskej ma\u013ebe 20. storo\u010dia, ale s\u00fa v nej zast\u00fapen\u00e9 aj socha a grafika. Gal\u00e9ria diela prezentuje prostredn\u00edctvom st\u00e1lej expoz\u00edcie a kr\u00e1tkodob\u00fdch v\u00fdstav.\",\"potentialAction\":[{\"@type\":\"SearchAction\",\"target\":{\"@type\":\"EntryPoint\",\"urlTemplate\":\"https:\\\/\\\/www.nedbalka.sk\\\/?s={search_term_string}\"},\"query-input\":{\"@type\":\"PropertyValueSpecification\",\"valueRequired\":true,\"valueName\":\"search_term_string\"}}],\"inLanguage\":\"en-US\"}]}<\/script>\n<!-- \/ Yoast SEO plugin. -->","yoast_head_json":{"title":"Alb\u00edn Brunovsk\u00fd - Z\u00e1hrada snov | Nedbalka","robots":{"index":"index","follow":"follow","max-snippet":"max-snippet:-1","max-image-preview":"max-image-preview:large","max-video-preview":"max-video-preview:-1"},"canonical":"https:\/\/www.nedbalka.sk\/en\/product\/albin-brunovsky-zahrada-snov\/","og_locale":"en_US","og_type":"article","og_title":"Alb\u00edn Brunovsk\u00fd - Z\u00e1hrada snov | Nedbalka","og_description":"V\u00fdstava predstavila kolekciu umelcov\u00fdch graf\u00edk a obrazov (vy\u0161e 65 diel) z r\u00f4znych obdob\u00ed jeho tvorby. Nem\u00e1 amb\u00edciu by\u0165 retrospekt\u00edvou, rekapitul\u00e1ciou umelcovej celo\u017eivotnej tvorby. Vzh\u013eadom na jej osobitos\u0165, rozsah, zau\u017e\u00edvan\u00e9 sp\u00f4soby umelecko-historickej interpret\u00e1cie a prozaick\u00fd d\u00f4vod, ak\u00fdm je mapovanie umelcovho diela, by to ani nebolo mo\u017en\u00e9 (ako v\u017edy v takomto pr\u00edpade). Kompletn\u00e9 spracovanie Brunovsk\u00e9ho tvorby na p\u00f4de v\u00fdstavn\u00e9ho projektu, t. j. zosumarizovanie a pribl\u00ed\u017eenie umelcovho celo\u017eivotn\u00e9ho v\u00fdtvarn\u00e9ho odkazu, n\u00e1s e\u0161te len \u010dak\u00e1. Napriek tomu, alebo pr\u00e1ve preto, je ak\u00fdko\u013evek relevantn\u00fd umelecko-historick\u00fd pokus o jeho postihnutie v\u00edtan\u00fd. Treba ho pova\u017eova\u0165 za potrebn\u00fd krok pri objas\u0148ovan\u00ed meandrov, z\u00e1kut\u00ed, osobitosti a rozsahu umelcovej tvorby (svoju \u00falohu v tejto s\u00favislosti zohrala Brunovsk\u00e9ho monografick\u00e1 v\u00fdstava Theatrum Mundi v Slovenskej n\u00e1rodnej gal\u00e9rii v Bratislave roku 1996), inak povedan\u00e9 za krok vpred pri roz\u0161irovan\u00ed poznania o v\u0161etkom, \u010do s danou tvorbou s\u00favis\u00ed. Len na z\u00e1klade dosiahnut\u00e9ho stavu poznania mo\u017eno toti\u017e formulova\u0165 v\u00fdchodisk\u00e1 a sp\u00f4soby, ako ho \u010falej prehlbova\u0165.  Publik\u00e1cia:\u00a0Alb\u00edn Brunovsk\u00fd \u2013 Z\u00e1hrada snov \/ The Garden of Dreams; autor textov:\u00a0\u013dubom\u00edr Podu\u0161el; po\u010det str\u00e1n: 160; v\u00e4zba:\u00a0pevn\u00e1; rok vydania: 2017.","og_url":"https:\/\/www.nedbalka.sk\/en\/product\/albin-brunovsky-zahrada-snov\/","og_site_name":"Nedbalka","article_modified_time":"2019-02-23T16:00:55+00:00","og_image":[{"width":865,"height":1156,"url":"https:\/\/www.nedbalka.sk\/wp-content\/uploads\/Albi\u0301n-Brunovsky\u0301-Za\u0301hrada-snov.jpg","type":"image\/jpeg"}],"twitter_card":"summary_large_image","schema":{"@context":"https:\/\/schema.org","@graph":[{"@type":"WebPage","@id":"https:\/\/www.nedbalka.sk\/en\/product\/albin-brunovsky-zahrada-snov\/","url":"https:\/\/www.nedbalka.sk\/en\/product\/albin-brunovsky-zahrada-snov\/","name":"Alb\u00edn Brunovsk\u00fd - Z\u00e1hrada snov | Nedbalka","isPartOf":{"@id":"https:\/\/www.nedbalka.sk\/#website"},"primaryImageOfPage":{"@id":"https:\/\/www.nedbalka.sk\/en\/product\/albin-brunovsky-zahrada-snov\/#primaryimage"},"image":{"@id":"https:\/\/www.nedbalka.sk\/en\/product\/albin-brunovsky-zahrada-snov\/#primaryimage"},"thumbnailUrl":"https:\/\/www.nedbalka.sk\/wp-content\/uploads\/Albi\u0301n-Brunovsky\u0301-Za\u0301hrada-snov.jpg","datePublished":"2018-03-13T06:00:24+00:00","dateModified":"2019-02-23T16:00:55+00:00","breadcrumb":{"@id":"https:\/\/www.nedbalka.sk\/en\/product\/albin-brunovsky-zahrada-snov\/#breadcrumb"},"inLanguage":"en-US","potentialAction":[{"@type":"ReadAction","target":["https:\/\/www.nedbalka.sk\/en\/product\/albin-brunovsky-zahrada-snov\/"]}]},{"@type":"ImageObject","inLanguage":"en-US","@id":"https:\/\/www.nedbalka.sk\/en\/product\/albin-brunovsky-zahrada-snov\/#primaryimage","url":"https:\/\/www.nedbalka.sk\/wp-content\/uploads\/Albi\u0301n-Brunovsky\u0301-Za\u0301hrada-snov.jpg","contentUrl":"https:\/\/www.nedbalka.sk\/wp-content\/uploads\/Albi\u0301n-Brunovsky\u0301-Za\u0301hrada-snov.jpg","width":865,"height":1156,"caption":"Albi\u0301n Brunovsky\u0301, Za\u0301hrada snov"},{"@type":"BreadcrumbList","@id":"https:\/\/www.nedbalka.sk\/en\/product\/albin-brunovsky-zahrada-snov\/#breadcrumb","itemListElement":[{"@type":"ListItem","position":1,"name":"Home","item":"https:\/\/www.nedbalka.sk\/en\/"},{"@type":"ListItem","position":2,"name":"E-shop","item":"https:\/\/www.nedbalka.sk\/e-shop\/"},{"@type":"ListItem","position":3,"name":"Alb\u00edn Brunovsk\u00fd &#8211; Z\u00e1hrada snov"}]},{"@type":"WebSite","@id":"https:\/\/www.nedbalka.sk\/#website","url":"https:\/\/www.nedbalka.sk\/","name":"Nedbalka","description":"\u0164a\u017eisko zbierky Gal\u00e9rie Nedbalka spo\u010d\u00edva v slovenskej ma\u013ebe 20. storo\u010dia, ale s\u00fa v nej zast\u00fapen\u00e9 aj socha a grafika. Gal\u00e9ria diela prezentuje prostredn\u00edctvom st\u00e1lej expoz\u00edcie a kr\u00e1tkodob\u00fdch v\u00fdstav.","potentialAction":[{"@type":"SearchAction","target":{"@type":"EntryPoint","urlTemplate":"https:\/\/www.nedbalka.sk\/?s={search_term_string}"},"query-input":{"@type":"PropertyValueSpecification","valueRequired":true,"valueName":"search_term_string"}}],"inLanguage":"en-US"}]}},"_links":{"self":[{"href":"https:\/\/www.nedbalka.sk\/en\/wp-json\/wp\/v2\/product\/2255","targetHints":{"allow":["GET"]}}],"collection":[{"href":"https:\/\/www.nedbalka.sk\/en\/wp-json\/wp\/v2\/product"}],"about":[{"href":"https:\/\/www.nedbalka.sk\/en\/wp-json\/wp\/v2\/types\/product"}],"wp:featuredmedia":[{"embeddable":true,"href":"https:\/\/www.nedbalka.sk\/en\/wp-json\/wp\/v2\/media\/2256"}],"wp:attachment":[{"href":"https:\/\/www.nedbalka.sk\/en\/wp-json\/wp\/v2\/media?parent=2255"}],"curies":[{"name":"wp","href":"https:\/\/api.w.org\/{rel}","templated":true}]}}