{"id":2230,"date":"2018-12-06T06:00:59","date_gmt":"2018-12-06T05:00:59","guid":{"rendered":"http:\/\/www.nedbalka.sk\/?post_type=product&#038;p=2230"},"modified":"2019-04-23T14:25:11","modified_gmt":"2019-04-23T13:25:11","slug":"zora-palova-zorenie","status":"publish","type":"product","link":"https:\/\/www.nedbalka.sk\/en\/product\/zora-palova-zorenie\/","title":{"rendered":"Zora Palov\u00e1 \u2013 Zorenie"},"content":{"rendered":"","protected":false},"excerpt":{"rendered":"<p>Publik\u00e1cia \u201eZORENIE\u201c je venovan\u00e1 v\u00fdznamnej predstavite\u013eke slovensk\u00e9ho skl\u00e1rskeho a soch\u00e1rskeho umenia Zore Palovej. Knihu spolu s usporiadan\u00edm soch\u00e1rkinej autorskej v\u00fdstavy s podporou FPU pripravila Gal\u00e9ria Nedbalka. \u00a0Textov\u00e1 \u010das\u0165 v slovensko \u2013 anglickej verzii pribli\u017euje v\u00fdznam, \u0161pecifik\u00e1 a \u017eivotn\u00e9 okolnosti v\u00fdvoja tvorby Zory Palovej v podan\u00ed kur\u00e1torky v\u00fdstavy X\u00e9nie Lettrichovej i z poh\u013eadu kult\u00farnej publicistky Pavly Rossini. V z\u00e1vere publik\u00e1cie je preh\u013ead \u017eivotopisn\u00fdch d\u00e1t, autorsk\u00fdch a kolekt\u00edvnych v\u00fdstav, cien za tvorbu, \u00fa\u010das\u0165 na symp\u00f3zi\u00e1ch a zast\u00fapenie v zbierkach.Obrazov\u00e1 \u010das\u0165 zah\u0155\u0148a mozaiku 55 fotografi\u00ed diel predch\u00e1dzaj\u00facich obdob\u00ed, dvoch ve\u013ekorozmern\u00fdch fotografi\u00ed a 22 fotografi\u00ed v detaile i celku sklenen\u00fdch plast\u00edk vystaven\u00fdch na v\u00fdstave \u201eZorenie\u201c<\/p>\n<p>Vydanie publik\u00e1cie podpril Fond na podporu umenia<a title=\"\" href=\"http:\/\/www.nedbalka.sk\/wp-content\/uploads\/FPU_logo-1.png\" data-fancybox=\"article-gallery\">\u00a0 \u00a0\u00a0<img decoding=\"async\" class=\"\" src=\"http:\/\/www.nedbalka.sk\/wp-content\/uploads\/FPU_logo-1.png\" alt=\"\" width=\"108\" height=\"32\" \/><\/a><\/p>\n<p>Publik\u00e1cia: Zora Palov\u00e1 &#8211; Zorenie, autor textov: X\u00e9nia Lettrichov\u00e1; po\u010det str\u00e1n: 64; v\u00e4zba: m\u00e4kk\u00e1; rok vydania 2018.<\/p>\n","protected":false},"featured_media":3752,"template":"","meta":{"_acf_changed":false,"inline_featured_image":false},"class_list":{"0":"post-2230","1":"product","2":"type-product","3":"status-publish","4":"has-post-thumbnail","6":"product_cat-katalog","8":"first","9":"instock","10":"taxable","11":"shipping-taxable","12":"purchasable","13":"product-type-simple"},"acf":[],"yoast_head":"<!-- This site is optimized with the Yoast SEO plugin v27.4 - https:\/\/yoast.com\/product\/yoast-seo-wordpress\/ -->\n<title>Zora Palov\u00e1 \u2013 Zorenie | Nedbalka<\/title>\n<meta name=\"robots\" content=\"index, follow, max-snippet:-1, max-image-preview:large, max-video-preview:-1\" \/>\n<link rel=\"canonical\" href=\"https:\/\/www.nedbalka.sk\/en\/product\/zora-palova-zorenie\/\" \/>\n<meta property=\"og:locale\" content=\"en_US\" \/>\n<meta property=\"og:type\" content=\"article\" \/>\n<meta property=\"og:title\" content=\"Zora Palov\u00e1 \u2013 Zorenie | Nedbalka\" \/>\n<meta property=\"og:description\" content=\"Publik\u00e1cia \u201eZORENIE\u201c je venovan\u00e1 v\u00fdznamnej predstavite\u013eke slovensk\u00e9ho skl\u00e1rskeho a soch\u00e1rskeho umenia Zore Palovej. Knihu spolu s usporiadan\u00edm soch\u00e1rkinej autorskej v\u00fdstavy s podporou FPU pripravila Gal\u00e9ria Nedbalka. \u00a0Textov\u00e1 \u010das\u0165 v slovensko \u2013 anglickej verzii pribli\u017euje v\u00fdznam, \u0161pecifik\u00e1 a \u017eivotn\u00e9 okolnosti v\u00fdvoja tvorby Zory Palovej v podan\u00ed kur\u00e1torky v\u00fdstavy X\u00e9nie Lettrichovej i z poh\u013eadu kult\u00farnej publicistky Pavly Rossini. V z\u00e1vere publik\u00e1cie je preh\u013ead \u017eivotopisn\u00fdch d\u00e1t, autorsk\u00fdch a kolekt\u00edvnych v\u00fdstav, cien za tvorbu, \u00fa\u010das\u0165 na symp\u00f3zi\u00e1ch a zast\u00fapenie v zbierkach.Obrazov\u00e1 \u010das\u0165 zah\u0155\u0148a mozaiku 55 fotografi\u00ed diel predch\u00e1dzaj\u00facich obdob\u00ed, dvoch ve\u013ekorozmern\u00fdch fotografi\u00ed a 22 fotografi\u00ed v detaile i celku sklenen\u00fdch plast\u00edk vystaven\u00fdch na v\u00fdstave \u201eZorenie\u201c  Vydanie publik\u00e1cie podpril Fond na podporu umenia\u00a0 \u00a0\u00a0  Publik\u00e1cia: Zora Palov\u00e1 - Zorenie, autor textov: X\u00e9nia Lettrichov\u00e1; po\u010det str\u00e1n: 64; v\u00e4zba: m\u00e4kk\u00e1; rok vydania 2018.\" \/>\n<meta property=\"og:url\" content=\"https:\/\/www.nedbalka.sk\/en\/product\/zora-palova-zorenie\/\" \/>\n<meta property=\"og:site_name\" content=\"Nedbalka\" \/>\n<meta property=\"article:modified_time\" content=\"2019-04-23T13:25:11+00:00\" \/>\n<meta property=\"og:image\" content=\"https:\/\/www.nedbalka.sk\/wp-content\/uploads\/zorenie.png\" \/>\n\t<meta property=\"og:image:width\" content=\"865\" \/>\n\t<meta property=\"og:image:height\" content=\"1156\" \/>\n\t<meta property=\"og:image:type\" content=\"image\/png\" \/>\n<meta name=\"twitter:card\" content=\"summary_large_image\" \/>\n<script type=\"application\/ld+json\" class=\"yoast-schema-graph\">{\"@context\":\"https:\\\/\\\/schema.org\",\"@graph\":[{\"@type\":\"WebPage\",\"@id\":\"https:\\\/\\\/www.nedbalka.sk\\\/en\\\/product\\\/zora-palova-zorenie\\\/\",\"url\":\"https:\\\/\\\/www.nedbalka.sk\\\/en\\\/product\\\/zora-palova-zorenie\\\/\",\"name\":\"Zora Palov\u00e1 \u2013 Zorenie | Nedbalka\",\"isPartOf\":{\"@id\":\"https:\\\/\\\/www.nedbalka.sk\\\/#website\"},\"primaryImageOfPage\":{\"@id\":\"https:\\\/\\\/www.nedbalka.sk\\\/en\\\/product\\\/zora-palova-zorenie\\\/#primaryimage\"},\"image\":{\"@id\":\"https:\\\/\\\/www.nedbalka.sk\\\/en\\\/product\\\/zora-palova-zorenie\\\/#primaryimage\"},\"thumbnailUrl\":\"https:\\\/\\\/www.nedbalka.sk\\\/wp-content\\\/uploads\\\/zorenie.png\",\"datePublished\":\"2018-12-06T05:00:59+00:00\",\"dateModified\":\"2019-04-23T13:25:11+00:00\",\"breadcrumb\":{\"@id\":\"https:\\\/\\\/www.nedbalka.sk\\\/en\\\/product\\\/zora-palova-zorenie\\\/#breadcrumb\"},\"inLanguage\":\"en-US\",\"potentialAction\":[{\"@type\":\"ReadAction\",\"target\":[\"https:\\\/\\\/www.nedbalka.sk\\\/en\\\/product\\\/zora-palova-zorenie\\\/\"]}]},{\"@type\":\"ImageObject\",\"inLanguage\":\"en-US\",\"@id\":\"https:\\\/\\\/www.nedbalka.sk\\\/en\\\/product\\\/zora-palova-zorenie\\\/#primaryimage\",\"url\":\"https:\\\/\\\/www.nedbalka.sk\\\/wp-content\\\/uploads\\\/zorenie.png\",\"contentUrl\":\"https:\\\/\\\/www.nedbalka.sk\\\/wp-content\\\/uploads\\\/zorenie.png\",\"width\":865,\"height\":1156},{\"@type\":\"BreadcrumbList\",\"@id\":\"https:\\\/\\\/www.nedbalka.sk\\\/en\\\/product\\\/zora-palova-zorenie\\\/#breadcrumb\",\"itemListElement\":[{\"@type\":\"ListItem\",\"position\":1,\"name\":\"Home\",\"item\":\"https:\\\/\\\/www.nedbalka.sk\\\/en\\\/\"},{\"@type\":\"ListItem\",\"position\":2,\"name\":\"E-shop\",\"item\":\"https:\\\/\\\/www.nedbalka.sk\\\/e-shop\\\/\"},{\"@type\":\"ListItem\",\"position\":3,\"name\":\"Zora Palov\u00e1 \u2013 Zorenie\"}]},{\"@type\":\"WebSite\",\"@id\":\"https:\\\/\\\/www.nedbalka.sk\\\/#website\",\"url\":\"https:\\\/\\\/www.nedbalka.sk\\\/\",\"name\":\"Nedbalka\",\"description\":\"\u0164a\u017eisko zbierky Gal\u00e9rie Nedbalka spo\u010d\u00edva v slovenskej ma\u013ebe 20. storo\u010dia, ale s\u00fa v nej zast\u00fapen\u00e9 aj socha a grafika. Gal\u00e9ria diela prezentuje prostredn\u00edctvom st\u00e1lej expoz\u00edcie a kr\u00e1tkodob\u00fdch v\u00fdstav.\",\"potentialAction\":[{\"@type\":\"SearchAction\",\"target\":{\"@type\":\"EntryPoint\",\"urlTemplate\":\"https:\\\/\\\/www.nedbalka.sk\\\/?s={search_term_string}\"},\"query-input\":{\"@type\":\"PropertyValueSpecification\",\"valueRequired\":true,\"valueName\":\"search_term_string\"}}],\"inLanguage\":\"en-US\"}]}<\/script>\n<!-- \/ Yoast SEO plugin. -->","yoast_head_json":{"title":"Zora Palov\u00e1 \u2013 Zorenie | Nedbalka","robots":{"index":"index","follow":"follow","max-snippet":"max-snippet:-1","max-image-preview":"max-image-preview:large","max-video-preview":"max-video-preview:-1"},"canonical":"https:\/\/www.nedbalka.sk\/en\/product\/zora-palova-zorenie\/","og_locale":"en_US","og_type":"article","og_title":"Zora Palov\u00e1 \u2013 Zorenie | Nedbalka","og_description":"Publik\u00e1cia \u201eZORENIE\u201c je venovan\u00e1 v\u00fdznamnej predstavite\u013eke slovensk\u00e9ho skl\u00e1rskeho a soch\u00e1rskeho umenia Zore Palovej. Knihu spolu s usporiadan\u00edm soch\u00e1rkinej autorskej v\u00fdstavy s podporou FPU pripravila Gal\u00e9ria Nedbalka. \u00a0Textov\u00e1 \u010das\u0165 v slovensko \u2013 anglickej verzii pribli\u017euje v\u00fdznam, \u0161pecifik\u00e1 a \u017eivotn\u00e9 okolnosti v\u00fdvoja tvorby Zory Palovej v podan\u00ed kur\u00e1torky v\u00fdstavy X\u00e9nie Lettrichovej i z poh\u013eadu kult\u00farnej publicistky Pavly Rossini. V z\u00e1vere publik\u00e1cie je preh\u013ead \u017eivotopisn\u00fdch d\u00e1t, autorsk\u00fdch a kolekt\u00edvnych v\u00fdstav, cien za tvorbu, \u00fa\u010das\u0165 na symp\u00f3zi\u00e1ch a zast\u00fapenie v zbierkach.Obrazov\u00e1 \u010das\u0165 zah\u0155\u0148a mozaiku 55 fotografi\u00ed diel predch\u00e1dzaj\u00facich obdob\u00ed, dvoch ve\u013ekorozmern\u00fdch fotografi\u00ed a 22 fotografi\u00ed v detaile i celku sklenen\u00fdch plast\u00edk vystaven\u00fdch na v\u00fdstave \u201eZorenie\u201c  Vydanie publik\u00e1cie podpril Fond na podporu umenia\u00a0 \u00a0\u00a0  Publik\u00e1cia: Zora Palov\u00e1 - Zorenie, autor textov: X\u00e9nia Lettrichov\u00e1; po\u010det str\u00e1n: 64; v\u00e4zba: m\u00e4kk\u00e1; rok vydania 2018.","og_url":"https:\/\/www.nedbalka.sk\/en\/product\/zora-palova-zorenie\/","og_site_name":"Nedbalka","article_modified_time":"2019-04-23T13:25:11+00:00","og_image":[{"width":865,"height":1156,"url":"https:\/\/www.nedbalka.sk\/wp-content\/uploads\/zorenie.png","type":"image\/png"}],"twitter_card":"summary_large_image","schema":{"@context":"https:\/\/schema.org","@graph":[{"@type":"WebPage","@id":"https:\/\/www.nedbalka.sk\/en\/product\/zora-palova-zorenie\/","url":"https:\/\/www.nedbalka.sk\/en\/product\/zora-palova-zorenie\/","name":"Zora Palov\u00e1 \u2013 Zorenie | Nedbalka","isPartOf":{"@id":"https:\/\/www.nedbalka.sk\/#website"},"primaryImageOfPage":{"@id":"https:\/\/www.nedbalka.sk\/en\/product\/zora-palova-zorenie\/#primaryimage"},"image":{"@id":"https:\/\/www.nedbalka.sk\/en\/product\/zora-palova-zorenie\/#primaryimage"},"thumbnailUrl":"https:\/\/www.nedbalka.sk\/wp-content\/uploads\/zorenie.png","datePublished":"2018-12-06T05:00:59+00:00","dateModified":"2019-04-23T13:25:11+00:00","breadcrumb":{"@id":"https:\/\/www.nedbalka.sk\/en\/product\/zora-palova-zorenie\/#breadcrumb"},"inLanguage":"en-US","potentialAction":[{"@type":"ReadAction","target":["https:\/\/www.nedbalka.sk\/en\/product\/zora-palova-zorenie\/"]}]},{"@type":"ImageObject","inLanguage":"en-US","@id":"https:\/\/www.nedbalka.sk\/en\/product\/zora-palova-zorenie\/#primaryimage","url":"https:\/\/www.nedbalka.sk\/wp-content\/uploads\/zorenie.png","contentUrl":"https:\/\/www.nedbalka.sk\/wp-content\/uploads\/zorenie.png","width":865,"height":1156},{"@type":"BreadcrumbList","@id":"https:\/\/www.nedbalka.sk\/en\/product\/zora-palova-zorenie\/#breadcrumb","itemListElement":[{"@type":"ListItem","position":1,"name":"Home","item":"https:\/\/www.nedbalka.sk\/en\/"},{"@type":"ListItem","position":2,"name":"E-shop","item":"https:\/\/www.nedbalka.sk\/e-shop\/"},{"@type":"ListItem","position":3,"name":"Zora Palov\u00e1 \u2013 Zorenie"}]},{"@type":"WebSite","@id":"https:\/\/www.nedbalka.sk\/#website","url":"https:\/\/www.nedbalka.sk\/","name":"Nedbalka","description":"\u0164a\u017eisko zbierky Gal\u00e9rie Nedbalka spo\u010d\u00edva v slovenskej ma\u013ebe 20. storo\u010dia, ale s\u00fa v nej zast\u00fapen\u00e9 aj socha a grafika. Gal\u00e9ria diela prezentuje prostredn\u00edctvom st\u00e1lej expoz\u00edcie a kr\u00e1tkodob\u00fdch v\u00fdstav.","potentialAction":[{"@type":"SearchAction","target":{"@type":"EntryPoint","urlTemplate":"https:\/\/www.nedbalka.sk\/?s={search_term_string}"},"query-input":{"@type":"PropertyValueSpecification","valueRequired":true,"valueName":"search_term_string"}}],"inLanguage":"en-US"}]}},"_links":{"self":[{"href":"https:\/\/www.nedbalka.sk\/en\/wp-json\/wp\/v2\/product\/2230","targetHints":{"allow":["GET"]}}],"collection":[{"href":"https:\/\/www.nedbalka.sk\/en\/wp-json\/wp\/v2\/product"}],"about":[{"href":"https:\/\/www.nedbalka.sk\/en\/wp-json\/wp\/v2\/types\/product"}],"wp:featuredmedia":[{"embeddable":true,"href":"https:\/\/www.nedbalka.sk\/en\/wp-json\/wp\/v2\/media\/3752"}],"wp:attachment":[{"href":"https:\/\/www.nedbalka.sk\/en\/wp-json\/wp\/v2\/media?parent=2230"}],"curies":[{"name":"wp","href":"https:\/\/api.w.org\/{rel}","templated":true}]}}