{"id":9300,"date":"2026-01-29T14:03:39","date_gmt":"2026-01-29T13:03:39","guid":{"rendered":"https:\/\/www.nedbalka.sk\/?post_type=product&#038;p=9300"},"modified":"2026-03-24T12:28:33","modified_gmt":"2026-03-24T11:28:33","slug":"divadlo-na-hojdacke-tajomstvo-dracieho-usmevu","status":"publish","type":"product","link":"https:\/\/www.nedbalka.sk\/de\/product\/divadlo-na-hojdacke-tajomstvo-dracieho-usmevu\/","title":{"rendered":"Divadlo na hojda\u010dke \u2013  Tajomstvo dra\u010dieho \u00fasmevu"},"content":{"rendered":"<p>Marionetov\u00e1 rozpr\u00e1vka s vesel\u00fdmi pesni\u010dkami z kr\u00e1\u013eovstva su\u017eovan\u00e9ho drakom. Kr\u00e1\u013e d\u00e1 vyhl\u00e1si\u0165, \u017ee kto oslobod\u00ed kr\u00e1\u013eovstvo, dostane ruku princeznej. Je v\u0161ak tento drak naozaj nebezpe\u010dn\u00fd? Na\u0161i hrdinovia zistia, \u017ee drak ale nikomu nechce ubl\u00ed\u017ei\u0165. Kri\u010d\u00ed z jaskyne, lebo ho bolia zuby.<br \/>\nPosolstvo klasick\u00fdch rozpr\u00e1vok o l\u00e1ske, pravde \u010di odvahe, ale tie\u017e poslu\u0161nosti vo\u010di rodi\u010dom, dop\u013a\u0148ame o t\u00e9mu zdrav\u00fdch z\u00fabkov. Spolu s hercami bud\u00fa deti vytrh\u00e1va\u0165 bo\u013eav\u00e9 dra\u010die zuby, ale aj um\u00fdva\u0165 obrovsk\u00fd dra\u010d\u00ed chrup. Div\u00e1kov zapoj\u00edme tie\u017e do vytv\u00e1rania zvukovej atmosf\u00e9ry, a nau\u010d\u00edme ich aj vesel\u00fa pesni\u010dku o \u010disten\u00ed zubov.<br \/>\nZa koho sa princezn\u00e1 nakoniec vyd\u00e1? To v\u00e1m u\u017e prezrad\u00edme v divadle.<\/p>\n<p>Vhodn\u00e9 pre deti 3 \u2013 8 rokov. D\u013a\u017eka predstavenia 40 min.<br \/>\nTerm\u00edn: 21.3.2026 (sobota) o 16.00h<br \/>\nCena: 5\u20ac<\/p>\n","protected":false},"excerpt":{"rendered":"<p>Marionetov\u00e1 rozpr\u00e1vka s vesel\u00fdmi pesni\u010dkami z kr\u00e1\u013eovstva su\u017eovan\u00e9ho drakom. Kr\u00e1\u013e d\u00e1 vyhl\u00e1si\u0165, \u017ee kto oslobod\u00ed kr\u00e1\u013eovstvo, dostane ruku princeznej. Je v\u0161ak tento drak naozaj nebezpe\u010dn\u00fd? Na\u0161i hrdinovia zistia, \u017ee drak ale nikomu nechce ubl\u00ed\u017ei\u0165. Kri\u010d\u00ed z jaskyne, lebo ho bolia zuby.<br \/>\nPosolstvo klasick\u00fdch rozpr\u00e1vok o l\u00e1ske, pravde \u010di odvahe, ale tie\u017e poslu\u0161nosti vo\u010di rodi\u010dom, dop\u013a\u0148ame o t\u00e9mu zdrav\u00fdch z\u00fabkov. Spolu s hercami bud\u00fa deti vytrh\u00e1va\u0165 bo\u013eav\u00e9 dra\u010die zuby, ale aj um\u00fdva\u0165 obrovsk\u00fd dra\u010d\u00ed chrup. Div\u00e1kov zapoj\u00edme tie\u017e do vytv\u00e1rania zvukovej atmosf\u00e9ry, a nau\u010d\u00edme ich aj vesel\u00fa pesni\u010dku o \u010disten\u00ed zubov.<br \/>\nZa koho sa princezn\u00e1 nakoniec vyd\u00e1? To v\u00e1m u\u017e prezrad\u00edme v divadle.<\/p>\n<p>Vhodn\u00e9 pre deti 3 \u2013 8 rokov. D\u013a\u017eka predstavenia 40 min.<br \/>\nTerm\u00edn: 21.3.2026 (sobota) o 16.00h<br \/>\nCena: 5\u20ac<\/p>\n","protected":false},"featured_media":9316,"template":"","meta":{"_acf_changed":false,"inline_featured_image":false},"class_list":{"0":"post-9300","1":"product","2":"type-product","3":"status-publish","4":"has-post-thumbnail","6":"product_cat-listky","8":"first","9":"outofstock","10":"virtual","11":"taxable","12":"purchasable","13":"product-type-simple"},"acf":[],"yoast_head":"<!-- This site is optimized with the Yoast SEO plugin v27.4 - https:\/\/yoast.com\/product\/yoast-seo-wordpress\/ -->\n<title>Divadlo na hojda\u010dke \u2013 Tajomstvo dra\u010dieho \u00fasmevu | Nedbalka<\/title>\n<meta name=\"robots\" content=\"index, follow, max-snippet:-1, max-image-preview:large, max-video-preview:-1\" \/>\n<link rel=\"canonical\" href=\"https:\/\/www.nedbalka.sk\/product\/divadlo-na-hojdacke-tajomstvo-dracieho-usmevu\/\" \/>\n<meta property=\"og:locale\" content=\"de_DE\" \/>\n<meta property=\"og:type\" content=\"article\" \/>\n<meta property=\"og:title\" content=\"Divadlo na hojda\u010dke \u2013 Tajomstvo dra\u010dieho \u00fasmevu | Nedbalka\" \/>\n<meta property=\"og:description\" content=\"Marionetov\u00e1 rozpr\u00e1vka s vesel\u00fdmi pesni\u010dkami z kr\u00e1\u013eovstva su\u017eovan\u00e9ho drakom. Kr\u00e1\u013e d\u00e1 vyhl\u00e1si\u0165, \u017ee kto oslobod\u00ed kr\u00e1\u013eovstvo, dostane ruku princeznej. Je v\u0161ak tento drak naozaj nebezpe\u010dn\u00fd? Na\u0161i hrdinovia zistia, \u017ee drak ale nikomu nechce ubl\u00ed\u017ei\u0165. Kri\u010d\u00ed z jaskyne, lebo ho bolia zuby. Posolstvo klasick\u00fdch rozpr\u00e1vok o l\u00e1ske, pravde \u010di odvahe, ale tie\u017e poslu\u0161nosti vo\u010di rodi\u010dom, dop\u013a\u0148ame o t\u00e9mu zdrav\u00fdch z\u00fabkov. Spolu s hercami bud\u00fa deti vytrh\u00e1va\u0165 bo\u013eav\u00e9 dra\u010die zuby, ale aj um\u00fdva\u0165 obrovsk\u00fd dra\u010d\u00ed chrup. Div\u00e1kov zapoj\u00edme tie\u017e do vytv\u00e1rania zvukovej atmosf\u00e9ry, a nau\u010d\u00edme ich aj vesel\u00fa pesni\u010dku o \u010disten\u00ed zubov. Za koho sa princezn\u00e1 nakoniec vyd\u00e1? To v\u00e1m u\u017e prezrad\u00edme v divadle.  Vhodn\u00e9 pre deti 3 \u2013 8 rokov. D\u013a\u017eka predstavenia 40 min. Term\u00edn: 21.3.2026 (sobota) o 16.00h Cena: 5\u20ac\" \/>\n<meta property=\"og:url\" content=\"https:\/\/www.nedbalka.sk\/product\/divadlo-na-hojdacke-tajomstvo-dracieho-usmevu\/\" \/>\n<meta property=\"og:site_name\" content=\"Nedbalka\" \/>\n<meta property=\"article:modified_time\" content=\"2026-03-24T11:28:33+00:00\" \/>\n<meta property=\"og:image\" content=\"https:\/\/www.nedbalka.sk\/wp-content\/uploads\/Tajomstvo-dracieho-usmevu.jpg\" \/>\n\t<meta property=\"og:image:width\" content=\"768\" \/>\n\t<meta property=\"og:image:height\" content=\"1024\" \/>\n\t<meta property=\"og:image:type\" content=\"image\/jpeg\" \/>\n<meta name=\"twitter:card\" content=\"summary_large_image\" \/>\n<meta name=\"twitter:label1\" content=\"Gesch\u00e4tzte Lesezeit\" \/>\n\t<meta name=\"twitter:data1\" content=\"1\u00a0Minute\" \/>\n<script type=\"application\/ld+json\" class=\"yoast-schema-graph\">{\"@context\":\"https:\\\/\\\/schema.org\",\"@graph\":[{\"@type\":\"WebPage\",\"@id\":\"https:\\\/\\\/www.nedbalka.sk\\\/product\\\/divadlo-na-hojdacke-tajomstvo-dracieho-usmevu\\\/\",\"url\":\"https:\\\/\\\/www.nedbalka.sk\\\/product\\\/divadlo-na-hojdacke-tajomstvo-dracieho-usmevu\\\/\",\"name\":\"Divadlo na hojda\u010dke \u2013 Tajomstvo dra\u010dieho \u00fasmevu | Nedbalka\",\"isPartOf\":{\"@id\":\"https:\\\/\\\/www.nedbalka.sk\\\/#website\"},\"primaryImageOfPage\":{\"@id\":\"https:\\\/\\\/www.nedbalka.sk\\\/product\\\/divadlo-na-hojdacke-tajomstvo-dracieho-usmevu\\\/#primaryimage\"},\"image\":{\"@id\":\"https:\\\/\\\/www.nedbalka.sk\\\/product\\\/divadlo-na-hojdacke-tajomstvo-dracieho-usmevu\\\/#primaryimage\"},\"thumbnailUrl\":\"https:\\\/\\\/www.nedbalka.sk\\\/wp-content\\\/uploads\\\/Tajomstvo-dracieho-usmevu.jpg\",\"datePublished\":\"2026-01-29T13:03:39+00:00\",\"dateModified\":\"2026-03-24T11:28:33+00:00\",\"breadcrumb\":{\"@id\":\"https:\\\/\\\/www.nedbalka.sk\\\/product\\\/divadlo-na-hojdacke-tajomstvo-dracieho-usmevu\\\/#breadcrumb\"},\"inLanguage\":\"de\",\"potentialAction\":[{\"@type\":\"ReadAction\",\"target\":[\"https:\\\/\\\/www.nedbalka.sk\\\/product\\\/divadlo-na-hojdacke-tajomstvo-dracieho-usmevu\\\/\"]}]},{\"@type\":\"ImageObject\",\"inLanguage\":\"de\",\"@id\":\"https:\\\/\\\/www.nedbalka.sk\\\/product\\\/divadlo-na-hojdacke-tajomstvo-dracieho-usmevu\\\/#primaryimage\",\"url\":\"https:\\\/\\\/www.nedbalka.sk\\\/wp-content\\\/uploads\\\/Tajomstvo-dracieho-usmevu.jpg\",\"contentUrl\":\"https:\\\/\\\/www.nedbalka.sk\\\/wp-content\\\/uploads\\\/Tajomstvo-dracieho-usmevu.jpg\",\"width\":768,\"height\":1024},{\"@type\":\"BreadcrumbList\",\"@id\":\"https:\\\/\\\/www.nedbalka.sk\\\/product\\\/divadlo-na-hojdacke-tajomstvo-dracieho-usmevu\\\/#breadcrumb\",\"itemListElement\":[{\"@type\":\"ListItem\",\"position\":1,\"name\":\"Home\",\"item\":\"https:\\\/\\\/www.nedbalka.sk\\\/de\\\/\"},{\"@type\":\"ListItem\",\"position\":2,\"name\":\"E-shop\",\"item\":\"https:\\\/\\\/www.nedbalka.sk\\\/e-shop\\\/\"},{\"@type\":\"ListItem\",\"position\":3,\"name\":\"Divadlo na hojda\u010dke \u2013 Tajomstvo dra\u010dieho \u00fasmevu\"}]},{\"@type\":\"WebSite\",\"@id\":\"https:\\\/\\\/www.nedbalka.sk\\\/#website\",\"url\":\"https:\\\/\\\/www.nedbalka.sk\\\/\",\"name\":\"Nedbalka\",\"description\":\"\u0164a\u017eisko zbierky Gal\u00e9rie Nedbalka spo\u010d\u00edva v slovenskej ma\u013ebe 20. storo\u010dia, ale s\u00fa v nej zast\u00fapen\u00e9 aj socha a grafika. Gal\u00e9ria diela prezentuje prostredn\u00edctvom st\u00e1lej expoz\u00edcie a kr\u00e1tkodob\u00fdch v\u00fdstav.\",\"potentialAction\":[{\"@type\":\"SearchAction\",\"target\":{\"@type\":\"EntryPoint\",\"urlTemplate\":\"https:\\\/\\\/www.nedbalka.sk\\\/?s={search_term_string}\"},\"query-input\":{\"@type\":\"PropertyValueSpecification\",\"valueRequired\":true,\"valueName\":\"search_term_string\"}}],\"inLanguage\":\"de\"}]}<\/script>\n<!-- \/ Yoast SEO plugin. -->","yoast_head_json":{"title":"Divadlo na hojda\u010dke \u2013 Tajomstvo dra\u010dieho \u00fasmevu | Nedbalka","robots":{"index":"index","follow":"follow","max-snippet":"max-snippet:-1","max-image-preview":"max-image-preview:large","max-video-preview":"max-video-preview:-1"},"canonical":"https:\/\/www.nedbalka.sk\/product\/divadlo-na-hojdacke-tajomstvo-dracieho-usmevu\/","og_locale":"de_DE","og_type":"article","og_title":"Divadlo na hojda\u010dke \u2013 Tajomstvo dra\u010dieho \u00fasmevu | Nedbalka","og_description":"Marionetov\u00e1 rozpr\u00e1vka s vesel\u00fdmi pesni\u010dkami z kr\u00e1\u013eovstva su\u017eovan\u00e9ho drakom. Kr\u00e1\u013e d\u00e1 vyhl\u00e1si\u0165, \u017ee kto oslobod\u00ed kr\u00e1\u013eovstvo, dostane ruku princeznej. Je v\u0161ak tento drak naozaj nebezpe\u010dn\u00fd? Na\u0161i hrdinovia zistia, \u017ee drak ale nikomu nechce ubl\u00ed\u017ei\u0165. Kri\u010d\u00ed z jaskyne, lebo ho bolia zuby. Posolstvo klasick\u00fdch rozpr\u00e1vok o l\u00e1ske, pravde \u010di odvahe, ale tie\u017e poslu\u0161nosti vo\u010di rodi\u010dom, dop\u013a\u0148ame o t\u00e9mu zdrav\u00fdch z\u00fabkov. Spolu s hercami bud\u00fa deti vytrh\u00e1va\u0165 bo\u013eav\u00e9 dra\u010die zuby, ale aj um\u00fdva\u0165 obrovsk\u00fd dra\u010d\u00ed chrup. Div\u00e1kov zapoj\u00edme tie\u017e do vytv\u00e1rania zvukovej atmosf\u00e9ry, a nau\u010d\u00edme ich aj vesel\u00fa pesni\u010dku o \u010disten\u00ed zubov. Za koho sa princezn\u00e1 nakoniec vyd\u00e1? To v\u00e1m u\u017e prezrad\u00edme v divadle.  Vhodn\u00e9 pre deti 3 \u2013 8 rokov. D\u013a\u017eka predstavenia 40 min. Term\u00edn: 21.3.2026 (sobota) o 16.00h Cena: 5\u20ac","og_url":"https:\/\/www.nedbalka.sk\/product\/divadlo-na-hojdacke-tajomstvo-dracieho-usmevu\/","og_site_name":"Nedbalka","article_modified_time":"2026-03-24T11:28:33+00:00","og_image":[{"width":768,"height":1024,"url":"https:\/\/www.nedbalka.sk\/wp-content\/uploads\/Tajomstvo-dracieho-usmevu.jpg","type":"image\/jpeg"}],"twitter_card":"summary_large_image","twitter_misc":{"Gesch\u00e4tzte Lesezeit":"1\u00a0Minute"},"schema":{"@context":"https:\/\/schema.org","@graph":[{"@type":"WebPage","@id":"https:\/\/www.nedbalka.sk\/product\/divadlo-na-hojdacke-tajomstvo-dracieho-usmevu\/","url":"https:\/\/www.nedbalka.sk\/product\/divadlo-na-hojdacke-tajomstvo-dracieho-usmevu\/","name":"Divadlo na hojda\u010dke \u2013 Tajomstvo dra\u010dieho \u00fasmevu | Nedbalka","isPartOf":{"@id":"https:\/\/www.nedbalka.sk\/#website"},"primaryImageOfPage":{"@id":"https:\/\/www.nedbalka.sk\/product\/divadlo-na-hojdacke-tajomstvo-dracieho-usmevu\/#primaryimage"},"image":{"@id":"https:\/\/www.nedbalka.sk\/product\/divadlo-na-hojdacke-tajomstvo-dracieho-usmevu\/#primaryimage"},"thumbnailUrl":"https:\/\/www.nedbalka.sk\/wp-content\/uploads\/Tajomstvo-dracieho-usmevu.jpg","datePublished":"2026-01-29T13:03:39+00:00","dateModified":"2026-03-24T11:28:33+00:00","breadcrumb":{"@id":"https:\/\/www.nedbalka.sk\/product\/divadlo-na-hojdacke-tajomstvo-dracieho-usmevu\/#breadcrumb"},"inLanguage":"de","potentialAction":[{"@type":"ReadAction","target":["https:\/\/www.nedbalka.sk\/product\/divadlo-na-hojdacke-tajomstvo-dracieho-usmevu\/"]}]},{"@type":"ImageObject","inLanguage":"de","@id":"https:\/\/www.nedbalka.sk\/product\/divadlo-na-hojdacke-tajomstvo-dracieho-usmevu\/#primaryimage","url":"https:\/\/www.nedbalka.sk\/wp-content\/uploads\/Tajomstvo-dracieho-usmevu.jpg","contentUrl":"https:\/\/www.nedbalka.sk\/wp-content\/uploads\/Tajomstvo-dracieho-usmevu.jpg","width":768,"height":1024},{"@type":"BreadcrumbList","@id":"https:\/\/www.nedbalka.sk\/product\/divadlo-na-hojdacke-tajomstvo-dracieho-usmevu\/#breadcrumb","itemListElement":[{"@type":"ListItem","position":1,"name":"Home","item":"https:\/\/www.nedbalka.sk\/de\/"},{"@type":"ListItem","position":2,"name":"E-shop","item":"https:\/\/www.nedbalka.sk\/e-shop\/"},{"@type":"ListItem","position":3,"name":"Divadlo na hojda\u010dke \u2013 Tajomstvo dra\u010dieho \u00fasmevu"}]},{"@type":"WebSite","@id":"https:\/\/www.nedbalka.sk\/#website","url":"https:\/\/www.nedbalka.sk\/","name":"Nedbalka","description":"\u0164a\u017eisko zbierky Gal\u00e9rie Nedbalka spo\u010d\u00edva v slovenskej ma\u013ebe 20. storo\u010dia, ale s\u00fa v nej zast\u00fapen\u00e9 aj socha a grafika. Gal\u00e9ria diela prezentuje prostredn\u00edctvom st\u00e1lej expoz\u00edcie a kr\u00e1tkodob\u00fdch v\u00fdstav.","potentialAction":[{"@type":"SearchAction","target":{"@type":"EntryPoint","urlTemplate":"https:\/\/www.nedbalka.sk\/?s={search_term_string}"},"query-input":{"@type":"PropertyValueSpecification","valueRequired":true,"valueName":"search_term_string"}}],"inLanguage":"de"}]}},"_links":{"self":[{"href":"https:\/\/www.nedbalka.sk\/de\/wp-json\/wp\/v2\/product\/9300","targetHints":{"allow":["GET"]}}],"collection":[{"href":"https:\/\/www.nedbalka.sk\/de\/wp-json\/wp\/v2\/product"}],"about":[{"href":"https:\/\/www.nedbalka.sk\/de\/wp-json\/wp\/v2\/types\/product"}],"wp:featuredmedia":[{"embeddable":true,"href":"https:\/\/www.nedbalka.sk\/de\/wp-json\/wp\/v2\/media\/9316"}],"wp:attachment":[{"href":"https:\/\/www.nedbalka.sk\/de\/wp-json\/wp\/v2\/media?parent=9300"}],"curies":[{"name":"wp","href":"https:\/\/api.w.org\/{rel}","templated":true}]}}