{"id":8887,"date":"2026-01-19T13:45:34","date_gmt":"2026-01-19T12:45:34","guid":{"rendered":"https:\/\/www.nedbalka.sk\/?post_type=product&#038;p=8887"},"modified":"2026-04-18T15:37:47","modified_gmt":"2026-04-18T13:37:47","slug":"magicshow-kuzelnicke-vystupenie-pre-deti","status":"publish","type":"product","link":"https:\/\/www.nedbalka.sk\/de\/product\/magicshow-kuzelnicke-vystupenie-pre-deti\/","title":{"rendered":"Magicshow \u2013 k\u00fazeln\u00edcke vyst\u00fapenie pre deti"},"content":{"rendered":"<p>Za\u017eite nezabudnute\u013en\u00e9 popoludnie pln\u00e9 smiechu, k\u00faziel a detskej radosti! Ob\u013e\u00faben\u00fd k\u00fazeln\u00edk Peter \u0160est\u00e1k, zn\u00e1my z TV rel\u00e1cie <em>K\u00fazlovanie<\/em>, prinesie do Gal\u00e9rie Nedbalka v\u00fdnimo\u010dn\u00fd k\u00fazeln\u00edcky program pln\u00fd vizu\u00e1lnych trikov a vesel\u00fdch momentov. Deti sa stan\u00fa s\u00fa\u010das\u0165ou \u0161ou \u2013 asistuj\u00fa k\u00fazeln\u00edkovi a samy si vysk\u00fa\u0161aj\u00fa k\u00fazlenie. Program je pripraven\u00fd \u0161peci\u00e1lne pre detsk\u00fdch div\u00e1kov.<\/p>\n<p><strong>18.4.2026 (sobota) o 16.00 h<\/strong><\/p>\n<p>Jednotn\u00e9 vstupn\u00e9 na osobu: 5\u20ac<\/p>\n<p>Fakt\u00fara je vstupenkou na predstavenie.<\/p>\n","protected":false},"excerpt":{"rendered":"<p>Za\u017eite nezabudnute\u013en\u00e9 popoludnie pln\u00e9 smiechu, k\u00faziel a detskej radosti! Ob\u013e\u00faben\u00fd k\u00fazeln\u00edk Peter \u0160est\u00e1k, zn\u00e1my z TV rel\u00e1cie K\u00fazlovanie, prinesie do Gal\u00e9rie Nedbalka v\u00fdnimo\u010dn\u00fd k\u00fazeln\u00edcky program pln\u00fd vizu\u00e1lnych trikov a vesel\u00fdch momentov. Deti sa stan\u00fa s\u00fa\u010das\u0165ou \u0161ou \u2013 asistuj\u00fa k\u00fazeln\u00edkovi a samy si vysk\u00fa\u0161aj\u00fa k\u00fazlenie. Program je pripraven\u00fd \u0161peci\u00e1lne pre detsk\u00fdch div\u00e1kov.<\/p>\n<p>18.4.2026 (sobota) o 16.00 h<\/p>\n<p>Jednotn\u00e9 vstupn\u00e9 na osobu: 5\u20ac<\/p>\n<p>Fakt\u00fara je vstupenkou na predstavenie.<\/p>\n","protected":false},"featured_media":8883,"template":"","meta":{"_acf_changed":false,"inline_featured_image":false},"class_list":{"0":"post-8887","1":"product","2":"type-product","3":"status-publish","4":"has-post-thumbnail","6":"product_cat-listky","8":"first","9":"instock","10":"virtual","11":"taxable","12":"purchasable","13":"product-type-simple"},"acf":[],"yoast_head":"<!-- This site is optimized with the Yoast SEO plugin v27.4 - https:\/\/yoast.com\/product\/yoast-seo-wordpress\/ -->\n<title>Magicshow \u2013 k\u00fazeln\u00edcke vyst\u00fapenie pre deti | Nedbalka<\/title>\n<meta name=\"robots\" content=\"index, follow, max-snippet:-1, max-image-preview:large, max-video-preview:-1\" \/>\n<link rel=\"canonical\" href=\"https:\/\/www.nedbalka.sk\/product\/magicshow-kuzelnicke-vystupenie-pre-deti\/\" \/>\n<meta property=\"og:locale\" content=\"de_DE\" \/>\n<meta property=\"og:type\" content=\"article\" \/>\n<meta property=\"og:title\" content=\"Magicshow \u2013 k\u00fazeln\u00edcke vyst\u00fapenie pre deti | Nedbalka\" \/>\n<meta property=\"og:description\" content=\"Za\u017eite nezabudnute\u013en\u00e9 popoludnie pln\u00e9 smiechu, k\u00faziel a detskej radosti! Ob\u013e\u00faben\u00fd k\u00fazeln\u00edk Peter \u0160est\u00e1k, zn\u00e1my z TV rel\u00e1cie K\u00fazlovanie, prinesie do Gal\u00e9rie Nedbalka v\u00fdnimo\u010dn\u00fd k\u00fazeln\u00edcky program pln\u00fd vizu\u00e1lnych trikov a vesel\u00fdch momentov. Deti sa stan\u00fa s\u00fa\u010das\u0165ou \u0161ou \u2013 asistuj\u00fa k\u00fazeln\u00edkovi a samy si vysk\u00fa\u0161aj\u00fa k\u00fazlenie. Program je pripraven\u00fd \u0161peci\u00e1lne pre detsk\u00fdch div\u00e1kov.  18.4.2026 (sobota) o 16.00 h  Jednotn\u00e9 vstupn\u00e9 na osobu: 5\u20ac  Fakt\u00fara je vstupenkou na predstavenie.\" \/>\n<meta property=\"og:url\" content=\"https:\/\/www.nedbalka.sk\/product\/magicshow-kuzelnicke-vystupenie-pre-deti\/\" \/>\n<meta property=\"og:site_name\" content=\"Nedbalka\" \/>\n<meta property=\"article:modified_time\" content=\"2026-04-18T13:37:47+00:00\" \/>\n<meta property=\"og:image\" content=\"https:\/\/www.nedbalka.sk\/wp-content\/uploads\/Snimka-obrazovky-2025-08-19-o-13.40.50-1024x689.png\" \/>\n\t<meta property=\"og:image:width\" content=\"1024\" \/>\n\t<meta property=\"og:image:height\" content=\"689\" \/>\n\t<meta property=\"og:image:type\" content=\"image\/png\" \/>\n<meta name=\"twitter:card\" content=\"summary_large_image\" \/>\n<meta name=\"twitter:label1\" content=\"Gesch\u00e4tzte Lesezeit\" \/>\n\t<meta name=\"twitter:data1\" content=\"1\u00a0Minute\" \/>\n<script type=\"application\/ld+json\" class=\"yoast-schema-graph\">{\"@context\":\"https:\\\/\\\/schema.org\",\"@graph\":[{\"@type\":\"WebPage\",\"@id\":\"https:\\\/\\\/www.nedbalka.sk\\\/product\\\/magicshow-kuzelnicke-vystupenie-pre-deti\\\/\",\"url\":\"https:\\\/\\\/www.nedbalka.sk\\\/product\\\/magicshow-kuzelnicke-vystupenie-pre-deti\\\/\",\"name\":\"Magicshow \u2013 k\u00fazeln\u00edcke vyst\u00fapenie pre deti | Nedbalka\",\"isPartOf\":{\"@id\":\"https:\\\/\\\/www.nedbalka.sk\\\/#website\"},\"primaryImageOfPage\":{\"@id\":\"https:\\\/\\\/www.nedbalka.sk\\\/product\\\/magicshow-kuzelnicke-vystupenie-pre-deti\\\/#primaryimage\"},\"image\":{\"@id\":\"https:\\\/\\\/www.nedbalka.sk\\\/product\\\/magicshow-kuzelnicke-vystupenie-pre-deti\\\/#primaryimage\"},\"thumbnailUrl\":\"https:\\\/\\\/www.nedbalka.sk\\\/wp-content\\\/uploads\\\/Snimka-obrazovky-2025-08-19-o-13.40.50.png\",\"datePublished\":\"2026-01-19T12:45:34+00:00\",\"dateModified\":\"2026-04-18T13:37:47+00:00\",\"breadcrumb\":{\"@id\":\"https:\\\/\\\/www.nedbalka.sk\\\/product\\\/magicshow-kuzelnicke-vystupenie-pre-deti\\\/#breadcrumb\"},\"inLanguage\":\"de\",\"potentialAction\":[{\"@type\":\"ReadAction\",\"target\":[\"https:\\\/\\\/www.nedbalka.sk\\\/product\\\/magicshow-kuzelnicke-vystupenie-pre-deti\\\/\"]}]},{\"@type\":\"ImageObject\",\"inLanguage\":\"de\",\"@id\":\"https:\\\/\\\/www.nedbalka.sk\\\/product\\\/magicshow-kuzelnicke-vystupenie-pre-deti\\\/#primaryimage\",\"url\":\"https:\\\/\\\/www.nedbalka.sk\\\/wp-content\\\/uploads\\\/Snimka-obrazovky-2025-08-19-o-13.40.50.png\",\"contentUrl\":\"https:\\\/\\\/www.nedbalka.sk\\\/wp-content\\\/uploads\\\/Snimka-obrazovky-2025-08-19-o-13.40.50.png\",\"width\":1582,\"height\":1064},{\"@type\":\"BreadcrumbList\",\"@id\":\"https:\\\/\\\/www.nedbalka.sk\\\/product\\\/magicshow-kuzelnicke-vystupenie-pre-deti\\\/#breadcrumb\",\"itemListElement\":[{\"@type\":\"ListItem\",\"position\":1,\"name\":\"Home\",\"item\":\"https:\\\/\\\/www.nedbalka.sk\\\/de\\\/\"},{\"@type\":\"ListItem\",\"position\":2,\"name\":\"E-shop\",\"item\":\"https:\\\/\\\/www.nedbalka.sk\\\/e-shop\\\/\"},{\"@type\":\"ListItem\",\"position\":3,\"name\":\"Magicshow \u2013 k\u00fazeln\u00edcke vyst\u00fapenie pre deti\"}]},{\"@type\":\"WebSite\",\"@id\":\"https:\\\/\\\/www.nedbalka.sk\\\/#website\",\"url\":\"https:\\\/\\\/www.nedbalka.sk\\\/\",\"name\":\"Nedbalka\",\"description\":\"\u0164a\u017eisko zbierky Gal\u00e9rie Nedbalka spo\u010d\u00edva v slovenskej ma\u013ebe 20. storo\u010dia, ale s\u00fa v nej zast\u00fapen\u00e9 aj socha a grafika. Gal\u00e9ria diela prezentuje prostredn\u00edctvom st\u00e1lej expoz\u00edcie a kr\u00e1tkodob\u00fdch v\u00fdstav.\",\"potentialAction\":[{\"@type\":\"SearchAction\",\"target\":{\"@type\":\"EntryPoint\",\"urlTemplate\":\"https:\\\/\\\/www.nedbalka.sk\\\/?s={search_term_string}\"},\"query-input\":{\"@type\":\"PropertyValueSpecification\",\"valueRequired\":true,\"valueName\":\"search_term_string\"}}],\"inLanguage\":\"de\"}]}<\/script>\n<!-- \/ Yoast SEO plugin. -->","yoast_head_json":{"title":"Magicshow \u2013 k\u00fazeln\u00edcke vyst\u00fapenie pre deti | Nedbalka","robots":{"index":"index","follow":"follow","max-snippet":"max-snippet:-1","max-image-preview":"max-image-preview:large","max-video-preview":"max-video-preview:-1"},"canonical":"https:\/\/www.nedbalka.sk\/product\/magicshow-kuzelnicke-vystupenie-pre-deti\/","og_locale":"de_DE","og_type":"article","og_title":"Magicshow \u2013 k\u00fazeln\u00edcke vyst\u00fapenie pre deti | Nedbalka","og_description":"Za\u017eite nezabudnute\u013en\u00e9 popoludnie pln\u00e9 smiechu, k\u00faziel a detskej radosti! Ob\u013e\u00faben\u00fd k\u00fazeln\u00edk Peter \u0160est\u00e1k, zn\u00e1my z TV rel\u00e1cie K\u00fazlovanie, prinesie do Gal\u00e9rie Nedbalka v\u00fdnimo\u010dn\u00fd k\u00fazeln\u00edcky program pln\u00fd vizu\u00e1lnych trikov a vesel\u00fdch momentov. Deti sa stan\u00fa s\u00fa\u010das\u0165ou \u0161ou \u2013 asistuj\u00fa k\u00fazeln\u00edkovi a samy si vysk\u00fa\u0161aj\u00fa k\u00fazlenie. Program je pripraven\u00fd \u0161peci\u00e1lne pre detsk\u00fdch div\u00e1kov.  18.4.2026 (sobota) o 16.00 h  Jednotn\u00e9 vstupn\u00e9 na osobu: 5\u20ac  Fakt\u00fara je vstupenkou na predstavenie.","og_url":"https:\/\/www.nedbalka.sk\/product\/magicshow-kuzelnicke-vystupenie-pre-deti\/","og_site_name":"Nedbalka","article_modified_time":"2026-04-18T13:37:47+00:00","og_image":[{"width":1024,"height":689,"url":"https:\/\/www.nedbalka.sk\/wp-content\/uploads\/Snimka-obrazovky-2025-08-19-o-13.40.50-1024x689.png","type":"image\/png"}],"twitter_card":"summary_large_image","twitter_misc":{"Gesch\u00e4tzte Lesezeit":"1\u00a0Minute"},"schema":{"@context":"https:\/\/schema.org","@graph":[{"@type":"WebPage","@id":"https:\/\/www.nedbalka.sk\/product\/magicshow-kuzelnicke-vystupenie-pre-deti\/","url":"https:\/\/www.nedbalka.sk\/product\/magicshow-kuzelnicke-vystupenie-pre-deti\/","name":"Magicshow \u2013 k\u00fazeln\u00edcke vyst\u00fapenie pre deti | Nedbalka","isPartOf":{"@id":"https:\/\/www.nedbalka.sk\/#website"},"primaryImageOfPage":{"@id":"https:\/\/www.nedbalka.sk\/product\/magicshow-kuzelnicke-vystupenie-pre-deti\/#primaryimage"},"image":{"@id":"https:\/\/www.nedbalka.sk\/product\/magicshow-kuzelnicke-vystupenie-pre-deti\/#primaryimage"},"thumbnailUrl":"https:\/\/www.nedbalka.sk\/wp-content\/uploads\/Snimka-obrazovky-2025-08-19-o-13.40.50.png","datePublished":"2026-01-19T12:45:34+00:00","dateModified":"2026-04-18T13:37:47+00:00","breadcrumb":{"@id":"https:\/\/www.nedbalka.sk\/product\/magicshow-kuzelnicke-vystupenie-pre-deti\/#breadcrumb"},"inLanguage":"de","potentialAction":[{"@type":"ReadAction","target":["https:\/\/www.nedbalka.sk\/product\/magicshow-kuzelnicke-vystupenie-pre-deti\/"]}]},{"@type":"ImageObject","inLanguage":"de","@id":"https:\/\/www.nedbalka.sk\/product\/magicshow-kuzelnicke-vystupenie-pre-deti\/#primaryimage","url":"https:\/\/www.nedbalka.sk\/wp-content\/uploads\/Snimka-obrazovky-2025-08-19-o-13.40.50.png","contentUrl":"https:\/\/www.nedbalka.sk\/wp-content\/uploads\/Snimka-obrazovky-2025-08-19-o-13.40.50.png","width":1582,"height":1064},{"@type":"BreadcrumbList","@id":"https:\/\/www.nedbalka.sk\/product\/magicshow-kuzelnicke-vystupenie-pre-deti\/#breadcrumb","itemListElement":[{"@type":"ListItem","position":1,"name":"Home","item":"https:\/\/www.nedbalka.sk\/de\/"},{"@type":"ListItem","position":2,"name":"E-shop","item":"https:\/\/www.nedbalka.sk\/e-shop\/"},{"@type":"ListItem","position":3,"name":"Magicshow \u2013 k\u00fazeln\u00edcke vyst\u00fapenie pre deti"}]},{"@type":"WebSite","@id":"https:\/\/www.nedbalka.sk\/#website","url":"https:\/\/www.nedbalka.sk\/","name":"Nedbalka","description":"\u0164a\u017eisko zbierky Gal\u00e9rie Nedbalka spo\u010d\u00edva v slovenskej ma\u013ebe 20. storo\u010dia, ale s\u00fa v nej zast\u00fapen\u00e9 aj socha a grafika. Gal\u00e9ria diela prezentuje prostredn\u00edctvom st\u00e1lej expoz\u00edcie a kr\u00e1tkodob\u00fdch v\u00fdstav.","potentialAction":[{"@type":"SearchAction","target":{"@type":"EntryPoint","urlTemplate":"https:\/\/www.nedbalka.sk\/?s={search_term_string}"},"query-input":{"@type":"PropertyValueSpecification","valueRequired":true,"valueName":"search_term_string"}}],"inLanguage":"de"}]}},"_links":{"self":[{"href":"https:\/\/www.nedbalka.sk\/de\/wp-json\/wp\/v2\/product\/8887","targetHints":{"allow":["GET"]}}],"collection":[{"href":"https:\/\/www.nedbalka.sk\/de\/wp-json\/wp\/v2\/product"}],"about":[{"href":"https:\/\/www.nedbalka.sk\/de\/wp-json\/wp\/v2\/types\/product"}],"wp:featuredmedia":[{"embeddable":true,"href":"https:\/\/www.nedbalka.sk\/de\/wp-json\/wp\/v2\/media\/8883"}],"wp:attachment":[{"href":"https:\/\/www.nedbalka.sk\/de\/wp-json\/wp\/v2\/media?parent=8887"}],"curies":[{"name":"wp","href":"https:\/\/api.w.org\/{rel}","templated":true}]}}