{"id":7882,"date":"2024-06-05T15:18:36","date_gmt":"2024-06-05T13:18:36","guid":{"rendered":"https:\/\/www.nedbalka.sk\/?post_type=product&#038;p=7882"},"modified":"2024-06-05T15:50:48","modified_gmt":"2024-06-05T13:50:48","slug":"zatisia-zo-zbierky-galerie-nedbalka","status":"publish","type":"product","link":"https:\/\/www.nedbalka.sk\/de\/product\/zatisia-zo-zbierky-galerie-nedbalka\/","title":{"rendered":"Z\u00e1ti\u0161ia zo zbierky Gal\u00e9rie Nedbalka"},"content":{"rendered":"<p>Z\u00a0liter\u00e1rnych prame\u0148ov sa dozved\u00e1me, \u017ee hist\u00f3ria z\u00e1ti\u0161ia siaha a\u017e do antick\u00e9ho Gr\u00e9cka. Na jeho ozna\u010denie sa pou\u017e\u00edvali v\u00fdrazy rhypografia alebo rhopografia, ktor\u00e9 znamenali drobnos\u0165, pri\u010dom druh\u00fd spom\u00ednan\u00fd v\u00fdraz mal aj zosmie\u0161\u0148uj\u00face konot\u00e1cie. V\u00a0porovnan\u00ed s\u00a0ostatn\u00fdmi \u017e\u00e1nrami bolo z\u00e1ti\u0161ie dlh\u00fd \u010das pova\u017eovan\u00e9 za menejcenn\u00e9 s\u00a0od\u00f4vodnen\u00edm, \u017ee vy\u017eaduje ,,iba\u201c technick\u00fa zru\u010dnos\u0165 a\u00a0\u010dasto sk\u013azava a\u017e k\u00a0dekorativizmu. Z\u00e1ti\u0161ie v\u0161ak napriek tomu poskytuje umelcovi ve\u013ek\u00fa slobodu, preto\u017ee nad v\u0161etk\u00fdm, \u010do chce zobrazi\u0165, m\u00e1 pln\u00fa kontrolu. Predmety si m\u00f4\u017ee usporiada\u0165 a\u00a0osvetli\u0165 ako len chce a\u00a0navy\u0161e jeho dielo nie je z\u00e1visl\u00e9 od trpezlivosti zobrazovanej osoby. Aj ke\u010f sa n\u00e1m na prv\u00fd poh\u013ead m\u00f4\u017ee zda\u0165, \u017ee z\u00e1ti\u0161ie m\u00e1 \u010disto opisn\u00fd charakter, odr\u00e1\u017ea sa v\u00a0\u0148om aj soci\u00e1lny a\u00a0historick\u00fd kontext a\u00a0umelci prostredn\u00edctvom neho rie\u0161ili aj duchovn\u00e9 probl\u00e9my. V\u00a0tomto pr\u00edpade nadob\u00fadaj\u00fa z\u00e1ti\u0161ia symbolick\u00fd rozmer.<\/p>\n<p style=\"font-weight: 400;\">N\u00e1zov: \u00a0<strong><em>Z\u00e1ti\u0161ia \/ Still Lifes<\/em><\/strong><\/p>\n<p style=\"font-weight: 400;\">Autor: Alexandra Ko\u010di\u0161kov\u00e1<\/p>\n<p style=\"font-weight: 400;\">V\u00e4zba: m\u00e4kk\u00e1<\/p>\n<p style=\"font-weight: 400;\">ISBN: 978-80-89784-25-7<\/p>\n<p style=\"font-weight: 400;\">D\u00e1tum vydania 5\/2023<\/p>\n<p style=\"font-weight: 400;\">Vydavate\u013e: Gal\u00e9ria Nedbalka<\/p>\n<p style=\"font-weight: 400;\">Hmotnos\u0165:\u00a0\u00a0280 g<\/p>\n<p style=\"font-weight: 400;\">Rozmery:\u00a0 230mm x 280mm x 4mm<\/p>\n<p style=\"font-weight: 400;\">\u017d\u00e1ner : katal\u00f3g k v\u00fdstave<\/p>\n<p style=\"font-weight: 400;\">Po\u010det str\u00e1n: 47<\/p>\n<p style=\"font-weight: 400;\">Jazyk: slovensk\u00fd + anglick\u00fd<\/p>\n","protected":false},"excerpt":{"rendered":"<p>Z\u00a0liter\u00e1rnych prame\u0148ov sa dozved\u00e1me, \u017ee hist\u00f3ria z\u00e1ti\u0161ia siaha a\u017e do antick\u00e9ho Gr\u00e9cka. Na jeho ozna\u010denie sa pou\u017e\u00edvali v\u00fdrazy rhypografia alebo rhopografia, ktor\u00e9 znamenali drobnos\u0165, pri\u010dom druh\u00fd spom\u00ednan\u00fd v\u00fdraz mal aj zosmie\u0161\u0148uj\u00face konot\u00e1cie. V\u00a0porovnan\u00ed s\u00a0ostatn\u00fdmi \u017e\u00e1nrami bolo z\u00e1ti\u0161ie dlh\u00fd \u010das pova\u017eovan\u00e9 za menejcenn\u00e9 s\u00a0od\u00f4vodnen\u00edm, \u017ee vy\u017eaduje ,,iba\u201c technick\u00fa zru\u010dnos\u0165 a\u00a0\u010dasto sk\u013azava a\u017e k\u00a0dekorativizmu. Z\u00e1ti\u0161ie v\u0161ak napriek tomu poskytuje umelcovi ve\u013ek\u00fa slobodu, preto\u017ee nad v\u0161etk\u00fdm, \u010do chce zobrazi\u0165, m\u00e1 pln\u00fa kontrolu. Predmety si m\u00f4\u017ee usporiada\u0165 a\u00a0osvetli\u0165 ako len chce a\u00a0navy\u0161e jeho dielo nie je z\u00e1visl\u00e9 od trpezlivosti zobrazovanej osoby. Aj ke\u010f sa n\u00e1m na prv\u00fd poh\u013ead m\u00f4\u017ee zda\u0165, \u017ee z\u00e1ti\u0161ie m\u00e1 \u010disto opisn\u00fd charakter, odr\u00e1\u017ea sa v\u00a0\u0148om aj soci\u00e1lny a\u00a0historick\u00fd kontext a\u00a0umelci prostredn\u00edctvom neho rie\u0161ili aj duchovn\u00e9 probl\u00e9my. V\u00a0tomto pr\u00edpade nadob\u00fadaj\u00fa z\u00e1ti\u0161ia symbolick\u00fd rozmer.<\/p>\n<p style=\"font-weight: 400;\">N\u00e1zov: \u00a0<strong><em>Z\u00e1ti\u0161ia \/ Still Lifes<\/em><\/strong><\/p>\n<p style=\"font-weight: 400;\">Autor: Alexandra Ko\u010di\u0161kov\u00e1<\/p>\n<p style=\"font-weight: 400;\">V\u00e4zba: m\u00e4kk\u00e1<\/p>\n<p style=\"font-weight: 400;\">ISBN: 978-80-89784-25-7<\/p>\n<p style=\"font-weight: 400;\">D\u00e1tum vydania 5\/2023<\/p>\n<p style=\"font-weight: 400;\">Vydavate\u013e: Gal\u00e9ria Nedbalka<\/p>\n<p style=\"font-weight: 400;\">Hmotnos\u0165:\u00a0\u00a0280 g<\/p>\n<p style=\"font-weight: 400;\">Rozmery:\u00a0 230mm x 280mm x 4mm<\/p>\n<p style=\"font-weight: 400;\">\u017d\u00e1ner : katal\u00f3g k v\u00fdstave<\/p>\n<p style=\"font-weight: 400;\">Po\u010det str\u00e1n: 47<\/p>\n<p style=\"font-weight: 400;\">Jazyk: slovensk\u00fd + anglick\u00fd<\/p>\n","protected":false},"featured_media":7883,"template":"","meta":{"_acf_changed":false,"inline_featured_image":false},"class_list":{"0":"post-7882","1":"product","2":"type-product","3":"status-publish","4":"has-post-thumbnail","6":"product_cat-katalog","8":"first","9":"instock","10":"taxable","11":"shipping-taxable","12":"purchasable","13":"product-type-simple"},"acf":[],"yoast_head":"<!-- This site is optimized with the Yoast SEO plugin v27.4 - https:\/\/yoast.com\/product\/yoast-seo-wordpress\/ -->\n<title>Z\u00e1ti\u0161ia zo zbierky Gal\u00e9rie Nedbalka | Nedbalka<\/title>\n<meta name=\"robots\" content=\"index, follow, max-snippet:-1, max-image-preview:large, max-video-preview:-1\" \/>\n<link rel=\"canonical\" href=\"https:\/\/www.nedbalka.sk\/product\/zatisia-zo-zbierky-galerie-nedbalka\/\" \/>\n<meta property=\"og:locale\" content=\"de_DE\" \/>\n<meta property=\"og:type\" content=\"article\" \/>\n<meta property=\"og:title\" content=\"Z\u00e1ti\u0161ia zo zbierky Gal\u00e9rie Nedbalka | Nedbalka\" \/>\n<meta property=\"og:description\" content=\"Z\u00a0liter\u00e1rnych prame\u0148ov sa dozved\u00e1me, \u017ee hist\u00f3ria z\u00e1ti\u0161ia siaha a\u017e do antick\u00e9ho Gr\u00e9cka. Na jeho ozna\u010denie sa pou\u017e\u00edvali v\u00fdrazy rhypografia alebo rhopografia, ktor\u00e9 znamenali drobnos\u0165, pri\u010dom druh\u00fd spom\u00ednan\u00fd v\u00fdraz mal aj zosmie\u0161\u0148uj\u00face konot\u00e1cie. V\u00a0porovnan\u00ed s\u00a0ostatn\u00fdmi \u017e\u00e1nrami bolo z\u00e1ti\u0161ie dlh\u00fd \u010das pova\u017eovan\u00e9 za menejcenn\u00e9 s\u00a0od\u00f4vodnen\u00edm, \u017ee vy\u017eaduje ,,iba\u201c technick\u00fa zru\u010dnos\u0165 a\u00a0\u010dasto sk\u013azava a\u017e k\u00a0dekorativizmu. Z\u00e1ti\u0161ie v\u0161ak napriek tomu poskytuje umelcovi ve\u013ek\u00fa slobodu, preto\u017ee nad v\u0161etk\u00fdm, \u010do chce zobrazi\u0165, m\u00e1 pln\u00fa kontrolu. Predmety si m\u00f4\u017ee usporiada\u0165 a\u00a0osvetli\u0165 ako len chce a\u00a0navy\u0161e jeho dielo nie je z\u00e1visl\u00e9 od trpezlivosti zobrazovanej osoby. Aj ke\u010f sa n\u00e1m na prv\u00fd poh\u013ead m\u00f4\u017ee zda\u0165, \u017ee z\u00e1ti\u0161ie m\u00e1 \u010disto opisn\u00fd charakter, odr\u00e1\u017ea sa v\u00a0\u0148om aj soci\u00e1lny a\u00a0historick\u00fd kontext a\u00a0umelci prostredn\u00edctvom neho rie\u0161ili aj duchovn\u00e9 probl\u00e9my. V\u00a0tomto pr\u00edpade nadob\u00fadaj\u00fa z\u00e1ti\u0161ia symbolick\u00fd rozmer. N\u00e1zov: \u00a0Z\u00e1ti\u0161ia \/ Still Lifes Autor: Alexandra Ko\u010di\u0161kov\u00e1 V\u00e4zba: m\u00e4kk\u00e1 ISBN: 978-80-89784-25-7 D\u00e1tum vydania 5\/2023 Vydavate\u013e: Gal\u00e9ria Nedbalka Hmotnos\u0165:\u00a0\u00a0280 g Rozmery:\u00a0 230mm x 280mm x 4mm \u017d\u00e1ner : katal\u00f3g k v\u00fdstave Po\u010det str\u00e1n: 47 Jazyk: slovensk\u00fd + anglick\u00fd\" \/>\n<meta property=\"og:url\" content=\"https:\/\/www.nedbalka.sk\/product\/zatisia-zo-zbierky-galerie-nedbalka\/\" \/>\n<meta property=\"og:site_name\" content=\"Nedbalka\" \/>\n<meta property=\"article:modified_time\" content=\"2024-06-05T13:50:48+00:00\" \/>\n<meta property=\"og:image\" content=\"https:\/\/www.nedbalka.sk\/wp-content\/uploads\/Unknown-1-10-scaled.jpeg\" \/>\n\t<meta property=\"og:image:width\" content=\"1916\" \/>\n\t<meta property=\"og:image:height\" content=\"2560\" \/>\n\t<meta property=\"og:image:type\" content=\"image\/jpeg\" \/>\n<meta name=\"twitter:card\" content=\"summary_large_image\" \/>\n<meta name=\"twitter:label1\" content=\"Gesch\u00e4tzte Lesezeit\" \/>\n\t<meta name=\"twitter:data1\" content=\"2\u00a0Minuten\" \/>\n<script type=\"application\/ld+json\" class=\"yoast-schema-graph\">{\"@context\":\"https:\\\/\\\/schema.org\",\"@graph\":[{\"@type\":\"WebPage\",\"@id\":\"https:\\\/\\\/www.nedbalka.sk\\\/product\\\/zatisia-zo-zbierky-galerie-nedbalka\\\/\",\"url\":\"https:\\\/\\\/www.nedbalka.sk\\\/product\\\/zatisia-zo-zbierky-galerie-nedbalka\\\/\",\"name\":\"Z\u00e1ti\u0161ia zo zbierky Gal\u00e9rie Nedbalka | Nedbalka\",\"isPartOf\":{\"@id\":\"https:\\\/\\\/www.nedbalka.sk\\\/#website\"},\"primaryImageOfPage\":{\"@id\":\"https:\\\/\\\/www.nedbalka.sk\\\/product\\\/zatisia-zo-zbierky-galerie-nedbalka\\\/#primaryimage\"},\"image\":{\"@id\":\"https:\\\/\\\/www.nedbalka.sk\\\/product\\\/zatisia-zo-zbierky-galerie-nedbalka\\\/#primaryimage\"},\"thumbnailUrl\":\"https:\\\/\\\/www.nedbalka.sk\\\/wp-content\\\/uploads\\\/Unknown-1-10-scaled.jpeg\",\"datePublished\":\"2024-06-05T13:18:36+00:00\",\"dateModified\":\"2024-06-05T13:50:48+00:00\",\"breadcrumb\":{\"@id\":\"https:\\\/\\\/www.nedbalka.sk\\\/product\\\/zatisia-zo-zbierky-galerie-nedbalka\\\/#breadcrumb\"},\"inLanguage\":\"de\",\"potentialAction\":[{\"@type\":\"ReadAction\",\"target\":[\"https:\\\/\\\/www.nedbalka.sk\\\/product\\\/zatisia-zo-zbierky-galerie-nedbalka\\\/\"]}]},{\"@type\":\"ImageObject\",\"inLanguage\":\"de\",\"@id\":\"https:\\\/\\\/www.nedbalka.sk\\\/product\\\/zatisia-zo-zbierky-galerie-nedbalka\\\/#primaryimage\",\"url\":\"https:\\\/\\\/www.nedbalka.sk\\\/wp-content\\\/uploads\\\/Unknown-1-10-scaled.jpeg\",\"contentUrl\":\"https:\\\/\\\/www.nedbalka.sk\\\/wp-content\\\/uploads\\\/Unknown-1-10-scaled.jpeg\",\"width\":1916,\"height\":2560},{\"@type\":\"BreadcrumbList\",\"@id\":\"https:\\\/\\\/www.nedbalka.sk\\\/product\\\/zatisia-zo-zbierky-galerie-nedbalka\\\/#breadcrumb\",\"itemListElement\":[{\"@type\":\"ListItem\",\"position\":1,\"name\":\"Home\",\"item\":\"https:\\\/\\\/www.nedbalka.sk\\\/de\\\/\"},{\"@type\":\"ListItem\",\"position\":2,\"name\":\"E-shop\",\"item\":\"https:\\\/\\\/www.nedbalka.sk\\\/e-shop\\\/\"},{\"@type\":\"ListItem\",\"position\":3,\"name\":\"Z\u00e1ti\u0161ia zo zbierky Gal\u00e9rie Nedbalka\"}]},{\"@type\":\"WebSite\",\"@id\":\"https:\\\/\\\/www.nedbalka.sk\\\/#website\",\"url\":\"https:\\\/\\\/www.nedbalka.sk\\\/\",\"name\":\"Nedbalka\",\"description\":\"\u0164a\u017eisko zbierky Gal\u00e9rie Nedbalka spo\u010d\u00edva v slovenskej ma\u013ebe 20. storo\u010dia, ale s\u00fa v nej zast\u00fapen\u00e9 aj socha a grafika. Gal\u00e9ria diela prezentuje prostredn\u00edctvom st\u00e1lej expoz\u00edcie a kr\u00e1tkodob\u00fdch v\u00fdstav.\",\"potentialAction\":[{\"@type\":\"SearchAction\",\"target\":{\"@type\":\"EntryPoint\",\"urlTemplate\":\"https:\\\/\\\/www.nedbalka.sk\\\/?s={search_term_string}\"},\"query-input\":{\"@type\":\"PropertyValueSpecification\",\"valueRequired\":true,\"valueName\":\"search_term_string\"}}],\"inLanguage\":\"de\"}]}<\/script>\n<!-- \/ Yoast SEO plugin. -->","yoast_head_json":{"title":"Z\u00e1ti\u0161ia zo zbierky Gal\u00e9rie Nedbalka | Nedbalka","robots":{"index":"index","follow":"follow","max-snippet":"max-snippet:-1","max-image-preview":"max-image-preview:large","max-video-preview":"max-video-preview:-1"},"canonical":"https:\/\/www.nedbalka.sk\/product\/zatisia-zo-zbierky-galerie-nedbalka\/","og_locale":"de_DE","og_type":"article","og_title":"Z\u00e1ti\u0161ia zo zbierky Gal\u00e9rie Nedbalka | Nedbalka","og_description":"Z\u00a0liter\u00e1rnych prame\u0148ov sa dozved\u00e1me, \u017ee hist\u00f3ria z\u00e1ti\u0161ia siaha a\u017e do antick\u00e9ho Gr\u00e9cka. Na jeho ozna\u010denie sa pou\u017e\u00edvali v\u00fdrazy rhypografia alebo rhopografia, ktor\u00e9 znamenali drobnos\u0165, pri\u010dom druh\u00fd spom\u00ednan\u00fd v\u00fdraz mal aj zosmie\u0161\u0148uj\u00face konot\u00e1cie. V\u00a0porovnan\u00ed s\u00a0ostatn\u00fdmi \u017e\u00e1nrami bolo z\u00e1ti\u0161ie dlh\u00fd \u010das pova\u017eovan\u00e9 za menejcenn\u00e9 s\u00a0od\u00f4vodnen\u00edm, \u017ee vy\u017eaduje ,,iba\u201c technick\u00fa zru\u010dnos\u0165 a\u00a0\u010dasto sk\u013azava a\u017e k\u00a0dekorativizmu. Z\u00e1ti\u0161ie v\u0161ak napriek tomu poskytuje umelcovi ve\u013ek\u00fa slobodu, preto\u017ee nad v\u0161etk\u00fdm, \u010do chce zobrazi\u0165, m\u00e1 pln\u00fa kontrolu. Predmety si m\u00f4\u017ee usporiada\u0165 a\u00a0osvetli\u0165 ako len chce a\u00a0navy\u0161e jeho dielo nie je z\u00e1visl\u00e9 od trpezlivosti zobrazovanej osoby. Aj ke\u010f sa n\u00e1m na prv\u00fd poh\u013ead m\u00f4\u017ee zda\u0165, \u017ee z\u00e1ti\u0161ie m\u00e1 \u010disto opisn\u00fd charakter, odr\u00e1\u017ea sa v\u00a0\u0148om aj soci\u00e1lny a\u00a0historick\u00fd kontext a\u00a0umelci prostredn\u00edctvom neho rie\u0161ili aj duchovn\u00e9 probl\u00e9my. V\u00a0tomto pr\u00edpade nadob\u00fadaj\u00fa z\u00e1ti\u0161ia symbolick\u00fd rozmer. N\u00e1zov: \u00a0Z\u00e1ti\u0161ia \/ Still Lifes Autor: Alexandra Ko\u010di\u0161kov\u00e1 V\u00e4zba: m\u00e4kk\u00e1 ISBN: 978-80-89784-25-7 D\u00e1tum vydania 5\/2023 Vydavate\u013e: Gal\u00e9ria Nedbalka Hmotnos\u0165:\u00a0\u00a0280 g Rozmery:\u00a0 230mm x 280mm x 4mm \u017d\u00e1ner : katal\u00f3g k v\u00fdstave Po\u010det str\u00e1n: 47 Jazyk: slovensk\u00fd + anglick\u00fd","og_url":"https:\/\/www.nedbalka.sk\/product\/zatisia-zo-zbierky-galerie-nedbalka\/","og_site_name":"Nedbalka","article_modified_time":"2024-06-05T13:50:48+00:00","og_image":[{"width":1916,"height":2560,"url":"https:\/\/www.nedbalka.sk\/wp-content\/uploads\/Unknown-1-10-scaled.jpeg","type":"image\/jpeg"}],"twitter_card":"summary_large_image","twitter_misc":{"Gesch\u00e4tzte Lesezeit":"2\u00a0Minuten"},"schema":{"@context":"https:\/\/schema.org","@graph":[{"@type":"WebPage","@id":"https:\/\/www.nedbalka.sk\/product\/zatisia-zo-zbierky-galerie-nedbalka\/","url":"https:\/\/www.nedbalka.sk\/product\/zatisia-zo-zbierky-galerie-nedbalka\/","name":"Z\u00e1ti\u0161ia zo zbierky Gal\u00e9rie Nedbalka | Nedbalka","isPartOf":{"@id":"https:\/\/www.nedbalka.sk\/#website"},"primaryImageOfPage":{"@id":"https:\/\/www.nedbalka.sk\/product\/zatisia-zo-zbierky-galerie-nedbalka\/#primaryimage"},"image":{"@id":"https:\/\/www.nedbalka.sk\/product\/zatisia-zo-zbierky-galerie-nedbalka\/#primaryimage"},"thumbnailUrl":"https:\/\/www.nedbalka.sk\/wp-content\/uploads\/Unknown-1-10-scaled.jpeg","datePublished":"2024-06-05T13:18:36+00:00","dateModified":"2024-06-05T13:50:48+00:00","breadcrumb":{"@id":"https:\/\/www.nedbalka.sk\/product\/zatisia-zo-zbierky-galerie-nedbalka\/#breadcrumb"},"inLanguage":"de","potentialAction":[{"@type":"ReadAction","target":["https:\/\/www.nedbalka.sk\/product\/zatisia-zo-zbierky-galerie-nedbalka\/"]}]},{"@type":"ImageObject","inLanguage":"de","@id":"https:\/\/www.nedbalka.sk\/product\/zatisia-zo-zbierky-galerie-nedbalka\/#primaryimage","url":"https:\/\/www.nedbalka.sk\/wp-content\/uploads\/Unknown-1-10-scaled.jpeg","contentUrl":"https:\/\/www.nedbalka.sk\/wp-content\/uploads\/Unknown-1-10-scaled.jpeg","width":1916,"height":2560},{"@type":"BreadcrumbList","@id":"https:\/\/www.nedbalka.sk\/product\/zatisia-zo-zbierky-galerie-nedbalka\/#breadcrumb","itemListElement":[{"@type":"ListItem","position":1,"name":"Home","item":"https:\/\/www.nedbalka.sk\/de\/"},{"@type":"ListItem","position":2,"name":"E-shop","item":"https:\/\/www.nedbalka.sk\/e-shop\/"},{"@type":"ListItem","position":3,"name":"Z\u00e1ti\u0161ia zo zbierky Gal\u00e9rie Nedbalka"}]},{"@type":"WebSite","@id":"https:\/\/www.nedbalka.sk\/#website","url":"https:\/\/www.nedbalka.sk\/","name":"Nedbalka","description":"\u0164a\u017eisko zbierky Gal\u00e9rie Nedbalka spo\u010d\u00edva v slovenskej ma\u013ebe 20. storo\u010dia, ale s\u00fa v nej zast\u00fapen\u00e9 aj socha a grafika. Gal\u00e9ria diela prezentuje prostredn\u00edctvom st\u00e1lej expoz\u00edcie a kr\u00e1tkodob\u00fdch v\u00fdstav.","potentialAction":[{"@type":"SearchAction","target":{"@type":"EntryPoint","urlTemplate":"https:\/\/www.nedbalka.sk\/?s={search_term_string}"},"query-input":{"@type":"PropertyValueSpecification","valueRequired":true,"valueName":"search_term_string"}}],"inLanguage":"de"}]}},"_links":{"self":[{"href":"https:\/\/www.nedbalka.sk\/de\/wp-json\/wp\/v2\/product\/7882","targetHints":{"allow":["GET"]}}],"collection":[{"href":"https:\/\/www.nedbalka.sk\/de\/wp-json\/wp\/v2\/product"}],"about":[{"href":"https:\/\/www.nedbalka.sk\/de\/wp-json\/wp\/v2\/types\/product"}],"wp:featuredmedia":[{"embeddable":true,"href":"https:\/\/www.nedbalka.sk\/de\/wp-json\/wp\/v2\/media\/7883"}],"wp:attachment":[{"href":"https:\/\/www.nedbalka.sk\/de\/wp-json\/wp\/v2\/media?parent=7882"}],"curies":[{"name":"wp","href":"https:\/\/api.w.org\/{rel}","templated":true}]}}