{"id":7878,"date":"2024-06-05T15:15:02","date_gmt":"2024-06-05T13:15:02","guid":{"rendered":"https:\/\/www.nedbalka.sk\/?post_type=product&#038;p=7878"},"modified":"2024-06-05T15:52:19","modified_gmt":"2024-06-05T13:52:19","slug":"erik-binder-vizualny-punk","status":"publish","type":"product","link":"https:\/\/www.nedbalka.sk\/de\/product\/erik-binder-vizualny-punk\/","title":{"rendered":"Erik Binder &#8211; Vizu\u00e1lny punk"},"content":{"rendered":"<p>Erik Binder bol v\u00fdznamn\u00fd slovensk\u00fd vizu\u00e1lny umelec, ktor\u00fd p\u00f4sobil na v\u00fdtvarnej sc\u00e9ne tri desa\u0165ro\u010dia a\u017e do svojej pred\u010dasnej smrti v j\u00fani 2023. Svojou tvorbou sa zaradil k najv\u00fdznamnej\u0161\u00edm predstavite\u013eom strednej gener\u00e1cie autorov s\u00fa\u010dasnej umeleckej sc\u00e9ny. Realizoval sa v r\u00f4znych sf\u00e9rach vizu\u00e1lneho umenia. Poznali sme ho ako maliara, performera \u010di tvorcu in\u0161tal\u00e1ci\u00ed. Binder patril medzi najv\u00fdraznej\u0161ie osobnosti s\u00fa\u010dasnej nielen slovenskej, ale aj stredoeur\u00f3pskej v\u00fdtvarnej sc\u00e9ny. Svojou tvorbou sa zap\u00edsal do povedomia odbornej i laickej verejnosti a prezentoval ju na mnoh\u00fdch v\u00fdstav\u00e1ch doma i v zahrani\u010d\u00ed.<\/p>\n<p>Autor: Alexandra Ko\u010di\u0161kov\u00e1<\/p>\n<p>V\u00e4zba: tvrd\u00e1<\/p>\n<p>ISBN: 978-80-89784-27-1<\/p>\n<p>D\u00e1tum vydania 05\/2024<\/p>\n<p>Vydavate\u013e: Gal\u00e9ria Nedbalka<\/p>\n<p>Hmotnos\u0165:\u00a0400\u00a0g<\/p>\n<p>Rozmery:\u00a0232mm x 285mm x 10mm<\/p>\n<p>Po\u010det str\u00e1n: 63<\/p>\n<p>Jazyk: slovensk\u00fd + anglick\u00fd<\/p>\n","protected":false},"excerpt":{"rendered":"<p>Erik Binder bol v\u00fdznamn\u00fd slovensk\u00fd vizu\u00e1lny umelec, ktor\u00fd p\u00f4sobil na v\u00fdtvarnej sc\u00e9ne tri desa\u0165ro\u010dia a\u017e do svojej pred\u010dasnej smrti v j\u00fani 2023. Svojou tvorbou sa zaradil k najv\u00fdznamnej\u0161\u00edm predstavite\u013eom strednej gener\u00e1cie autorov s\u00fa\u010dasnej umeleckej sc\u00e9ny. Realizoval sa v r\u00f4znych sf\u00e9rach vizu\u00e1lneho umenia. Poznali sme ho ako maliara, performera \u010di tvorcu in\u0161tal\u00e1ci\u00ed. Binder patril medzi najv\u00fdraznej\u0161ie osobnosti s\u00fa\u010dasnej nielen slovenskej, ale aj stredoeur\u00f3pskej v\u00fdtvarnej sc\u00e9ny. Svojou tvorbou sa zap\u00edsal do povedomia odbornej i laickej verejnosti a prezentoval ju na mnoh\u00fdch v\u00fdstav\u00e1ch doma i v zahrani\u010d\u00ed.<\/p>\n<p style=\"font-weight: 400;\">Autor: Alexandra Ko\u010di\u0161kov\u00e1<\/p>\n<p style=\"font-weight: 400;\">V\u00e4zba: tvrd\u00e1<\/p>\n<p style=\"font-weight: 400;\">ISBN: 978-80-89784-27-1<\/p>\n<p style=\"font-weight: 400;\">D\u00e1tum vydania 05\/2024<\/p>\n<p style=\"font-weight: 400;\">Vydavate\u013e: Gal\u00e9ria Nedbalka<\/p>\n<p style=\"font-weight: 400;\">Hmotnos\u0165:\u00a0400\u00a0g<\/p>\n<p style=\"font-weight: 400;\">Rozmery:\u00a0232mm x 285mm x 10mm<\/p>\n<p style=\"font-weight: 400;\">Po\u010det str\u00e1n: 63<\/p>\n<p style=\"font-weight: 400;\">Jazyk: slovensk\u00fd + anglick\u00fd<\/p>\n","protected":false},"featured_media":7879,"template":"","meta":{"_acf_changed":false,"inline_featured_image":false},"class_list":{"0":"post-7878","1":"product","2":"type-product","3":"status-publish","4":"has-post-thumbnail","6":"product_cat-katalog","8":"first","9":"instock","10":"taxable","11":"shipping-taxable","12":"purchasable","13":"product-type-simple"},"acf":[],"yoast_head":"<!-- This site is optimized with the Yoast SEO plugin v27.4 - https:\/\/yoast.com\/product\/yoast-seo-wordpress\/ -->\n<title>Erik Binder - Vizu\u00e1lny punk | Nedbalka<\/title>\n<meta name=\"robots\" content=\"index, follow, max-snippet:-1, max-image-preview:large, max-video-preview:-1\" \/>\n<link rel=\"canonical\" href=\"https:\/\/www.nedbalka.sk\/product\/erik-binder-vizualny-punk\/\" \/>\n<meta property=\"og:locale\" content=\"de_DE\" \/>\n<meta property=\"og:type\" content=\"article\" \/>\n<meta property=\"og:title\" content=\"Erik Binder - Vizu\u00e1lny punk | Nedbalka\" \/>\n<meta property=\"og:description\" content=\"Erik Binder bol v\u00fdznamn\u00fd slovensk\u00fd vizu\u00e1lny umelec, ktor\u00fd p\u00f4sobil na v\u00fdtvarnej sc\u00e9ne tri desa\u0165ro\u010dia a\u017e do svojej pred\u010dasnej smrti v j\u00fani 2023. Svojou tvorbou sa zaradil k najv\u00fdznamnej\u0161\u00edm predstavite\u013eom strednej gener\u00e1cie autorov s\u00fa\u010dasnej umeleckej sc\u00e9ny. Realizoval sa v r\u00f4znych sf\u00e9rach vizu\u00e1lneho umenia. Poznali sme ho ako maliara, performera \u010di tvorcu in\u0161tal\u00e1ci\u00ed. Binder patril medzi najv\u00fdraznej\u0161ie osobnosti s\u00fa\u010dasnej nielen slovenskej, ale aj stredoeur\u00f3pskej v\u00fdtvarnej sc\u00e9ny. Svojou tvorbou sa zap\u00edsal do povedomia odbornej i laickej verejnosti a prezentoval ju na mnoh\u00fdch v\u00fdstav\u00e1ch doma i v zahrani\u010d\u00ed. Autor: Alexandra Ko\u010di\u0161kov\u00e1 V\u00e4zba: tvrd\u00e1 ISBN: 978-80-89784-27-1 D\u00e1tum vydania 05\/2024 Vydavate\u013e: Gal\u00e9ria Nedbalka Hmotnos\u0165:\u00a0400\u00a0g Rozmery:\u00a0232mm x 285mm x 10mm Po\u010det str\u00e1n: 63 Jazyk: slovensk\u00fd + anglick\u00fd\" \/>\n<meta property=\"og:url\" content=\"https:\/\/www.nedbalka.sk\/product\/erik-binder-vizualny-punk\/\" \/>\n<meta property=\"og:site_name\" content=\"Nedbalka\" \/>\n<meta property=\"article:modified_time\" content=\"2024-06-05T13:52:19+00:00\" \/>\n<meta property=\"og:image\" content=\"https:\/\/www.nedbalka.sk\/wp-content\/uploads\/Unknown-2-5-scaled.jpeg\" \/>\n\t<meta property=\"og:image:width\" content=\"1916\" \/>\n\t<meta property=\"og:image:height\" content=\"2560\" \/>\n\t<meta property=\"og:image:type\" content=\"image\/jpeg\" \/>\n<meta name=\"twitter:card\" content=\"summary_large_image\" \/>\n<meta name=\"twitter:label1\" content=\"Gesch\u00e4tzte Lesezeit\" \/>\n\t<meta name=\"twitter:data1\" content=\"1\u00a0Minute\" \/>\n<script type=\"application\/ld+json\" class=\"yoast-schema-graph\">{\"@context\":\"https:\\\/\\\/schema.org\",\"@graph\":[{\"@type\":\"WebPage\",\"@id\":\"https:\\\/\\\/www.nedbalka.sk\\\/product\\\/erik-binder-vizualny-punk\\\/\",\"url\":\"https:\\\/\\\/www.nedbalka.sk\\\/product\\\/erik-binder-vizualny-punk\\\/\",\"name\":\"Erik Binder - Vizu\u00e1lny punk | Nedbalka\",\"isPartOf\":{\"@id\":\"https:\\\/\\\/www.nedbalka.sk\\\/#website\"},\"primaryImageOfPage\":{\"@id\":\"https:\\\/\\\/www.nedbalka.sk\\\/product\\\/erik-binder-vizualny-punk\\\/#primaryimage\"},\"image\":{\"@id\":\"https:\\\/\\\/www.nedbalka.sk\\\/product\\\/erik-binder-vizualny-punk\\\/#primaryimage\"},\"thumbnailUrl\":\"https:\\\/\\\/www.nedbalka.sk\\\/wp-content\\\/uploads\\\/Unknown-2-5-scaled.jpeg\",\"datePublished\":\"2024-06-05T13:15:02+00:00\",\"dateModified\":\"2024-06-05T13:52:19+00:00\",\"breadcrumb\":{\"@id\":\"https:\\\/\\\/www.nedbalka.sk\\\/product\\\/erik-binder-vizualny-punk\\\/#breadcrumb\"},\"inLanguage\":\"de\",\"potentialAction\":[{\"@type\":\"ReadAction\",\"target\":[\"https:\\\/\\\/www.nedbalka.sk\\\/product\\\/erik-binder-vizualny-punk\\\/\"]}]},{\"@type\":\"ImageObject\",\"inLanguage\":\"de\",\"@id\":\"https:\\\/\\\/www.nedbalka.sk\\\/product\\\/erik-binder-vizualny-punk\\\/#primaryimage\",\"url\":\"https:\\\/\\\/www.nedbalka.sk\\\/wp-content\\\/uploads\\\/Unknown-2-5-scaled.jpeg\",\"contentUrl\":\"https:\\\/\\\/www.nedbalka.sk\\\/wp-content\\\/uploads\\\/Unknown-2-5-scaled.jpeg\",\"width\":1916,\"height\":2560,\"caption\":\"Erik Binder\"},{\"@type\":\"BreadcrumbList\",\"@id\":\"https:\\\/\\\/www.nedbalka.sk\\\/product\\\/erik-binder-vizualny-punk\\\/#breadcrumb\",\"itemListElement\":[{\"@type\":\"ListItem\",\"position\":1,\"name\":\"Home\",\"item\":\"https:\\\/\\\/www.nedbalka.sk\\\/de\\\/\"},{\"@type\":\"ListItem\",\"position\":2,\"name\":\"E-shop\",\"item\":\"https:\\\/\\\/www.nedbalka.sk\\\/e-shop\\\/\"},{\"@type\":\"ListItem\",\"position\":3,\"name\":\"Erik Binder &#8211; Vizu\u00e1lny punk\"}]},{\"@type\":\"WebSite\",\"@id\":\"https:\\\/\\\/www.nedbalka.sk\\\/#website\",\"url\":\"https:\\\/\\\/www.nedbalka.sk\\\/\",\"name\":\"Nedbalka\",\"description\":\"\u0164a\u017eisko zbierky Gal\u00e9rie Nedbalka spo\u010d\u00edva v slovenskej ma\u013ebe 20. storo\u010dia, ale s\u00fa v nej zast\u00fapen\u00e9 aj socha a grafika. Gal\u00e9ria diela prezentuje prostredn\u00edctvom st\u00e1lej expoz\u00edcie a kr\u00e1tkodob\u00fdch v\u00fdstav.\",\"potentialAction\":[{\"@type\":\"SearchAction\",\"target\":{\"@type\":\"EntryPoint\",\"urlTemplate\":\"https:\\\/\\\/www.nedbalka.sk\\\/?s={search_term_string}\"},\"query-input\":{\"@type\":\"PropertyValueSpecification\",\"valueRequired\":true,\"valueName\":\"search_term_string\"}}],\"inLanguage\":\"de\"}]}<\/script>\n<!-- \/ Yoast SEO plugin. -->","yoast_head_json":{"title":"Erik Binder - Vizu\u00e1lny punk | Nedbalka","robots":{"index":"index","follow":"follow","max-snippet":"max-snippet:-1","max-image-preview":"max-image-preview:large","max-video-preview":"max-video-preview:-1"},"canonical":"https:\/\/www.nedbalka.sk\/product\/erik-binder-vizualny-punk\/","og_locale":"de_DE","og_type":"article","og_title":"Erik Binder - Vizu\u00e1lny punk | Nedbalka","og_description":"Erik Binder bol v\u00fdznamn\u00fd slovensk\u00fd vizu\u00e1lny umelec, ktor\u00fd p\u00f4sobil na v\u00fdtvarnej sc\u00e9ne tri desa\u0165ro\u010dia a\u017e do svojej pred\u010dasnej smrti v j\u00fani 2023. Svojou tvorbou sa zaradil k najv\u00fdznamnej\u0161\u00edm predstavite\u013eom strednej gener\u00e1cie autorov s\u00fa\u010dasnej umeleckej sc\u00e9ny. Realizoval sa v r\u00f4znych sf\u00e9rach vizu\u00e1lneho umenia. Poznali sme ho ako maliara, performera \u010di tvorcu in\u0161tal\u00e1ci\u00ed. Binder patril medzi najv\u00fdraznej\u0161ie osobnosti s\u00fa\u010dasnej nielen slovenskej, ale aj stredoeur\u00f3pskej v\u00fdtvarnej sc\u00e9ny. Svojou tvorbou sa zap\u00edsal do povedomia odbornej i laickej verejnosti a prezentoval ju na mnoh\u00fdch v\u00fdstav\u00e1ch doma i v zahrani\u010d\u00ed. Autor: Alexandra Ko\u010di\u0161kov\u00e1 V\u00e4zba: tvrd\u00e1 ISBN: 978-80-89784-27-1 D\u00e1tum vydania 05\/2024 Vydavate\u013e: Gal\u00e9ria Nedbalka Hmotnos\u0165:\u00a0400\u00a0g Rozmery:\u00a0232mm x 285mm x 10mm Po\u010det str\u00e1n: 63 Jazyk: slovensk\u00fd + anglick\u00fd","og_url":"https:\/\/www.nedbalka.sk\/product\/erik-binder-vizualny-punk\/","og_site_name":"Nedbalka","article_modified_time":"2024-06-05T13:52:19+00:00","og_image":[{"width":1916,"height":2560,"url":"https:\/\/www.nedbalka.sk\/wp-content\/uploads\/Unknown-2-5-scaled.jpeg","type":"image\/jpeg"}],"twitter_card":"summary_large_image","twitter_misc":{"Gesch\u00e4tzte Lesezeit":"1\u00a0Minute"},"schema":{"@context":"https:\/\/schema.org","@graph":[{"@type":"WebPage","@id":"https:\/\/www.nedbalka.sk\/product\/erik-binder-vizualny-punk\/","url":"https:\/\/www.nedbalka.sk\/product\/erik-binder-vizualny-punk\/","name":"Erik Binder - Vizu\u00e1lny punk | Nedbalka","isPartOf":{"@id":"https:\/\/www.nedbalka.sk\/#website"},"primaryImageOfPage":{"@id":"https:\/\/www.nedbalka.sk\/product\/erik-binder-vizualny-punk\/#primaryimage"},"image":{"@id":"https:\/\/www.nedbalka.sk\/product\/erik-binder-vizualny-punk\/#primaryimage"},"thumbnailUrl":"https:\/\/www.nedbalka.sk\/wp-content\/uploads\/Unknown-2-5-scaled.jpeg","datePublished":"2024-06-05T13:15:02+00:00","dateModified":"2024-06-05T13:52:19+00:00","breadcrumb":{"@id":"https:\/\/www.nedbalka.sk\/product\/erik-binder-vizualny-punk\/#breadcrumb"},"inLanguage":"de","potentialAction":[{"@type":"ReadAction","target":["https:\/\/www.nedbalka.sk\/product\/erik-binder-vizualny-punk\/"]}]},{"@type":"ImageObject","inLanguage":"de","@id":"https:\/\/www.nedbalka.sk\/product\/erik-binder-vizualny-punk\/#primaryimage","url":"https:\/\/www.nedbalka.sk\/wp-content\/uploads\/Unknown-2-5-scaled.jpeg","contentUrl":"https:\/\/www.nedbalka.sk\/wp-content\/uploads\/Unknown-2-5-scaled.jpeg","width":1916,"height":2560,"caption":"Erik Binder"},{"@type":"BreadcrumbList","@id":"https:\/\/www.nedbalka.sk\/product\/erik-binder-vizualny-punk\/#breadcrumb","itemListElement":[{"@type":"ListItem","position":1,"name":"Home","item":"https:\/\/www.nedbalka.sk\/de\/"},{"@type":"ListItem","position":2,"name":"E-shop","item":"https:\/\/www.nedbalka.sk\/e-shop\/"},{"@type":"ListItem","position":3,"name":"Erik Binder &#8211; Vizu\u00e1lny punk"}]},{"@type":"WebSite","@id":"https:\/\/www.nedbalka.sk\/#website","url":"https:\/\/www.nedbalka.sk\/","name":"Nedbalka","description":"\u0164a\u017eisko zbierky Gal\u00e9rie Nedbalka spo\u010d\u00edva v slovenskej ma\u013ebe 20. storo\u010dia, ale s\u00fa v nej zast\u00fapen\u00e9 aj socha a grafika. Gal\u00e9ria diela prezentuje prostredn\u00edctvom st\u00e1lej expoz\u00edcie a kr\u00e1tkodob\u00fdch v\u00fdstav.","potentialAction":[{"@type":"SearchAction","target":{"@type":"EntryPoint","urlTemplate":"https:\/\/www.nedbalka.sk\/?s={search_term_string}"},"query-input":{"@type":"PropertyValueSpecification","valueRequired":true,"valueName":"search_term_string"}}],"inLanguage":"de"}]}},"_links":{"self":[{"href":"https:\/\/www.nedbalka.sk\/de\/wp-json\/wp\/v2\/product\/7878","targetHints":{"allow":["GET"]}}],"collection":[{"href":"https:\/\/www.nedbalka.sk\/de\/wp-json\/wp\/v2\/product"}],"about":[{"href":"https:\/\/www.nedbalka.sk\/de\/wp-json\/wp\/v2\/types\/product"}],"wp:featuredmedia":[{"embeddable":true,"href":"https:\/\/www.nedbalka.sk\/de\/wp-json\/wp\/v2\/media\/7879"}],"wp:attachment":[{"href":"https:\/\/www.nedbalka.sk\/de\/wp-json\/wp\/v2\/media?parent=7878"}],"curies":[{"name":"wp","href":"https:\/\/api.w.org\/{rel}","templated":true}]}}