{"id":7664,"date":"2024-02-01T11:52:12","date_gmt":"2024-02-01T10:52:12","guid":{"rendered":"https:\/\/www.nedbalka.sk\/?post_type=product&#038;p=7664"},"modified":"2024-02-01T11:54:27","modified_gmt":"2024-02-01T10:54:27","slug":"m-a-bazovsky-slovenska-vizaualna-balada","status":"publish","type":"product","link":"https:\/\/www.nedbalka.sk\/de\/product\/m-a-bazovsky-slovenska-vizaualna-balada\/","title":{"rendered":"M.A. Bazovsk\u00fd &#8211; Slovensk\u00e1 viz\u00e1u\u00e1lna balada"},"content":{"rendered":"<p>Milo\u0161 Alexander Bazovsk\u00fd sa narodil 11. janu\u00e1ra 1899 v\u00a0Turanoch nad V\u00e1hom do u\u010dite\u013eskej rodiny. Rodn\u00e9 prostredie nesk\u00f4r v\u00fdznamne ovplyvnilo jeho tvorbu. Umeleck\u00e9 vzdelanie z\u00edskal Bazovsk\u00fd v Pe\u0161ti a\u00a0nesk\u00f4r v\u00a0Prahe, v\u00fdznamnom centre kult\u00farneho a\u00a0umeleck\u00e9ho diania, kde sa v\u00a0tom \u010dase stret\u00e1vali umelci a\u00a0filozofi z\u00a0celej Eur\u00f3py. Absolvoval viacer\u00e9 \u0161tudijn\u00e9 cesty, ktor\u00e9 ho nesmierne obohatili, ale v\u017edy sa r\u00e1d vracal domov. Rodn\u00e1 zem bola pre\u0148ho celo\u017eivotnou in\u0161pir\u00e1ciou. Cestoval po Slovensku a\u00a0spozn\u00e1val jeho obyvate\u013eov, ich radosti i\u00a0strasti. Po\u010das ciest vytvoril mno\u017estvo kresieb, pastelov \u010di fotografi\u00ed, ktor\u00e9 nesk\u00f4r pou\u017eil ako \u0161t\u00fadie. Pre nadobudnut\u00e9 poznatky h\u013eadal jedine\u010dn\u00fd v\u00fdraz, form\u00e1lne ovplyvnen\u00fd nielen modernou, ale napr\u00edklad aj africk\u00fdm, azt\u00e9ckym \u010di egyptsk\u00fdm umen\u00edm. Alfou a\u00a0omegou mu v\u0161ak bol napriek tomu spont\u00e1nny maliarsky akt podnieten\u00fd emocion\u00e1lnym z\u00e1\u017eitkom zo skuto\u010dnosti.<\/p>\n","protected":false},"excerpt":{"rendered":"<p>Milo\u0161 Alexander Bazovsk\u00fd sa narodil 11. janu\u00e1ra 1899 v\u00a0Turanoch nad V\u00e1hom do u\u010dite\u013eskej rodiny. Rodn\u00e9 prostredie nesk\u00f4r v\u00fdznamne ovplyvnilo jeho tvorbu. Umeleck\u00e9 vzdelanie z\u00edskal Bazovsk\u00fd v Pe\u0161ti a\u00a0nesk\u00f4r v\u00a0Prahe, v\u00fdznamnom centre kult\u00farneho a\u00a0umeleck\u00e9ho diania, kde sa v\u00a0tom \u010dase stret\u00e1vali umelci a\u00a0filozofi z\u00a0celej Eur\u00f3py. Absolvoval viacer\u00e9 \u0161tudijn\u00e9 cesty, ktor\u00e9 ho nesmierne obohatili, ale v\u017edy sa r\u00e1d vracal domov. Rodn\u00e1 zem bola pre\u0148ho celo\u017eivotnou in\u0161pir\u00e1ciou. Cestoval po Slovensku a\u00a0spozn\u00e1val jeho obyvate\u013eov, ich radosti i\u00a0strasti. Po\u010das ciest vytvoril mno\u017estvo kresieb, pastelov \u010di fotografi\u00ed, ktor\u00e9 nesk\u00f4r pou\u017eil ako \u0161t\u00fadie. Pre nadobudnut\u00e9 poznatky h\u013eadal jedine\u010dn\u00fd v\u00fdraz, form\u00e1lne ovplyvnen\u00fd nielen modernou, ale napr\u00edklad aj africk\u00fdm, azt\u00e9ckym \u010di egyptsk\u00fdm umen\u00edm. Alfou a\u00a0omegou mu v\u0161ak bol napriek tomu spont\u00e1nny maliarsky akt podnieten\u00fd emocion\u00e1lnym z\u00e1\u017eitkom zo skuto\u010dnosti.<\/p>\n","protected":false},"featured_media":7665,"template":"","meta":{"_acf_changed":false,"inline_featured_image":false},"class_list":{"0":"post-7664","1":"product","2":"type-product","3":"status-publish","4":"has-post-thumbnail","6":"product_cat-katalog","8":"first","9":"instock","10":"taxable","11":"shipping-taxable","12":"purchasable","13":"product-type-simple"},"acf":[],"yoast_head":"<!-- This site is optimized with the Yoast SEO plugin v27.4 - https:\/\/yoast.com\/product\/yoast-seo-wordpress\/ -->\n<title>M.A. Bazovsk\u00fd - Slovensk\u00e1 viz\u00e1u\u00e1lna balada | Nedbalka<\/title>\n<meta name=\"robots\" content=\"index, follow, max-snippet:-1, max-image-preview:large, max-video-preview:-1\" \/>\n<link rel=\"canonical\" href=\"https:\/\/www.nedbalka.sk\/product\/m-a-bazovsky-slovenska-vizaualna-balada\/\" \/>\n<meta property=\"og:locale\" content=\"de_DE\" \/>\n<meta property=\"og:type\" content=\"article\" \/>\n<meta property=\"og:title\" content=\"M.A. Bazovsk\u00fd - Slovensk\u00e1 viz\u00e1u\u00e1lna balada | Nedbalka\" \/>\n<meta property=\"og:description\" content=\"Milo\u0161 Alexander Bazovsk\u00fd sa narodil 11. janu\u00e1ra 1899 v\u00a0Turanoch nad V\u00e1hom do u\u010dite\u013eskej rodiny. Rodn\u00e9 prostredie nesk\u00f4r v\u00fdznamne ovplyvnilo jeho tvorbu. Umeleck\u00e9 vzdelanie z\u00edskal Bazovsk\u00fd v Pe\u0161ti a\u00a0nesk\u00f4r v\u00a0Prahe, v\u00fdznamnom centre kult\u00farneho a\u00a0umeleck\u00e9ho diania, kde sa v\u00a0tom \u010dase stret\u00e1vali umelci a\u00a0filozofi z\u00a0celej Eur\u00f3py. Absolvoval viacer\u00e9 \u0161tudijn\u00e9 cesty, ktor\u00e9 ho nesmierne obohatili, ale v\u017edy sa r\u00e1d vracal domov. Rodn\u00e1 zem bola pre\u0148ho celo\u017eivotnou in\u0161pir\u00e1ciou. Cestoval po Slovensku a\u00a0spozn\u00e1val jeho obyvate\u013eov, ich radosti i\u00a0strasti. Po\u010das ciest vytvoril mno\u017estvo kresieb, pastelov \u010di fotografi\u00ed, ktor\u00e9 nesk\u00f4r pou\u017eil ako \u0161t\u00fadie. Pre nadobudnut\u00e9 poznatky h\u013eadal jedine\u010dn\u00fd v\u00fdraz, form\u00e1lne ovplyvnen\u00fd nielen modernou, ale napr\u00edklad aj africk\u00fdm, azt\u00e9ckym \u010di egyptsk\u00fdm umen\u00edm. Alfou a\u00a0omegou mu v\u0161ak bol napriek tomu spont\u00e1nny maliarsky akt podnieten\u00fd emocion\u00e1lnym z\u00e1\u017eitkom zo skuto\u010dnosti.\" \/>\n<meta property=\"og:url\" content=\"https:\/\/www.nedbalka.sk\/product\/m-a-bazovsky-slovenska-vizaualna-balada\/\" \/>\n<meta property=\"og:site_name\" content=\"Nedbalka\" \/>\n<meta property=\"article:modified_time\" content=\"2024-02-01T10:54:27+00:00\" \/>\n<meta property=\"og:image\" content=\"https:\/\/www.nedbalka.sk\/wp-content\/uploads\/Unknown-20-scaled.jpeg\" \/>\n\t<meta property=\"og:image:width\" content=\"1916\" \/>\n\t<meta property=\"og:image:height\" content=\"2560\" \/>\n\t<meta property=\"og:image:type\" content=\"image\/jpeg\" \/>\n<meta name=\"twitter:card\" content=\"summary_large_image\" \/>\n<meta name=\"twitter:label1\" content=\"Gesch\u00e4tzte Lesezeit\" \/>\n\t<meta name=\"twitter:data1\" content=\"1\u00a0Minute\" \/>\n<script type=\"application\/ld+json\" class=\"yoast-schema-graph\">{\"@context\":\"https:\\\/\\\/schema.org\",\"@graph\":[{\"@type\":\"WebPage\",\"@id\":\"https:\\\/\\\/www.nedbalka.sk\\\/product\\\/m-a-bazovsky-slovenska-vizaualna-balada\\\/\",\"url\":\"https:\\\/\\\/www.nedbalka.sk\\\/product\\\/m-a-bazovsky-slovenska-vizaualna-balada\\\/\",\"name\":\"M.A. Bazovsk\u00fd - Slovensk\u00e1 viz\u00e1u\u00e1lna balada | Nedbalka\",\"isPartOf\":{\"@id\":\"https:\\\/\\\/www.nedbalka.sk\\\/#website\"},\"primaryImageOfPage\":{\"@id\":\"https:\\\/\\\/www.nedbalka.sk\\\/product\\\/m-a-bazovsky-slovenska-vizaualna-balada\\\/#primaryimage\"},\"image\":{\"@id\":\"https:\\\/\\\/www.nedbalka.sk\\\/product\\\/m-a-bazovsky-slovenska-vizaualna-balada\\\/#primaryimage\"},\"thumbnailUrl\":\"https:\\\/\\\/www.nedbalka.sk\\\/wp-content\\\/uploads\\\/Unknown-20-scaled.jpeg\",\"datePublished\":\"2024-02-01T10:52:12+00:00\",\"dateModified\":\"2024-02-01T10:54:27+00:00\",\"breadcrumb\":{\"@id\":\"https:\\\/\\\/www.nedbalka.sk\\\/product\\\/m-a-bazovsky-slovenska-vizaualna-balada\\\/#breadcrumb\"},\"inLanguage\":\"de\",\"potentialAction\":[{\"@type\":\"ReadAction\",\"target\":[\"https:\\\/\\\/www.nedbalka.sk\\\/product\\\/m-a-bazovsky-slovenska-vizaualna-balada\\\/\"]}]},{\"@type\":\"ImageObject\",\"inLanguage\":\"de\",\"@id\":\"https:\\\/\\\/www.nedbalka.sk\\\/product\\\/m-a-bazovsky-slovenska-vizaualna-balada\\\/#primaryimage\",\"url\":\"https:\\\/\\\/www.nedbalka.sk\\\/wp-content\\\/uploads\\\/Unknown-20-scaled.jpeg\",\"contentUrl\":\"https:\\\/\\\/www.nedbalka.sk\\\/wp-content\\\/uploads\\\/Unknown-20-scaled.jpeg\",\"width\":1916,\"height\":2560,\"caption\":\"M.A. Bazovsk\u00fd\"},{\"@type\":\"BreadcrumbList\",\"@id\":\"https:\\\/\\\/www.nedbalka.sk\\\/product\\\/m-a-bazovsky-slovenska-vizaualna-balada\\\/#breadcrumb\",\"itemListElement\":[{\"@type\":\"ListItem\",\"position\":1,\"name\":\"Home\",\"item\":\"https:\\\/\\\/www.nedbalka.sk\\\/de\\\/\"},{\"@type\":\"ListItem\",\"position\":2,\"name\":\"E-shop\",\"item\":\"https:\\\/\\\/www.nedbalka.sk\\\/e-shop\\\/\"},{\"@type\":\"ListItem\",\"position\":3,\"name\":\"M.A. Bazovsk\u00fd &#8211; Slovensk\u00e1 viz\u00e1u\u00e1lna balada\"}]},{\"@type\":\"WebSite\",\"@id\":\"https:\\\/\\\/www.nedbalka.sk\\\/#website\",\"url\":\"https:\\\/\\\/www.nedbalka.sk\\\/\",\"name\":\"Nedbalka\",\"description\":\"\u0164a\u017eisko zbierky Gal\u00e9rie Nedbalka spo\u010d\u00edva v slovenskej ma\u013ebe 20. storo\u010dia, ale s\u00fa v nej zast\u00fapen\u00e9 aj socha a grafika. Gal\u00e9ria diela prezentuje prostredn\u00edctvom st\u00e1lej expoz\u00edcie a kr\u00e1tkodob\u00fdch v\u00fdstav.\",\"potentialAction\":[{\"@type\":\"SearchAction\",\"target\":{\"@type\":\"EntryPoint\",\"urlTemplate\":\"https:\\\/\\\/www.nedbalka.sk\\\/?s={search_term_string}\"},\"query-input\":{\"@type\":\"PropertyValueSpecification\",\"valueRequired\":true,\"valueName\":\"search_term_string\"}}],\"inLanguage\":\"de\"}]}<\/script>\n<!-- \/ Yoast SEO plugin. -->","yoast_head_json":{"title":"M.A. Bazovsk\u00fd - Slovensk\u00e1 viz\u00e1u\u00e1lna balada | Nedbalka","robots":{"index":"index","follow":"follow","max-snippet":"max-snippet:-1","max-image-preview":"max-image-preview:large","max-video-preview":"max-video-preview:-1"},"canonical":"https:\/\/www.nedbalka.sk\/product\/m-a-bazovsky-slovenska-vizaualna-balada\/","og_locale":"de_DE","og_type":"article","og_title":"M.A. Bazovsk\u00fd - Slovensk\u00e1 viz\u00e1u\u00e1lna balada | Nedbalka","og_description":"Milo\u0161 Alexander Bazovsk\u00fd sa narodil 11. janu\u00e1ra 1899 v\u00a0Turanoch nad V\u00e1hom do u\u010dite\u013eskej rodiny. Rodn\u00e9 prostredie nesk\u00f4r v\u00fdznamne ovplyvnilo jeho tvorbu. Umeleck\u00e9 vzdelanie z\u00edskal Bazovsk\u00fd v Pe\u0161ti a\u00a0nesk\u00f4r v\u00a0Prahe, v\u00fdznamnom centre kult\u00farneho a\u00a0umeleck\u00e9ho diania, kde sa v\u00a0tom \u010dase stret\u00e1vali umelci a\u00a0filozofi z\u00a0celej Eur\u00f3py. Absolvoval viacer\u00e9 \u0161tudijn\u00e9 cesty, ktor\u00e9 ho nesmierne obohatili, ale v\u017edy sa r\u00e1d vracal domov. Rodn\u00e1 zem bola pre\u0148ho celo\u017eivotnou in\u0161pir\u00e1ciou. Cestoval po Slovensku a\u00a0spozn\u00e1val jeho obyvate\u013eov, ich radosti i\u00a0strasti. Po\u010das ciest vytvoril mno\u017estvo kresieb, pastelov \u010di fotografi\u00ed, ktor\u00e9 nesk\u00f4r pou\u017eil ako \u0161t\u00fadie. Pre nadobudnut\u00e9 poznatky h\u013eadal jedine\u010dn\u00fd v\u00fdraz, form\u00e1lne ovplyvnen\u00fd nielen modernou, ale napr\u00edklad aj africk\u00fdm, azt\u00e9ckym \u010di egyptsk\u00fdm umen\u00edm. Alfou a\u00a0omegou mu v\u0161ak bol napriek tomu spont\u00e1nny maliarsky akt podnieten\u00fd emocion\u00e1lnym z\u00e1\u017eitkom zo skuto\u010dnosti.","og_url":"https:\/\/www.nedbalka.sk\/product\/m-a-bazovsky-slovenska-vizaualna-balada\/","og_site_name":"Nedbalka","article_modified_time":"2024-02-01T10:54:27+00:00","og_image":[{"width":1916,"height":2560,"url":"https:\/\/www.nedbalka.sk\/wp-content\/uploads\/Unknown-20-scaled.jpeg","type":"image\/jpeg"}],"twitter_card":"summary_large_image","twitter_misc":{"Gesch\u00e4tzte Lesezeit":"1\u00a0Minute"},"schema":{"@context":"https:\/\/schema.org","@graph":[{"@type":"WebPage","@id":"https:\/\/www.nedbalka.sk\/product\/m-a-bazovsky-slovenska-vizaualna-balada\/","url":"https:\/\/www.nedbalka.sk\/product\/m-a-bazovsky-slovenska-vizaualna-balada\/","name":"M.A. Bazovsk\u00fd - Slovensk\u00e1 viz\u00e1u\u00e1lna balada | Nedbalka","isPartOf":{"@id":"https:\/\/www.nedbalka.sk\/#website"},"primaryImageOfPage":{"@id":"https:\/\/www.nedbalka.sk\/product\/m-a-bazovsky-slovenska-vizaualna-balada\/#primaryimage"},"image":{"@id":"https:\/\/www.nedbalka.sk\/product\/m-a-bazovsky-slovenska-vizaualna-balada\/#primaryimage"},"thumbnailUrl":"https:\/\/www.nedbalka.sk\/wp-content\/uploads\/Unknown-20-scaled.jpeg","datePublished":"2024-02-01T10:52:12+00:00","dateModified":"2024-02-01T10:54:27+00:00","breadcrumb":{"@id":"https:\/\/www.nedbalka.sk\/product\/m-a-bazovsky-slovenska-vizaualna-balada\/#breadcrumb"},"inLanguage":"de","potentialAction":[{"@type":"ReadAction","target":["https:\/\/www.nedbalka.sk\/product\/m-a-bazovsky-slovenska-vizaualna-balada\/"]}]},{"@type":"ImageObject","inLanguage":"de","@id":"https:\/\/www.nedbalka.sk\/product\/m-a-bazovsky-slovenska-vizaualna-balada\/#primaryimage","url":"https:\/\/www.nedbalka.sk\/wp-content\/uploads\/Unknown-20-scaled.jpeg","contentUrl":"https:\/\/www.nedbalka.sk\/wp-content\/uploads\/Unknown-20-scaled.jpeg","width":1916,"height":2560,"caption":"M.A. Bazovsk\u00fd"},{"@type":"BreadcrumbList","@id":"https:\/\/www.nedbalka.sk\/product\/m-a-bazovsky-slovenska-vizaualna-balada\/#breadcrumb","itemListElement":[{"@type":"ListItem","position":1,"name":"Home","item":"https:\/\/www.nedbalka.sk\/de\/"},{"@type":"ListItem","position":2,"name":"E-shop","item":"https:\/\/www.nedbalka.sk\/e-shop\/"},{"@type":"ListItem","position":3,"name":"M.A. Bazovsk\u00fd &#8211; Slovensk\u00e1 viz\u00e1u\u00e1lna balada"}]},{"@type":"WebSite","@id":"https:\/\/www.nedbalka.sk\/#website","url":"https:\/\/www.nedbalka.sk\/","name":"Nedbalka","description":"\u0164a\u017eisko zbierky Gal\u00e9rie Nedbalka spo\u010d\u00edva v slovenskej ma\u013ebe 20. storo\u010dia, ale s\u00fa v nej zast\u00fapen\u00e9 aj socha a grafika. Gal\u00e9ria diela prezentuje prostredn\u00edctvom st\u00e1lej expoz\u00edcie a kr\u00e1tkodob\u00fdch v\u00fdstav.","potentialAction":[{"@type":"SearchAction","target":{"@type":"EntryPoint","urlTemplate":"https:\/\/www.nedbalka.sk\/?s={search_term_string}"},"query-input":{"@type":"PropertyValueSpecification","valueRequired":true,"valueName":"search_term_string"}}],"inLanguage":"de"}]}},"_links":{"self":[{"href":"https:\/\/www.nedbalka.sk\/de\/wp-json\/wp\/v2\/product\/7664","targetHints":{"allow":["GET"]}}],"collection":[{"href":"https:\/\/www.nedbalka.sk\/de\/wp-json\/wp\/v2\/product"}],"about":[{"href":"https:\/\/www.nedbalka.sk\/de\/wp-json\/wp\/v2\/types\/product"}],"wp:featuredmedia":[{"embeddable":true,"href":"https:\/\/www.nedbalka.sk\/de\/wp-json\/wp\/v2\/media\/7665"}],"wp:attachment":[{"href":"https:\/\/www.nedbalka.sk\/de\/wp-json\/wp\/v2\/media?parent=7664"}],"curies":[{"name":"wp","href":"https:\/\/api.w.org\/{rel}","templated":true}]}}