{"id":6182,"date":"2022-05-13T12:03:47","date_gmt":"2022-05-13T10:03:47","guid":{"rendered":"https:\/\/www.nedbalka.sk\/?post_type=product&#038;p=6182"},"modified":"2022-05-13T12:16:34","modified_gmt":"2022-05-13T10:16:34","slug":"ludovit-fulla-fragmenty","status":"publish","type":"product","link":"https:\/\/www.nedbalka.sk\/de\/product\/ludovit-fulla-fragmenty\/","title":{"rendered":"\u013dudov\u00edt Fulla &#8211; Fragmenty"},"content":{"rendered":"","protected":false},"excerpt":{"rendered":"<p data-sr-id=\"15\">Koncepcia v\u00fdstavy i publik\u00e1cie, kde je zbierka spracovan\u00e1 cel\u00e1, je rozdelen\u00e1 do piatich \u010dast\u00ed \u2013 fragmentov: 1.<em>\u00a0Portr\u00e9ty<\/em>\u00a0<em>a\u00a0akty<\/em>, 2.<em>\u00a0Ma\u013eba,\u00a0<\/em>3.<em>\u00a0Kresba a\u00a0ilustr\u00e1cia,\u00a0<\/em>4.<em>\u00a0Grafika,\u00a0<\/em>5.<em>\u00a0N\u00e1vrhy pre architekt\u00faru<\/em>. Kur\u00e1torka v\u00fdstavy Katar\u00edna Bajcurov\u00e1, autorka poslednej ve\u013ekej monografie o\u00a0\u013dudov\u00edtovi Fullovi (Bratislava: Slovart a\u00a0Petrus, 2009), jednotliv\u00e9 diela a\u00a0skupiny diel interpretuje a\u00a0pri interpret\u00e1cii jednotliv\u00fdch \u201efragmentov\u201c prin\u00e1\u0161a nov\u00e9 poznatky, ktor\u00e9 sa objavili za ostatn\u00fdch desa\u0165 rokov. Kniha (katal\u00f3g) s\u00a0koment\u00e1rmi ku konkr\u00e9tnym dielam je koncipovan\u00e1 ako svojho druhu \u201erukov\u00e4\u0165\u201c pre zberate\u013eov. V\u00fdstava aj kniha s\u00fa ur\u010den\u00e9 v\u0161etk\u00fdm z\u00e1ujemcom o Fullovo umenie, ktor\u00fdch pote\u0161ia jeho majstrovsk\u00e9 diela a\u00a0z\u00e1rove\u0148 sa chc\u00fa dozvedie\u0165 nie\u010do viac o\u00a0jeho \u201emali\u010dkostiach\u201c, \u00fakrokoch \u010di \u201erefr\u00e9noch\u201c sprev\u00e1dzaj\u00facich a\u00a0charakteristicky dotv\u00e1raj\u00facich \u201ehlavn\u00fa mel\u00f3diu\u201c jeho tvorby.<\/p>\n<p><strong>Publik\u00e1cia: \u013dudov\u00edt Fulla &#8211; Framenty \/ Fragments; <\/strong>autorka textov: Katar\u00edna Bajcurov\u00e1; po\u010det str\u00e1n: 120; v\u00e4zba: pevn\u00e1; rok vydania: 2022.<\/p>\n","protected":false},"featured_media":6183,"template":"","meta":{"_acf_changed":false,"inline_featured_image":false},"class_list":{"0":"post-6182","1":"product","2":"type-product","3":"status-publish","4":"has-post-thumbnail","6":"product_cat-katalog","8":"first","9":"instock","10":"taxable","11":"shipping-taxable","12":"purchasable","13":"product-type-simple"},"acf":[],"yoast_head":"<!-- This site is optimized with the Yoast SEO plugin v27.4 - https:\/\/yoast.com\/product\/yoast-seo-wordpress\/ -->\n<title>\u013dudov\u00edt Fulla - Fragmenty | Nedbalka<\/title>\n<meta name=\"robots\" content=\"index, follow, max-snippet:-1, max-image-preview:large, max-video-preview:-1\" \/>\n<link rel=\"canonical\" href=\"https:\/\/www.nedbalka.sk\/en\/product\/ludovit-fulla-fragmenty\/\" \/>\n<meta property=\"og:locale\" content=\"de_DE\" \/>\n<meta property=\"og:type\" content=\"article\" \/>\n<meta property=\"og:title\" content=\"\u013dudov\u00edt Fulla - Fragmenty | Nedbalka\" \/>\n<meta property=\"og:description\" content=\"Koncepcia v\u00fdstavy i publik\u00e1cie, kde je zbierka spracovan\u00e1 cel\u00e1, je rozdelen\u00e1 do piatich \u010dast\u00ed \u2013 fragmentov: 1.\u00a0Portr\u00e9ty\u00a0a\u00a0akty, 2.\u00a0Ma\u013eba,\u00a03.\u00a0Kresba a\u00a0ilustr\u00e1cia,\u00a04.\u00a0Grafika,\u00a05.\u00a0N\u00e1vrhy pre architekt\u00faru. Kur\u00e1torka v\u00fdstavy Katar\u00edna Bajcurov\u00e1, autorka poslednej ve\u013ekej monografie o\u00a0\u013dudov\u00edtovi Fullovi (Bratislava: Slovart a\u00a0Petrus, 2009), jednotliv\u00e9 diela a\u00a0skupiny diel interpretuje a\u00a0pri interpret\u00e1cii jednotliv\u00fdch \u201efragmentov\u201c prin\u00e1\u0161a nov\u00e9 poznatky, ktor\u00e9 sa objavili za ostatn\u00fdch desa\u0165 rokov. Kniha (katal\u00f3g) s\u00a0koment\u00e1rmi ku konkr\u00e9tnym dielam je koncipovan\u00e1 ako svojho druhu \u201erukov\u00e4\u0165\u201c pre zberate\u013eov. V\u00fdstava aj kniha s\u00fa ur\u010den\u00e9 v\u0161etk\u00fdm z\u00e1ujemcom o Fullovo umenie, ktor\u00fdch pote\u0161ia jeho majstrovsk\u00e9 diela a\u00a0z\u00e1rove\u0148 sa chc\u00fa dozvedie\u0165 nie\u010do viac o\u00a0jeho \u201emali\u010dkostiach\u201c, \u00fakrokoch \u010di \u201erefr\u00e9noch\u201c sprev\u00e1dzaj\u00facich a\u00a0charakteristicky dotv\u00e1raj\u00facich \u201ehlavn\u00fa mel\u00f3diu\u201c jeho tvorby. Publik\u00e1cia: \u013dudov\u00edt Fulla - Framenty \/ Fragments; autorka textov: Katar\u00edna Bajcurov\u00e1; po\u010det str\u00e1n: 120; v\u00e4zba: pevn\u00e1; rok vydania: 2022.\" \/>\n<meta property=\"og:url\" content=\"https:\/\/www.nedbalka.sk\/en\/product\/ludovit-fulla-fragmenty\/\" \/>\n<meta property=\"og:site_name\" content=\"Nedbalka\" \/>\n<meta property=\"article:modified_time\" content=\"2022-05-13T10:16:34+00:00\" \/>\n<meta property=\"og:image\" content=\"https:\/\/www.nedbalka.sk\/wp-content\/uploads\/nedbalka-publikacie-mockup-final.png\" \/>\n\t<meta property=\"og:image:width\" content=\"865\" \/>\n\t<meta property=\"og:image:height\" content=\"1156\" \/>\n\t<meta property=\"og:image:type\" content=\"image\/png\" \/>\n<meta name=\"twitter:card\" content=\"summary_large_image\" \/>\n<script type=\"application\/ld+json\" class=\"yoast-schema-graph\">{\"@context\":\"https:\\\/\\\/schema.org\",\"@graph\":[{\"@type\":\"WebPage\",\"@id\":\"https:\\\/\\\/www.nedbalka.sk\\\/en\\\/product\\\/ludovit-fulla-fragmenty\\\/\",\"url\":\"https:\\\/\\\/www.nedbalka.sk\\\/en\\\/product\\\/ludovit-fulla-fragmenty\\\/\",\"name\":\"\u013dudov\u00edt Fulla - Fragmenty | Nedbalka\",\"isPartOf\":{\"@id\":\"https:\\\/\\\/www.nedbalka.sk\\\/#website\"},\"primaryImageOfPage\":{\"@id\":\"https:\\\/\\\/www.nedbalka.sk\\\/en\\\/product\\\/ludovit-fulla-fragmenty\\\/#primaryimage\"},\"image\":{\"@id\":\"https:\\\/\\\/www.nedbalka.sk\\\/en\\\/product\\\/ludovit-fulla-fragmenty\\\/#primaryimage\"},\"thumbnailUrl\":\"https:\\\/\\\/www.nedbalka.sk\\\/wp-content\\\/uploads\\\/nedbalka-publikacie-mockup-final.png\",\"datePublished\":\"2022-05-13T10:03:47+00:00\",\"dateModified\":\"2022-05-13T10:16:34+00:00\",\"breadcrumb\":{\"@id\":\"https:\\\/\\\/www.nedbalka.sk\\\/en\\\/product\\\/ludovit-fulla-fragmenty\\\/#breadcrumb\"},\"inLanguage\":\"de\",\"potentialAction\":[{\"@type\":\"ReadAction\",\"target\":[\"https:\\\/\\\/www.nedbalka.sk\\\/en\\\/product\\\/ludovit-fulla-fragmenty\\\/\"]}]},{\"@type\":\"ImageObject\",\"inLanguage\":\"de\",\"@id\":\"https:\\\/\\\/www.nedbalka.sk\\\/en\\\/product\\\/ludovit-fulla-fragmenty\\\/#primaryimage\",\"url\":\"https:\\\/\\\/www.nedbalka.sk\\\/wp-content\\\/uploads\\\/nedbalka-publikacie-mockup-final.png\",\"contentUrl\":\"https:\\\/\\\/www.nedbalka.sk\\\/wp-content\\\/uploads\\\/nedbalka-publikacie-mockup-final.png\",\"width\":865,\"height\":1156,\"caption\":\"Fulla kniha\"},{\"@type\":\"BreadcrumbList\",\"@id\":\"https:\\\/\\\/www.nedbalka.sk\\\/en\\\/product\\\/ludovit-fulla-fragmenty\\\/#breadcrumb\",\"itemListElement\":[{\"@type\":\"ListItem\",\"position\":1,\"name\":\"Home\",\"item\":\"https:\\\/\\\/www.nedbalka.sk\\\/de\\\/\"},{\"@type\":\"ListItem\",\"position\":2,\"name\":\"E-shop\",\"item\":\"https:\\\/\\\/www.nedbalka.sk\\\/e-shop\\\/\"},{\"@type\":\"ListItem\",\"position\":3,\"name\":\"\u013dudov\u00edt Fulla &#8211; Fragmenty\"}]},{\"@type\":\"WebSite\",\"@id\":\"https:\\\/\\\/www.nedbalka.sk\\\/#website\",\"url\":\"https:\\\/\\\/www.nedbalka.sk\\\/\",\"name\":\"Nedbalka\",\"description\":\"\u0164a\u017eisko zbierky Gal\u00e9rie Nedbalka spo\u010d\u00edva v slovenskej ma\u013ebe 20. storo\u010dia, ale s\u00fa v nej zast\u00fapen\u00e9 aj socha a grafika. Gal\u00e9ria diela prezentuje prostredn\u00edctvom st\u00e1lej expoz\u00edcie a kr\u00e1tkodob\u00fdch v\u00fdstav.\",\"potentialAction\":[{\"@type\":\"SearchAction\",\"target\":{\"@type\":\"EntryPoint\",\"urlTemplate\":\"https:\\\/\\\/www.nedbalka.sk\\\/?s={search_term_string}\"},\"query-input\":{\"@type\":\"PropertyValueSpecification\",\"valueRequired\":true,\"valueName\":\"search_term_string\"}}],\"inLanguage\":\"de\"}]}<\/script>\n<!-- \/ Yoast SEO plugin. -->","yoast_head_json":{"title":"\u013dudov\u00edt Fulla - Fragmenty | Nedbalka","robots":{"index":"index","follow":"follow","max-snippet":"max-snippet:-1","max-image-preview":"max-image-preview:large","max-video-preview":"max-video-preview:-1"},"canonical":"https:\/\/www.nedbalka.sk\/en\/product\/ludovit-fulla-fragmenty\/","og_locale":"de_DE","og_type":"article","og_title":"\u013dudov\u00edt Fulla - Fragmenty | Nedbalka","og_description":"Koncepcia v\u00fdstavy i publik\u00e1cie, kde je zbierka spracovan\u00e1 cel\u00e1, je rozdelen\u00e1 do piatich \u010dast\u00ed \u2013 fragmentov: 1.\u00a0Portr\u00e9ty\u00a0a\u00a0akty, 2.\u00a0Ma\u013eba,\u00a03.\u00a0Kresba a\u00a0ilustr\u00e1cia,\u00a04.\u00a0Grafika,\u00a05.\u00a0N\u00e1vrhy pre architekt\u00faru. Kur\u00e1torka v\u00fdstavy Katar\u00edna Bajcurov\u00e1, autorka poslednej ve\u013ekej monografie o\u00a0\u013dudov\u00edtovi Fullovi (Bratislava: Slovart a\u00a0Petrus, 2009), jednotliv\u00e9 diela a\u00a0skupiny diel interpretuje a\u00a0pri interpret\u00e1cii jednotliv\u00fdch \u201efragmentov\u201c prin\u00e1\u0161a nov\u00e9 poznatky, ktor\u00e9 sa objavili za ostatn\u00fdch desa\u0165 rokov. Kniha (katal\u00f3g) s\u00a0koment\u00e1rmi ku konkr\u00e9tnym dielam je koncipovan\u00e1 ako svojho druhu \u201erukov\u00e4\u0165\u201c pre zberate\u013eov. V\u00fdstava aj kniha s\u00fa ur\u010den\u00e9 v\u0161etk\u00fdm z\u00e1ujemcom o Fullovo umenie, ktor\u00fdch pote\u0161ia jeho majstrovsk\u00e9 diela a\u00a0z\u00e1rove\u0148 sa chc\u00fa dozvedie\u0165 nie\u010do viac o\u00a0jeho \u201emali\u010dkostiach\u201c, \u00fakrokoch \u010di \u201erefr\u00e9noch\u201c sprev\u00e1dzaj\u00facich a\u00a0charakteristicky dotv\u00e1raj\u00facich \u201ehlavn\u00fa mel\u00f3diu\u201c jeho tvorby. Publik\u00e1cia: \u013dudov\u00edt Fulla - Framenty \/ Fragments; autorka textov: Katar\u00edna Bajcurov\u00e1; po\u010det str\u00e1n: 120; v\u00e4zba: pevn\u00e1; rok vydania: 2022.","og_url":"https:\/\/www.nedbalka.sk\/en\/product\/ludovit-fulla-fragmenty\/","og_site_name":"Nedbalka","article_modified_time":"2022-05-13T10:16:34+00:00","og_image":[{"width":865,"height":1156,"url":"https:\/\/www.nedbalka.sk\/wp-content\/uploads\/nedbalka-publikacie-mockup-final.png","type":"image\/png"}],"twitter_card":"summary_large_image","schema":{"@context":"https:\/\/schema.org","@graph":[{"@type":"WebPage","@id":"https:\/\/www.nedbalka.sk\/en\/product\/ludovit-fulla-fragmenty\/","url":"https:\/\/www.nedbalka.sk\/en\/product\/ludovit-fulla-fragmenty\/","name":"\u013dudov\u00edt Fulla - Fragmenty | Nedbalka","isPartOf":{"@id":"https:\/\/www.nedbalka.sk\/#website"},"primaryImageOfPage":{"@id":"https:\/\/www.nedbalka.sk\/en\/product\/ludovit-fulla-fragmenty\/#primaryimage"},"image":{"@id":"https:\/\/www.nedbalka.sk\/en\/product\/ludovit-fulla-fragmenty\/#primaryimage"},"thumbnailUrl":"https:\/\/www.nedbalka.sk\/wp-content\/uploads\/nedbalka-publikacie-mockup-final.png","datePublished":"2022-05-13T10:03:47+00:00","dateModified":"2022-05-13T10:16:34+00:00","breadcrumb":{"@id":"https:\/\/www.nedbalka.sk\/en\/product\/ludovit-fulla-fragmenty\/#breadcrumb"},"inLanguage":"de","potentialAction":[{"@type":"ReadAction","target":["https:\/\/www.nedbalka.sk\/en\/product\/ludovit-fulla-fragmenty\/"]}]},{"@type":"ImageObject","inLanguage":"de","@id":"https:\/\/www.nedbalka.sk\/en\/product\/ludovit-fulla-fragmenty\/#primaryimage","url":"https:\/\/www.nedbalka.sk\/wp-content\/uploads\/nedbalka-publikacie-mockup-final.png","contentUrl":"https:\/\/www.nedbalka.sk\/wp-content\/uploads\/nedbalka-publikacie-mockup-final.png","width":865,"height":1156,"caption":"Fulla kniha"},{"@type":"BreadcrumbList","@id":"https:\/\/www.nedbalka.sk\/en\/product\/ludovit-fulla-fragmenty\/#breadcrumb","itemListElement":[{"@type":"ListItem","position":1,"name":"Home","item":"https:\/\/www.nedbalka.sk\/de\/"},{"@type":"ListItem","position":2,"name":"E-shop","item":"https:\/\/www.nedbalka.sk\/e-shop\/"},{"@type":"ListItem","position":3,"name":"\u013dudov\u00edt Fulla &#8211; Fragmenty"}]},{"@type":"WebSite","@id":"https:\/\/www.nedbalka.sk\/#website","url":"https:\/\/www.nedbalka.sk\/","name":"Nedbalka","description":"\u0164a\u017eisko zbierky Gal\u00e9rie Nedbalka spo\u010d\u00edva v slovenskej ma\u013ebe 20. storo\u010dia, ale s\u00fa v nej zast\u00fapen\u00e9 aj socha a grafika. Gal\u00e9ria diela prezentuje prostredn\u00edctvom st\u00e1lej expoz\u00edcie a kr\u00e1tkodob\u00fdch v\u00fdstav.","potentialAction":[{"@type":"SearchAction","target":{"@type":"EntryPoint","urlTemplate":"https:\/\/www.nedbalka.sk\/?s={search_term_string}"},"query-input":{"@type":"PropertyValueSpecification","valueRequired":true,"valueName":"search_term_string"}}],"inLanguage":"de"}]}},"_links":{"self":[{"href":"https:\/\/www.nedbalka.sk\/de\/wp-json\/wp\/v2\/product\/6182","targetHints":{"allow":["GET"]}}],"collection":[{"href":"https:\/\/www.nedbalka.sk\/de\/wp-json\/wp\/v2\/product"}],"about":[{"href":"https:\/\/www.nedbalka.sk\/de\/wp-json\/wp\/v2\/types\/product"}],"wp:featuredmedia":[{"embeddable":true,"href":"https:\/\/www.nedbalka.sk\/de\/wp-json\/wp\/v2\/media\/6183"}],"wp:attachment":[{"href":"https:\/\/www.nedbalka.sk\/de\/wp-json\/wp\/v2\/media?parent=6182"}],"curies":[{"name":"wp","href":"https:\/\/api.w.org\/{rel}","templated":true}]}}