{"id":5883,"date":"2021-11-10T12:04:19","date_gmt":"2021-11-10T11:04:19","guid":{"rendered":"https:\/\/www.nedbalka.sk\/?post_type=product&#038;p=5883"},"modified":"2022-02-09T13:51:12","modified_gmt":"2022-02-09T12:51:12","slug":"magical-moments","status":"publish","type":"product","link":"https:\/\/www.nedbalka.sk\/de\/product\/magical-moments\/","title":{"rendered":"Magical Moments"},"content":{"rendered":"","protected":false},"excerpt":{"rendered":"<p>V\u00fdstava fotografi\u00ed\u00a0<strong>Petra Pa\u0161ka, Pala Luku, Petra Ni\u017e\u0148ansk\u00e9ho a\u00a0Jula Nagya<\/strong>, nazvan\u00e1 Magical Moments, zachyt\u00e1va ich fotografick\u00e9 cesty po takmer v\u0161etk\u00fdch kontinentoch, ktor\u00e9 absolvovali v rokoch 2006 a\u017e 2016. V\u00a0ka\u017edej krajine str\u00e1vili nieko\u013eko t\u00fd\u017ed\u0148ov a\u00a0v\u0161etko podria\u010fovali tomu, aby urobili \u010do najlep\u0161ie z\u00e1bery. Na v\u00fdstave si m\u00f4\u017eete pozrie\u0165 ve\u013ekoform\u00e1tov\u00e9 krajinn\u00e9 fotky, ktor\u00e9 \u010dasto zachyt\u00e1vaj\u00fa pekn\u00e9 miesta v dramatick\u00fdch sveteln\u00fdch podmienkach, ako aj momentky zo \u017eivota v\u00a0r\u00f4znych k\u00fatoch sveta.<\/p>\n","protected":false},"featured_media":6044,"template":"","meta":{"_acf_changed":false,"inline_featured_image":false},"class_list":{"0":"post-5883","1":"product","2":"type-product","3":"status-publish","4":"has-post-thumbnail","6":"product_cat-katalog","8":"first","9":"instock","10":"taxable","11":"shipping-taxable","12":"purchasable","13":"product-type-simple"},"acf":[],"yoast_head":"<!-- This site is optimized with the Yoast SEO plugin v27.4 - https:\/\/yoast.com\/product\/yoast-seo-wordpress\/ -->\n<title>Magical Moments | Nedbalka<\/title>\n<meta name=\"robots\" content=\"index, follow, max-snippet:-1, max-image-preview:large, max-video-preview:-1\" \/>\n<link rel=\"canonical\" href=\"https:\/\/www.nedbalka.sk\/en\/product\/magical-moments\/\" \/>\n<meta property=\"og:locale\" content=\"de_DE\" \/>\n<meta property=\"og:type\" content=\"article\" \/>\n<meta property=\"og:title\" content=\"Magical Moments | Nedbalka\" \/>\n<meta property=\"og:description\" content=\"V\u00fdstava fotografi\u00ed\u00a0Petra Pa\u0161ka, Pala Luku, Petra Ni\u017e\u0148ansk\u00e9ho a\u00a0Jula Nagya, nazvan\u00e1 Magical Moments, zachyt\u00e1va ich fotografick\u00e9 cesty po takmer v\u0161etk\u00fdch kontinentoch, ktor\u00e9 absolvovali v rokoch 2006 a\u017e 2016. V\u00a0ka\u017edej krajine str\u00e1vili nieko\u013eko t\u00fd\u017ed\u0148ov a\u00a0v\u0161etko podria\u010fovali tomu, aby urobili \u010do najlep\u0161ie z\u00e1bery. Na v\u00fdstave si m\u00f4\u017eete pozrie\u0165 ve\u013ekoform\u00e1tov\u00e9 krajinn\u00e9 fotky, ktor\u00e9 \u010dasto zachyt\u00e1vaj\u00fa pekn\u00e9 miesta v dramatick\u00fdch sveteln\u00fdch podmienkach, ako aj momentky zo \u017eivota v\u00a0r\u00f4znych k\u00fatoch sveta.\" \/>\n<meta property=\"og:url\" content=\"https:\/\/www.nedbalka.sk\/en\/product\/magical-moments\/\" \/>\n<meta property=\"og:site_name\" content=\"Nedbalka\" \/>\n<meta property=\"article:modified_time\" content=\"2022-02-09T12:51:12+00:00\" \/>\n<meta property=\"og:image\" content=\"https:\/\/www.nedbalka.sk\/wp-content\/uploads\/Unknown-1-5.jpeg\" \/>\n\t<meta property=\"og:image:width\" content=\"865\" \/>\n\t<meta property=\"og:image:height\" content=\"1156\" \/>\n\t<meta property=\"og:image:type\" content=\"image\/jpeg\" \/>\n<meta name=\"twitter:card\" content=\"summary_large_image\" \/>\n<script type=\"application\/ld+json\" class=\"yoast-schema-graph\">{\"@context\":\"https:\\\/\\\/schema.org\",\"@graph\":[{\"@type\":\"WebPage\",\"@id\":\"https:\\\/\\\/www.nedbalka.sk\\\/en\\\/product\\\/magical-moments\\\/\",\"url\":\"https:\\\/\\\/www.nedbalka.sk\\\/en\\\/product\\\/magical-moments\\\/\",\"name\":\"Magical Moments | Nedbalka\",\"isPartOf\":{\"@id\":\"https:\\\/\\\/www.nedbalka.sk\\\/#website\"},\"primaryImageOfPage\":{\"@id\":\"https:\\\/\\\/www.nedbalka.sk\\\/en\\\/product\\\/magical-moments\\\/#primaryimage\"},\"image\":{\"@id\":\"https:\\\/\\\/www.nedbalka.sk\\\/en\\\/product\\\/magical-moments\\\/#primaryimage\"},\"thumbnailUrl\":\"https:\\\/\\\/www.nedbalka.sk\\\/wp-content\\\/uploads\\\/Unknown-1-5.jpeg\",\"datePublished\":\"2021-11-10T11:04:19+00:00\",\"dateModified\":\"2022-02-09T12:51:12+00:00\",\"breadcrumb\":{\"@id\":\"https:\\\/\\\/www.nedbalka.sk\\\/en\\\/product\\\/magical-moments\\\/#breadcrumb\"},\"inLanguage\":\"de\",\"potentialAction\":[{\"@type\":\"ReadAction\",\"target\":[\"https:\\\/\\\/www.nedbalka.sk\\\/en\\\/product\\\/magical-moments\\\/\"]}]},{\"@type\":\"ImageObject\",\"inLanguage\":\"de\",\"@id\":\"https:\\\/\\\/www.nedbalka.sk\\\/en\\\/product\\\/magical-moments\\\/#primaryimage\",\"url\":\"https:\\\/\\\/www.nedbalka.sk\\\/wp-content\\\/uploads\\\/Unknown-1-5.jpeg\",\"contentUrl\":\"https:\\\/\\\/www.nedbalka.sk\\\/wp-content\\\/uploads\\\/Unknown-1-5.jpeg\",\"width\":865,\"height\":1156},{\"@type\":\"BreadcrumbList\",\"@id\":\"https:\\\/\\\/www.nedbalka.sk\\\/en\\\/product\\\/magical-moments\\\/#breadcrumb\",\"itemListElement\":[{\"@type\":\"ListItem\",\"position\":1,\"name\":\"Home\",\"item\":\"https:\\\/\\\/www.nedbalka.sk\\\/de\\\/\"},{\"@type\":\"ListItem\",\"position\":2,\"name\":\"E-shop\",\"item\":\"https:\\\/\\\/www.nedbalka.sk\\\/e-shop\\\/\"},{\"@type\":\"ListItem\",\"position\":3,\"name\":\"Magical Moments\"}]},{\"@type\":\"WebSite\",\"@id\":\"https:\\\/\\\/www.nedbalka.sk\\\/#website\",\"url\":\"https:\\\/\\\/www.nedbalka.sk\\\/\",\"name\":\"Nedbalka\",\"description\":\"\u0164a\u017eisko zbierky Gal\u00e9rie Nedbalka spo\u010d\u00edva v slovenskej ma\u013ebe 20. storo\u010dia, ale s\u00fa v nej zast\u00fapen\u00e9 aj socha a grafika. Gal\u00e9ria diela prezentuje prostredn\u00edctvom st\u00e1lej expoz\u00edcie a kr\u00e1tkodob\u00fdch v\u00fdstav.\",\"potentialAction\":[{\"@type\":\"SearchAction\",\"target\":{\"@type\":\"EntryPoint\",\"urlTemplate\":\"https:\\\/\\\/www.nedbalka.sk\\\/?s={search_term_string}\"},\"query-input\":{\"@type\":\"PropertyValueSpecification\",\"valueRequired\":true,\"valueName\":\"search_term_string\"}}],\"inLanguage\":\"de\"}]}<\/script>\n<!-- \/ Yoast SEO plugin. -->","yoast_head_json":{"title":"Magical Moments | Nedbalka","robots":{"index":"index","follow":"follow","max-snippet":"max-snippet:-1","max-image-preview":"max-image-preview:large","max-video-preview":"max-video-preview:-1"},"canonical":"https:\/\/www.nedbalka.sk\/en\/product\/magical-moments\/","og_locale":"de_DE","og_type":"article","og_title":"Magical Moments | Nedbalka","og_description":"V\u00fdstava fotografi\u00ed\u00a0Petra Pa\u0161ka, Pala Luku, Petra Ni\u017e\u0148ansk\u00e9ho a\u00a0Jula Nagya, nazvan\u00e1 Magical Moments, zachyt\u00e1va ich fotografick\u00e9 cesty po takmer v\u0161etk\u00fdch kontinentoch, ktor\u00e9 absolvovali v rokoch 2006 a\u017e 2016. V\u00a0ka\u017edej krajine str\u00e1vili nieko\u013eko t\u00fd\u017ed\u0148ov a\u00a0v\u0161etko podria\u010fovali tomu, aby urobili \u010do najlep\u0161ie z\u00e1bery. Na v\u00fdstave si m\u00f4\u017eete pozrie\u0165 ve\u013ekoform\u00e1tov\u00e9 krajinn\u00e9 fotky, ktor\u00e9 \u010dasto zachyt\u00e1vaj\u00fa pekn\u00e9 miesta v dramatick\u00fdch sveteln\u00fdch podmienkach, ako aj momentky zo \u017eivota v\u00a0r\u00f4znych k\u00fatoch sveta.","og_url":"https:\/\/www.nedbalka.sk\/en\/product\/magical-moments\/","og_site_name":"Nedbalka","article_modified_time":"2022-02-09T12:51:12+00:00","og_image":[{"width":865,"height":1156,"url":"https:\/\/www.nedbalka.sk\/wp-content\/uploads\/Unknown-1-5.jpeg","type":"image\/jpeg"}],"twitter_card":"summary_large_image","schema":{"@context":"https:\/\/schema.org","@graph":[{"@type":"WebPage","@id":"https:\/\/www.nedbalka.sk\/en\/product\/magical-moments\/","url":"https:\/\/www.nedbalka.sk\/en\/product\/magical-moments\/","name":"Magical Moments | Nedbalka","isPartOf":{"@id":"https:\/\/www.nedbalka.sk\/#website"},"primaryImageOfPage":{"@id":"https:\/\/www.nedbalka.sk\/en\/product\/magical-moments\/#primaryimage"},"image":{"@id":"https:\/\/www.nedbalka.sk\/en\/product\/magical-moments\/#primaryimage"},"thumbnailUrl":"https:\/\/www.nedbalka.sk\/wp-content\/uploads\/Unknown-1-5.jpeg","datePublished":"2021-11-10T11:04:19+00:00","dateModified":"2022-02-09T12:51:12+00:00","breadcrumb":{"@id":"https:\/\/www.nedbalka.sk\/en\/product\/magical-moments\/#breadcrumb"},"inLanguage":"de","potentialAction":[{"@type":"ReadAction","target":["https:\/\/www.nedbalka.sk\/en\/product\/magical-moments\/"]}]},{"@type":"ImageObject","inLanguage":"de","@id":"https:\/\/www.nedbalka.sk\/en\/product\/magical-moments\/#primaryimage","url":"https:\/\/www.nedbalka.sk\/wp-content\/uploads\/Unknown-1-5.jpeg","contentUrl":"https:\/\/www.nedbalka.sk\/wp-content\/uploads\/Unknown-1-5.jpeg","width":865,"height":1156},{"@type":"BreadcrumbList","@id":"https:\/\/www.nedbalka.sk\/en\/product\/magical-moments\/#breadcrumb","itemListElement":[{"@type":"ListItem","position":1,"name":"Home","item":"https:\/\/www.nedbalka.sk\/de\/"},{"@type":"ListItem","position":2,"name":"E-shop","item":"https:\/\/www.nedbalka.sk\/e-shop\/"},{"@type":"ListItem","position":3,"name":"Magical Moments"}]},{"@type":"WebSite","@id":"https:\/\/www.nedbalka.sk\/#website","url":"https:\/\/www.nedbalka.sk\/","name":"Nedbalka","description":"\u0164a\u017eisko zbierky Gal\u00e9rie Nedbalka spo\u010d\u00edva v slovenskej ma\u013ebe 20. storo\u010dia, ale s\u00fa v nej zast\u00fapen\u00e9 aj socha a grafika. Gal\u00e9ria diela prezentuje prostredn\u00edctvom st\u00e1lej expoz\u00edcie a kr\u00e1tkodob\u00fdch v\u00fdstav.","potentialAction":[{"@type":"SearchAction","target":{"@type":"EntryPoint","urlTemplate":"https:\/\/www.nedbalka.sk\/?s={search_term_string}"},"query-input":{"@type":"PropertyValueSpecification","valueRequired":true,"valueName":"search_term_string"}}],"inLanguage":"de"}]}},"_links":{"self":[{"href":"https:\/\/www.nedbalka.sk\/de\/wp-json\/wp\/v2\/product\/5883","targetHints":{"allow":["GET"]}}],"collection":[{"href":"https:\/\/www.nedbalka.sk\/de\/wp-json\/wp\/v2\/product"}],"about":[{"href":"https:\/\/www.nedbalka.sk\/de\/wp-json\/wp\/v2\/types\/product"}],"wp:featuredmedia":[{"embeddable":true,"href":"https:\/\/www.nedbalka.sk\/de\/wp-json\/wp\/v2\/media\/6044"}],"wp:attachment":[{"href":"https:\/\/www.nedbalka.sk\/de\/wp-json\/wp\/v2\/media?parent=5883"}],"curies":[{"name":"wp","href":"https:\/\/api.w.org\/{rel}","templated":true}]}}