{"id":5462,"date":"2020-12-08T15:01:03","date_gmt":"2020-12-08T14:01:03","guid":{"rendered":"https:\/\/www.nedbalka.sk\/?post_type=product&#038;p=5462"},"modified":"2021-04-10T09:53:18","modified_gmt":"2021-04-10T07:53:18","slug":"renata-marek-ormandik-havrany-busty-kytice","status":"publish","type":"product","link":"https:\/\/www.nedbalka.sk\/de\/product\/renata-marek-ormandik-havrany-busty-kytice\/","title":{"rendered":"Renata &#038; Marek Ormand\u00edk \u2013 Havrany, busty, kytice"},"content":{"rendered":"<p>T\u00e1to v\u00fdstava je v\u00fdsledkom spolo\u010dn\u00e9ho \u017eitia, bytia, sna\u017eenia a tvorenia Renaty a Mareka. Ma\u013eovania, h\u00e1\u010dkovania, kreslenia, \u0161trikovania, prem\u00fd\u0161\u013eania. In\u0161pirovania.<\/p>\n","protected":false},"excerpt":{"rendered":"<p class=\"p1\" data-sr-id=\"34\">\u201eKr\u00e1kaj\u00fa. Vrieskaj\u00fa. Fakt. Ako keby v sebe mali nejak\u00e9 motor\u010deky. Alebo senzory. V\u017edy ke\u010f tam potom nakuknem, tak sa mi zd\u00e1, \u017ee sa pohli. Museli sa presun\u00fa\u0165\u2026 A ten maliar tam furt chod\u00ed. St\u00e1le tam chod\u00ed premiest\u0148ova\u0165 tie obrazy, zo steny na stenu, ob\u010das prinesie nov\u00e9\u2026 Ale e\u0161te som ti chcela poveda\u0165. V tom kur\u00e1torskom texte bolo celkom vtipn\u00e9, \u017ee sa spom\u00ednalo, \u017ee t\u00ed umelci, man\u017eelia, \u017ee sa spoznali u\u017e ako deti na nejakom ma\u0161karnom plese. \u017de ona bola prezle\u010den\u00e1 za vt\u00e1ka. Biz\u00e1r. A on bol za kyticu. To mi pr\u00edde u\u017e \u00faplne ako vymyslen\u00e9.\u201c<\/p>\n<p data-sr-id=\"35\"><strong>Mi\u0161o Ormos<\/strong><\/p>\n<p data-sr-id=\"35\">Publik\u00e1cia: Renata &amp; Marek Ormand\u00edk \u2013 Havrany, busty, kytice, autor textov: Mi\u0161o Ormos; po\u010det str\u00e1n: 80; v\u00e4zba: m\u00e4kk\u00e1; rok vydania 2020.<\/p>\n","protected":false},"featured_media":5463,"template":"","meta":{"_acf_changed":false,"inline_featured_image":false},"class_list":{"0":"post-5462","1":"product","2":"type-product","3":"status-publish","4":"has-post-thumbnail","6":"product_cat-katalog","8":"first","9":"instock","10":"taxable","11":"shipping-taxable","12":"purchasable","13":"product-type-simple"},"acf":[],"yoast_head":"<!-- This site is optimized with the Yoast SEO plugin v27.4 - https:\/\/yoast.com\/product\/yoast-seo-wordpress\/ -->\n<title>Renata &amp; Marek Ormand\u00edk \u2013 Havrany, busty, kytice | Nedbalka<\/title>\n<meta name=\"robots\" content=\"index, follow, max-snippet:-1, max-image-preview:large, max-video-preview:-1\" \/>\n<link rel=\"canonical\" href=\"https:\/\/www.nedbalka.sk\/en\/product\/renata-marek-ormandik-havrany-busty-kytice\/\" \/>\n<meta property=\"og:locale\" content=\"de_DE\" \/>\n<meta property=\"og:type\" content=\"article\" \/>\n<meta property=\"og:title\" content=\"Renata &amp; Marek Ormand\u00edk \u2013 Havrany, busty, kytice | Nedbalka\" \/>\n<meta property=\"og:description\" content=\"\u201eKr\u00e1kaj\u00fa. Vrieskaj\u00fa. Fakt. Ako keby v sebe mali nejak\u00e9 motor\u010deky. Alebo senzory. V\u017edy ke\u010f tam potom nakuknem, tak sa mi zd\u00e1, \u017ee sa pohli. Museli sa presun\u00fa\u0165\u2026 A ten maliar tam furt chod\u00ed. St\u00e1le tam chod\u00ed premiest\u0148ova\u0165 tie obrazy, zo steny na stenu, ob\u010das prinesie nov\u00e9\u2026 Ale e\u0161te som ti chcela poveda\u0165. V tom kur\u00e1torskom texte bolo celkom vtipn\u00e9, \u017ee sa spom\u00ednalo, \u017ee t\u00ed umelci, man\u017eelia, \u017ee sa spoznali u\u017e ako deti na nejakom ma\u0161karnom plese. \u017de ona bola prezle\u010den\u00e1 za vt\u00e1ka. Biz\u00e1r. A on bol za kyticu. To mi pr\u00edde u\u017e \u00faplne ako vymyslen\u00e9.\u201c Mi\u0161o Ormos Publik\u00e1cia: Renata &amp; Marek Ormand\u00edk \u2013 Havrany, busty, kytice, autor textov: Mi\u0161o Ormos; po\u010det str\u00e1n: 80; v\u00e4zba: m\u00e4kk\u00e1; rok vydania 2020.\" \/>\n<meta property=\"og:url\" content=\"https:\/\/www.nedbalka.sk\/en\/product\/renata-marek-ormandik-havrany-busty-kytice\/\" \/>\n<meta property=\"og:site_name\" content=\"Nedbalka\" \/>\n<meta property=\"article:modified_time\" content=\"2021-04-10T07:53:18+00:00\" \/>\n<meta property=\"og:image\" content=\"https:\/\/www.nedbalka.sk\/wp-content\/uploads\/ormandik.jpg\" \/>\n\t<meta property=\"og:image:width\" content=\"865\" \/>\n\t<meta property=\"og:image:height\" content=\"1156\" \/>\n\t<meta property=\"og:image:type\" content=\"image\/jpeg\" \/>\n<meta name=\"twitter:card\" content=\"summary_large_image\" \/>\n<script type=\"application\/ld+json\" class=\"yoast-schema-graph\">{\"@context\":\"https:\\\/\\\/schema.org\",\"@graph\":[{\"@type\":\"WebPage\",\"@id\":\"https:\\\/\\\/www.nedbalka.sk\\\/en\\\/product\\\/renata-marek-ormandik-havrany-busty-kytice\\\/\",\"url\":\"https:\\\/\\\/www.nedbalka.sk\\\/en\\\/product\\\/renata-marek-ormandik-havrany-busty-kytice\\\/\",\"name\":\"Renata & Marek Ormand\u00edk \u2013 Havrany, busty, kytice | Nedbalka\",\"isPartOf\":{\"@id\":\"https:\\\/\\\/www.nedbalka.sk\\\/#website\"},\"primaryImageOfPage\":{\"@id\":\"https:\\\/\\\/www.nedbalka.sk\\\/en\\\/product\\\/renata-marek-ormandik-havrany-busty-kytice\\\/#primaryimage\"},\"image\":{\"@id\":\"https:\\\/\\\/www.nedbalka.sk\\\/en\\\/product\\\/renata-marek-ormandik-havrany-busty-kytice\\\/#primaryimage\"},\"thumbnailUrl\":\"https:\\\/\\\/www.nedbalka.sk\\\/wp-content\\\/uploads\\\/ormandik.jpg\",\"datePublished\":\"2020-12-08T14:01:03+00:00\",\"dateModified\":\"2021-04-10T07:53:18+00:00\",\"breadcrumb\":{\"@id\":\"https:\\\/\\\/www.nedbalka.sk\\\/en\\\/product\\\/renata-marek-ormandik-havrany-busty-kytice\\\/#breadcrumb\"},\"inLanguage\":\"de\",\"potentialAction\":[{\"@type\":\"ReadAction\",\"target\":[\"https:\\\/\\\/www.nedbalka.sk\\\/en\\\/product\\\/renata-marek-ormandik-havrany-busty-kytice\\\/\"]}]},{\"@type\":\"ImageObject\",\"inLanguage\":\"de\",\"@id\":\"https:\\\/\\\/www.nedbalka.sk\\\/en\\\/product\\\/renata-marek-ormandik-havrany-busty-kytice\\\/#primaryimage\",\"url\":\"https:\\\/\\\/www.nedbalka.sk\\\/wp-content\\\/uploads\\\/ormandik.jpg\",\"contentUrl\":\"https:\\\/\\\/www.nedbalka.sk\\\/wp-content\\\/uploads\\\/ormandik.jpg\",\"width\":865,\"height\":1156,\"caption\":\"ormandik\"},{\"@type\":\"BreadcrumbList\",\"@id\":\"https:\\\/\\\/www.nedbalka.sk\\\/en\\\/product\\\/renata-marek-ormandik-havrany-busty-kytice\\\/#breadcrumb\",\"itemListElement\":[{\"@type\":\"ListItem\",\"position\":1,\"name\":\"Home\",\"item\":\"https:\\\/\\\/www.nedbalka.sk\\\/de\\\/\"},{\"@type\":\"ListItem\",\"position\":2,\"name\":\"E-shop\",\"item\":\"https:\\\/\\\/www.nedbalka.sk\\\/e-shop\\\/\"},{\"@type\":\"ListItem\",\"position\":3,\"name\":\"Renata &#038; Marek Ormand\u00edk \u2013 Havrany, busty, kytice\"}]},{\"@type\":\"WebSite\",\"@id\":\"https:\\\/\\\/www.nedbalka.sk\\\/#website\",\"url\":\"https:\\\/\\\/www.nedbalka.sk\\\/\",\"name\":\"Nedbalka\",\"description\":\"\u0164a\u017eisko zbierky Gal\u00e9rie Nedbalka spo\u010d\u00edva v slovenskej ma\u013ebe 20. storo\u010dia, ale s\u00fa v nej zast\u00fapen\u00e9 aj socha a grafika. Gal\u00e9ria diela prezentuje prostredn\u00edctvom st\u00e1lej expoz\u00edcie a kr\u00e1tkodob\u00fdch v\u00fdstav.\",\"potentialAction\":[{\"@type\":\"SearchAction\",\"target\":{\"@type\":\"EntryPoint\",\"urlTemplate\":\"https:\\\/\\\/www.nedbalka.sk\\\/?s={search_term_string}\"},\"query-input\":{\"@type\":\"PropertyValueSpecification\",\"valueRequired\":true,\"valueName\":\"search_term_string\"}}],\"inLanguage\":\"de\"}]}<\/script>\n<!-- \/ Yoast SEO plugin. -->","yoast_head_json":{"title":"Renata & Marek Ormand\u00edk \u2013 Havrany, busty, kytice | Nedbalka","robots":{"index":"index","follow":"follow","max-snippet":"max-snippet:-1","max-image-preview":"max-image-preview:large","max-video-preview":"max-video-preview:-1"},"canonical":"https:\/\/www.nedbalka.sk\/en\/product\/renata-marek-ormandik-havrany-busty-kytice\/","og_locale":"de_DE","og_type":"article","og_title":"Renata & Marek Ormand\u00edk \u2013 Havrany, busty, kytice | Nedbalka","og_description":"\u201eKr\u00e1kaj\u00fa. Vrieskaj\u00fa. Fakt. Ako keby v sebe mali nejak\u00e9 motor\u010deky. Alebo senzory. V\u017edy ke\u010f tam potom nakuknem, tak sa mi zd\u00e1, \u017ee sa pohli. Museli sa presun\u00fa\u0165\u2026 A ten maliar tam furt chod\u00ed. St\u00e1le tam chod\u00ed premiest\u0148ova\u0165 tie obrazy, zo steny na stenu, ob\u010das prinesie nov\u00e9\u2026 Ale e\u0161te som ti chcela poveda\u0165. V tom kur\u00e1torskom texte bolo celkom vtipn\u00e9, \u017ee sa spom\u00ednalo, \u017ee t\u00ed umelci, man\u017eelia, \u017ee sa spoznali u\u017e ako deti na nejakom ma\u0161karnom plese. \u017de ona bola prezle\u010den\u00e1 za vt\u00e1ka. Biz\u00e1r. A on bol za kyticu. To mi pr\u00edde u\u017e \u00faplne ako vymyslen\u00e9.\u201c Mi\u0161o Ormos Publik\u00e1cia: Renata &amp; Marek Ormand\u00edk \u2013 Havrany, busty, kytice, autor textov: Mi\u0161o Ormos; po\u010det str\u00e1n: 80; v\u00e4zba: m\u00e4kk\u00e1; rok vydania 2020.","og_url":"https:\/\/www.nedbalka.sk\/en\/product\/renata-marek-ormandik-havrany-busty-kytice\/","og_site_name":"Nedbalka","article_modified_time":"2021-04-10T07:53:18+00:00","og_image":[{"width":865,"height":1156,"url":"https:\/\/www.nedbalka.sk\/wp-content\/uploads\/ormandik.jpg","type":"image\/jpeg"}],"twitter_card":"summary_large_image","schema":{"@context":"https:\/\/schema.org","@graph":[{"@type":"WebPage","@id":"https:\/\/www.nedbalka.sk\/en\/product\/renata-marek-ormandik-havrany-busty-kytice\/","url":"https:\/\/www.nedbalka.sk\/en\/product\/renata-marek-ormandik-havrany-busty-kytice\/","name":"Renata & Marek Ormand\u00edk \u2013 Havrany, busty, kytice | Nedbalka","isPartOf":{"@id":"https:\/\/www.nedbalka.sk\/#website"},"primaryImageOfPage":{"@id":"https:\/\/www.nedbalka.sk\/en\/product\/renata-marek-ormandik-havrany-busty-kytice\/#primaryimage"},"image":{"@id":"https:\/\/www.nedbalka.sk\/en\/product\/renata-marek-ormandik-havrany-busty-kytice\/#primaryimage"},"thumbnailUrl":"https:\/\/www.nedbalka.sk\/wp-content\/uploads\/ormandik.jpg","datePublished":"2020-12-08T14:01:03+00:00","dateModified":"2021-04-10T07:53:18+00:00","breadcrumb":{"@id":"https:\/\/www.nedbalka.sk\/en\/product\/renata-marek-ormandik-havrany-busty-kytice\/#breadcrumb"},"inLanguage":"de","potentialAction":[{"@type":"ReadAction","target":["https:\/\/www.nedbalka.sk\/en\/product\/renata-marek-ormandik-havrany-busty-kytice\/"]}]},{"@type":"ImageObject","inLanguage":"de","@id":"https:\/\/www.nedbalka.sk\/en\/product\/renata-marek-ormandik-havrany-busty-kytice\/#primaryimage","url":"https:\/\/www.nedbalka.sk\/wp-content\/uploads\/ormandik.jpg","contentUrl":"https:\/\/www.nedbalka.sk\/wp-content\/uploads\/ormandik.jpg","width":865,"height":1156,"caption":"ormandik"},{"@type":"BreadcrumbList","@id":"https:\/\/www.nedbalka.sk\/en\/product\/renata-marek-ormandik-havrany-busty-kytice\/#breadcrumb","itemListElement":[{"@type":"ListItem","position":1,"name":"Home","item":"https:\/\/www.nedbalka.sk\/de\/"},{"@type":"ListItem","position":2,"name":"E-shop","item":"https:\/\/www.nedbalka.sk\/e-shop\/"},{"@type":"ListItem","position":3,"name":"Renata &#038; Marek Ormand\u00edk \u2013 Havrany, busty, kytice"}]},{"@type":"WebSite","@id":"https:\/\/www.nedbalka.sk\/#website","url":"https:\/\/www.nedbalka.sk\/","name":"Nedbalka","description":"\u0164a\u017eisko zbierky Gal\u00e9rie Nedbalka spo\u010d\u00edva v slovenskej ma\u013ebe 20. storo\u010dia, ale s\u00fa v nej zast\u00fapen\u00e9 aj socha a grafika. Gal\u00e9ria diela prezentuje prostredn\u00edctvom st\u00e1lej expoz\u00edcie a kr\u00e1tkodob\u00fdch v\u00fdstav.","potentialAction":[{"@type":"SearchAction","target":{"@type":"EntryPoint","urlTemplate":"https:\/\/www.nedbalka.sk\/?s={search_term_string}"},"query-input":{"@type":"PropertyValueSpecification","valueRequired":true,"valueName":"search_term_string"}}],"inLanguage":"de"}]}},"_links":{"self":[{"href":"https:\/\/www.nedbalka.sk\/de\/wp-json\/wp\/v2\/product\/5462","targetHints":{"allow":["GET"]}}],"collection":[{"href":"https:\/\/www.nedbalka.sk\/de\/wp-json\/wp\/v2\/product"}],"about":[{"href":"https:\/\/www.nedbalka.sk\/de\/wp-json\/wp\/v2\/types\/product"}],"wp:featuredmedia":[{"embeddable":true,"href":"https:\/\/www.nedbalka.sk\/de\/wp-json\/wp\/v2\/media\/5463"}],"wp:attachment":[{"href":"https:\/\/www.nedbalka.sk\/de\/wp-json\/wp\/v2\/media?parent=5462"}],"curies":[{"name":"wp","href":"https:\/\/api.w.org\/{rel}","templated":true}]}}