{"id":5224,"date":"2020-06-16T16:29:16","date_gmt":"2020-06-16T14:29:16","guid":{"rendered":"https:\/\/www.nedbalka.sk\/?post_type=product&#038;p=5224"},"modified":"2020-12-08T15:02:32","modified_gmt":"2020-12-08T14:02:32","slug":"ferdinand-hloznik-tvorba-ako-geneza-vlastnej-identity","status":"publish","type":"product","link":"https:\/\/www.nedbalka.sk\/de\/product\/ferdinand-hloznik-tvorba-ako-geneza-vlastnej-identity\/","title":{"rendered":"Ferdinand Hlo\u017en\u00edk &#8211; Tvorba ako gen\u00e9za vlastnej identity"},"content":{"rendered":"","protected":false},"excerpt":{"rendered":"<p>Ferdinand Hlo\u017en\u00edk (1921-2006) patr\u00ed k\u00a0v\u00fdznamn\u00fdm osobnostiam slovensk\u00e9ho modern\u00e9ho umenia. Do v\u00fdtvarn\u00e9ho diania vst\u00fapil v\u00a0polovici \u0161tyridsiatich rokov minul\u00e9ho storo\u010dia. U\u017e vtedy sa zapojil do aktivity progres\u00edvnej Skupiny 29.augusta. Vo svojej tvorbe sa venoval nieko\u013ek\u00fdm v\u00fdtvarn\u00fdm druhom- ma\u013ebe, ilustr\u00e1cii, kresbe a\u00a0grafike. Jeho celo\u017eivotn\u00fd pr\u00ednos sa prejavil najm\u00e4 v\u00a0ma\u013ebe, a\u00a0to tak v\u00a0expres\u00edvno-dramatickom, ako aj racion\u00e1lno-kon\u0161trukt\u00edvnom zameran\u00ed. Vo v\u00fdvoji sa dotkol abstraktn\u00e9ho a\u00a0nefigurat\u00edvneho p\u00f3lu. V\u00a0obraze organicky pou\u017e\u00edval symbol, archetyp, znak \u010di metaforu. N\u00e1metom jeho pr\u00e1c bola situ\u00e1cia \u010dloveka v\u00a0jeho svete, rodn\u00e1 krajina i\u00a0prostredie mesta. Mal mno\u017estvo v\u00fdstav doma aj v\u00a0zahrani\u010d\u00ed. Za svoje dielo z\u00edskal viacero v\u00fdznamn\u00fdch ocenen\u00ed.<\/p>\n<p>Vydanie publik\u00e1cie podpril Fond na podporu umenia.<\/p>\n<figure><a title=\"\" href=\"https:\/\/www.nedbalka.sk\/wp-content\/uploads\/FPU_logo-1.png\" data-fancybox=\"article-gallery\"> <img decoding=\"async\" src=\"https:\/\/www.nedbalka.sk\/wp-content\/uploads\/FPU_logo-1.png\" alt=\"\" \/><\/a><\/figure>\n<p>Publik\u00e1cia: Ferdinand Hlo\u017en\u00edk &#8211; Tvorba ako gen\u00e9za vlastnej identity, autor textov: \u013dudov\u00edt Petr\u00e1nsky; po\u010det str\u00e1n: 64; v\u00e4zba: m\u00e4kk\u00e1; rok vydania 2020.<\/p>\n","protected":false},"featured_media":5228,"template":"","meta":{"_acf_changed":false,"inline_featured_image":false},"class_list":{"0":"post-5224","1":"product","2":"type-product","3":"status-publish","4":"has-post-thumbnail","6":"product_cat-katalog","8":"first","9":"instock","10":"taxable","11":"shipping-taxable","12":"purchasable","13":"product-type-simple"},"acf":[],"yoast_head":"<!-- This site is optimized with the Yoast SEO plugin v27.4 - https:\/\/yoast.com\/product\/yoast-seo-wordpress\/ -->\n<title>Ferdinand Hlo\u017en\u00edk - Tvorba ako gen\u00e9za vlastnej identity | Nedbalka<\/title>\n<meta name=\"robots\" content=\"index, follow, max-snippet:-1, max-image-preview:large, max-video-preview:-1\" \/>\n<link rel=\"canonical\" href=\"https:\/\/www.nedbalka.sk\/en\/product\/ferdinand-hloznik-tvorba-ako-geneza-vlastnej-identity\/\" \/>\n<meta property=\"og:locale\" content=\"de_DE\" \/>\n<meta property=\"og:type\" content=\"article\" \/>\n<meta property=\"og:title\" content=\"Ferdinand Hlo\u017en\u00edk - Tvorba ako gen\u00e9za vlastnej identity | Nedbalka\" \/>\n<meta property=\"og:description\" content=\"Ferdinand Hlo\u017en\u00edk (1921-2006) patr\u00ed k\u00a0v\u00fdznamn\u00fdm osobnostiam slovensk\u00e9ho modern\u00e9ho umenia. Do v\u00fdtvarn\u00e9ho diania vst\u00fapil v\u00a0polovici \u0161tyridsiatich rokov minul\u00e9ho storo\u010dia. U\u017e vtedy sa zapojil do aktivity progres\u00edvnej Skupiny 29.augusta. Vo svojej tvorbe sa venoval nieko\u013ek\u00fdm v\u00fdtvarn\u00fdm druhom- ma\u013ebe, ilustr\u00e1cii, kresbe a\u00a0grafike. Jeho celo\u017eivotn\u00fd pr\u00ednos sa prejavil najm\u00e4 v\u00a0ma\u013ebe, a\u00a0to tak v\u00a0expres\u00edvno-dramatickom, ako aj racion\u00e1lno-kon\u0161trukt\u00edvnom zameran\u00ed. Vo v\u00fdvoji sa dotkol abstraktn\u00e9ho a\u00a0nefigurat\u00edvneho p\u00f3lu. V\u00a0obraze organicky pou\u017e\u00edval symbol, archetyp, znak \u010di metaforu. N\u00e1metom jeho pr\u00e1c bola situ\u00e1cia \u010dloveka v\u00a0jeho svete, rodn\u00e1 krajina i\u00a0prostredie mesta. Mal mno\u017estvo v\u00fdstav doma aj v\u00a0zahrani\u010d\u00ed. Za svoje dielo z\u00edskal viacero v\u00fdznamn\u00fdch ocenen\u00ed.  Vydanie publik\u00e1cie podpril Fond na podporu umenia.   Publik\u00e1cia: Ferdinand Hlo\u017en\u00edk - Tvorba ako gen\u00e9za vlastnej identity, autor textov: \u013dudov\u00edt Petr\u00e1nsky; po\u010det str\u00e1n: 64; v\u00e4zba: m\u00e4kk\u00e1; rok vydania 2020.\" \/>\n<meta property=\"og:url\" content=\"https:\/\/www.nedbalka.sk\/en\/product\/ferdinand-hloznik-tvorba-ako-geneza-vlastnej-identity\/\" \/>\n<meta property=\"og:site_name\" content=\"Nedbalka\" \/>\n<meta property=\"article:modified_time\" content=\"2020-12-08T14:02:32+00:00\" \/>\n<meta property=\"og:image\" content=\"https:\/\/www.nedbalka.sk\/wp-content\/uploads\/ferdinand.jpg\" \/>\n\t<meta property=\"og:image:width\" content=\"865\" \/>\n\t<meta property=\"og:image:height\" content=\"1156\" \/>\n\t<meta property=\"og:image:type\" content=\"image\/jpeg\" \/>\n<meta name=\"twitter:card\" content=\"summary_large_image\" \/>\n<script type=\"application\/ld+json\" class=\"yoast-schema-graph\">{\"@context\":\"https:\\\/\\\/schema.org\",\"@graph\":[{\"@type\":\"WebPage\",\"@id\":\"https:\\\/\\\/www.nedbalka.sk\\\/en\\\/product\\\/ferdinand-hloznik-tvorba-ako-geneza-vlastnej-identity\\\/\",\"url\":\"https:\\\/\\\/www.nedbalka.sk\\\/en\\\/product\\\/ferdinand-hloznik-tvorba-ako-geneza-vlastnej-identity\\\/\",\"name\":\"Ferdinand Hlo\u017en\u00edk - Tvorba ako gen\u00e9za vlastnej identity | Nedbalka\",\"isPartOf\":{\"@id\":\"https:\\\/\\\/www.nedbalka.sk\\\/#website\"},\"primaryImageOfPage\":{\"@id\":\"https:\\\/\\\/www.nedbalka.sk\\\/en\\\/product\\\/ferdinand-hloznik-tvorba-ako-geneza-vlastnej-identity\\\/#primaryimage\"},\"image\":{\"@id\":\"https:\\\/\\\/www.nedbalka.sk\\\/en\\\/product\\\/ferdinand-hloznik-tvorba-ako-geneza-vlastnej-identity\\\/#primaryimage\"},\"thumbnailUrl\":\"https:\\\/\\\/www.nedbalka.sk\\\/wp-content\\\/uploads\\\/ferdinand.jpg\",\"datePublished\":\"2020-06-16T14:29:16+00:00\",\"dateModified\":\"2020-12-08T14:02:32+00:00\",\"breadcrumb\":{\"@id\":\"https:\\\/\\\/www.nedbalka.sk\\\/en\\\/product\\\/ferdinand-hloznik-tvorba-ako-geneza-vlastnej-identity\\\/#breadcrumb\"},\"inLanguage\":\"de\",\"potentialAction\":[{\"@type\":\"ReadAction\",\"target\":[\"https:\\\/\\\/www.nedbalka.sk\\\/en\\\/product\\\/ferdinand-hloznik-tvorba-ako-geneza-vlastnej-identity\\\/\"]}]},{\"@type\":\"ImageObject\",\"inLanguage\":\"de\",\"@id\":\"https:\\\/\\\/www.nedbalka.sk\\\/en\\\/product\\\/ferdinand-hloznik-tvorba-ako-geneza-vlastnej-identity\\\/#primaryimage\",\"url\":\"https:\\\/\\\/www.nedbalka.sk\\\/wp-content\\\/uploads\\\/ferdinand.jpg\",\"contentUrl\":\"https:\\\/\\\/www.nedbalka.sk\\\/wp-content\\\/uploads\\\/ferdinand.jpg\",\"width\":865,\"height\":1156,\"caption\":\"Ferdinand Hlo\u017en\u00edk\"},{\"@type\":\"BreadcrumbList\",\"@id\":\"https:\\\/\\\/www.nedbalka.sk\\\/en\\\/product\\\/ferdinand-hloznik-tvorba-ako-geneza-vlastnej-identity\\\/#breadcrumb\",\"itemListElement\":[{\"@type\":\"ListItem\",\"position\":1,\"name\":\"Home\",\"item\":\"https:\\\/\\\/www.nedbalka.sk\\\/de\\\/\"},{\"@type\":\"ListItem\",\"position\":2,\"name\":\"E-shop\",\"item\":\"https:\\\/\\\/www.nedbalka.sk\\\/e-shop\\\/\"},{\"@type\":\"ListItem\",\"position\":3,\"name\":\"Ferdinand Hlo\u017en\u00edk &#8211; Tvorba ako gen\u00e9za vlastnej identity\"}]},{\"@type\":\"WebSite\",\"@id\":\"https:\\\/\\\/www.nedbalka.sk\\\/#website\",\"url\":\"https:\\\/\\\/www.nedbalka.sk\\\/\",\"name\":\"Nedbalka\",\"description\":\"\u0164a\u017eisko zbierky Gal\u00e9rie Nedbalka spo\u010d\u00edva v slovenskej ma\u013ebe 20. storo\u010dia, ale s\u00fa v nej zast\u00fapen\u00e9 aj socha a grafika. Gal\u00e9ria diela prezentuje prostredn\u00edctvom st\u00e1lej expoz\u00edcie a kr\u00e1tkodob\u00fdch v\u00fdstav.\",\"potentialAction\":[{\"@type\":\"SearchAction\",\"target\":{\"@type\":\"EntryPoint\",\"urlTemplate\":\"https:\\\/\\\/www.nedbalka.sk\\\/?s={search_term_string}\"},\"query-input\":{\"@type\":\"PropertyValueSpecification\",\"valueRequired\":true,\"valueName\":\"search_term_string\"}}],\"inLanguage\":\"de\"}]}<\/script>\n<!-- \/ Yoast SEO plugin. -->","yoast_head_json":{"title":"Ferdinand Hlo\u017en\u00edk - Tvorba ako gen\u00e9za vlastnej identity | Nedbalka","robots":{"index":"index","follow":"follow","max-snippet":"max-snippet:-1","max-image-preview":"max-image-preview:large","max-video-preview":"max-video-preview:-1"},"canonical":"https:\/\/www.nedbalka.sk\/en\/product\/ferdinand-hloznik-tvorba-ako-geneza-vlastnej-identity\/","og_locale":"de_DE","og_type":"article","og_title":"Ferdinand Hlo\u017en\u00edk - Tvorba ako gen\u00e9za vlastnej identity | Nedbalka","og_description":"Ferdinand Hlo\u017en\u00edk (1921-2006) patr\u00ed k\u00a0v\u00fdznamn\u00fdm osobnostiam slovensk\u00e9ho modern\u00e9ho umenia. Do v\u00fdtvarn\u00e9ho diania vst\u00fapil v\u00a0polovici \u0161tyridsiatich rokov minul\u00e9ho storo\u010dia. U\u017e vtedy sa zapojil do aktivity progres\u00edvnej Skupiny 29.augusta. Vo svojej tvorbe sa venoval nieko\u013ek\u00fdm v\u00fdtvarn\u00fdm druhom- ma\u013ebe, ilustr\u00e1cii, kresbe a\u00a0grafike. Jeho celo\u017eivotn\u00fd pr\u00ednos sa prejavil najm\u00e4 v\u00a0ma\u013ebe, a\u00a0to tak v\u00a0expres\u00edvno-dramatickom, ako aj racion\u00e1lno-kon\u0161trukt\u00edvnom zameran\u00ed. Vo v\u00fdvoji sa dotkol abstraktn\u00e9ho a\u00a0nefigurat\u00edvneho p\u00f3lu. V\u00a0obraze organicky pou\u017e\u00edval symbol, archetyp, znak \u010di metaforu. N\u00e1metom jeho pr\u00e1c bola situ\u00e1cia \u010dloveka v\u00a0jeho svete, rodn\u00e1 krajina i\u00a0prostredie mesta. Mal mno\u017estvo v\u00fdstav doma aj v\u00a0zahrani\u010d\u00ed. Za svoje dielo z\u00edskal viacero v\u00fdznamn\u00fdch ocenen\u00ed.  Vydanie publik\u00e1cie podpril Fond na podporu umenia.   Publik\u00e1cia: Ferdinand Hlo\u017en\u00edk - Tvorba ako gen\u00e9za vlastnej identity, autor textov: \u013dudov\u00edt Petr\u00e1nsky; po\u010det str\u00e1n: 64; v\u00e4zba: m\u00e4kk\u00e1; rok vydania 2020.","og_url":"https:\/\/www.nedbalka.sk\/en\/product\/ferdinand-hloznik-tvorba-ako-geneza-vlastnej-identity\/","og_site_name":"Nedbalka","article_modified_time":"2020-12-08T14:02:32+00:00","og_image":[{"width":865,"height":1156,"url":"https:\/\/www.nedbalka.sk\/wp-content\/uploads\/ferdinand.jpg","type":"image\/jpeg"}],"twitter_card":"summary_large_image","schema":{"@context":"https:\/\/schema.org","@graph":[{"@type":"WebPage","@id":"https:\/\/www.nedbalka.sk\/en\/product\/ferdinand-hloznik-tvorba-ako-geneza-vlastnej-identity\/","url":"https:\/\/www.nedbalka.sk\/en\/product\/ferdinand-hloznik-tvorba-ako-geneza-vlastnej-identity\/","name":"Ferdinand Hlo\u017en\u00edk - Tvorba ako gen\u00e9za vlastnej identity | Nedbalka","isPartOf":{"@id":"https:\/\/www.nedbalka.sk\/#website"},"primaryImageOfPage":{"@id":"https:\/\/www.nedbalka.sk\/en\/product\/ferdinand-hloznik-tvorba-ako-geneza-vlastnej-identity\/#primaryimage"},"image":{"@id":"https:\/\/www.nedbalka.sk\/en\/product\/ferdinand-hloznik-tvorba-ako-geneza-vlastnej-identity\/#primaryimage"},"thumbnailUrl":"https:\/\/www.nedbalka.sk\/wp-content\/uploads\/ferdinand.jpg","datePublished":"2020-06-16T14:29:16+00:00","dateModified":"2020-12-08T14:02:32+00:00","breadcrumb":{"@id":"https:\/\/www.nedbalka.sk\/en\/product\/ferdinand-hloznik-tvorba-ako-geneza-vlastnej-identity\/#breadcrumb"},"inLanguage":"de","potentialAction":[{"@type":"ReadAction","target":["https:\/\/www.nedbalka.sk\/en\/product\/ferdinand-hloznik-tvorba-ako-geneza-vlastnej-identity\/"]}]},{"@type":"ImageObject","inLanguage":"de","@id":"https:\/\/www.nedbalka.sk\/en\/product\/ferdinand-hloznik-tvorba-ako-geneza-vlastnej-identity\/#primaryimage","url":"https:\/\/www.nedbalka.sk\/wp-content\/uploads\/ferdinand.jpg","contentUrl":"https:\/\/www.nedbalka.sk\/wp-content\/uploads\/ferdinand.jpg","width":865,"height":1156,"caption":"Ferdinand Hlo\u017en\u00edk"},{"@type":"BreadcrumbList","@id":"https:\/\/www.nedbalka.sk\/en\/product\/ferdinand-hloznik-tvorba-ako-geneza-vlastnej-identity\/#breadcrumb","itemListElement":[{"@type":"ListItem","position":1,"name":"Home","item":"https:\/\/www.nedbalka.sk\/de\/"},{"@type":"ListItem","position":2,"name":"E-shop","item":"https:\/\/www.nedbalka.sk\/e-shop\/"},{"@type":"ListItem","position":3,"name":"Ferdinand Hlo\u017en\u00edk &#8211; Tvorba ako gen\u00e9za vlastnej identity"}]},{"@type":"WebSite","@id":"https:\/\/www.nedbalka.sk\/#website","url":"https:\/\/www.nedbalka.sk\/","name":"Nedbalka","description":"\u0164a\u017eisko zbierky Gal\u00e9rie Nedbalka spo\u010d\u00edva v slovenskej ma\u013ebe 20. storo\u010dia, ale s\u00fa v nej zast\u00fapen\u00e9 aj socha a grafika. Gal\u00e9ria diela prezentuje prostredn\u00edctvom st\u00e1lej expoz\u00edcie a kr\u00e1tkodob\u00fdch v\u00fdstav.","potentialAction":[{"@type":"SearchAction","target":{"@type":"EntryPoint","urlTemplate":"https:\/\/www.nedbalka.sk\/?s={search_term_string}"},"query-input":{"@type":"PropertyValueSpecification","valueRequired":true,"valueName":"search_term_string"}}],"inLanguage":"de"}]}},"_links":{"self":[{"href":"https:\/\/www.nedbalka.sk\/de\/wp-json\/wp\/v2\/product\/5224","targetHints":{"allow":["GET"]}}],"collection":[{"href":"https:\/\/www.nedbalka.sk\/de\/wp-json\/wp\/v2\/product"}],"about":[{"href":"https:\/\/www.nedbalka.sk\/de\/wp-json\/wp\/v2\/types\/product"}],"wp:featuredmedia":[{"embeddable":true,"href":"https:\/\/www.nedbalka.sk\/de\/wp-json\/wp\/v2\/media\/5228"}],"wp:attachment":[{"href":"https:\/\/www.nedbalka.sk\/de\/wp-json\/wp\/v2\/media?parent=5224"}],"curies":[{"name":"wp","href":"https:\/\/api.w.org\/{rel}","templated":true}]}}