{"id":4708,"date":"2019-08-22T14:06:20","date_gmt":"2019-08-22T12:06:20","guid":{"rendered":"https:\/\/www.nedbalka.sk\/?post_type=product&#038;p=4708"},"modified":"2023-03-30T13:21:44","modified_gmt":"2023-03-30T11:21:44","slug":"rocna-permanentka","status":"publish","type":"product","link":"https:\/\/www.nedbalka.sk\/de\/product\/rocna-permanentka\/","title":{"rendered":"Ro\u010dn\u00e1 permanentka"},"content":{"rendered":"<p>Ro\u010dn\u00e1 permanentka do Gal\u00e9rie Nedbalka.<\/p>\n","protected":false},"excerpt":{"rendered":"<p>Ro\u010dn\u00e1 permanentka do Gal\u00e9rie Nedbalka. Permanentka je prenosn\u00e1 plat\u00ed pre 2 osoby na 12 po sebe id\u00facich mesiacov. Permamentka sa nevz\u0165ahuje na koncerty, worskhopy alebo divadeln\u00e9 predstavenia.<\/p>\n","protected":false},"featured_media":4709,"template":"","meta":{"_acf_changed":false,"inline_featured_image":false},"class_list":{"0":"post-4708","1":"product","2":"type-product","3":"status-publish","4":"has-post-thumbnail","6":"product_cat-permamentky","8":"first","9":"instock","10":"taxable","11":"shipping-taxable","12":"purchasable","13":"product-type-simple"},"acf":[],"yoast_head":"<!-- This site is optimized with the Yoast SEO plugin v27.4 - https:\/\/yoast.com\/product\/yoast-seo-wordpress\/ -->\n<title>Ro\u010dn\u00e1 permanentka | Nedbalka<\/title>\n<meta name=\"robots\" content=\"index, follow, max-snippet:-1, max-image-preview:large, max-video-preview:-1\" \/>\n<link rel=\"canonical\" href=\"https:\/\/www.nedbalka.sk\/product\/rocna-permanentka\/\" \/>\n<meta property=\"og:locale\" content=\"de_DE\" \/>\n<meta property=\"og:type\" content=\"article\" \/>\n<meta property=\"og:title\" content=\"Ro\u010dn\u00e1 permanentka | Nedbalka\" \/>\n<meta property=\"og:description\" content=\"Ro\u010dn\u00e1 permanentka do Gal\u00e9rie Nedbalka. Permanentka je prenosn\u00e1 plat\u00ed pre 2 osoby na 12 po sebe id\u00facich mesiacov. Permamentka sa nevz\u0165ahuje na koncerty, worskhopy alebo divadeln\u00e9 predstavenia.\" \/>\n<meta property=\"og:url\" content=\"https:\/\/www.nedbalka.sk\/product\/rocna-permanentka\/\" \/>\n<meta property=\"og:site_name\" content=\"Nedbalka\" \/>\n<meta property=\"article:modified_time\" content=\"2023-03-30T11:21:44+00:00\" \/>\n<meta property=\"og:image\" content=\"https:\/\/www.nedbalka.sk\/wp-content\/uploads\/Unknown-1-3.jpeg\" \/>\n\t<meta property=\"og:image:width\" content=\"865\" \/>\n\t<meta property=\"og:image:height\" content=\"1156\" \/>\n\t<meta property=\"og:image:type\" content=\"image\/jpeg\" \/>\n<meta name=\"twitter:card\" content=\"summary_large_image\" \/>\n<meta name=\"twitter:label1\" content=\"Gesch\u00e4tzte Lesezeit\" \/>\n\t<meta name=\"twitter:data1\" content=\"1\u00a0Minute\" \/>\n<script type=\"application\/ld+json\" class=\"yoast-schema-graph\">{\"@context\":\"https:\\\/\\\/schema.org\",\"@graph\":[{\"@type\":\"WebPage\",\"@id\":\"https:\\\/\\\/www.nedbalka.sk\\\/product\\\/rocna-permanentka\\\/\",\"url\":\"https:\\\/\\\/www.nedbalka.sk\\\/product\\\/rocna-permanentka\\\/\",\"name\":\"Ro\u010dn\u00e1 permanentka | Nedbalka\",\"isPartOf\":{\"@id\":\"https:\\\/\\\/www.nedbalka.sk\\\/#website\"},\"primaryImageOfPage\":{\"@id\":\"https:\\\/\\\/www.nedbalka.sk\\\/product\\\/rocna-permanentka\\\/#primaryimage\"},\"image\":{\"@id\":\"https:\\\/\\\/www.nedbalka.sk\\\/product\\\/rocna-permanentka\\\/#primaryimage\"},\"thumbnailUrl\":\"https:\\\/\\\/www.nedbalka.sk\\\/wp-content\\\/uploads\\\/Unknown-1-3.jpeg\",\"datePublished\":\"2019-08-22T12:06:20+00:00\",\"dateModified\":\"2023-03-30T11:21:44+00:00\",\"breadcrumb\":{\"@id\":\"https:\\\/\\\/www.nedbalka.sk\\\/product\\\/rocna-permanentka\\\/#breadcrumb\"},\"inLanguage\":\"de\",\"potentialAction\":[{\"@type\":\"ReadAction\",\"target\":[\"https:\\\/\\\/www.nedbalka.sk\\\/product\\\/rocna-permanentka\\\/\"]}]},{\"@type\":\"ImageObject\",\"inLanguage\":\"de\",\"@id\":\"https:\\\/\\\/www.nedbalka.sk\\\/product\\\/rocna-permanentka\\\/#primaryimage\",\"url\":\"https:\\\/\\\/www.nedbalka.sk\\\/wp-content\\\/uploads\\\/Unknown-1-3.jpeg\",\"contentUrl\":\"https:\\\/\\\/www.nedbalka.sk\\\/wp-content\\\/uploads\\\/Unknown-1-3.jpeg\",\"width\":865,\"height\":1156,\"caption\":\"3D obrazok\"},{\"@type\":\"BreadcrumbList\",\"@id\":\"https:\\\/\\\/www.nedbalka.sk\\\/product\\\/rocna-permanentka\\\/#breadcrumb\",\"itemListElement\":[{\"@type\":\"ListItem\",\"position\":1,\"name\":\"Home\",\"item\":\"https:\\\/\\\/www.nedbalka.sk\\\/de\\\/\"},{\"@type\":\"ListItem\",\"position\":2,\"name\":\"E-shop\",\"item\":\"https:\\\/\\\/www.nedbalka.sk\\\/e-shop\\\/\"},{\"@type\":\"ListItem\",\"position\":3,\"name\":\"Ro\u010dn\u00e1 permanentka\"}]},{\"@type\":\"WebSite\",\"@id\":\"https:\\\/\\\/www.nedbalka.sk\\\/#website\",\"url\":\"https:\\\/\\\/www.nedbalka.sk\\\/\",\"name\":\"Nedbalka\",\"description\":\"\u0164a\u017eisko zbierky Gal\u00e9rie Nedbalka spo\u010d\u00edva v slovenskej ma\u013ebe 20. storo\u010dia, ale s\u00fa v nej zast\u00fapen\u00e9 aj socha a grafika. Gal\u00e9ria diela prezentuje prostredn\u00edctvom st\u00e1lej expoz\u00edcie a kr\u00e1tkodob\u00fdch v\u00fdstav.\",\"potentialAction\":[{\"@type\":\"SearchAction\",\"target\":{\"@type\":\"EntryPoint\",\"urlTemplate\":\"https:\\\/\\\/www.nedbalka.sk\\\/?s={search_term_string}\"},\"query-input\":{\"@type\":\"PropertyValueSpecification\",\"valueRequired\":true,\"valueName\":\"search_term_string\"}}],\"inLanguage\":\"de\"}]}<\/script>\n<!-- \/ Yoast SEO plugin. -->","yoast_head_json":{"title":"Ro\u010dn\u00e1 permanentka | Nedbalka","robots":{"index":"index","follow":"follow","max-snippet":"max-snippet:-1","max-image-preview":"max-image-preview:large","max-video-preview":"max-video-preview:-1"},"canonical":"https:\/\/www.nedbalka.sk\/product\/rocna-permanentka\/","og_locale":"de_DE","og_type":"article","og_title":"Ro\u010dn\u00e1 permanentka | Nedbalka","og_description":"Ro\u010dn\u00e1 permanentka do Gal\u00e9rie Nedbalka. Permanentka je prenosn\u00e1 plat\u00ed pre 2 osoby na 12 po sebe id\u00facich mesiacov. Permamentka sa nevz\u0165ahuje na koncerty, worskhopy alebo divadeln\u00e9 predstavenia.","og_url":"https:\/\/www.nedbalka.sk\/product\/rocna-permanentka\/","og_site_name":"Nedbalka","article_modified_time":"2023-03-30T11:21:44+00:00","og_image":[{"width":865,"height":1156,"url":"https:\/\/www.nedbalka.sk\/wp-content\/uploads\/Unknown-1-3.jpeg","type":"image\/jpeg"}],"twitter_card":"summary_large_image","twitter_misc":{"Gesch\u00e4tzte Lesezeit":"1\u00a0Minute"},"schema":{"@context":"https:\/\/schema.org","@graph":[{"@type":"WebPage","@id":"https:\/\/www.nedbalka.sk\/product\/rocna-permanentka\/","url":"https:\/\/www.nedbalka.sk\/product\/rocna-permanentka\/","name":"Ro\u010dn\u00e1 permanentka | Nedbalka","isPartOf":{"@id":"https:\/\/www.nedbalka.sk\/#website"},"primaryImageOfPage":{"@id":"https:\/\/www.nedbalka.sk\/product\/rocna-permanentka\/#primaryimage"},"image":{"@id":"https:\/\/www.nedbalka.sk\/product\/rocna-permanentka\/#primaryimage"},"thumbnailUrl":"https:\/\/www.nedbalka.sk\/wp-content\/uploads\/Unknown-1-3.jpeg","datePublished":"2019-08-22T12:06:20+00:00","dateModified":"2023-03-30T11:21:44+00:00","breadcrumb":{"@id":"https:\/\/www.nedbalka.sk\/product\/rocna-permanentka\/#breadcrumb"},"inLanguage":"de","potentialAction":[{"@type":"ReadAction","target":["https:\/\/www.nedbalka.sk\/product\/rocna-permanentka\/"]}]},{"@type":"ImageObject","inLanguage":"de","@id":"https:\/\/www.nedbalka.sk\/product\/rocna-permanentka\/#primaryimage","url":"https:\/\/www.nedbalka.sk\/wp-content\/uploads\/Unknown-1-3.jpeg","contentUrl":"https:\/\/www.nedbalka.sk\/wp-content\/uploads\/Unknown-1-3.jpeg","width":865,"height":1156,"caption":"3D obrazok"},{"@type":"BreadcrumbList","@id":"https:\/\/www.nedbalka.sk\/product\/rocna-permanentka\/#breadcrumb","itemListElement":[{"@type":"ListItem","position":1,"name":"Home","item":"https:\/\/www.nedbalka.sk\/de\/"},{"@type":"ListItem","position":2,"name":"E-shop","item":"https:\/\/www.nedbalka.sk\/e-shop\/"},{"@type":"ListItem","position":3,"name":"Ro\u010dn\u00e1 permanentka"}]},{"@type":"WebSite","@id":"https:\/\/www.nedbalka.sk\/#website","url":"https:\/\/www.nedbalka.sk\/","name":"Nedbalka","description":"\u0164a\u017eisko zbierky Gal\u00e9rie Nedbalka spo\u010d\u00edva v slovenskej ma\u013ebe 20. storo\u010dia, ale s\u00fa v nej zast\u00fapen\u00e9 aj socha a grafika. Gal\u00e9ria diela prezentuje prostredn\u00edctvom st\u00e1lej expoz\u00edcie a kr\u00e1tkodob\u00fdch v\u00fdstav.","potentialAction":[{"@type":"SearchAction","target":{"@type":"EntryPoint","urlTemplate":"https:\/\/www.nedbalka.sk\/?s={search_term_string}"},"query-input":{"@type":"PropertyValueSpecification","valueRequired":true,"valueName":"search_term_string"}}],"inLanguage":"de"}]}},"_links":{"self":[{"href":"https:\/\/www.nedbalka.sk\/de\/wp-json\/wp\/v2\/product\/4708","targetHints":{"allow":["GET"]}}],"collection":[{"href":"https:\/\/www.nedbalka.sk\/de\/wp-json\/wp\/v2\/product"}],"about":[{"href":"https:\/\/www.nedbalka.sk\/de\/wp-json\/wp\/v2\/types\/product"}],"wp:featuredmedia":[{"embeddable":true,"href":"https:\/\/www.nedbalka.sk\/de\/wp-json\/wp\/v2\/media\/4709"}],"wp:attachment":[{"href":"https:\/\/www.nedbalka.sk\/de\/wp-json\/wp\/v2\/media?parent=4708"}],"curies":[{"name":"wp","href":"https:\/\/api.w.org\/{rel}","templated":true}]}}