{"id":2302,"date":"2014-04-08T06:00:03","date_gmt":"2014-04-08T05:00:03","guid":{"rendered":"http:\/\/www.nedbalka.sk\/?post_type=product&#038;p=2302"},"modified":"2019-04-23T14:28:00","modified_gmt":"2019-04-23T13:28:00","slug":"m-jakabcic-v-zilincanova-suzvuk-imaginacie","status":"publish","type":"product","link":"https:\/\/www.nedbalka.sk\/de\/product\/m-jakabcic-v-zilincanova-suzvuk-imaginacie\/","title":{"rendered":"M. Jakab\u010dic a V. \u017dilin\u010danov\u00e1 &#8211; S\u00fazvuk imagin\u00e1cie"},"content":{"rendered":"","protected":false},"excerpt":{"rendered":"<p>Slovensk\u00e9 maliarstvo pre\u0161lo v druhej polovici 20. storo\u010dia viacer\u00fdmi v\u00fdvinov\u00fdmi zmenami. Objavilo sa nem\u00e1lo osobnost\u00ed, ktor\u00e9 tomuto pohybu d\u00e1vali impulz, energiu a smer. D\u00f4le\u017eit\u00e9 miesto medzi nimi zast\u00e1va Michal Jakab\u010dic (l930 \u2013 2001) a Viera \u017dilin\u010danov\u00e1 (1932 \u2013 2008). S\u00fakromn\u00e1 gal\u00e9ria Nedbalka v Bratislave usporiadala samostatn\u00fa v\u00fdstavu z tvorby t\u00fdchto umelcov pod n\u00e1zvom \u201eS\u00fazvuk imagin\u00e1cie&#8220;, na ktorej predstavila ich menej zn\u00e1me a nezn\u00e1me obrazy.<\/p>\n<p><strong>Publik\u00e1cia:\u00a0Michal Jakab\u010dic, Viera \u017dilin\u010danov\u00e1 \u2013 S\u00fazvuk imagin\u00e1cie \/ Harmony of Imagination; <\/strong>autor textov: \u013dubom\u00edr Podu\u0161el; po\u010det str\u00e1n: 120; v\u00e4zba: pevn\u00e1; jazyk: slovensk\u00fd a\u00a0anglick\u00fd; rok vydania: 2014<\/p>\n","protected":false},"featured_media":2431,"template":"","meta":{"_acf_changed":false,"inline_featured_image":false},"class_list":{"0":"post-2302","1":"product","2":"type-product","3":"status-publish","4":"has-post-thumbnail","6":"product_cat-katalog","8":"first","9":"instock","10":"taxable","11":"shipping-taxable","12":"purchasable","13":"product-type-simple"},"acf":[],"yoast_head":"<!-- This site is optimized with the Yoast SEO plugin v27.4 - https:\/\/yoast.com\/product\/yoast-seo-wordpress\/ -->\n<title>M. Jakab\u010dic a V. \u017dilin\u010danov\u00e1 - S\u00fazvuk imagin\u00e1cie | Nedbalka<\/title>\n<meta name=\"robots\" content=\"index, follow, max-snippet:-1, max-image-preview:large, max-video-preview:-1\" \/>\n<link rel=\"canonical\" href=\"https:\/\/www.nedbalka.sk\/en\/product\/m-jakabcic-v-zilincanova-suzvuk-imaginacie\/\" \/>\n<meta property=\"og:locale\" content=\"de_DE\" \/>\n<meta property=\"og:type\" content=\"article\" \/>\n<meta property=\"og:title\" content=\"M. Jakab\u010dic a V. \u017dilin\u010danov\u00e1 - S\u00fazvuk imagin\u00e1cie | Nedbalka\" \/>\n<meta property=\"og:description\" content=\"Slovensk\u00e9 maliarstvo pre\u0161lo v druhej polovici 20. storo\u010dia viacer\u00fdmi v\u00fdvinov\u00fdmi zmenami. Objavilo sa nem\u00e1lo osobnost\u00ed, ktor\u00e9 tomuto pohybu d\u00e1vali impulz, energiu a smer. D\u00f4le\u017eit\u00e9 miesto medzi nimi zast\u00e1va Michal Jakab\u010dic (l930 \u2013 2001) a Viera \u017dilin\u010danov\u00e1 (1932 \u2013 2008). S\u00fakromn\u00e1 gal\u00e9ria Nedbalka v Bratislave usporiadala samostatn\u00fa v\u00fdstavu z tvorby t\u00fdchto umelcov pod n\u00e1zvom \u201eS\u00fazvuk imagin\u00e1cie&quot;, na ktorej predstavila ich menej zn\u00e1me a nezn\u00e1me obrazy.  Publik\u00e1cia:\u00a0Michal Jakab\u010dic, Viera \u017dilin\u010danov\u00e1 \u2013 S\u00fazvuk imagin\u00e1cie \/ Harmony of Imagination; autor textov: \u013dubom\u00edr Podu\u0161el; po\u010det str\u00e1n: 120; v\u00e4zba: pevn\u00e1; jazyk: slovensk\u00fd a\u00a0anglick\u00fd; rok vydania: 2014\" \/>\n<meta property=\"og:url\" content=\"https:\/\/www.nedbalka.sk\/en\/product\/m-jakabcic-v-zilincanova-suzvuk-imaginacie\/\" \/>\n<meta property=\"og:site_name\" content=\"Nedbalka\" \/>\n<meta property=\"article:modified_time\" content=\"2019-04-23T13:28:00+00:00\" \/>\n<meta property=\"og:image\" content=\"https:\/\/www.nedbalka.sk\/wp-content\/uploads\/M.-Jakabc\u030cic-\u2013-V.-Z\u030cilinc\u030canova\u0301-Su\u0301zvuk-imagina\u0301cie.jpg\" \/>\n\t<meta property=\"og:image:width\" content=\"865\" \/>\n\t<meta property=\"og:image:height\" content=\"1156\" \/>\n\t<meta property=\"og:image:type\" content=\"image\/jpeg\" \/>\n<meta name=\"twitter:card\" content=\"summary_large_image\" \/>\n<script type=\"application\/ld+json\" class=\"yoast-schema-graph\">{\"@context\":\"https:\\\/\\\/schema.org\",\"@graph\":[{\"@type\":\"WebPage\",\"@id\":\"https:\\\/\\\/www.nedbalka.sk\\\/en\\\/product\\\/m-jakabcic-v-zilincanova-suzvuk-imaginacie\\\/\",\"url\":\"https:\\\/\\\/www.nedbalka.sk\\\/en\\\/product\\\/m-jakabcic-v-zilincanova-suzvuk-imaginacie\\\/\",\"name\":\"M. Jakab\u010dic a V. \u017dilin\u010danov\u00e1 - S\u00fazvuk imagin\u00e1cie | Nedbalka\",\"isPartOf\":{\"@id\":\"https:\\\/\\\/www.nedbalka.sk\\\/#website\"},\"primaryImageOfPage\":{\"@id\":\"https:\\\/\\\/www.nedbalka.sk\\\/en\\\/product\\\/m-jakabcic-v-zilincanova-suzvuk-imaginacie\\\/#primaryimage\"},\"image\":{\"@id\":\"https:\\\/\\\/www.nedbalka.sk\\\/en\\\/product\\\/m-jakabcic-v-zilincanova-suzvuk-imaginacie\\\/#primaryimage\"},\"thumbnailUrl\":\"https:\\\/\\\/www.nedbalka.sk\\\/wp-content\\\/uploads\\\/M.-Jakabc\u030cic-\u2013-V.-Z\u030cilinc\u030canova\u0301-Su\u0301zvuk-imagina\u0301cie.jpg\",\"datePublished\":\"2014-04-08T05:00:03+00:00\",\"dateModified\":\"2019-04-23T13:28:00+00:00\",\"breadcrumb\":{\"@id\":\"https:\\\/\\\/www.nedbalka.sk\\\/en\\\/product\\\/m-jakabcic-v-zilincanova-suzvuk-imaginacie\\\/#breadcrumb\"},\"inLanguage\":\"de\",\"potentialAction\":[{\"@type\":\"ReadAction\",\"target\":[\"https:\\\/\\\/www.nedbalka.sk\\\/en\\\/product\\\/m-jakabcic-v-zilincanova-suzvuk-imaginacie\\\/\"]}]},{\"@type\":\"ImageObject\",\"inLanguage\":\"de\",\"@id\":\"https:\\\/\\\/www.nedbalka.sk\\\/en\\\/product\\\/m-jakabcic-v-zilincanova-suzvuk-imaginacie\\\/#primaryimage\",\"url\":\"https:\\\/\\\/www.nedbalka.sk\\\/wp-content\\\/uploads\\\/M.-Jakabc\u030cic-\u2013-V.-Z\u030cilinc\u030canova\u0301-Su\u0301zvuk-imagina\u0301cie.jpg\",\"contentUrl\":\"https:\\\/\\\/www.nedbalka.sk\\\/wp-content\\\/uploads\\\/M.-Jakabc\u030cic-\u2013-V.-Z\u030cilinc\u030canova\u0301-Su\u0301zvuk-imagina\u0301cie.jpg\",\"width\":865,\"height\":1156,\"caption\":\"M. Jakabc\u030cic \u2013 V. Z\u030cilinc\u030canova\u0301, Su\u0301zvuk imagina\u0301cie\"},{\"@type\":\"BreadcrumbList\",\"@id\":\"https:\\\/\\\/www.nedbalka.sk\\\/en\\\/product\\\/m-jakabcic-v-zilincanova-suzvuk-imaginacie\\\/#breadcrumb\",\"itemListElement\":[{\"@type\":\"ListItem\",\"position\":1,\"name\":\"Home\",\"item\":\"https:\\\/\\\/www.nedbalka.sk\\\/de\\\/\"},{\"@type\":\"ListItem\",\"position\":2,\"name\":\"E-shop\",\"item\":\"https:\\\/\\\/www.nedbalka.sk\\\/e-shop\\\/\"},{\"@type\":\"ListItem\",\"position\":3,\"name\":\"M. Jakab\u010dic a V. \u017dilin\u010danov\u00e1 &#8211; S\u00fazvuk imagin\u00e1cie\"}]},{\"@type\":\"WebSite\",\"@id\":\"https:\\\/\\\/www.nedbalka.sk\\\/#website\",\"url\":\"https:\\\/\\\/www.nedbalka.sk\\\/\",\"name\":\"Nedbalka\",\"description\":\"\u0164a\u017eisko zbierky Gal\u00e9rie Nedbalka spo\u010d\u00edva v slovenskej ma\u013ebe 20. storo\u010dia, ale s\u00fa v nej zast\u00fapen\u00e9 aj socha a grafika. Gal\u00e9ria diela prezentuje prostredn\u00edctvom st\u00e1lej expoz\u00edcie a kr\u00e1tkodob\u00fdch v\u00fdstav.\",\"potentialAction\":[{\"@type\":\"SearchAction\",\"target\":{\"@type\":\"EntryPoint\",\"urlTemplate\":\"https:\\\/\\\/www.nedbalka.sk\\\/?s={search_term_string}\"},\"query-input\":{\"@type\":\"PropertyValueSpecification\",\"valueRequired\":true,\"valueName\":\"search_term_string\"}}],\"inLanguage\":\"de\"}]}<\/script>\n<!-- \/ Yoast SEO plugin. -->","yoast_head_json":{"title":"M. Jakab\u010dic a V. \u017dilin\u010danov\u00e1 - S\u00fazvuk imagin\u00e1cie | Nedbalka","robots":{"index":"index","follow":"follow","max-snippet":"max-snippet:-1","max-image-preview":"max-image-preview:large","max-video-preview":"max-video-preview:-1"},"canonical":"https:\/\/www.nedbalka.sk\/en\/product\/m-jakabcic-v-zilincanova-suzvuk-imaginacie\/","og_locale":"de_DE","og_type":"article","og_title":"M. Jakab\u010dic a V. \u017dilin\u010danov\u00e1 - S\u00fazvuk imagin\u00e1cie | Nedbalka","og_description":"Slovensk\u00e9 maliarstvo pre\u0161lo v druhej polovici 20. storo\u010dia viacer\u00fdmi v\u00fdvinov\u00fdmi zmenami. Objavilo sa nem\u00e1lo osobnost\u00ed, ktor\u00e9 tomuto pohybu d\u00e1vali impulz, energiu a smer. D\u00f4le\u017eit\u00e9 miesto medzi nimi zast\u00e1va Michal Jakab\u010dic (l930 \u2013 2001) a Viera \u017dilin\u010danov\u00e1 (1932 \u2013 2008). S\u00fakromn\u00e1 gal\u00e9ria Nedbalka v Bratislave usporiadala samostatn\u00fa v\u00fdstavu z tvorby t\u00fdchto umelcov pod n\u00e1zvom \u201eS\u00fazvuk imagin\u00e1cie\", na ktorej predstavila ich menej zn\u00e1me a nezn\u00e1me obrazy.  Publik\u00e1cia:\u00a0Michal Jakab\u010dic, Viera \u017dilin\u010danov\u00e1 \u2013 S\u00fazvuk imagin\u00e1cie \/ Harmony of Imagination; autor textov: \u013dubom\u00edr Podu\u0161el; po\u010det str\u00e1n: 120; v\u00e4zba: pevn\u00e1; jazyk: slovensk\u00fd a\u00a0anglick\u00fd; rok vydania: 2014","og_url":"https:\/\/www.nedbalka.sk\/en\/product\/m-jakabcic-v-zilincanova-suzvuk-imaginacie\/","og_site_name":"Nedbalka","article_modified_time":"2019-04-23T13:28:00+00:00","og_image":[{"width":865,"height":1156,"url":"https:\/\/www.nedbalka.sk\/wp-content\/uploads\/M.-Jakabc\u030cic-\u2013-V.-Z\u030cilinc\u030canova\u0301-Su\u0301zvuk-imagina\u0301cie.jpg","type":"image\/jpeg"}],"twitter_card":"summary_large_image","schema":{"@context":"https:\/\/schema.org","@graph":[{"@type":"WebPage","@id":"https:\/\/www.nedbalka.sk\/en\/product\/m-jakabcic-v-zilincanova-suzvuk-imaginacie\/","url":"https:\/\/www.nedbalka.sk\/en\/product\/m-jakabcic-v-zilincanova-suzvuk-imaginacie\/","name":"M. Jakab\u010dic a V. \u017dilin\u010danov\u00e1 - S\u00fazvuk imagin\u00e1cie | Nedbalka","isPartOf":{"@id":"https:\/\/www.nedbalka.sk\/#website"},"primaryImageOfPage":{"@id":"https:\/\/www.nedbalka.sk\/en\/product\/m-jakabcic-v-zilincanova-suzvuk-imaginacie\/#primaryimage"},"image":{"@id":"https:\/\/www.nedbalka.sk\/en\/product\/m-jakabcic-v-zilincanova-suzvuk-imaginacie\/#primaryimage"},"thumbnailUrl":"https:\/\/www.nedbalka.sk\/wp-content\/uploads\/M.-Jakabc\u030cic-\u2013-V.-Z\u030cilinc\u030canova\u0301-Su\u0301zvuk-imagina\u0301cie.jpg","datePublished":"2014-04-08T05:00:03+00:00","dateModified":"2019-04-23T13:28:00+00:00","breadcrumb":{"@id":"https:\/\/www.nedbalka.sk\/en\/product\/m-jakabcic-v-zilincanova-suzvuk-imaginacie\/#breadcrumb"},"inLanguage":"de","potentialAction":[{"@type":"ReadAction","target":["https:\/\/www.nedbalka.sk\/en\/product\/m-jakabcic-v-zilincanova-suzvuk-imaginacie\/"]}]},{"@type":"ImageObject","inLanguage":"de","@id":"https:\/\/www.nedbalka.sk\/en\/product\/m-jakabcic-v-zilincanova-suzvuk-imaginacie\/#primaryimage","url":"https:\/\/www.nedbalka.sk\/wp-content\/uploads\/M.-Jakabc\u030cic-\u2013-V.-Z\u030cilinc\u030canova\u0301-Su\u0301zvuk-imagina\u0301cie.jpg","contentUrl":"https:\/\/www.nedbalka.sk\/wp-content\/uploads\/M.-Jakabc\u030cic-\u2013-V.-Z\u030cilinc\u030canova\u0301-Su\u0301zvuk-imagina\u0301cie.jpg","width":865,"height":1156,"caption":"M. Jakabc\u030cic \u2013 V. Z\u030cilinc\u030canova\u0301, Su\u0301zvuk imagina\u0301cie"},{"@type":"BreadcrumbList","@id":"https:\/\/www.nedbalka.sk\/en\/product\/m-jakabcic-v-zilincanova-suzvuk-imaginacie\/#breadcrumb","itemListElement":[{"@type":"ListItem","position":1,"name":"Home","item":"https:\/\/www.nedbalka.sk\/de\/"},{"@type":"ListItem","position":2,"name":"E-shop","item":"https:\/\/www.nedbalka.sk\/e-shop\/"},{"@type":"ListItem","position":3,"name":"M. Jakab\u010dic a V. \u017dilin\u010danov\u00e1 &#8211; S\u00fazvuk imagin\u00e1cie"}]},{"@type":"WebSite","@id":"https:\/\/www.nedbalka.sk\/#website","url":"https:\/\/www.nedbalka.sk\/","name":"Nedbalka","description":"\u0164a\u017eisko zbierky Gal\u00e9rie Nedbalka spo\u010d\u00edva v slovenskej ma\u013ebe 20. storo\u010dia, ale s\u00fa v nej zast\u00fapen\u00e9 aj socha a grafika. Gal\u00e9ria diela prezentuje prostredn\u00edctvom st\u00e1lej expoz\u00edcie a kr\u00e1tkodob\u00fdch v\u00fdstav.","potentialAction":[{"@type":"SearchAction","target":{"@type":"EntryPoint","urlTemplate":"https:\/\/www.nedbalka.sk\/?s={search_term_string}"},"query-input":{"@type":"PropertyValueSpecification","valueRequired":true,"valueName":"search_term_string"}}],"inLanguage":"de"}]}},"_links":{"self":[{"href":"https:\/\/www.nedbalka.sk\/de\/wp-json\/wp\/v2\/product\/2302","targetHints":{"allow":["GET"]}}],"collection":[{"href":"https:\/\/www.nedbalka.sk\/de\/wp-json\/wp\/v2\/product"}],"about":[{"href":"https:\/\/www.nedbalka.sk\/de\/wp-json\/wp\/v2\/types\/product"}],"wp:featuredmedia":[{"embeddable":true,"href":"https:\/\/www.nedbalka.sk\/de\/wp-json\/wp\/v2\/media\/2431"}],"wp:attachment":[{"href":"https:\/\/www.nedbalka.sk\/de\/wp-json\/wp\/v2\/media?parent=2302"}],"curies":[{"name":"wp","href":"https:\/\/api.w.org\/{rel}","templated":true}]}}