{"id":2279,"date":"2015-04-16T06:00:53","date_gmt":"2015-04-16T05:00:53","guid":{"rendered":"http:\/\/www.nedbalka.sk\/?post_type=product&#038;p=2279"},"modified":"2019-04-23T14:26:59","modified_gmt":"2019-04-23T13:26:59","slug":"kniha-rudolf-krivos-obrazy-1958-1994-svedectva-signaly-odkazy","status":"publish","type":"product","link":"https:\/\/www.nedbalka.sk\/de\/product\/kniha-rudolf-krivos-obrazy-1958-1994-svedectva-signaly-odkazy\/","title":{"rendered":"Rudolf Krivo\u0161 &#8211; Svedectv\u00e1 \u2013 Sign\u00e1ly \u2013 Odkazy"},"content":{"rendered":"","protected":false},"excerpt":{"rendered":"<p>Gal\u00e9ria Nedbalka prezentovala dva s\u00fabory obrazov, jeden z vlastnej expoz\u00edcie a depozit\u00e1ra (34 diel), druh\u00fd z umelcovho ateli\u00e9ru (29 obrazov). Komorn\u00e9 obrazy poch\u00e1dzaj\u00fa z rokov 1958 \u2013 1994. S\u00fa to predov\u0161etk\u00fdm figur\u00e1lne kompoz\u00edcie zobrazuj\u00face ve\u013ek\u00fa a ve\u010dn\u00fa krivo\u0161ovsk\u00fa t\u00e9mu \u017eivota a \u010dlove\u010denstva \u010dloveka, jeho pod\u00f4b, \u00fazkosti, bolesti. Tlakov jeho formovania a deform\u00e1ci\u00ed. Jeho sily a vzdoru. Vedomia bremena osudu i \u017eivota. Je to \u010dlovek v r\u00f4znych psychick\u00fdch situ\u00e1ci\u00e1ch a rozporoch, istot\u00e1ch i tichu svojej osamelosti biologick\u00fdch a \u017eiv\u00fdch st\u013apov. N\u00e1jdeme tu aj niektor\u00e9 \u017e\u00e1nrov\u00e9 vidiecke i civilistick\u00e9 mot\u00edvy, baladick\u00e9 stredoslovensk\u00e9 krajiny \u2013 lazy, znepokojuj\u00face obrazy \u2013 odkazy zrkadiel&#8230; Nie je to komplexn\u00e1, ale v\u00fdberov\u00e1, sugest\u00edvna kolekcia ma\u013eby umelca, ktor\u00fd patr\u00ed k pilierom na\u0161ej maliarskej moderny.<\/p>\n<p><strong>Katal\u00f3g:\u00a0Rudolf Krivo\u0161 \u2013 Obrazy 1958 \u2013 1994. Svedectv\u00e1 \u2013 Sign\u00e1ly \u2013 Odkazy \/ Testimonies \u2013 Signals \u2013 Messages; <\/strong>autor textov:\u00a0Bohum\u00edr Bachrat\u00fd; po\u010det str\u00e1n:\u00a0120; v\u00e4zba:\u00a0pevn\u00e1; jazyk:\u00a0slovensk\u00fd a\u00a0anglick\u00fd; rok vydania:\u00a02015.<\/p>\n","protected":false},"featured_media":2280,"template":"","meta":{"_acf_changed":false,"inline_featured_image":false},"class_list":{"0":"post-2279","1":"product","2":"type-product","3":"status-publish","4":"has-post-thumbnail","6":"product_cat-katalog","8":"first","9":"instock","10":"taxable","11":"shipping-taxable","12":"purchasable","13":"product-type-simple"},"acf":[],"yoast_head":"<!-- This site is optimized with the Yoast SEO plugin v27.4 - https:\/\/yoast.com\/product\/yoast-seo-wordpress\/ -->\n<title>Rudolf Krivo\u0161 - Svedectv\u00e1 \u2013 Sign\u00e1ly \u2013 Odkazy | Nedbalka<\/title>\n<meta name=\"robots\" content=\"index, follow, max-snippet:-1, max-image-preview:large, max-video-preview:-1\" \/>\n<link rel=\"canonical\" href=\"https:\/\/www.nedbalka.sk\/en\/product\/kniha-rudolf-krivos-obrazy-1958-1994-svedectva-signaly-odkazy\/\" \/>\n<meta property=\"og:locale\" content=\"de_DE\" \/>\n<meta property=\"og:type\" content=\"article\" \/>\n<meta property=\"og:title\" content=\"Rudolf Krivo\u0161 - Svedectv\u00e1 \u2013 Sign\u00e1ly \u2013 Odkazy | Nedbalka\" \/>\n<meta property=\"og:description\" content=\"Gal\u00e9ria Nedbalka prezentovala dva s\u00fabory obrazov, jeden z vlastnej expoz\u00edcie a depozit\u00e1ra (34 diel), druh\u00fd z umelcovho ateli\u00e9ru (29 obrazov). Komorn\u00e9 obrazy poch\u00e1dzaj\u00fa z rokov 1958 \u2013 1994. S\u00fa to predov\u0161etk\u00fdm figur\u00e1lne kompoz\u00edcie zobrazuj\u00face ve\u013ek\u00fa a ve\u010dn\u00fa krivo\u0161ovsk\u00fa t\u00e9mu \u017eivota a \u010dlove\u010denstva \u010dloveka, jeho pod\u00f4b, \u00fazkosti, bolesti. Tlakov jeho formovania a deform\u00e1ci\u00ed. Jeho sily a vzdoru. Vedomia bremena osudu i \u017eivota. Je to \u010dlovek v r\u00f4znych psychick\u00fdch situ\u00e1ci\u00e1ch a rozporoch, istot\u00e1ch i tichu svojej osamelosti biologick\u00fdch a \u017eiv\u00fdch st\u013apov. N\u00e1jdeme tu aj niektor\u00e9 \u017e\u00e1nrov\u00e9 vidiecke i civilistick\u00e9 mot\u00edvy, baladick\u00e9 stredoslovensk\u00e9 krajiny \u2013 lazy, znepokojuj\u00face obrazy \u2013 odkazy zrkadiel... Nie je to komplexn\u00e1, ale v\u00fdberov\u00e1, sugest\u00edvna kolekcia ma\u013eby umelca, ktor\u00fd patr\u00ed k pilierom na\u0161ej maliarskej moderny.  Katal\u00f3g:\u00a0Rudolf Krivo\u0161 \u2013 Obrazy 1958 \u2013 1994. Svedectv\u00e1 \u2013 Sign\u00e1ly \u2013 Odkazy \/ Testimonies \u2013 Signals \u2013 Messages; autor textov:\u00a0Bohum\u00edr Bachrat\u00fd; po\u010det str\u00e1n:\u00a0120; v\u00e4zba:\u00a0pevn\u00e1; jazyk:\u00a0slovensk\u00fd a\u00a0anglick\u00fd; rok vydania:\u00a02015.\" \/>\n<meta property=\"og:url\" content=\"https:\/\/www.nedbalka.sk\/en\/product\/kniha-rudolf-krivos-obrazy-1958-1994-svedectva-signaly-odkazy\/\" \/>\n<meta property=\"og:site_name\" content=\"Nedbalka\" \/>\n<meta property=\"article:modified_time\" content=\"2019-04-23T13:26:59+00:00\" \/>\n<meta property=\"og:image\" content=\"https:\/\/www.nedbalka.sk\/wp-content\/uploads\/Rudolf-Krivos\u030c-Svedectva\u0301.jpg\" \/>\n\t<meta property=\"og:image:width\" content=\"865\" \/>\n\t<meta property=\"og:image:height\" content=\"1156\" \/>\n\t<meta property=\"og:image:type\" content=\"image\/jpeg\" \/>\n<meta name=\"twitter:card\" content=\"summary_large_image\" \/>\n<script type=\"application\/ld+json\" class=\"yoast-schema-graph\">{\"@context\":\"https:\\\/\\\/schema.org\",\"@graph\":[{\"@type\":\"WebPage\",\"@id\":\"https:\\\/\\\/www.nedbalka.sk\\\/en\\\/product\\\/kniha-rudolf-krivos-obrazy-1958-1994-svedectva-signaly-odkazy\\\/\",\"url\":\"https:\\\/\\\/www.nedbalka.sk\\\/en\\\/product\\\/kniha-rudolf-krivos-obrazy-1958-1994-svedectva-signaly-odkazy\\\/\",\"name\":\"Rudolf Krivo\u0161 - Svedectv\u00e1 \u2013 Sign\u00e1ly \u2013 Odkazy | Nedbalka\",\"isPartOf\":{\"@id\":\"https:\\\/\\\/www.nedbalka.sk\\\/#website\"},\"primaryImageOfPage\":{\"@id\":\"https:\\\/\\\/www.nedbalka.sk\\\/en\\\/product\\\/kniha-rudolf-krivos-obrazy-1958-1994-svedectva-signaly-odkazy\\\/#primaryimage\"},\"image\":{\"@id\":\"https:\\\/\\\/www.nedbalka.sk\\\/en\\\/product\\\/kniha-rudolf-krivos-obrazy-1958-1994-svedectva-signaly-odkazy\\\/#primaryimage\"},\"thumbnailUrl\":\"https:\\\/\\\/www.nedbalka.sk\\\/wp-content\\\/uploads\\\/Rudolf-Krivos\u030c-Svedectva\u0301.jpg\",\"datePublished\":\"2015-04-16T05:00:53+00:00\",\"dateModified\":\"2019-04-23T13:26:59+00:00\",\"breadcrumb\":{\"@id\":\"https:\\\/\\\/www.nedbalka.sk\\\/en\\\/product\\\/kniha-rudolf-krivos-obrazy-1958-1994-svedectva-signaly-odkazy\\\/#breadcrumb\"},\"inLanguage\":\"de\",\"potentialAction\":[{\"@type\":\"ReadAction\",\"target\":[\"https:\\\/\\\/www.nedbalka.sk\\\/en\\\/product\\\/kniha-rudolf-krivos-obrazy-1958-1994-svedectva-signaly-odkazy\\\/\"]}]},{\"@type\":\"ImageObject\",\"inLanguage\":\"de\",\"@id\":\"https:\\\/\\\/www.nedbalka.sk\\\/en\\\/product\\\/kniha-rudolf-krivos-obrazy-1958-1994-svedectva-signaly-odkazy\\\/#primaryimage\",\"url\":\"https:\\\/\\\/www.nedbalka.sk\\\/wp-content\\\/uploads\\\/Rudolf-Krivos\u030c-Svedectva\u0301.jpg\",\"contentUrl\":\"https:\\\/\\\/www.nedbalka.sk\\\/wp-content\\\/uploads\\\/Rudolf-Krivos\u030c-Svedectva\u0301.jpg\",\"width\":865,\"height\":1156,\"caption\":\"Rudolf Krivos\u030c - Svedectva\u0301\"},{\"@type\":\"BreadcrumbList\",\"@id\":\"https:\\\/\\\/www.nedbalka.sk\\\/en\\\/product\\\/kniha-rudolf-krivos-obrazy-1958-1994-svedectva-signaly-odkazy\\\/#breadcrumb\",\"itemListElement\":[{\"@type\":\"ListItem\",\"position\":1,\"name\":\"Home\",\"item\":\"https:\\\/\\\/www.nedbalka.sk\\\/de\\\/\"},{\"@type\":\"ListItem\",\"position\":2,\"name\":\"E-shop\",\"item\":\"https:\\\/\\\/www.nedbalka.sk\\\/e-shop\\\/\"},{\"@type\":\"ListItem\",\"position\":3,\"name\":\"Rudolf Krivo\u0161 &#8211; Svedectv\u00e1 \u2013 Sign\u00e1ly \u2013 Odkazy\"}]},{\"@type\":\"WebSite\",\"@id\":\"https:\\\/\\\/www.nedbalka.sk\\\/#website\",\"url\":\"https:\\\/\\\/www.nedbalka.sk\\\/\",\"name\":\"Nedbalka\",\"description\":\"\u0164a\u017eisko zbierky Gal\u00e9rie Nedbalka spo\u010d\u00edva v slovenskej ma\u013ebe 20. storo\u010dia, ale s\u00fa v nej zast\u00fapen\u00e9 aj socha a grafika. Gal\u00e9ria diela prezentuje prostredn\u00edctvom st\u00e1lej expoz\u00edcie a kr\u00e1tkodob\u00fdch v\u00fdstav.\",\"potentialAction\":[{\"@type\":\"SearchAction\",\"target\":{\"@type\":\"EntryPoint\",\"urlTemplate\":\"https:\\\/\\\/www.nedbalka.sk\\\/?s={search_term_string}\"},\"query-input\":{\"@type\":\"PropertyValueSpecification\",\"valueRequired\":true,\"valueName\":\"search_term_string\"}}],\"inLanguage\":\"de\"}]}<\/script>\n<!-- \/ Yoast SEO plugin. -->","yoast_head_json":{"title":"Rudolf Krivo\u0161 - Svedectv\u00e1 \u2013 Sign\u00e1ly \u2013 Odkazy | Nedbalka","robots":{"index":"index","follow":"follow","max-snippet":"max-snippet:-1","max-image-preview":"max-image-preview:large","max-video-preview":"max-video-preview:-1"},"canonical":"https:\/\/www.nedbalka.sk\/en\/product\/kniha-rudolf-krivos-obrazy-1958-1994-svedectva-signaly-odkazy\/","og_locale":"de_DE","og_type":"article","og_title":"Rudolf Krivo\u0161 - Svedectv\u00e1 \u2013 Sign\u00e1ly \u2013 Odkazy | Nedbalka","og_description":"Gal\u00e9ria Nedbalka prezentovala dva s\u00fabory obrazov, jeden z vlastnej expoz\u00edcie a depozit\u00e1ra (34 diel), druh\u00fd z umelcovho ateli\u00e9ru (29 obrazov). Komorn\u00e9 obrazy poch\u00e1dzaj\u00fa z rokov 1958 \u2013 1994. S\u00fa to predov\u0161etk\u00fdm figur\u00e1lne kompoz\u00edcie zobrazuj\u00face ve\u013ek\u00fa a ve\u010dn\u00fa krivo\u0161ovsk\u00fa t\u00e9mu \u017eivota a \u010dlove\u010denstva \u010dloveka, jeho pod\u00f4b, \u00fazkosti, bolesti. Tlakov jeho formovania a deform\u00e1ci\u00ed. Jeho sily a vzdoru. Vedomia bremena osudu i \u017eivota. Je to \u010dlovek v r\u00f4znych psychick\u00fdch situ\u00e1ci\u00e1ch a rozporoch, istot\u00e1ch i tichu svojej osamelosti biologick\u00fdch a \u017eiv\u00fdch st\u013apov. N\u00e1jdeme tu aj niektor\u00e9 \u017e\u00e1nrov\u00e9 vidiecke i civilistick\u00e9 mot\u00edvy, baladick\u00e9 stredoslovensk\u00e9 krajiny \u2013 lazy, znepokojuj\u00face obrazy \u2013 odkazy zrkadiel... Nie je to komplexn\u00e1, ale v\u00fdberov\u00e1, sugest\u00edvna kolekcia ma\u013eby umelca, ktor\u00fd patr\u00ed k pilierom na\u0161ej maliarskej moderny.  Katal\u00f3g:\u00a0Rudolf Krivo\u0161 \u2013 Obrazy 1958 \u2013 1994. Svedectv\u00e1 \u2013 Sign\u00e1ly \u2013 Odkazy \/ Testimonies \u2013 Signals \u2013 Messages; autor textov:\u00a0Bohum\u00edr Bachrat\u00fd; po\u010det str\u00e1n:\u00a0120; v\u00e4zba:\u00a0pevn\u00e1; jazyk:\u00a0slovensk\u00fd a\u00a0anglick\u00fd; rok vydania:\u00a02015.","og_url":"https:\/\/www.nedbalka.sk\/en\/product\/kniha-rudolf-krivos-obrazy-1958-1994-svedectva-signaly-odkazy\/","og_site_name":"Nedbalka","article_modified_time":"2019-04-23T13:26:59+00:00","og_image":[{"width":865,"height":1156,"url":"https:\/\/www.nedbalka.sk\/wp-content\/uploads\/Rudolf-Krivos\u030c-Svedectva\u0301.jpg","type":"image\/jpeg"}],"twitter_card":"summary_large_image","schema":{"@context":"https:\/\/schema.org","@graph":[{"@type":"WebPage","@id":"https:\/\/www.nedbalka.sk\/en\/product\/kniha-rudolf-krivos-obrazy-1958-1994-svedectva-signaly-odkazy\/","url":"https:\/\/www.nedbalka.sk\/en\/product\/kniha-rudolf-krivos-obrazy-1958-1994-svedectva-signaly-odkazy\/","name":"Rudolf Krivo\u0161 - Svedectv\u00e1 \u2013 Sign\u00e1ly \u2013 Odkazy | Nedbalka","isPartOf":{"@id":"https:\/\/www.nedbalka.sk\/#website"},"primaryImageOfPage":{"@id":"https:\/\/www.nedbalka.sk\/en\/product\/kniha-rudolf-krivos-obrazy-1958-1994-svedectva-signaly-odkazy\/#primaryimage"},"image":{"@id":"https:\/\/www.nedbalka.sk\/en\/product\/kniha-rudolf-krivos-obrazy-1958-1994-svedectva-signaly-odkazy\/#primaryimage"},"thumbnailUrl":"https:\/\/www.nedbalka.sk\/wp-content\/uploads\/Rudolf-Krivos\u030c-Svedectva\u0301.jpg","datePublished":"2015-04-16T05:00:53+00:00","dateModified":"2019-04-23T13:26:59+00:00","breadcrumb":{"@id":"https:\/\/www.nedbalka.sk\/en\/product\/kniha-rudolf-krivos-obrazy-1958-1994-svedectva-signaly-odkazy\/#breadcrumb"},"inLanguage":"de","potentialAction":[{"@type":"ReadAction","target":["https:\/\/www.nedbalka.sk\/en\/product\/kniha-rudolf-krivos-obrazy-1958-1994-svedectva-signaly-odkazy\/"]}]},{"@type":"ImageObject","inLanguage":"de","@id":"https:\/\/www.nedbalka.sk\/en\/product\/kniha-rudolf-krivos-obrazy-1958-1994-svedectva-signaly-odkazy\/#primaryimage","url":"https:\/\/www.nedbalka.sk\/wp-content\/uploads\/Rudolf-Krivos\u030c-Svedectva\u0301.jpg","contentUrl":"https:\/\/www.nedbalka.sk\/wp-content\/uploads\/Rudolf-Krivos\u030c-Svedectva\u0301.jpg","width":865,"height":1156,"caption":"Rudolf Krivos\u030c - Svedectva\u0301"},{"@type":"BreadcrumbList","@id":"https:\/\/www.nedbalka.sk\/en\/product\/kniha-rudolf-krivos-obrazy-1958-1994-svedectva-signaly-odkazy\/#breadcrumb","itemListElement":[{"@type":"ListItem","position":1,"name":"Home","item":"https:\/\/www.nedbalka.sk\/de\/"},{"@type":"ListItem","position":2,"name":"E-shop","item":"https:\/\/www.nedbalka.sk\/e-shop\/"},{"@type":"ListItem","position":3,"name":"Rudolf Krivo\u0161 &#8211; Svedectv\u00e1 \u2013 Sign\u00e1ly \u2013 Odkazy"}]},{"@type":"WebSite","@id":"https:\/\/www.nedbalka.sk\/#website","url":"https:\/\/www.nedbalka.sk\/","name":"Nedbalka","description":"\u0164a\u017eisko zbierky Gal\u00e9rie Nedbalka spo\u010d\u00edva v slovenskej ma\u013ebe 20. storo\u010dia, ale s\u00fa v nej zast\u00fapen\u00e9 aj socha a grafika. Gal\u00e9ria diela prezentuje prostredn\u00edctvom st\u00e1lej expoz\u00edcie a kr\u00e1tkodob\u00fdch v\u00fdstav.","potentialAction":[{"@type":"SearchAction","target":{"@type":"EntryPoint","urlTemplate":"https:\/\/www.nedbalka.sk\/?s={search_term_string}"},"query-input":{"@type":"PropertyValueSpecification","valueRequired":true,"valueName":"search_term_string"}}],"inLanguage":"de"}]}},"_links":{"self":[{"href":"https:\/\/www.nedbalka.sk\/de\/wp-json\/wp\/v2\/product\/2279","targetHints":{"allow":["GET"]}}],"collection":[{"href":"https:\/\/www.nedbalka.sk\/de\/wp-json\/wp\/v2\/product"}],"about":[{"href":"https:\/\/www.nedbalka.sk\/de\/wp-json\/wp\/v2\/types\/product"}],"wp:featuredmedia":[{"embeddable":true,"href":"https:\/\/www.nedbalka.sk\/de\/wp-json\/wp\/v2\/media\/2280"}],"wp:attachment":[{"href":"https:\/\/www.nedbalka.sk\/de\/wp-json\/wp\/v2\/media?parent=2279"}],"curies":[{"name":"wp","href":"https:\/\/api.w.org\/{rel}","templated":true}]}}