{"id":2275,"date":"2015-09-10T06:00:15","date_gmt":"2015-09-10T05:00:15","guid":{"rendered":"http:\/\/www.nedbalka.sk\/?post_type=product&#038;p=2275"},"modified":"2019-04-23T14:26:38","modified_gmt":"2019-04-23T13:26:38","slug":"katalog-sklo-socha-objekt-malba-kresba-fotografia","status":"publish","type":"product","link":"https:\/\/www.nedbalka.sk\/de\/product\/katalog-sklo-socha-objekt-malba-kresba-fotografia\/","title":{"rendered":"Sklo \u2013 socha, objekt, ma\u013eba, kresba a fotografia"},"content":{"rendered":"","protected":false},"excerpt":{"rendered":"<p>Kolekcia diel zo skla, vybran\u00e1 na v\u00fdstavu v r\u00e1mci ka\u017edoro\u010dn\u00e9ho bratislavsk\u00e9ho podujatia Socha a objekt, bola malou sondou do aktu\u00e1lnej tvorby autorov r\u00f4znych gener\u00e1ci\u00ed i n\u00e1zorov. Sklo je na kolekt\u00edvnych prehliadkach na Slovensku v s\u00fa\u010dasnosti prezentovan\u00e9 pomerne zriedka, s v\u00fdnimkou Ceny Gal\u00e9rie NOVA za sklo a v\u00fdstav pri pr\u00edle\u017eitosti v\u00fdro\u010d\u00ed ateli\u00e9ru skla. Slovensk\u00ed autori sa s\u00fastre\u010fuj\u00fa najm\u00e4 na zahrani\u010die, kde maj\u00fa vlastn\u00fd okruh zberate\u013eov.<\/p>\n<p>Gal\u00e9ria Nedbalka sa programovo venuje prezent\u00e1cii modern\u00e9ho slovensk\u00e9ho v\u00fdtvarn\u00e9ho umenia, predov\u0161etk\u00fdm ma\u013eby a sochy, ale svoj program postupne roz\u0161iruje aj na s\u00fa\u010dasn\u00e9 umenie. Na v\u00fdstavu v r\u00e1mci prehliadky Socha a objekt bolo vybran\u00e9 sklo ako v\u00fdnimo\u010dn\u00fd v\u00fdtvarn\u00fd prejav. Jednotliv\u00ed autori ukazuj\u00fa r\u00f4zne sp\u00f4soby, ako tento potenci\u00e1l skla vyu\u017ei\u0165. Sklo je z\u00e1rove\u0148 aj novou mo\u017enos\u0165ou pre maliarsky prejav, pr\u00edpadne pre in\u00e9 v\u00fdtvarn\u00e9 techniky ako je kresba a fotografia.<\/p>\n<p><strong>Katal\u00f3g:\u00a0Sklo \u2013 socha. Objekt, ma\u013eba, kresba a\u00a0fotografia \/ Glass \u2013 Sculpture. Object, Painting, Drawing and Photography; <\/strong>autorka textov:\u00a0Sabina Jankovi\u010dov\u00e1; po\u010det str\u00e1n:\u00a048; v\u00e4zba:\u00a0m\u00e4kk\u00e1; jazyk:\u00a0slovensk\u00fd a\u00a0anglick\u00fd; rok vydania:\u00a02015.<\/p>\n","protected":false},"featured_media":2276,"template":"","meta":{"_acf_changed":false,"inline_featured_image":false},"class_list":{"0":"post-2275","1":"product","2":"type-product","3":"status-publish","4":"has-post-thumbnail","6":"product_cat-katalog","8":"first","9":"instock","10":"taxable","11":"shipping-taxable","12":"purchasable","13":"product-type-simple"},"acf":[],"yoast_head":"<!-- This site is optimized with the Yoast SEO plugin v27.4 - https:\/\/yoast.com\/product\/yoast-seo-wordpress\/ -->\n<title>Sklo \u2013 socha, objekt, ma\u013eba, kresba a fotografia | Nedbalka<\/title>\n<meta name=\"robots\" content=\"index, follow, max-snippet:-1, max-image-preview:large, max-video-preview:-1\" \/>\n<link rel=\"canonical\" href=\"https:\/\/www.nedbalka.sk\/en\/product\/katalog-sklo-socha-objekt-malba-kresba-fotografia\/\" \/>\n<meta property=\"og:locale\" content=\"de_DE\" \/>\n<meta property=\"og:type\" content=\"article\" \/>\n<meta property=\"og:title\" content=\"Sklo \u2013 socha, objekt, ma\u013eba, kresba a fotografia | Nedbalka\" \/>\n<meta property=\"og:description\" content=\"Kolekcia diel zo skla, vybran\u00e1 na v\u00fdstavu v r\u00e1mci ka\u017edoro\u010dn\u00e9ho bratislavsk\u00e9ho podujatia Socha a objekt, bola malou sondou do aktu\u00e1lnej tvorby autorov r\u00f4znych gener\u00e1ci\u00ed i n\u00e1zorov. Sklo je na kolekt\u00edvnych prehliadkach na Slovensku v s\u00fa\u010dasnosti prezentovan\u00e9 pomerne zriedka, s v\u00fdnimkou Ceny Gal\u00e9rie NOVA za sklo a v\u00fdstav pri pr\u00edle\u017eitosti v\u00fdro\u010d\u00ed ateli\u00e9ru skla. Slovensk\u00ed autori sa s\u00fastre\u010fuj\u00fa najm\u00e4 na zahrani\u010die, kde maj\u00fa vlastn\u00fd okruh zberate\u013eov.  Gal\u00e9ria Nedbalka sa programovo venuje prezent\u00e1cii modern\u00e9ho slovensk\u00e9ho v\u00fdtvarn\u00e9ho umenia, predov\u0161etk\u00fdm ma\u013eby a sochy, ale svoj program postupne roz\u0161iruje aj na s\u00fa\u010dasn\u00e9 umenie. Na v\u00fdstavu v r\u00e1mci prehliadky Socha a objekt bolo vybran\u00e9 sklo ako v\u00fdnimo\u010dn\u00fd v\u00fdtvarn\u00fd prejav. Jednotliv\u00ed autori ukazuj\u00fa r\u00f4zne sp\u00f4soby, ako tento potenci\u00e1l skla vyu\u017ei\u0165. Sklo je z\u00e1rove\u0148 aj novou mo\u017enos\u0165ou pre maliarsky prejav, pr\u00edpadne pre in\u00e9 v\u00fdtvarn\u00e9 techniky ako je kresba a fotografia.  Katal\u00f3g:\u00a0Sklo \u2013 socha. Objekt, ma\u013eba, kresba a\u00a0fotografia \/ Glass \u2013 Sculpture. Object, Painting, Drawing and Photography; autorka textov:\u00a0Sabina Jankovi\u010dov\u00e1; po\u010det str\u00e1n:\u00a048; v\u00e4zba:\u00a0m\u00e4kk\u00e1; jazyk:\u00a0slovensk\u00fd a\u00a0anglick\u00fd; rok vydania:\u00a02015.\" \/>\n<meta property=\"og:url\" content=\"https:\/\/www.nedbalka.sk\/en\/product\/katalog-sklo-socha-objekt-malba-kresba-fotografia\/\" \/>\n<meta property=\"og:site_name\" content=\"Nedbalka\" \/>\n<meta property=\"article:modified_time\" content=\"2019-04-23T13:26:38+00:00\" \/>\n<meta property=\"og:image\" content=\"https:\/\/www.nedbalka.sk\/wp-content\/uploads\/Sklo-\u2013-socha-objekt-mal\u030cba-kresba-a-fotografia.jpg\" \/>\n\t<meta property=\"og:image:width\" content=\"865\" \/>\n\t<meta property=\"og:image:height\" content=\"1156\" \/>\n\t<meta property=\"og:image:type\" content=\"image\/jpeg\" \/>\n<meta name=\"twitter:card\" content=\"summary_large_image\" \/>\n<script type=\"application\/ld+json\" class=\"yoast-schema-graph\">{\"@context\":\"https:\\\/\\\/schema.org\",\"@graph\":[{\"@type\":\"WebPage\",\"@id\":\"https:\\\/\\\/www.nedbalka.sk\\\/en\\\/product\\\/katalog-sklo-socha-objekt-malba-kresba-fotografia\\\/\",\"url\":\"https:\\\/\\\/www.nedbalka.sk\\\/en\\\/product\\\/katalog-sklo-socha-objekt-malba-kresba-fotografia\\\/\",\"name\":\"Sklo \u2013 socha, objekt, ma\u013eba, kresba a fotografia | Nedbalka\",\"isPartOf\":{\"@id\":\"https:\\\/\\\/www.nedbalka.sk\\\/#website\"},\"primaryImageOfPage\":{\"@id\":\"https:\\\/\\\/www.nedbalka.sk\\\/en\\\/product\\\/katalog-sklo-socha-objekt-malba-kresba-fotografia\\\/#primaryimage\"},\"image\":{\"@id\":\"https:\\\/\\\/www.nedbalka.sk\\\/en\\\/product\\\/katalog-sklo-socha-objekt-malba-kresba-fotografia\\\/#primaryimage\"},\"thumbnailUrl\":\"https:\\\/\\\/www.nedbalka.sk\\\/wp-content\\\/uploads\\\/Sklo-\u2013-socha-objekt-mal\u030cba-kresba-a-fotografia.jpg\",\"datePublished\":\"2015-09-10T05:00:15+00:00\",\"dateModified\":\"2019-04-23T13:26:38+00:00\",\"breadcrumb\":{\"@id\":\"https:\\\/\\\/www.nedbalka.sk\\\/en\\\/product\\\/katalog-sklo-socha-objekt-malba-kresba-fotografia\\\/#breadcrumb\"},\"inLanguage\":\"de\",\"potentialAction\":[{\"@type\":\"ReadAction\",\"target\":[\"https:\\\/\\\/www.nedbalka.sk\\\/en\\\/product\\\/katalog-sklo-socha-objekt-malba-kresba-fotografia\\\/\"]}]},{\"@type\":\"ImageObject\",\"inLanguage\":\"de\",\"@id\":\"https:\\\/\\\/www.nedbalka.sk\\\/en\\\/product\\\/katalog-sklo-socha-objekt-malba-kresba-fotografia\\\/#primaryimage\",\"url\":\"https:\\\/\\\/www.nedbalka.sk\\\/wp-content\\\/uploads\\\/Sklo-\u2013-socha-objekt-mal\u030cba-kresba-a-fotografia.jpg\",\"contentUrl\":\"https:\\\/\\\/www.nedbalka.sk\\\/wp-content\\\/uploads\\\/Sklo-\u2013-socha-objekt-mal\u030cba-kresba-a-fotografia.jpg\",\"width\":865,\"height\":1156,\"caption\":\"Sklo \u2013 socha, objekt, mal\u030cba, kresba a fotografia\"},{\"@type\":\"BreadcrumbList\",\"@id\":\"https:\\\/\\\/www.nedbalka.sk\\\/en\\\/product\\\/katalog-sklo-socha-objekt-malba-kresba-fotografia\\\/#breadcrumb\",\"itemListElement\":[{\"@type\":\"ListItem\",\"position\":1,\"name\":\"Home\",\"item\":\"https:\\\/\\\/www.nedbalka.sk\\\/de\\\/\"},{\"@type\":\"ListItem\",\"position\":2,\"name\":\"E-shop\",\"item\":\"https:\\\/\\\/www.nedbalka.sk\\\/e-shop\\\/\"},{\"@type\":\"ListItem\",\"position\":3,\"name\":\"Sklo \u2013 socha, objekt, ma\u013eba, kresba a fotografia\"}]},{\"@type\":\"WebSite\",\"@id\":\"https:\\\/\\\/www.nedbalka.sk\\\/#website\",\"url\":\"https:\\\/\\\/www.nedbalka.sk\\\/\",\"name\":\"Nedbalka\",\"description\":\"\u0164a\u017eisko zbierky Gal\u00e9rie Nedbalka spo\u010d\u00edva v slovenskej ma\u013ebe 20. storo\u010dia, ale s\u00fa v nej zast\u00fapen\u00e9 aj socha a grafika. Gal\u00e9ria diela prezentuje prostredn\u00edctvom st\u00e1lej expoz\u00edcie a kr\u00e1tkodob\u00fdch v\u00fdstav.\",\"potentialAction\":[{\"@type\":\"SearchAction\",\"target\":{\"@type\":\"EntryPoint\",\"urlTemplate\":\"https:\\\/\\\/www.nedbalka.sk\\\/?s={search_term_string}\"},\"query-input\":{\"@type\":\"PropertyValueSpecification\",\"valueRequired\":true,\"valueName\":\"search_term_string\"}}],\"inLanguage\":\"de\"}]}<\/script>\n<!-- \/ Yoast SEO plugin. -->","yoast_head_json":{"title":"Sklo \u2013 socha, objekt, ma\u013eba, kresba a fotografia | Nedbalka","robots":{"index":"index","follow":"follow","max-snippet":"max-snippet:-1","max-image-preview":"max-image-preview:large","max-video-preview":"max-video-preview:-1"},"canonical":"https:\/\/www.nedbalka.sk\/en\/product\/katalog-sklo-socha-objekt-malba-kresba-fotografia\/","og_locale":"de_DE","og_type":"article","og_title":"Sklo \u2013 socha, objekt, ma\u013eba, kresba a fotografia | Nedbalka","og_description":"Kolekcia diel zo skla, vybran\u00e1 na v\u00fdstavu v r\u00e1mci ka\u017edoro\u010dn\u00e9ho bratislavsk\u00e9ho podujatia Socha a objekt, bola malou sondou do aktu\u00e1lnej tvorby autorov r\u00f4znych gener\u00e1ci\u00ed i n\u00e1zorov. Sklo je na kolekt\u00edvnych prehliadkach na Slovensku v s\u00fa\u010dasnosti prezentovan\u00e9 pomerne zriedka, s v\u00fdnimkou Ceny Gal\u00e9rie NOVA za sklo a v\u00fdstav pri pr\u00edle\u017eitosti v\u00fdro\u010d\u00ed ateli\u00e9ru skla. Slovensk\u00ed autori sa s\u00fastre\u010fuj\u00fa najm\u00e4 na zahrani\u010die, kde maj\u00fa vlastn\u00fd okruh zberate\u013eov.  Gal\u00e9ria Nedbalka sa programovo venuje prezent\u00e1cii modern\u00e9ho slovensk\u00e9ho v\u00fdtvarn\u00e9ho umenia, predov\u0161etk\u00fdm ma\u013eby a sochy, ale svoj program postupne roz\u0161iruje aj na s\u00fa\u010dasn\u00e9 umenie. Na v\u00fdstavu v r\u00e1mci prehliadky Socha a objekt bolo vybran\u00e9 sklo ako v\u00fdnimo\u010dn\u00fd v\u00fdtvarn\u00fd prejav. Jednotliv\u00ed autori ukazuj\u00fa r\u00f4zne sp\u00f4soby, ako tento potenci\u00e1l skla vyu\u017ei\u0165. Sklo je z\u00e1rove\u0148 aj novou mo\u017enos\u0165ou pre maliarsky prejav, pr\u00edpadne pre in\u00e9 v\u00fdtvarn\u00e9 techniky ako je kresba a fotografia.  Katal\u00f3g:\u00a0Sklo \u2013 socha. Objekt, ma\u013eba, kresba a\u00a0fotografia \/ Glass \u2013 Sculpture. Object, Painting, Drawing and Photography; autorka textov:\u00a0Sabina Jankovi\u010dov\u00e1; po\u010det str\u00e1n:\u00a048; v\u00e4zba:\u00a0m\u00e4kk\u00e1; jazyk:\u00a0slovensk\u00fd a\u00a0anglick\u00fd; rok vydania:\u00a02015.","og_url":"https:\/\/www.nedbalka.sk\/en\/product\/katalog-sklo-socha-objekt-malba-kresba-fotografia\/","og_site_name":"Nedbalka","article_modified_time":"2019-04-23T13:26:38+00:00","og_image":[{"width":865,"height":1156,"url":"https:\/\/www.nedbalka.sk\/wp-content\/uploads\/Sklo-\u2013-socha-objekt-mal\u030cba-kresba-a-fotografia.jpg","type":"image\/jpeg"}],"twitter_card":"summary_large_image","schema":{"@context":"https:\/\/schema.org","@graph":[{"@type":"WebPage","@id":"https:\/\/www.nedbalka.sk\/en\/product\/katalog-sklo-socha-objekt-malba-kresba-fotografia\/","url":"https:\/\/www.nedbalka.sk\/en\/product\/katalog-sklo-socha-objekt-malba-kresba-fotografia\/","name":"Sklo \u2013 socha, objekt, ma\u013eba, kresba a fotografia | Nedbalka","isPartOf":{"@id":"https:\/\/www.nedbalka.sk\/#website"},"primaryImageOfPage":{"@id":"https:\/\/www.nedbalka.sk\/en\/product\/katalog-sklo-socha-objekt-malba-kresba-fotografia\/#primaryimage"},"image":{"@id":"https:\/\/www.nedbalka.sk\/en\/product\/katalog-sklo-socha-objekt-malba-kresba-fotografia\/#primaryimage"},"thumbnailUrl":"https:\/\/www.nedbalka.sk\/wp-content\/uploads\/Sklo-\u2013-socha-objekt-mal\u030cba-kresba-a-fotografia.jpg","datePublished":"2015-09-10T05:00:15+00:00","dateModified":"2019-04-23T13:26:38+00:00","breadcrumb":{"@id":"https:\/\/www.nedbalka.sk\/en\/product\/katalog-sklo-socha-objekt-malba-kresba-fotografia\/#breadcrumb"},"inLanguage":"de","potentialAction":[{"@type":"ReadAction","target":["https:\/\/www.nedbalka.sk\/en\/product\/katalog-sklo-socha-objekt-malba-kresba-fotografia\/"]}]},{"@type":"ImageObject","inLanguage":"de","@id":"https:\/\/www.nedbalka.sk\/en\/product\/katalog-sklo-socha-objekt-malba-kresba-fotografia\/#primaryimage","url":"https:\/\/www.nedbalka.sk\/wp-content\/uploads\/Sklo-\u2013-socha-objekt-mal\u030cba-kresba-a-fotografia.jpg","contentUrl":"https:\/\/www.nedbalka.sk\/wp-content\/uploads\/Sklo-\u2013-socha-objekt-mal\u030cba-kresba-a-fotografia.jpg","width":865,"height":1156,"caption":"Sklo \u2013 socha, objekt, mal\u030cba, kresba a fotografia"},{"@type":"BreadcrumbList","@id":"https:\/\/www.nedbalka.sk\/en\/product\/katalog-sklo-socha-objekt-malba-kresba-fotografia\/#breadcrumb","itemListElement":[{"@type":"ListItem","position":1,"name":"Home","item":"https:\/\/www.nedbalka.sk\/de\/"},{"@type":"ListItem","position":2,"name":"E-shop","item":"https:\/\/www.nedbalka.sk\/e-shop\/"},{"@type":"ListItem","position":3,"name":"Sklo \u2013 socha, objekt, ma\u013eba, kresba a fotografia"}]},{"@type":"WebSite","@id":"https:\/\/www.nedbalka.sk\/#website","url":"https:\/\/www.nedbalka.sk\/","name":"Nedbalka","description":"\u0164a\u017eisko zbierky Gal\u00e9rie Nedbalka spo\u010d\u00edva v slovenskej ma\u013ebe 20. storo\u010dia, ale s\u00fa v nej zast\u00fapen\u00e9 aj socha a grafika. Gal\u00e9ria diela prezentuje prostredn\u00edctvom st\u00e1lej expoz\u00edcie a kr\u00e1tkodob\u00fdch v\u00fdstav.","potentialAction":[{"@type":"SearchAction","target":{"@type":"EntryPoint","urlTemplate":"https:\/\/www.nedbalka.sk\/?s={search_term_string}"},"query-input":{"@type":"PropertyValueSpecification","valueRequired":true,"valueName":"search_term_string"}}],"inLanguage":"de"}]}},"_links":{"self":[{"href":"https:\/\/www.nedbalka.sk\/de\/wp-json\/wp\/v2\/product\/2275","targetHints":{"allow":["GET"]}}],"collection":[{"href":"https:\/\/www.nedbalka.sk\/de\/wp-json\/wp\/v2\/product"}],"about":[{"href":"https:\/\/www.nedbalka.sk\/de\/wp-json\/wp\/v2\/types\/product"}],"wp:featuredmedia":[{"embeddable":true,"href":"https:\/\/www.nedbalka.sk\/de\/wp-json\/wp\/v2\/media\/2276"}],"wp:attachment":[{"href":"https:\/\/www.nedbalka.sk\/de\/wp-json\/wp\/v2\/media?parent=2275"}],"curies":[{"name":"wp","href":"https:\/\/api.w.org\/{rel}","templated":true}]}}