{"id":2267,"date":"2016-01-11T06:00:46","date_gmt":"2016-01-11T05:00:46","guid":{"rendered":"http:\/\/www.nedbalka.sk\/?post_type=product&#038;p=2267"},"modified":"2019-04-23T14:26:29","modified_gmt":"2019-04-23T13:26:29","slug":"kniha-poezia-kompozicie-obrazov-milana-laluhu","status":"publish","type":"product","link":"https:\/\/www.nedbalka.sk\/de\/product\/kniha-poezia-kompozicie-obrazov-milana-laluhu\/","title":{"rendered":"Milan Laluha &#8211; Po\u00e9zia kompoz\u00edcie obrazov"},"content":{"rendered":"","protected":false},"excerpt":{"rendered":"<p>Katal\u00f3g predstavuje pr\u00edle\u017eitos\u0165 pribl\u00ed\u017ei\u0165 tak trocha nezvy\u010dajne kresliarske a maliarske dielo v\u00fdrazn\u00e9ho predstavite\u013ea gener\u00e1cie narodenej okolo roku 1930. Na\u0161\u0165astie, v zbierke Gal\u00e9rie Nedbalka sa nach\u00e1dzaj\u00fa obrazy, ktor\u00e9 ve\u013emi dobre reprezentuj\u00fa cel\u00fa tvorbu Milana Laluhu od ran\u00fdch diel a\u017e po obrazy z posledn\u00fdch rokov jeho tvorby. Pr\u00e1ve ich reprezentat\u00edvna kvalita n\u00e1m vnukla my\u0161lienku venova\u0165 sa prioritne v\u00fdtvarnej skladbe a umelcom preferovan\u00fdm kompozi\u010dn\u00fdm princ\u00edpom. Ke\u010f\u017ee ide o v\u00fdtvarn\u00e9 dielo in\u0161pirovan\u00e9 aj doslova prastar\u00fdmi z\u00e1konmi skrytej geometrie dlh\u00e9ho radu predkov poc\u00e9zannovsk\u00e9ho v\u00fdvinu modern\u00e9ho umenia, ver\u00edme, \u017ee vo\u013eba uhla poh\u013eadu na po\u00e9ziu kompoz\u00edcie obrazov Milana Laluhu m\u00e1 svoj v\u00fdznam.<\/p>\n<p><strong>Publik\u00e1cia:\u00a0Po\u00e9zia kompoz\u00edcie obrazov Milana Laluhu \/ The Poetry of Composition in Paintings by Milan Laluha; <\/strong>autor textov:\u00a0Juraj Moj\u017ei\u0161; po\u010det str\u00e1n: 110; jazyk:\u00a0slovensk\u00fd a\u00a0anglick\u00fd; v\u00e4zba:\u00a0pevn\u00e1; rok vydania: 2015.<\/p>\n","protected":false},"featured_media":2268,"template":"","meta":{"_acf_changed":false,"inline_featured_image":false},"class_list":{"0":"post-2267","1":"product","2":"type-product","3":"status-publish","4":"has-post-thumbnail","6":"product_cat-katalog","8":"first","9":"instock","10":"taxable","11":"shipping-taxable","12":"purchasable","13":"product-type-simple"},"acf":[],"yoast_head":"<!-- This site is optimized with the Yoast SEO plugin v27.4 - https:\/\/yoast.com\/product\/yoast-seo-wordpress\/ -->\n<title>Milan Laluha - Po\u00e9zia kompoz\u00edcie obrazov | Nedbalka<\/title>\n<meta name=\"robots\" content=\"index, follow, max-snippet:-1, max-image-preview:large, max-video-preview:-1\" \/>\n<link rel=\"canonical\" href=\"https:\/\/www.nedbalka.sk\/en\/product\/kniha-poezia-kompozicie-obrazov-milana-laluhu\/\" \/>\n<meta property=\"og:locale\" content=\"de_DE\" \/>\n<meta property=\"og:type\" content=\"article\" \/>\n<meta property=\"og:title\" content=\"Milan Laluha - Po\u00e9zia kompoz\u00edcie obrazov | Nedbalka\" \/>\n<meta property=\"og:description\" content=\"Katal\u00f3g predstavuje pr\u00edle\u017eitos\u0165 pribl\u00ed\u017ei\u0165 tak trocha nezvy\u010dajne kresliarske a maliarske dielo v\u00fdrazn\u00e9ho predstavite\u013ea gener\u00e1cie narodenej okolo roku 1930. Na\u0161\u0165astie, v zbierke Gal\u00e9rie Nedbalka sa nach\u00e1dzaj\u00fa obrazy, ktor\u00e9 ve\u013emi dobre reprezentuj\u00fa cel\u00fa tvorbu Milana Laluhu od ran\u00fdch diel a\u017e po obrazy z posledn\u00fdch rokov jeho tvorby. Pr\u00e1ve ich reprezentat\u00edvna kvalita n\u00e1m vnukla my\u0161lienku venova\u0165 sa prioritne v\u00fdtvarnej skladbe a umelcom preferovan\u00fdm kompozi\u010dn\u00fdm princ\u00edpom. Ke\u010f\u017ee ide o v\u00fdtvarn\u00e9 dielo in\u0161pirovan\u00e9 aj doslova prastar\u00fdmi z\u00e1konmi skrytej geometrie dlh\u00e9ho radu predkov poc\u00e9zannovsk\u00e9ho v\u00fdvinu modern\u00e9ho umenia, ver\u00edme, \u017ee vo\u013eba uhla poh\u013eadu na po\u00e9ziu kompoz\u00edcie obrazov Milana Laluhu m\u00e1 svoj v\u00fdznam.  Publik\u00e1cia:\u00a0Po\u00e9zia kompoz\u00edcie obrazov Milana Laluhu \/ The Poetry of Composition in Paintings by Milan Laluha; autor textov:\u00a0Juraj Moj\u017ei\u0161; po\u010det str\u00e1n: 110; jazyk:\u00a0slovensk\u00fd a\u00a0anglick\u00fd; v\u00e4zba:\u00a0pevn\u00e1; rok vydania: 2015.\" \/>\n<meta property=\"og:url\" content=\"https:\/\/www.nedbalka.sk\/en\/product\/kniha-poezia-kompozicie-obrazov-milana-laluhu\/\" \/>\n<meta property=\"og:site_name\" content=\"Nedbalka\" \/>\n<meta property=\"article:modified_time\" content=\"2019-04-23T13:26:29+00:00\" \/>\n<meta property=\"og:image\" content=\"https:\/\/www.nedbalka.sk\/wp-content\/uploads\/Poe\u0301zia-kompozi\u0301cie-obrazov-Milana-Laluhu.jpg\" \/>\n\t<meta property=\"og:image:width\" content=\"865\" \/>\n\t<meta property=\"og:image:height\" content=\"1156\" \/>\n\t<meta property=\"og:image:type\" content=\"image\/jpeg\" \/>\n<meta name=\"twitter:card\" content=\"summary_large_image\" \/>\n<script type=\"application\/ld+json\" class=\"yoast-schema-graph\">{\"@context\":\"https:\\\/\\\/schema.org\",\"@graph\":[{\"@type\":\"WebPage\",\"@id\":\"https:\\\/\\\/www.nedbalka.sk\\\/en\\\/product\\\/kniha-poezia-kompozicie-obrazov-milana-laluhu\\\/\",\"url\":\"https:\\\/\\\/www.nedbalka.sk\\\/en\\\/product\\\/kniha-poezia-kompozicie-obrazov-milana-laluhu\\\/\",\"name\":\"Milan Laluha - Po\u00e9zia kompoz\u00edcie obrazov | Nedbalka\",\"isPartOf\":{\"@id\":\"https:\\\/\\\/www.nedbalka.sk\\\/#website\"},\"primaryImageOfPage\":{\"@id\":\"https:\\\/\\\/www.nedbalka.sk\\\/en\\\/product\\\/kniha-poezia-kompozicie-obrazov-milana-laluhu\\\/#primaryimage\"},\"image\":{\"@id\":\"https:\\\/\\\/www.nedbalka.sk\\\/en\\\/product\\\/kniha-poezia-kompozicie-obrazov-milana-laluhu\\\/#primaryimage\"},\"thumbnailUrl\":\"https:\\\/\\\/www.nedbalka.sk\\\/wp-content\\\/uploads\\\/Poe\u0301zia-kompozi\u0301cie-obrazov-Milana-Laluhu.jpg\",\"datePublished\":\"2016-01-11T05:00:46+00:00\",\"dateModified\":\"2019-04-23T13:26:29+00:00\",\"breadcrumb\":{\"@id\":\"https:\\\/\\\/www.nedbalka.sk\\\/en\\\/product\\\/kniha-poezia-kompozicie-obrazov-milana-laluhu\\\/#breadcrumb\"},\"inLanguage\":\"de\",\"potentialAction\":[{\"@type\":\"ReadAction\",\"target\":[\"https:\\\/\\\/www.nedbalka.sk\\\/en\\\/product\\\/kniha-poezia-kompozicie-obrazov-milana-laluhu\\\/\"]}]},{\"@type\":\"ImageObject\",\"inLanguage\":\"de\",\"@id\":\"https:\\\/\\\/www.nedbalka.sk\\\/en\\\/product\\\/kniha-poezia-kompozicie-obrazov-milana-laluhu\\\/#primaryimage\",\"url\":\"https:\\\/\\\/www.nedbalka.sk\\\/wp-content\\\/uploads\\\/Poe\u0301zia-kompozi\u0301cie-obrazov-Milana-Laluhu.jpg\",\"contentUrl\":\"https:\\\/\\\/www.nedbalka.sk\\\/wp-content\\\/uploads\\\/Poe\u0301zia-kompozi\u0301cie-obrazov-Milana-Laluhu.jpg\",\"width\":865,\"height\":1156,\"caption\":\"Poe\u0301zia kompozi\u0301cie obrazov Milana Laluhu\"},{\"@type\":\"BreadcrumbList\",\"@id\":\"https:\\\/\\\/www.nedbalka.sk\\\/en\\\/product\\\/kniha-poezia-kompozicie-obrazov-milana-laluhu\\\/#breadcrumb\",\"itemListElement\":[{\"@type\":\"ListItem\",\"position\":1,\"name\":\"Home\",\"item\":\"https:\\\/\\\/www.nedbalka.sk\\\/de\\\/\"},{\"@type\":\"ListItem\",\"position\":2,\"name\":\"E-shop\",\"item\":\"https:\\\/\\\/www.nedbalka.sk\\\/e-shop\\\/\"},{\"@type\":\"ListItem\",\"position\":3,\"name\":\"Milan Laluha &#8211; Po\u00e9zia kompoz\u00edcie obrazov\"}]},{\"@type\":\"WebSite\",\"@id\":\"https:\\\/\\\/www.nedbalka.sk\\\/#website\",\"url\":\"https:\\\/\\\/www.nedbalka.sk\\\/\",\"name\":\"Nedbalka\",\"description\":\"\u0164a\u017eisko zbierky Gal\u00e9rie Nedbalka spo\u010d\u00edva v slovenskej ma\u013ebe 20. storo\u010dia, ale s\u00fa v nej zast\u00fapen\u00e9 aj socha a grafika. Gal\u00e9ria diela prezentuje prostredn\u00edctvom st\u00e1lej expoz\u00edcie a kr\u00e1tkodob\u00fdch v\u00fdstav.\",\"potentialAction\":[{\"@type\":\"SearchAction\",\"target\":{\"@type\":\"EntryPoint\",\"urlTemplate\":\"https:\\\/\\\/www.nedbalka.sk\\\/?s={search_term_string}\"},\"query-input\":{\"@type\":\"PropertyValueSpecification\",\"valueRequired\":true,\"valueName\":\"search_term_string\"}}],\"inLanguage\":\"de\"}]}<\/script>\n<!-- \/ Yoast SEO plugin. -->","yoast_head_json":{"title":"Milan Laluha - Po\u00e9zia kompoz\u00edcie obrazov | Nedbalka","robots":{"index":"index","follow":"follow","max-snippet":"max-snippet:-1","max-image-preview":"max-image-preview:large","max-video-preview":"max-video-preview:-1"},"canonical":"https:\/\/www.nedbalka.sk\/en\/product\/kniha-poezia-kompozicie-obrazov-milana-laluhu\/","og_locale":"de_DE","og_type":"article","og_title":"Milan Laluha - Po\u00e9zia kompoz\u00edcie obrazov | Nedbalka","og_description":"Katal\u00f3g predstavuje pr\u00edle\u017eitos\u0165 pribl\u00ed\u017ei\u0165 tak trocha nezvy\u010dajne kresliarske a maliarske dielo v\u00fdrazn\u00e9ho predstavite\u013ea gener\u00e1cie narodenej okolo roku 1930. Na\u0161\u0165astie, v zbierke Gal\u00e9rie Nedbalka sa nach\u00e1dzaj\u00fa obrazy, ktor\u00e9 ve\u013emi dobre reprezentuj\u00fa cel\u00fa tvorbu Milana Laluhu od ran\u00fdch diel a\u017e po obrazy z posledn\u00fdch rokov jeho tvorby. Pr\u00e1ve ich reprezentat\u00edvna kvalita n\u00e1m vnukla my\u0161lienku venova\u0165 sa prioritne v\u00fdtvarnej skladbe a umelcom preferovan\u00fdm kompozi\u010dn\u00fdm princ\u00edpom. Ke\u010f\u017ee ide o v\u00fdtvarn\u00e9 dielo in\u0161pirovan\u00e9 aj doslova prastar\u00fdmi z\u00e1konmi skrytej geometrie dlh\u00e9ho radu predkov poc\u00e9zannovsk\u00e9ho v\u00fdvinu modern\u00e9ho umenia, ver\u00edme, \u017ee vo\u013eba uhla poh\u013eadu na po\u00e9ziu kompoz\u00edcie obrazov Milana Laluhu m\u00e1 svoj v\u00fdznam.  Publik\u00e1cia:\u00a0Po\u00e9zia kompoz\u00edcie obrazov Milana Laluhu \/ The Poetry of Composition in Paintings by Milan Laluha; autor textov:\u00a0Juraj Moj\u017ei\u0161; po\u010det str\u00e1n: 110; jazyk:\u00a0slovensk\u00fd a\u00a0anglick\u00fd; v\u00e4zba:\u00a0pevn\u00e1; rok vydania: 2015.","og_url":"https:\/\/www.nedbalka.sk\/en\/product\/kniha-poezia-kompozicie-obrazov-milana-laluhu\/","og_site_name":"Nedbalka","article_modified_time":"2019-04-23T13:26:29+00:00","og_image":[{"width":865,"height":1156,"url":"https:\/\/www.nedbalka.sk\/wp-content\/uploads\/Poe\u0301zia-kompozi\u0301cie-obrazov-Milana-Laluhu.jpg","type":"image\/jpeg"}],"twitter_card":"summary_large_image","schema":{"@context":"https:\/\/schema.org","@graph":[{"@type":"WebPage","@id":"https:\/\/www.nedbalka.sk\/en\/product\/kniha-poezia-kompozicie-obrazov-milana-laluhu\/","url":"https:\/\/www.nedbalka.sk\/en\/product\/kniha-poezia-kompozicie-obrazov-milana-laluhu\/","name":"Milan Laluha - Po\u00e9zia kompoz\u00edcie obrazov | Nedbalka","isPartOf":{"@id":"https:\/\/www.nedbalka.sk\/#website"},"primaryImageOfPage":{"@id":"https:\/\/www.nedbalka.sk\/en\/product\/kniha-poezia-kompozicie-obrazov-milana-laluhu\/#primaryimage"},"image":{"@id":"https:\/\/www.nedbalka.sk\/en\/product\/kniha-poezia-kompozicie-obrazov-milana-laluhu\/#primaryimage"},"thumbnailUrl":"https:\/\/www.nedbalka.sk\/wp-content\/uploads\/Poe\u0301zia-kompozi\u0301cie-obrazov-Milana-Laluhu.jpg","datePublished":"2016-01-11T05:00:46+00:00","dateModified":"2019-04-23T13:26:29+00:00","breadcrumb":{"@id":"https:\/\/www.nedbalka.sk\/en\/product\/kniha-poezia-kompozicie-obrazov-milana-laluhu\/#breadcrumb"},"inLanguage":"de","potentialAction":[{"@type":"ReadAction","target":["https:\/\/www.nedbalka.sk\/en\/product\/kniha-poezia-kompozicie-obrazov-milana-laluhu\/"]}]},{"@type":"ImageObject","inLanguage":"de","@id":"https:\/\/www.nedbalka.sk\/en\/product\/kniha-poezia-kompozicie-obrazov-milana-laluhu\/#primaryimage","url":"https:\/\/www.nedbalka.sk\/wp-content\/uploads\/Poe\u0301zia-kompozi\u0301cie-obrazov-Milana-Laluhu.jpg","contentUrl":"https:\/\/www.nedbalka.sk\/wp-content\/uploads\/Poe\u0301zia-kompozi\u0301cie-obrazov-Milana-Laluhu.jpg","width":865,"height":1156,"caption":"Poe\u0301zia kompozi\u0301cie obrazov Milana Laluhu"},{"@type":"BreadcrumbList","@id":"https:\/\/www.nedbalka.sk\/en\/product\/kniha-poezia-kompozicie-obrazov-milana-laluhu\/#breadcrumb","itemListElement":[{"@type":"ListItem","position":1,"name":"Home","item":"https:\/\/www.nedbalka.sk\/de\/"},{"@type":"ListItem","position":2,"name":"E-shop","item":"https:\/\/www.nedbalka.sk\/e-shop\/"},{"@type":"ListItem","position":3,"name":"Milan Laluha &#8211; Po\u00e9zia kompoz\u00edcie obrazov"}]},{"@type":"WebSite","@id":"https:\/\/www.nedbalka.sk\/#website","url":"https:\/\/www.nedbalka.sk\/","name":"Nedbalka","description":"\u0164a\u017eisko zbierky Gal\u00e9rie Nedbalka spo\u010d\u00edva v slovenskej ma\u013ebe 20. storo\u010dia, ale s\u00fa v nej zast\u00fapen\u00e9 aj socha a grafika. Gal\u00e9ria diela prezentuje prostredn\u00edctvom st\u00e1lej expoz\u00edcie a kr\u00e1tkodob\u00fdch v\u00fdstav.","potentialAction":[{"@type":"SearchAction","target":{"@type":"EntryPoint","urlTemplate":"https:\/\/www.nedbalka.sk\/?s={search_term_string}"},"query-input":{"@type":"PropertyValueSpecification","valueRequired":true,"valueName":"search_term_string"}}],"inLanguage":"de"}]}},"_links":{"self":[{"href":"https:\/\/www.nedbalka.sk\/de\/wp-json\/wp\/v2\/product\/2267","targetHints":{"allow":["GET"]}}],"collection":[{"href":"https:\/\/www.nedbalka.sk\/de\/wp-json\/wp\/v2\/product"}],"about":[{"href":"https:\/\/www.nedbalka.sk\/de\/wp-json\/wp\/v2\/types\/product"}],"wp:featuredmedia":[{"embeddable":true,"href":"https:\/\/www.nedbalka.sk\/de\/wp-json\/wp\/v2\/media\/2268"}],"wp:attachment":[{"href":"https:\/\/www.nedbalka.sk\/de\/wp-json\/wp\/v2\/media?parent=2267"}],"curies":[{"name":"wp","href":"https:\/\/api.w.org\/{rel}","templated":true}]}}