{"id":2259,"date":"2016-09-01T06:00:09","date_gmt":"2016-09-01T05:00:09","guid":{"rendered":"http:\/\/www.nedbalka.sk\/?post_type=product&#038;p=2259"},"modified":"2019-04-23T14:26:11","modified_gmt":"2019-04-23T13:26:11","slug":"dorota-sadovska-anjeli-a-svaeti","status":"publish","type":"product","link":"https:\/\/www.nedbalka.sk\/de\/product\/dorota-sadovska-anjeli-a-svaeti\/","title":{"rendered":"Dorota Sadovsk\u00e1 &#8211; Anjeli a sv\u00e4t\u00ed"},"content":{"rendered":"","protected":false},"excerpt":{"rendered":"<p>Sv\u00e4t\u00ed \u2013 mart\u00fdri, ktor\u00ed kedysi polo\u017eili \u017eivot za svoju vieru a presved\u010denie, ale aj anjeli \u2013 dokonal\u00ed a v\u0161adepr\u00edtomn\u00ed prostredn\u00edci medzi Bohom a \u010dlovekom, boli zvy\u010dajne stv\u00e1r\u0148ovan\u00ed ako vzne\u0161en\u00e9 bytosti, trpiace (sv\u00e4tci) a bezpohlavn\u00e9 (anjeli). Sadovskej sv\u00e4t\u00ed a anjeli s\u00fa v\u0161ak napospol \u013eudia (v pr\u00edpade anjelov len mu\u017ei, i ke\u010f svoje mu\u017estvo na obdiv nevystavuj\u00fa). S\u00fa nah\u00ed, nie v\u017edy kr\u00e1sni a dokonal\u00ed, netrpia. Celkom v\u0161edne, gestom \u010di posunkom, pohybom tela, len akoby mimochodom n\u00e1m sprostredkov\u00e1vaj\u00fa svoju stigmu. Niektor\u00ed sa dokonca venuj\u00fa vcelku pozemsk\u00fdm \u010dinnostiam \u2013 diskutuj\u00fa, ochutn\u00e1vaj\u00fa, po\u010d\u00favaj\u00fa, na\u010dahuj\u00fa sa, ukr\u00fdvaj\u00fa, \u017eobr\u00fa&#8230; A ke\u010f sa im prizriete bli\u017e\u0161ie, mo\u017eno zist\u00edte, \u017ee viacer\u00fdch dokonca pozn\u00e1te.<\/p>\n<p><strong>Publik\u00e1cia:\u00a0Dorota Sadovsk\u00e1 \u2013 Anjeli a\u00a0sv\u00e4t\u00ed \/ Angels and Saints; <\/strong>autori textov:\u00a0Katar\u00edna Bajcurov\u00e1, Jarmila Bencov\u00e1, Lucia Miklo\u0161kov\u00e1, Zora Rusinov\u00e1, s b\u00e1s\u0148ami Petra Repku a Ivana \u0160trpku; po\u010det str\u00e1n: 128; v\u00e4zba:\u00a0pevn\u00e1; rok vydania: 2016.<\/p>\n","protected":false},"featured_media":2320,"template":"","meta":{"_acf_changed":false,"inline_featured_image":false},"class_list":{"0":"post-2259","1":"product","2":"type-product","3":"status-publish","4":"has-post-thumbnail","6":"product_cat-katalog","8":"first","9":"instock","10":"taxable","11":"shipping-taxable","12":"purchasable","13":"product-type-simple"},"acf":[],"yoast_head":"<!-- This site is optimized with the Yoast SEO plugin v27.4 - https:\/\/yoast.com\/product\/yoast-seo-wordpress\/ -->\n<title>Dorota Sadovsk\u00e1 - Anjeli a sv\u00e4t\u00ed | Nedbalka<\/title>\n<meta name=\"robots\" content=\"index, follow, max-snippet:-1, max-image-preview:large, max-video-preview:-1\" \/>\n<link rel=\"canonical\" href=\"https:\/\/www.nedbalka.sk\/en\/product\/dorota-sadovska-anjeli-a-svaeti\/\" \/>\n<meta property=\"og:locale\" content=\"de_DE\" \/>\n<meta property=\"og:type\" content=\"article\" \/>\n<meta property=\"og:title\" content=\"Dorota Sadovsk\u00e1 - Anjeli a sv\u00e4t\u00ed | Nedbalka\" \/>\n<meta property=\"og:description\" content=\"Sv\u00e4t\u00ed \u2013 mart\u00fdri, ktor\u00ed kedysi polo\u017eili \u017eivot za svoju vieru a presved\u010denie, ale aj anjeli \u2013 dokonal\u00ed a v\u0161adepr\u00edtomn\u00ed prostredn\u00edci medzi Bohom a \u010dlovekom, boli zvy\u010dajne stv\u00e1r\u0148ovan\u00ed ako vzne\u0161en\u00e9 bytosti, trpiace (sv\u00e4tci) a bezpohlavn\u00e9 (anjeli). Sadovskej sv\u00e4t\u00ed a anjeli s\u00fa v\u0161ak napospol \u013eudia (v pr\u00edpade anjelov len mu\u017ei, i ke\u010f svoje mu\u017estvo na obdiv nevystavuj\u00fa). S\u00fa nah\u00ed, nie v\u017edy kr\u00e1sni a dokonal\u00ed, netrpia. Celkom v\u0161edne, gestom \u010di posunkom, pohybom tela, len akoby mimochodom n\u00e1m sprostredkov\u00e1vaj\u00fa svoju stigmu. Niektor\u00ed sa dokonca venuj\u00fa vcelku pozemsk\u00fdm \u010dinnostiam \u2013 diskutuj\u00fa, ochutn\u00e1vaj\u00fa, po\u010d\u00favaj\u00fa, na\u010dahuj\u00fa sa, ukr\u00fdvaj\u00fa, \u017eobr\u00fa... A ke\u010f sa im prizriete bli\u017e\u0161ie, mo\u017eno zist\u00edte, \u017ee viacer\u00fdch dokonca pozn\u00e1te.  Publik\u00e1cia:\u00a0Dorota Sadovsk\u00e1 \u2013 Anjeli a\u00a0sv\u00e4t\u00ed \/ Angels and Saints; autori textov:\u00a0Katar\u00edna Bajcurov\u00e1, Jarmila Bencov\u00e1, Lucia Miklo\u0161kov\u00e1, Zora Rusinov\u00e1, s b\u00e1s\u0148ami Petra Repku a Ivana \u0160trpku; po\u010det str\u00e1n: 128; v\u00e4zba:\u00a0pevn\u00e1; rok vydania: 2016.\" \/>\n<meta property=\"og:url\" content=\"https:\/\/www.nedbalka.sk\/en\/product\/dorota-sadovska-anjeli-a-svaeti\/\" \/>\n<meta property=\"og:site_name\" content=\"Nedbalka\" \/>\n<meta property=\"article:modified_time\" content=\"2019-04-23T13:26:11+00:00\" \/>\n<meta property=\"og:image\" content=\"https:\/\/www.nedbalka.sk\/wp-content\/uploads\/Dorota-Sadovska\u0301-Anjeli-a-sva\u0308ti\u0301.jpg\" \/>\n\t<meta property=\"og:image:width\" content=\"865\" \/>\n\t<meta property=\"og:image:height\" content=\"1156\" \/>\n\t<meta property=\"og:image:type\" content=\"image\/jpeg\" \/>\n<meta name=\"twitter:card\" content=\"summary_large_image\" \/>\n<script type=\"application\/ld+json\" class=\"yoast-schema-graph\">{\"@context\":\"https:\\\/\\\/schema.org\",\"@graph\":[{\"@type\":\"WebPage\",\"@id\":\"https:\\\/\\\/www.nedbalka.sk\\\/en\\\/product\\\/dorota-sadovska-anjeli-a-svaeti\\\/\",\"url\":\"https:\\\/\\\/www.nedbalka.sk\\\/en\\\/product\\\/dorota-sadovska-anjeli-a-svaeti\\\/\",\"name\":\"Dorota Sadovsk\u00e1 - Anjeli a sv\u00e4t\u00ed | Nedbalka\",\"isPartOf\":{\"@id\":\"https:\\\/\\\/www.nedbalka.sk\\\/#website\"},\"primaryImageOfPage\":{\"@id\":\"https:\\\/\\\/www.nedbalka.sk\\\/en\\\/product\\\/dorota-sadovska-anjeli-a-svaeti\\\/#primaryimage\"},\"image\":{\"@id\":\"https:\\\/\\\/www.nedbalka.sk\\\/en\\\/product\\\/dorota-sadovska-anjeli-a-svaeti\\\/#primaryimage\"},\"thumbnailUrl\":\"https:\\\/\\\/www.nedbalka.sk\\\/wp-content\\\/uploads\\\/Dorota-Sadovska\u0301-Anjeli-a-sva\u0308ti\u0301.jpg\",\"datePublished\":\"2016-09-01T05:00:09+00:00\",\"dateModified\":\"2019-04-23T13:26:11+00:00\",\"breadcrumb\":{\"@id\":\"https:\\\/\\\/www.nedbalka.sk\\\/en\\\/product\\\/dorota-sadovska-anjeli-a-svaeti\\\/#breadcrumb\"},\"inLanguage\":\"de\",\"potentialAction\":[{\"@type\":\"ReadAction\",\"target\":[\"https:\\\/\\\/www.nedbalka.sk\\\/en\\\/product\\\/dorota-sadovska-anjeli-a-svaeti\\\/\"]}]},{\"@type\":\"ImageObject\",\"inLanguage\":\"de\",\"@id\":\"https:\\\/\\\/www.nedbalka.sk\\\/en\\\/product\\\/dorota-sadovska-anjeli-a-svaeti\\\/#primaryimage\",\"url\":\"https:\\\/\\\/www.nedbalka.sk\\\/wp-content\\\/uploads\\\/Dorota-Sadovska\u0301-Anjeli-a-sva\u0308ti\u0301.jpg\",\"contentUrl\":\"https:\\\/\\\/www.nedbalka.sk\\\/wp-content\\\/uploads\\\/Dorota-Sadovska\u0301-Anjeli-a-sva\u0308ti\u0301.jpg\",\"width\":865,\"height\":1156,\"caption\":\"Dorota Sadovska\u0301, Anjeli a sva\u0308ti\u0301\"},{\"@type\":\"BreadcrumbList\",\"@id\":\"https:\\\/\\\/www.nedbalka.sk\\\/en\\\/product\\\/dorota-sadovska-anjeli-a-svaeti\\\/#breadcrumb\",\"itemListElement\":[{\"@type\":\"ListItem\",\"position\":1,\"name\":\"Home\",\"item\":\"https:\\\/\\\/www.nedbalka.sk\\\/de\\\/\"},{\"@type\":\"ListItem\",\"position\":2,\"name\":\"E-shop\",\"item\":\"https:\\\/\\\/www.nedbalka.sk\\\/e-shop\\\/\"},{\"@type\":\"ListItem\",\"position\":3,\"name\":\"Dorota Sadovsk\u00e1 &#8211; Anjeli a sv\u00e4t\u00ed\"}]},{\"@type\":\"WebSite\",\"@id\":\"https:\\\/\\\/www.nedbalka.sk\\\/#website\",\"url\":\"https:\\\/\\\/www.nedbalka.sk\\\/\",\"name\":\"Nedbalka\",\"description\":\"\u0164a\u017eisko zbierky Gal\u00e9rie Nedbalka spo\u010d\u00edva v slovenskej ma\u013ebe 20. storo\u010dia, ale s\u00fa v nej zast\u00fapen\u00e9 aj socha a grafika. Gal\u00e9ria diela prezentuje prostredn\u00edctvom st\u00e1lej expoz\u00edcie a kr\u00e1tkodob\u00fdch v\u00fdstav.\",\"potentialAction\":[{\"@type\":\"SearchAction\",\"target\":{\"@type\":\"EntryPoint\",\"urlTemplate\":\"https:\\\/\\\/www.nedbalka.sk\\\/?s={search_term_string}\"},\"query-input\":{\"@type\":\"PropertyValueSpecification\",\"valueRequired\":true,\"valueName\":\"search_term_string\"}}],\"inLanguage\":\"de\"}]}<\/script>\n<!-- \/ Yoast SEO plugin. -->","yoast_head_json":{"title":"Dorota Sadovsk\u00e1 - Anjeli a sv\u00e4t\u00ed | Nedbalka","robots":{"index":"index","follow":"follow","max-snippet":"max-snippet:-1","max-image-preview":"max-image-preview:large","max-video-preview":"max-video-preview:-1"},"canonical":"https:\/\/www.nedbalka.sk\/en\/product\/dorota-sadovska-anjeli-a-svaeti\/","og_locale":"de_DE","og_type":"article","og_title":"Dorota Sadovsk\u00e1 - Anjeli a sv\u00e4t\u00ed | Nedbalka","og_description":"Sv\u00e4t\u00ed \u2013 mart\u00fdri, ktor\u00ed kedysi polo\u017eili \u017eivot za svoju vieru a presved\u010denie, ale aj anjeli \u2013 dokonal\u00ed a v\u0161adepr\u00edtomn\u00ed prostredn\u00edci medzi Bohom a \u010dlovekom, boli zvy\u010dajne stv\u00e1r\u0148ovan\u00ed ako vzne\u0161en\u00e9 bytosti, trpiace (sv\u00e4tci) a bezpohlavn\u00e9 (anjeli). Sadovskej sv\u00e4t\u00ed a anjeli s\u00fa v\u0161ak napospol \u013eudia (v pr\u00edpade anjelov len mu\u017ei, i ke\u010f svoje mu\u017estvo na obdiv nevystavuj\u00fa). S\u00fa nah\u00ed, nie v\u017edy kr\u00e1sni a dokonal\u00ed, netrpia. Celkom v\u0161edne, gestom \u010di posunkom, pohybom tela, len akoby mimochodom n\u00e1m sprostredkov\u00e1vaj\u00fa svoju stigmu. Niektor\u00ed sa dokonca venuj\u00fa vcelku pozemsk\u00fdm \u010dinnostiam \u2013 diskutuj\u00fa, ochutn\u00e1vaj\u00fa, po\u010d\u00favaj\u00fa, na\u010dahuj\u00fa sa, ukr\u00fdvaj\u00fa, \u017eobr\u00fa... A ke\u010f sa im prizriete bli\u017e\u0161ie, mo\u017eno zist\u00edte, \u017ee viacer\u00fdch dokonca pozn\u00e1te.  Publik\u00e1cia:\u00a0Dorota Sadovsk\u00e1 \u2013 Anjeli a\u00a0sv\u00e4t\u00ed \/ Angels and Saints; autori textov:\u00a0Katar\u00edna Bajcurov\u00e1, Jarmila Bencov\u00e1, Lucia Miklo\u0161kov\u00e1, Zora Rusinov\u00e1, s b\u00e1s\u0148ami Petra Repku a Ivana \u0160trpku; po\u010det str\u00e1n: 128; v\u00e4zba:\u00a0pevn\u00e1; rok vydania: 2016.","og_url":"https:\/\/www.nedbalka.sk\/en\/product\/dorota-sadovska-anjeli-a-svaeti\/","og_site_name":"Nedbalka","article_modified_time":"2019-04-23T13:26:11+00:00","og_image":[{"width":865,"height":1156,"url":"https:\/\/www.nedbalka.sk\/wp-content\/uploads\/Dorota-Sadovska\u0301-Anjeli-a-sva\u0308ti\u0301.jpg","type":"image\/jpeg"}],"twitter_card":"summary_large_image","schema":{"@context":"https:\/\/schema.org","@graph":[{"@type":"WebPage","@id":"https:\/\/www.nedbalka.sk\/en\/product\/dorota-sadovska-anjeli-a-svaeti\/","url":"https:\/\/www.nedbalka.sk\/en\/product\/dorota-sadovska-anjeli-a-svaeti\/","name":"Dorota Sadovsk\u00e1 - Anjeli a sv\u00e4t\u00ed | Nedbalka","isPartOf":{"@id":"https:\/\/www.nedbalka.sk\/#website"},"primaryImageOfPage":{"@id":"https:\/\/www.nedbalka.sk\/en\/product\/dorota-sadovska-anjeli-a-svaeti\/#primaryimage"},"image":{"@id":"https:\/\/www.nedbalka.sk\/en\/product\/dorota-sadovska-anjeli-a-svaeti\/#primaryimage"},"thumbnailUrl":"https:\/\/www.nedbalka.sk\/wp-content\/uploads\/Dorota-Sadovska\u0301-Anjeli-a-sva\u0308ti\u0301.jpg","datePublished":"2016-09-01T05:00:09+00:00","dateModified":"2019-04-23T13:26:11+00:00","breadcrumb":{"@id":"https:\/\/www.nedbalka.sk\/en\/product\/dorota-sadovska-anjeli-a-svaeti\/#breadcrumb"},"inLanguage":"de","potentialAction":[{"@type":"ReadAction","target":["https:\/\/www.nedbalka.sk\/en\/product\/dorota-sadovska-anjeli-a-svaeti\/"]}]},{"@type":"ImageObject","inLanguage":"de","@id":"https:\/\/www.nedbalka.sk\/en\/product\/dorota-sadovska-anjeli-a-svaeti\/#primaryimage","url":"https:\/\/www.nedbalka.sk\/wp-content\/uploads\/Dorota-Sadovska\u0301-Anjeli-a-sva\u0308ti\u0301.jpg","contentUrl":"https:\/\/www.nedbalka.sk\/wp-content\/uploads\/Dorota-Sadovska\u0301-Anjeli-a-sva\u0308ti\u0301.jpg","width":865,"height":1156,"caption":"Dorota Sadovska\u0301, Anjeli a sva\u0308ti\u0301"},{"@type":"BreadcrumbList","@id":"https:\/\/www.nedbalka.sk\/en\/product\/dorota-sadovska-anjeli-a-svaeti\/#breadcrumb","itemListElement":[{"@type":"ListItem","position":1,"name":"Home","item":"https:\/\/www.nedbalka.sk\/de\/"},{"@type":"ListItem","position":2,"name":"E-shop","item":"https:\/\/www.nedbalka.sk\/e-shop\/"},{"@type":"ListItem","position":3,"name":"Dorota Sadovsk\u00e1 &#8211; Anjeli a sv\u00e4t\u00ed"}]},{"@type":"WebSite","@id":"https:\/\/www.nedbalka.sk\/#website","url":"https:\/\/www.nedbalka.sk\/","name":"Nedbalka","description":"\u0164a\u017eisko zbierky Gal\u00e9rie Nedbalka spo\u010d\u00edva v slovenskej ma\u013ebe 20. storo\u010dia, ale s\u00fa v nej zast\u00fapen\u00e9 aj socha a grafika. Gal\u00e9ria diela prezentuje prostredn\u00edctvom st\u00e1lej expoz\u00edcie a kr\u00e1tkodob\u00fdch v\u00fdstav.","potentialAction":[{"@type":"SearchAction","target":{"@type":"EntryPoint","urlTemplate":"https:\/\/www.nedbalka.sk\/?s={search_term_string}"},"query-input":{"@type":"PropertyValueSpecification","valueRequired":true,"valueName":"search_term_string"}}],"inLanguage":"de"}]}},"_links":{"self":[{"href":"https:\/\/www.nedbalka.sk\/de\/wp-json\/wp\/v2\/product\/2259","targetHints":{"allow":["GET"]}}],"collection":[{"href":"https:\/\/www.nedbalka.sk\/de\/wp-json\/wp\/v2\/product"}],"about":[{"href":"https:\/\/www.nedbalka.sk\/de\/wp-json\/wp\/v2\/types\/product"}],"wp:featuredmedia":[{"embeddable":true,"href":"https:\/\/www.nedbalka.sk\/de\/wp-json\/wp\/v2\/media\/2320"}],"wp:attachment":[{"href":"https:\/\/www.nedbalka.sk\/de\/wp-json\/wp\/v2\/media?parent=2259"}],"curies":[{"name":"wp","href":"https:\/\/api.w.org\/{rel}","templated":true}]}}