{"id":2251,"date":"2017-07-07T16:45:36","date_gmt":"2017-07-07T15:45:36","guid":{"rendered":"http:\/\/www.nedbalka.sk\/?post_type=product&#038;p=2251"},"modified":"2019-04-23T14:26:02","modified_gmt":"2019-04-23T13:26:02","slug":"palo-macho-casovanie-ciary","status":"publish","type":"product","link":"https:\/\/www.nedbalka.sk\/de\/product\/palo-macho-casovanie-ciary\/","title":{"rendered":"Palo Macho &#8211; \u010casovanie \u010diary"},"content":{"rendered":"","protected":false},"excerpt":{"rendered":"<p>Publikace se zam\u011b\u0159uje na Machovy experimenty v kresb\u011b integrovan\u00e9 do skla v kontextu zhruba dvaceti let. Ve sv\u011btov\u00e9m skl\u00e1\u0159stv\u00ed jsou pr\u00e1ce s c\u00edlem presentovat kresbu jako nejv\u00fdznamn\u011bj\u0161\u00ed slo\u017eku skl\u00e1\u0159sk\u00e9ho d\u00edla prakticky nezn\u00e1m\u00e1, pokud s kresbou nechceme ztoto\u017e\u0148ovat rytinu se sv\u00fdmi odli\u0161n\u00fdmi z\u00e1konitostmi. Pokud se ve sklen\u011bn\u00fdch objektech um\u011blc\u016f objevuj\u00ed linie a kresba, d\u011bje se tak jako side-effect dekor\u016f, nebo d\u016fsledek pou\u017eit\u00ed nit\u00ed hork\u00e9ho skla. Zp\u016fsob, jak s kresbou zach\u00e1z\u00ed Macho, je jin\u00fd p\u0159edev\u0161\u00edm t\u00edm, \u017ee je c\u00edlen\u00fdm v\u00fdzkumem mo\u017enost\u00ed spojen\u00ed kresby a skla, tj. kresby ve spojen\u00ed s prostorem, sv\u011btlem a \u010dasem. Kniha presentuje a analyzuje Machovy liniov\u00e9 kresby na povrchu sklen\u011bn\u00fdch desek, kresby zataven\u00e9 mezi tabule skla, kresby plovouc\u00ed uvnit\u0159 sendvi\u010dovou metodou vytvo\u0159en\u00fdch hranol\u016f, tisky z desek skla (monotypy \u2013 vitrografika) a tak\u00e9 plastickou kresbu vytvo\u0159enou cestou sklen\u011bn\u00fdch reli\u00e9f\u016f (kresba sklem). Machovy experimenty v kresb\u011b a skle p\u0159edstavuj\u00ed v\u00fdznamn\u00fd p\u0159\u00edsp\u011bvek k rozvoji modern\u00ed evropsk\u00e9 kresby i sv\u011btov\u00e9 skl\u00e1\u0159sk\u00e9 tvorby pro sv\u00e9 unik\u00e1tn\u00ed objevy a hodnoty.<\/p>\n<p><strong>Publik\u00e1cia: Palo Macho \u2013 \u010casovanie \u010diary \/ Timing the Line; <\/strong>autorka textov: Sylva Petrov\u00e1; po\u010det str\u00e1n: 120; v\u00e4zba: flexi; jazyk: \u010desk\u00fd a\u00a0anglick\u00fd; rok vydania: 2017.<\/p>\n","protected":false},"featured_media":2252,"template":"","meta":{"_acf_changed":false,"inline_featured_image":false},"class_list":{"0":"post-2251","1":"product","2":"type-product","3":"status-publish","4":"has-post-thumbnail","6":"product_cat-katalog","8":"first","9":"instock","10":"taxable","11":"shipping-taxable","12":"purchasable","13":"product-type-simple"},"acf":[],"yoast_head":"<!-- This site is optimized with the Yoast SEO plugin v27.4 - https:\/\/yoast.com\/product\/yoast-seo-wordpress\/ -->\n<title>Palo Macho - \u010casovanie \u010diary | Nedbalka<\/title>\n<meta name=\"robots\" content=\"index, follow, max-snippet:-1, max-image-preview:large, max-video-preview:-1\" \/>\n<link rel=\"canonical\" href=\"https:\/\/www.nedbalka.sk\/en\/product\/palo-macho-casovanie-ciary\/\" \/>\n<meta property=\"og:locale\" content=\"de_DE\" \/>\n<meta property=\"og:type\" content=\"article\" \/>\n<meta property=\"og:title\" content=\"Palo Macho - \u010casovanie \u010diary | Nedbalka\" \/>\n<meta property=\"og:description\" content=\"Publikace se zam\u011b\u0159uje na Machovy experimenty v kresb\u011b integrovan\u00e9 do skla v kontextu zhruba dvaceti let. Ve sv\u011btov\u00e9m skl\u00e1\u0159stv\u00ed jsou pr\u00e1ce s c\u00edlem presentovat kresbu jako nejv\u00fdznamn\u011bj\u0161\u00ed slo\u017eku skl\u00e1\u0159sk\u00e9ho d\u00edla prakticky nezn\u00e1m\u00e1, pokud s kresbou nechceme ztoto\u017e\u0148ovat rytinu se sv\u00fdmi odli\u0161n\u00fdmi z\u00e1konitostmi. Pokud se ve sklen\u011bn\u00fdch objektech um\u011blc\u016f objevuj\u00ed linie a kresba, d\u011bje se tak jako side-effect dekor\u016f, nebo d\u016fsledek pou\u017eit\u00ed nit\u00ed hork\u00e9ho skla. Zp\u016fsob, jak s kresbou zach\u00e1z\u00ed Macho, je jin\u00fd p\u0159edev\u0161\u00edm t\u00edm, \u017ee je c\u00edlen\u00fdm v\u00fdzkumem mo\u017enost\u00ed spojen\u00ed kresby a skla, tj. kresby ve spojen\u00ed s prostorem, sv\u011btlem a \u010dasem. Kniha presentuje a analyzuje Machovy liniov\u00e9 kresby na povrchu sklen\u011bn\u00fdch desek, kresby zataven\u00e9 mezi tabule skla, kresby plovouc\u00ed uvnit\u0159 sendvi\u010dovou metodou vytvo\u0159en\u00fdch hranol\u016f, tisky z desek skla (monotypy \u2013 vitrografika) a tak\u00e9 plastickou kresbu vytvo\u0159enou cestou sklen\u011bn\u00fdch reli\u00e9f\u016f (kresba sklem). Machovy experimenty v kresb\u011b a skle p\u0159edstavuj\u00ed v\u00fdznamn\u00fd p\u0159\u00edsp\u011bvek k rozvoji modern\u00ed evropsk\u00e9 kresby i sv\u011btov\u00e9 skl\u00e1\u0159sk\u00e9 tvorby pro sv\u00e9 unik\u00e1tn\u00ed objevy a hodnoty.  Publik\u00e1cia: Palo Macho \u2013 \u010casovanie \u010diary \/ Timing the Line; autorka textov: Sylva Petrov\u00e1; po\u010det str\u00e1n: 120; v\u00e4zba: flexi; jazyk: \u010desk\u00fd a\u00a0anglick\u00fd; rok vydania: 2017.\" \/>\n<meta property=\"og:url\" content=\"https:\/\/www.nedbalka.sk\/en\/product\/palo-macho-casovanie-ciary\/\" \/>\n<meta property=\"og:site_name\" content=\"Nedbalka\" \/>\n<meta property=\"article:modified_time\" content=\"2019-04-23T13:26:02+00:00\" \/>\n<meta property=\"og:image\" content=\"https:\/\/www.nedbalka.sk\/wp-content\/uploads\/Palo-Macho-C\u030casovanie-c\u030ciary-Timing-the-Line.jpg\" \/>\n\t<meta property=\"og:image:width\" content=\"865\" \/>\n\t<meta property=\"og:image:height\" content=\"1156\" \/>\n\t<meta property=\"og:image:type\" content=\"image\/jpeg\" \/>\n<meta name=\"twitter:card\" content=\"summary_large_image\" \/>\n<script type=\"application\/ld+json\" class=\"yoast-schema-graph\">{\"@context\":\"https:\\\/\\\/schema.org\",\"@graph\":[{\"@type\":\"WebPage\",\"@id\":\"https:\\\/\\\/www.nedbalka.sk\\\/en\\\/product\\\/palo-macho-casovanie-ciary\\\/\",\"url\":\"https:\\\/\\\/www.nedbalka.sk\\\/en\\\/product\\\/palo-macho-casovanie-ciary\\\/\",\"name\":\"Palo Macho - \u010casovanie \u010diary | Nedbalka\",\"isPartOf\":{\"@id\":\"https:\\\/\\\/www.nedbalka.sk\\\/#website\"},\"primaryImageOfPage\":{\"@id\":\"https:\\\/\\\/www.nedbalka.sk\\\/en\\\/product\\\/palo-macho-casovanie-ciary\\\/#primaryimage\"},\"image\":{\"@id\":\"https:\\\/\\\/www.nedbalka.sk\\\/en\\\/product\\\/palo-macho-casovanie-ciary\\\/#primaryimage\"},\"thumbnailUrl\":\"https:\\\/\\\/www.nedbalka.sk\\\/wp-content\\\/uploads\\\/Palo-Macho-C\u030casovanie-c\u030ciary-Timing-the-Line.jpg\",\"datePublished\":\"2017-07-07T15:45:36+00:00\",\"dateModified\":\"2019-04-23T13:26:02+00:00\",\"breadcrumb\":{\"@id\":\"https:\\\/\\\/www.nedbalka.sk\\\/en\\\/product\\\/palo-macho-casovanie-ciary\\\/#breadcrumb\"},\"inLanguage\":\"de\",\"potentialAction\":[{\"@type\":\"ReadAction\",\"target\":[\"https:\\\/\\\/www.nedbalka.sk\\\/en\\\/product\\\/palo-macho-casovanie-ciary\\\/\"]}]},{\"@type\":\"ImageObject\",\"inLanguage\":\"de\",\"@id\":\"https:\\\/\\\/www.nedbalka.sk\\\/en\\\/product\\\/palo-macho-casovanie-ciary\\\/#primaryimage\",\"url\":\"https:\\\/\\\/www.nedbalka.sk\\\/wp-content\\\/uploads\\\/Palo-Macho-C\u030casovanie-c\u030ciary-Timing-the-Line.jpg\",\"contentUrl\":\"https:\\\/\\\/www.nedbalka.sk\\\/wp-content\\\/uploads\\\/Palo-Macho-C\u030casovanie-c\u030ciary-Timing-the-Line.jpg\",\"width\":865,\"height\":1156,\"caption\":\"Palo Macho, C\u030casovanie c\u030ciary Timing the Line\"},{\"@type\":\"BreadcrumbList\",\"@id\":\"https:\\\/\\\/www.nedbalka.sk\\\/en\\\/product\\\/palo-macho-casovanie-ciary\\\/#breadcrumb\",\"itemListElement\":[{\"@type\":\"ListItem\",\"position\":1,\"name\":\"Home\",\"item\":\"https:\\\/\\\/www.nedbalka.sk\\\/de\\\/\"},{\"@type\":\"ListItem\",\"position\":2,\"name\":\"E-shop\",\"item\":\"https:\\\/\\\/www.nedbalka.sk\\\/e-shop\\\/\"},{\"@type\":\"ListItem\",\"position\":3,\"name\":\"Palo Macho &#8211; \u010casovanie \u010diary\"}]},{\"@type\":\"WebSite\",\"@id\":\"https:\\\/\\\/www.nedbalka.sk\\\/#website\",\"url\":\"https:\\\/\\\/www.nedbalka.sk\\\/\",\"name\":\"Nedbalka\",\"description\":\"\u0164a\u017eisko zbierky Gal\u00e9rie Nedbalka spo\u010d\u00edva v slovenskej ma\u013ebe 20. storo\u010dia, ale s\u00fa v nej zast\u00fapen\u00e9 aj socha a grafika. Gal\u00e9ria diela prezentuje prostredn\u00edctvom st\u00e1lej expoz\u00edcie a kr\u00e1tkodob\u00fdch v\u00fdstav.\",\"potentialAction\":[{\"@type\":\"SearchAction\",\"target\":{\"@type\":\"EntryPoint\",\"urlTemplate\":\"https:\\\/\\\/www.nedbalka.sk\\\/?s={search_term_string}\"},\"query-input\":{\"@type\":\"PropertyValueSpecification\",\"valueRequired\":true,\"valueName\":\"search_term_string\"}}],\"inLanguage\":\"de\"}]}<\/script>\n<!-- \/ Yoast SEO plugin. -->","yoast_head_json":{"title":"Palo Macho - \u010casovanie \u010diary | Nedbalka","robots":{"index":"index","follow":"follow","max-snippet":"max-snippet:-1","max-image-preview":"max-image-preview:large","max-video-preview":"max-video-preview:-1"},"canonical":"https:\/\/www.nedbalka.sk\/en\/product\/palo-macho-casovanie-ciary\/","og_locale":"de_DE","og_type":"article","og_title":"Palo Macho - \u010casovanie \u010diary | Nedbalka","og_description":"Publikace se zam\u011b\u0159uje na Machovy experimenty v kresb\u011b integrovan\u00e9 do skla v kontextu zhruba dvaceti let. Ve sv\u011btov\u00e9m skl\u00e1\u0159stv\u00ed jsou pr\u00e1ce s c\u00edlem presentovat kresbu jako nejv\u00fdznamn\u011bj\u0161\u00ed slo\u017eku skl\u00e1\u0159sk\u00e9ho d\u00edla prakticky nezn\u00e1m\u00e1, pokud s kresbou nechceme ztoto\u017e\u0148ovat rytinu se sv\u00fdmi odli\u0161n\u00fdmi z\u00e1konitostmi. Pokud se ve sklen\u011bn\u00fdch objektech um\u011blc\u016f objevuj\u00ed linie a kresba, d\u011bje se tak jako side-effect dekor\u016f, nebo d\u016fsledek pou\u017eit\u00ed nit\u00ed hork\u00e9ho skla. Zp\u016fsob, jak s kresbou zach\u00e1z\u00ed Macho, je jin\u00fd p\u0159edev\u0161\u00edm t\u00edm, \u017ee je c\u00edlen\u00fdm v\u00fdzkumem mo\u017enost\u00ed spojen\u00ed kresby a skla, tj. kresby ve spojen\u00ed s prostorem, sv\u011btlem a \u010dasem. Kniha presentuje a analyzuje Machovy liniov\u00e9 kresby na povrchu sklen\u011bn\u00fdch desek, kresby zataven\u00e9 mezi tabule skla, kresby plovouc\u00ed uvnit\u0159 sendvi\u010dovou metodou vytvo\u0159en\u00fdch hranol\u016f, tisky z desek skla (monotypy \u2013 vitrografika) a tak\u00e9 plastickou kresbu vytvo\u0159enou cestou sklen\u011bn\u00fdch reli\u00e9f\u016f (kresba sklem). Machovy experimenty v kresb\u011b a skle p\u0159edstavuj\u00ed v\u00fdznamn\u00fd p\u0159\u00edsp\u011bvek k rozvoji modern\u00ed evropsk\u00e9 kresby i sv\u011btov\u00e9 skl\u00e1\u0159sk\u00e9 tvorby pro sv\u00e9 unik\u00e1tn\u00ed objevy a hodnoty.  Publik\u00e1cia: Palo Macho \u2013 \u010casovanie \u010diary \/ Timing the Line; autorka textov: Sylva Petrov\u00e1; po\u010det str\u00e1n: 120; v\u00e4zba: flexi; jazyk: \u010desk\u00fd a\u00a0anglick\u00fd; rok vydania: 2017.","og_url":"https:\/\/www.nedbalka.sk\/en\/product\/palo-macho-casovanie-ciary\/","og_site_name":"Nedbalka","article_modified_time":"2019-04-23T13:26:02+00:00","og_image":[{"width":865,"height":1156,"url":"https:\/\/www.nedbalka.sk\/wp-content\/uploads\/Palo-Macho-C\u030casovanie-c\u030ciary-Timing-the-Line.jpg","type":"image\/jpeg"}],"twitter_card":"summary_large_image","schema":{"@context":"https:\/\/schema.org","@graph":[{"@type":"WebPage","@id":"https:\/\/www.nedbalka.sk\/en\/product\/palo-macho-casovanie-ciary\/","url":"https:\/\/www.nedbalka.sk\/en\/product\/palo-macho-casovanie-ciary\/","name":"Palo Macho - \u010casovanie \u010diary | Nedbalka","isPartOf":{"@id":"https:\/\/www.nedbalka.sk\/#website"},"primaryImageOfPage":{"@id":"https:\/\/www.nedbalka.sk\/en\/product\/palo-macho-casovanie-ciary\/#primaryimage"},"image":{"@id":"https:\/\/www.nedbalka.sk\/en\/product\/palo-macho-casovanie-ciary\/#primaryimage"},"thumbnailUrl":"https:\/\/www.nedbalka.sk\/wp-content\/uploads\/Palo-Macho-C\u030casovanie-c\u030ciary-Timing-the-Line.jpg","datePublished":"2017-07-07T15:45:36+00:00","dateModified":"2019-04-23T13:26:02+00:00","breadcrumb":{"@id":"https:\/\/www.nedbalka.sk\/en\/product\/palo-macho-casovanie-ciary\/#breadcrumb"},"inLanguage":"de","potentialAction":[{"@type":"ReadAction","target":["https:\/\/www.nedbalka.sk\/en\/product\/palo-macho-casovanie-ciary\/"]}]},{"@type":"ImageObject","inLanguage":"de","@id":"https:\/\/www.nedbalka.sk\/en\/product\/palo-macho-casovanie-ciary\/#primaryimage","url":"https:\/\/www.nedbalka.sk\/wp-content\/uploads\/Palo-Macho-C\u030casovanie-c\u030ciary-Timing-the-Line.jpg","contentUrl":"https:\/\/www.nedbalka.sk\/wp-content\/uploads\/Palo-Macho-C\u030casovanie-c\u030ciary-Timing-the-Line.jpg","width":865,"height":1156,"caption":"Palo Macho, C\u030casovanie c\u030ciary Timing the Line"},{"@type":"BreadcrumbList","@id":"https:\/\/www.nedbalka.sk\/en\/product\/palo-macho-casovanie-ciary\/#breadcrumb","itemListElement":[{"@type":"ListItem","position":1,"name":"Home","item":"https:\/\/www.nedbalka.sk\/de\/"},{"@type":"ListItem","position":2,"name":"E-shop","item":"https:\/\/www.nedbalka.sk\/e-shop\/"},{"@type":"ListItem","position":3,"name":"Palo Macho &#8211; \u010casovanie \u010diary"}]},{"@type":"WebSite","@id":"https:\/\/www.nedbalka.sk\/#website","url":"https:\/\/www.nedbalka.sk\/","name":"Nedbalka","description":"\u0164a\u017eisko zbierky Gal\u00e9rie Nedbalka spo\u010d\u00edva v slovenskej ma\u013ebe 20. storo\u010dia, ale s\u00fa v nej zast\u00fapen\u00e9 aj socha a grafika. Gal\u00e9ria diela prezentuje prostredn\u00edctvom st\u00e1lej expoz\u00edcie a kr\u00e1tkodob\u00fdch v\u00fdstav.","potentialAction":[{"@type":"SearchAction","target":{"@type":"EntryPoint","urlTemplate":"https:\/\/www.nedbalka.sk\/?s={search_term_string}"},"query-input":{"@type":"PropertyValueSpecification","valueRequired":true,"valueName":"search_term_string"}}],"inLanguage":"de"}]}},"_links":{"self":[{"href":"https:\/\/www.nedbalka.sk\/de\/wp-json\/wp\/v2\/product\/2251","targetHints":{"allow":["GET"]}}],"collection":[{"href":"https:\/\/www.nedbalka.sk\/de\/wp-json\/wp\/v2\/product"}],"about":[{"href":"https:\/\/www.nedbalka.sk\/de\/wp-json\/wp\/v2\/types\/product"}],"wp:featuredmedia":[{"embeddable":true,"href":"https:\/\/www.nedbalka.sk\/de\/wp-json\/wp\/v2\/media\/2252"}],"wp:attachment":[{"href":"https:\/\/www.nedbalka.sk\/de\/wp-json\/wp\/v2\/media?parent=2251"}],"curies":[{"name":"wp","href":"https:\/\/api.w.org\/{rel}","templated":true}]}}