{"id":2250,"date":"2017-11-13T06:00:06","date_gmt":"2017-11-13T05:00:06","guid":{"rendered":"http:\/\/www.nedbalka.sk\/?post_type=product&#038;p=2250"},"modified":"2019-04-23T14:25:52","modified_gmt":"2019-04-23T13:25:52","slug":"katarina-kvietikova-bekeniova-terra-incognita","status":"publish","type":"product","link":"https:\/\/www.nedbalka.sk\/de\/product\/katarina-kvietikova-bekeniova-terra-incognita\/","title":{"rendered":"Katar\u00edna Kvietikov\u00e1-Bek\u00e9niov\u00e1 &#8211; Terra Incognita"},"content":{"rendered":"","protected":false},"excerpt":{"rendered":"<p>Terra Incognita je zem z\u00e1hadn\u00e1 a nepoznan\u00e1, ktor\u00fa si ka\u017ed\u00fd nesie v sebe. Na\u0161e tajn\u00e9 t\u00fa\u017eby a fant\u00e1zie s\u00fa tu dokonale ukryt\u00e9. Prekvapen\u00edm je potom jej odhalenie. Katar\u00edna Kvietikov\u00e1-Bek\u00e9niov\u00e1 prin\u00e1\u0161a svoju Terru Incognitu do Gal\u00e9rie Nedbalka demaskovan\u00fa. Div\u00e1kov vp\u00fa\u0161\u0165a do jej tajn\u00fdch z\u00e1kut\u00ed. M\u00f4\u017eeme tak spozna\u0165 jej nov\u00fd pr\u00edstup v aktu\u00e1lnej tvorbe, kde prep\u00e1ja ma\u013ebu, grafiku a textil. V\u0161etky tri m\u00e9di\u00e1 maj\u00fa svoje form\u00e1lne postupy a vlastnosti a Katar\u00edna sa ich sna\u017e\u00ed oh\u00fdba\u0165 a prisp\u00f4sobova\u0165; sk\u00fa\u0161a, ako by sa mohla ma\u013eba prejavi\u0165 v monotypii a ako by sa mohli textiln\u00e9 detaily sta\u0165 predlohou ma\u013eby. Prv\u00fdkr\u00e1t sa vyjadruje \u010disto abstraktne. Zbavila sa fig\u00fary i narat\u00edvu. Toto definit\u00edvum uplat\u0148uje rovnako v grafike i v ma\u013ebe. Doteraz bola u nej abstrakcia pr\u00edtomn\u00e1 najm\u00e4 v textilnej tvorbe. Kruh sa uzatvoril a jej ma\u013eba sa in\u0161piruje tapis\u00e9riou a grafika zasa ma\u013ebou. V\u0161etky tri v\u00fdtvarn\u00e9 druhy motivicky a form\u00e1lne \u010derpaj\u00fa zo seba navz\u00e1jom. Toto je pr\u00edbeh, ktor\u00fd n\u00e1m autorka prezentuje na v\u00fdstave i v knihe \u2013 katal\u00f3gu k rovnomennej v\u00fdstave.<\/p>\n<p><strong>Publik\u00e1cia: <\/strong>Katar\u00edna Kvietikov\u00e1 \u2013 Terra Incognita, autorka textov: Bohunka Z\u00e1mecov\u00e1; po\u010det str\u00e1n: 72; v\u00e4zba: flexi; jazyk: slovensk\u00fd a\u00a0anglick\u00fd; rok vydania: 2017.<\/p>\n","protected":false},"featured_media":2326,"template":"","meta":{"_acf_changed":false,"inline_featured_image":false},"class_list":{"0":"post-2250","1":"product","2":"type-product","3":"status-publish","4":"has-post-thumbnail","6":"product_cat-katalog","8":"first","9":"instock","10":"taxable","11":"shipping-taxable","12":"purchasable","13":"product-type-simple"},"acf":[],"yoast_head":"<!-- This site is optimized with the Yoast SEO plugin v27.4 - https:\/\/yoast.com\/product\/yoast-seo-wordpress\/ -->\n<title>Katar\u00edna Kvietikov\u00e1-Bek\u00e9niov\u00e1 - Terra Incognita | Nedbalka<\/title>\n<meta name=\"robots\" content=\"index, follow, max-snippet:-1, max-image-preview:large, max-video-preview:-1\" \/>\n<link rel=\"canonical\" href=\"https:\/\/www.nedbalka.sk\/en\/product\/katarina-kvietikova-bekeniova-terra-incognita\/\" \/>\n<meta property=\"og:locale\" content=\"de_DE\" \/>\n<meta property=\"og:type\" content=\"article\" \/>\n<meta property=\"og:title\" content=\"Katar\u00edna Kvietikov\u00e1-Bek\u00e9niov\u00e1 - Terra Incognita | Nedbalka\" \/>\n<meta property=\"og:description\" content=\"Terra Incognita je zem z\u00e1hadn\u00e1 a nepoznan\u00e1, ktor\u00fa si ka\u017ed\u00fd nesie v sebe. Na\u0161e tajn\u00e9 t\u00fa\u017eby a fant\u00e1zie s\u00fa tu dokonale ukryt\u00e9. Prekvapen\u00edm je potom jej odhalenie. Katar\u00edna Kvietikov\u00e1-Bek\u00e9niov\u00e1 prin\u00e1\u0161a svoju Terru Incognitu do Gal\u00e9rie Nedbalka demaskovan\u00fa. Div\u00e1kov vp\u00fa\u0161\u0165a do jej tajn\u00fdch z\u00e1kut\u00ed. M\u00f4\u017eeme tak spozna\u0165 jej nov\u00fd pr\u00edstup v aktu\u00e1lnej tvorbe, kde prep\u00e1ja ma\u013ebu, grafiku a textil. V\u0161etky tri m\u00e9di\u00e1 maj\u00fa svoje form\u00e1lne postupy a vlastnosti a Katar\u00edna sa ich sna\u017e\u00ed oh\u00fdba\u0165 a prisp\u00f4sobova\u0165; sk\u00fa\u0161a, ako by sa mohla ma\u013eba prejavi\u0165 v monotypii a ako by sa mohli textiln\u00e9 detaily sta\u0165 predlohou ma\u013eby. Prv\u00fdkr\u00e1t sa vyjadruje \u010disto abstraktne. Zbavila sa fig\u00fary i narat\u00edvu. Toto definit\u00edvum uplat\u0148uje rovnako v grafike i v ma\u013ebe. Doteraz bola u nej abstrakcia pr\u00edtomn\u00e1 najm\u00e4 v textilnej tvorbe. Kruh sa uzatvoril a jej ma\u013eba sa in\u0161piruje tapis\u00e9riou a grafika zasa ma\u013ebou. V\u0161etky tri v\u00fdtvarn\u00e9 druhy motivicky a form\u00e1lne \u010derpaj\u00fa zo seba navz\u00e1jom. Toto je pr\u00edbeh, ktor\u00fd n\u00e1m autorka prezentuje na v\u00fdstave i v knihe \u2013 katal\u00f3gu k rovnomennej v\u00fdstave.  Publik\u00e1cia: Katar\u00edna Kvietikov\u00e1 \u2013 Terra Incognita, autorka textov: Bohunka Z\u00e1mecov\u00e1; po\u010det str\u00e1n: 72; v\u00e4zba: flexi; jazyk: slovensk\u00fd a\u00a0anglick\u00fd; rok vydania: 2017.\" \/>\n<meta property=\"og:url\" content=\"https:\/\/www.nedbalka.sk\/en\/product\/katarina-kvietikova-bekeniova-terra-incognita\/\" \/>\n<meta property=\"og:site_name\" content=\"Nedbalka\" \/>\n<meta property=\"article:modified_time\" content=\"2019-04-23T13:25:52+00:00\" \/>\n<meta property=\"og:image\" content=\"https:\/\/www.nedbalka.sk\/wp-content\/uploads\/Katari\u0301na-Kvietikova\u0301-Beke\u0301niova\u0301-Terra-Incognita.jpg\" \/>\n\t<meta property=\"og:image:width\" content=\"865\" \/>\n\t<meta property=\"og:image:height\" content=\"1156\" \/>\n\t<meta property=\"og:image:type\" content=\"image\/jpeg\" \/>\n<meta name=\"twitter:card\" content=\"summary_large_image\" \/>\n<script type=\"application\/ld+json\" class=\"yoast-schema-graph\">{\"@context\":\"https:\\\/\\\/schema.org\",\"@graph\":[{\"@type\":\"WebPage\",\"@id\":\"https:\\\/\\\/www.nedbalka.sk\\\/en\\\/product\\\/katarina-kvietikova-bekeniova-terra-incognita\\\/\",\"url\":\"https:\\\/\\\/www.nedbalka.sk\\\/en\\\/product\\\/katarina-kvietikova-bekeniova-terra-incognita\\\/\",\"name\":\"Katar\u00edna Kvietikov\u00e1-Bek\u00e9niov\u00e1 - Terra Incognita | Nedbalka\",\"isPartOf\":{\"@id\":\"https:\\\/\\\/www.nedbalka.sk\\\/#website\"},\"primaryImageOfPage\":{\"@id\":\"https:\\\/\\\/www.nedbalka.sk\\\/en\\\/product\\\/katarina-kvietikova-bekeniova-terra-incognita\\\/#primaryimage\"},\"image\":{\"@id\":\"https:\\\/\\\/www.nedbalka.sk\\\/en\\\/product\\\/katarina-kvietikova-bekeniova-terra-incognita\\\/#primaryimage\"},\"thumbnailUrl\":\"https:\\\/\\\/www.nedbalka.sk\\\/wp-content\\\/uploads\\\/Katari\u0301na-Kvietikova\u0301-Beke\u0301niova\u0301-Terra-Incognita.jpg\",\"datePublished\":\"2017-11-13T05:00:06+00:00\",\"dateModified\":\"2019-04-23T13:25:52+00:00\",\"breadcrumb\":{\"@id\":\"https:\\\/\\\/www.nedbalka.sk\\\/en\\\/product\\\/katarina-kvietikova-bekeniova-terra-incognita\\\/#breadcrumb\"},\"inLanguage\":\"de\",\"potentialAction\":[{\"@type\":\"ReadAction\",\"target\":[\"https:\\\/\\\/www.nedbalka.sk\\\/en\\\/product\\\/katarina-kvietikova-bekeniova-terra-incognita\\\/\"]}]},{\"@type\":\"ImageObject\",\"inLanguage\":\"de\",\"@id\":\"https:\\\/\\\/www.nedbalka.sk\\\/en\\\/product\\\/katarina-kvietikova-bekeniova-terra-incognita\\\/#primaryimage\",\"url\":\"https:\\\/\\\/www.nedbalka.sk\\\/wp-content\\\/uploads\\\/Katari\u0301na-Kvietikova\u0301-Beke\u0301niova\u0301-Terra-Incognita.jpg\",\"contentUrl\":\"https:\\\/\\\/www.nedbalka.sk\\\/wp-content\\\/uploads\\\/Katari\u0301na-Kvietikova\u0301-Beke\u0301niova\u0301-Terra-Incognita.jpg\",\"width\":865,\"height\":1156,\"caption\":\"Katari\u0301na Kvietikova\u0301 Beke\u0301niova\u0301 Terra Incognita\"},{\"@type\":\"BreadcrumbList\",\"@id\":\"https:\\\/\\\/www.nedbalka.sk\\\/en\\\/product\\\/katarina-kvietikova-bekeniova-terra-incognita\\\/#breadcrumb\",\"itemListElement\":[{\"@type\":\"ListItem\",\"position\":1,\"name\":\"Home\",\"item\":\"https:\\\/\\\/www.nedbalka.sk\\\/de\\\/\"},{\"@type\":\"ListItem\",\"position\":2,\"name\":\"E-shop\",\"item\":\"https:\\\/\\\/www.nedbalka.sk\\\/e-shop\\\/\"},{\"@type\":\"ListItem\",\"position\":3,\"name\":\"Katar\u00edna Kvietikov\u00e1-Bek\u00e9niov\u00e1 &#8211; Terra Incognita\"}]},{\"@type\":\"WebSite\",\"@id\":\"https:\\\/\\\/www.nedbalka.sk\\\/#website\",\"url\":\"https:\\\/\\\/www.nedbalka.sk\\\/\",\"name\":\"Nedbalka\",\"description\":\"\u0164a\u017eisko zbierky Gal\u00e9rie Nedbalka spo\u010d\u00edva v slovenskej ma\u013ebe 20. storo\u010dia, ale s\u00fa v nej zast\u00fapen\u00e9 aj socha a grafika. Gal\u00e9ria diela prezentuje prostredn\u00edctvom st\u00e1lej expoz\u00edcie a kr\u00e1tkodob\u00fdch v\u00fdstav.\",\"potentialAction\":[{\"@type\":\"SearchAction\",\"target\":{\"@type\":\"EntryPoint\",\"urlTemplate\":\"https:\\\/\\\/www.nedbalka.sk\\\/?s={search_term_string}\"},\"query-input\":{\"@type\":\"PropertyValueSpecification\",\"valueRequired\":true,\"valueName\":\"search_term_string\"}}],\"inLanguage\":\"de\"}]}<\/script>\n<!-- \/ Yoast SEO plugin. -->","yoast_head_json":{"title":"Katar\u00edna Kvietikov\u00e1-Bek\u00e9niov\u00e1 - Terra Incognita | Nedbalka","robots":{"index":"index","follow":"follow","max-snippet":"max-snippet:-1","max-image-preview":"max-image-preview:large","max-video-preview":"max-video-preview:-1"},"canonical":"https:\/\/www.nedbalka.sk\/en\/product\/katarina-kvietikova-bekeniova-terra-incognita\/","og_locale":"de_DE","og_type":"article","og_title":"Katar\u00edna Kvietikov\u00e1-Bek\u00e9niov\u00e1 - Terra Incognita | Nedbalka","og_description":"Terra Incognita je zem z\u00e1hadn\u00e1 a nepoznan\u00e1, ktor\u00fa si ka\u017ed\u00fd nesie v sebe. Na\u0161e tajn\u00e9 t\u00fa\u017eby a fant\u00e1zie s\u00fa tu dokonale ukryt\u00e9. Prekvapen\u00edm je potom jej odhalenie. Katar\u00edna Kvietikov\u00e1-Bek\u00e9niov\u00e1 prin\u00e1\u0161a svoju Terru Incognitu do Gal\u00e9rie Nedbalka demaskovan\u00fa. Div\u00e1kov vp\u00fa\u0161\u0165a do jej tajn\u00fdch z\u00e1kut\u00ed. M\u00f4\u017eeme tak spozna\u0165 jej nov\u00fd pr\u00edstup v aktu\u00e1lnej tvorbe, kde prep\u00e1ja ma\u013ebu, grafiku a textil. V\u0161etky tri m\u00e9di\u00e1 maj\u00fa svoje form\u00e1lne postupy a vlastnosti a Katar\u00edna sa ich sna\u017e\u00ed oh\u00fdba\u0165 a prisp\u00f4sobova\u0165; sk\u00fa\u0161a, ako by sa mohla ma\u013eba prejavi\u0165 v monotypii a ako by sa mohli textiln\u00e9 detaily sta\u0165 predlohou ma\u013eby. Prv\u00fdkr\u00e1t sa vyjadruje \u010disto abstraktne. Zbavila sa fig\u00fary i narat\u00edvu. Toto definit\u00edvum uplat\u0148uje rovnako v grafike i v ma\u013ebe. Doteraz bola u nej abstrakcia pr\u00edtomn\u00e1 najm\u00e4 v textilnej tvorbe. Kruh sa uzatvoril a jej ma\u013eba sa in\u0161piruje tapis\u00e9riou a grafika zasa ma\u013ebou. V\u0161etky tri v\u00fdtvarn\u00e9 druhy motivicky a form\u00e1lne \u010derpaj\u00fa zo seba navz\u00e1jom. Toto je pr\u00edbeh, ktor\u00fd n\u00e1m autorka prezentuje na v\u00fdstave i v knihe \u2013 katal\u00f3gu k rovnomennej v\u00fdstave.  Publik\u00e1cia: Katar\u00edna Kvietikov\u00e1 \u2013 Terra Incognita, autorka textov: Bohunka Z\u00e1mecov\u00e1; po\u010det str\u00e1n: 72; v\u00e4zba: flexi; jazyk: slovensk\u00fd a\u00a0anglick\u00fd; rok vydania: 2017.","og_url":"https:\/\/www.nedbalka.sk\/en\/product\/katarina-kvietikova-bekeniova-terra-incognita\/","og_site_name":"Nedbalka","article_modified_time":"2019-04-23T13:25:52+00:00","og_image":[{"width":865,"height":1156,"url":"https:\/\/www.nedbalka.sk\/wp-content\/uploads\/Katari\u0301na-Kvietikova\u0301-Beke\u0301niova\u0301-Terra-Incognita.jpg","type":"image\/jpeg"}],"twitter_card":"summary_large_image","schema":{"@context":"https:\/\/schema.org","@graph":[{"@type":"WebPage","@id":"https:\/\/www.nedbalka.sk\/en\/product\/katarina-kvietikova-bekeniova-terra-incognita\/","url":"https:\/\/www.nedbalka.sk\/en\/product\/katarina-kvietikova-bekeniova-terra-incognita\/","name":"Katar\u00edna Kvietikov\u00e1-Bek\u00e9niov\u00e1 - Terra Incognita | Nedbalka","isPartOf":{"@id":"https:\/\/www.nedbalka.sk\/#website"},"primaryImageOfPage":{"@id":"https:\/\/www.nedbalka.sk\/en\/product\/katarina-kvietikova-bekeniova-terra-incognita\/#primaryimage"},"image":{"@id":"https:\/\/www.nedbalka.sk\/en\/product\/katarina-kvietikova-bekeniova-terra-incognita\/#primaryimage"},"thumbnailUrl":"https:\/\/www.nedbalka.sk\/wp-content\/uploads\/Katari\u0301na-Kvietikova\u0301-Beke\u0301niova\u0301-Terra-Incognita.jpg","datePublished":"2017-11-13T05:00:06+00:00","dateModified":"2019-04-23T13:25:52+00:00","breadcrumb":{"@id":"https:\/\/www.nedbalka.sk\/en\/product\/katarina-kvietikova-bekeniova-terra-incognita\/#breadcrumb"},"inLanguage":"de","potentialAction":[{"@type":"ReadAction","target":["https:\/\/www.nedbalka.sk\/en\/product\/katarina-kvietikova-bekeniova-terra-incognita\/"]}]},{"@type":"ImageObject","inLanguage":"de","@id":"https:\/\/www.nedbalka.sk\/en\/product\/katarina-kvietikova-bekeniova-terra-incognita\/#primaryimage","url":"https:\/\/www.nedbalka.sk\/wp-content\/uploads\/Katari\u0301na-Kvietikova\u0301-Beke\u0301niova\u0301-Terra-Incognita.jpg","contentUrl":"https:\/\/www.nedbalka.sk\/wp-content\/uploads\/Katari\u0301na-Kvietikova\u0301-Beke\u0301niova\u0301-Terra-Incognita.jpg","width":865,"height":1156,"caption":"Katari\u0301na Kvietikova\u0301 Beke\u0301niova\u0301 Terra Incognita"},{"@type":"BreadcrumbList","@id":"https:\/\/www.nedbalka.sk\/en\/product\/katarina-kvietikova-bekeniova-terra-incognita\/#breadcrumb","itemListElement":[{"@type":"ListItem","position":1,"name":"Home","item":"https:\/\/www.nedbalka.sk\/de\/"},{"@type":"ListItem","position":2,"name":"E-shop","item":"https:\/\/www.nedbalka.sk\/e-shop\/"},{"@type":"ListItem","position":3,"name":"Katar\u00edna Kvietikov\u00e1-Bek\u00e9niov\u00e1 &#8211; Terra Incognita"}]},{"@type":"WebSite","@id":"https:\/\/www.nedbalka.sk\/#website","url":"https:\/\/www.nedbalka.sk\/","name":"Nedbalka","description":"\u0164a\u017eisko zbierky Gal\u00e9rie Nedbalka spo\u010d\u00edva v slovenskej ma\u013ebe 20. storo\u010dia, ale s\u00fa v nej zast\u00fapen\u00e9 aj socha a grafika. Gal\u00e9ria diela prezentuje prostredn\u00edctvom st\u00e1lej expoz\u00edcie a kr\u00e1tkodob\u00fdch v\u00fdstav.","potentialAction":[{"@type":"SearchAction","target":{"@type":"EntryPoint","urlTemplate":"https:\/\/www.nedbalka.sk\/?s={search_term_string}"},"query-input":{"@type":"PropertyValueSpecification","valueRequired":true,"valueName":"search_term_string"}}],"inLanguage":"de"}]}},"_links":{"self":[{"href":"https:\/\/www.nedbalka.sk\/de\/wp-json\/wp\/v2\/product\/2250","targetHints":{"allow":["GET"]}}],"collection":[{"href":"https:\/\/www.nedbalka.sk\/de\/wp-json\/wp\/v2\/product"}],"about":[{"href":"https:\/\/www.nedbalka.sk\/de\/wp-json\/wp\/v2\/types\/product"}],"wp:featuredmedia":[{"embeddable":true,"href":"https:\/\/www.nedbalka.sk\/de\/wp-json\/wp\/v2\/media\/2326"}],"wp:attachment":[{"href":"https:\/\/www.nedbalka.sk\/de\/wp-json\/wp\/v2\/media?parent=2250"}],"curies":[{"name":"wp","href":"https:\/\/api.w.org\/{rel}","templated":true}]}}