{"id":2239,"date":"2018-12-04T06:00:09","date_gmt":"2018-12-04T05:00:09","guid":{"rendered":"http:\/\/www.nedbalka.sk\/?post_type=product&#038;p=2239"},"modified":"2019-04-23T14:25:31","modified_gmt":"2019-04-23T13:25:31","slug":"katalog-robert-hromec-inside-a-time-capsule","status":"publish","type":"product","link":"https:\/\/www.nedbalka.sk\/de\/product\/katalog-robert-hromec-inside-a-time-capsule\/","title":{"rendered":"Robert Hromec &#8211; Inside a Time Capsule"},"content":{"rendered":"","protected":false},"excerpt":{"rendered":"<p>V\u00fdstava Roberta Hromca prezentovala odv\u00e1\u017ene expres\u00edvne pr\u00e1ce vytvoren\u00e9 n\u00e1ro\u010dnou kombinovanou technikou. Jej s\u00fa\u010das\u0165ou je \u0161es\u0165 ve\u013ekorozmern\u00fdch obd\u013a\u017enikov\u00fdch malieb na obzvl\u00e1\u0161\u0165 ve\u013ekom hlin\u00edkovom plechu s rozmermi 1 \u00d7 2 metre a osem malieb na hlin\u00edkovom plechu polovi\u010dnej ve\u013ekosti. K \u0161tyrom zo \u0161iestich ve\u013ekorozmern\u00fdch pr\u00e1c s\u00fa pripevnen\u00e9 siv\u00e9 \u0161tvorcov\u00e9 plechy s obrazom r\u00fak, ktor\u00e9 p\u00f4sobia, akoby sa vzn\u00e1\u0161ali nad povrchom obrazu. K povrchu viacer\u00fdch \u0161tvorcov\u00fdch malieb je zasa pripevnen\u00fd pevn\u00fd hlin\u00edkov\u00fd obd\u013a\u017enik. Pr\u00e1ve tieto hlin\u00edkov\u00e9 obd\u013a\u017eniky boli in\u0161pir\u00e1ciou pre n\u00e1zov v\u00fdstavy, ke\u010f\u017ee umelec si predstavoval svoje ma\u013eby ako ak\u00fasi \u010dasov\u00fa kapsulu odr\u00e1\u017eaj\u00facu \u017eivot v dne\u0161nom svete, ktor\u00e1 doru\u010d\u00ed nevyhnutn\u00e9 inform\u00e1cie o na\u0161ej s\u00fa\u010dasnej realite nasleduj\u00facim gener\u00e1ci\u00e1m.<\/p>\n<p><strong>Publik\u00e1cia: <\/strong>Robert Hromec \u2013 Vn\u00fatri\u00a0\u010dasovej kapsuly\/Inside a\u00a0time capsule<strong>; <\/strong>autorka textov: Rick Kinsel, Giacomo Marco Valeri, Martina Campese, Dorothea Jeger, Anton Div\u00e1cky, Ivan Jan\u010d\u00e1r.; po\u010det str\u00e1n: 72; v\u00e4zba: flexi; jazyk: slovensk\u00fd a\u00a0anglick\u00fd; rok vydania: 2018.<\/p>\n","protected":false},"featured_media":2247,"template":"","meta":{"_acf_changed":false,"inline_featured_image":false},"class_list":{"0":"post-2239","1":"product","2":"type-product","3":"status-publish","4":"has-post-thumbnail","6":"product_cat-katalog","8":"first","9":"instock","10":"taxable","11":"shipping-taxable","12":"purchasable","13":"product-type-simple"},"acf":[],"yoast_head":"<!-- This site is optimized with the Yoast SEO plugin v27.4 - https:\/\/yoast.com\/product\/yoast-seo-wordpress\/ -->\n<title>Robert Hromec - Inside a Time Capsule | Nedbalka<\/title>\n<meta name=\"robots\" content=\"index, follow, max-snippet:-1, max-image-preview:large, max-video-preview:-1\" \/>\n<link rel=\"canonical\" href=\"https:\/\/www.nedbalka.sk\/en\/product\/katalog-robert-hromec-inside-a-time-capsule\/\" \/>\n<meta property=\"og:locale\" content=\"de_DE\" \/>\n<meta property=\"og:type\" content=\"article\" \/>\n<meta property=\"og:title\" content=\"Robert Hromec - Inside a Time Capsule | Nedbalka\" \/>\n<meta property=\"og:description\" content=\"V\u00fdstava Roberta Hromca prezentovala odv\u00e1\u017ene expres\u00edvne pr\u00e1ce vytvoren\u00e9 n\u00e1ro\u010dnou kombinovanou technikou. Jej s\u00fa\u010das\u0165ou je \u0161es\u0165 ve\u013ekorozmern\u00fdch obd\u013a\u017enikov\u00fdch malieb na obzvl\u00e1\u0161\u0165 ve\u013ekom hlin\u00edkovom plechu s rozmermi 1 \u00d7 2 metre a osem malieb na hlin\u00edkovom plechu polovi\u010dnej ve\u013ekosti. K \u0161tyrom zo \u0161iestich ve\u013ekorozmern\u00fdch pr\u00e1c s\u00fa pripevnen\u00e9 siv\u00e9 \u0161tvorcov\u00e9 plechy s obrazom r\u00fak, ktor\u00e9 p\u00f4sobia, akoby sa vzn\u00e1\u0161ali nad povrchom obrazu. K povrchu viacer\u00fdch \u0161tvorcov\u00fdch malieb je zasa pripevnen\u00fd pevn\u00fd hlin\u00edkov\u00fd obd\u013a\u017enik. Pr\u00e1ve tieto hlin\u00edkov\u00e9 obd\u013a\u017eniky boli in\u0161pir\u00e1ciou pre n\u00e1zov v\u00fdstavy, ke\u010f\u017ee umelec si predstavoval svoje ma\u013eby ako ak\u00fasi \u010dasov\u00fa kapsulu odr\u00e1\u017eaj\u00facu \u017eivot v dne\u0161nom svete, ktor\u00e1 doru\u010d\u00ed nevyhnutn\u00e9 inform\u00e1cie o na\u0161ej s\u00fa\u010dasnej realite nasleduj\u00facim gener\u00e1ci\u00e1m.  Publik\u00e1cia: Robert Hromec \u2013 Vn\u00fatri\u00a0\u010dasovej kapsuly\/Inside a\u00a0time capsule; autorka textov: Rick Kinsel, Giacomo Marco Valeri, Martina Campese, Dorothea Jeger, Anton Div\u00e1cky, Ivan Jan\u010d\u00e1r.; po\u010det str\u00e1n: 72; v\u00e4zba: flexi; jazyk: slovensk\u00fd a\u00a0anglick\u00fd; rok vydania: 2018.\" \/>\n<meta property=\"og:url\" content=\"https:\/\/www.nedbalka.sk\/en\/product\/katalog-robert-hromec-inside-a-time-capsule\/\" \/>\n<meta property=\"og:site_name\" content=\"Nedbalka\" \/>\n<meta property=\"article:modified_time\" content=\"2019-04-23T13:25:31+00:00\" \/>\n<meta property=\"og:image\" content=\"https:\/\/www.nedbalka.sk\/wp-content\/uploads\/Robert-Hromec-Inside-a-Time-Capsule.jpg\" \/>\n\t<meta property=\"og:image:width\" content=\"865\" \/>\n\t<meta property=\"og:image:height\" content=\"1156\" \/>\n\t<meta property=\"og:image:type\" content=\"image\/jpeg\" \/>\n<meta name=\"twitter:card\" content=\"summary_large_image\" \/>\n<script type=\"application\/ld+json\" class=\"yoast-schema-graph\">{\"@context\":\"https:\\\/\\\/schema.org\",\"@graph\":[{\"@type\":\"WebPage\",\"@id\":\"https:\\\/\\\/www.nedbalka.sk\\\/en\\\/product\\\/katalog-robert-hromec-inside-a-time-capsule\\\/\",\"url\":\"https:\\\/\\\/www.nedbalka.sk\\\/en\\\/product\\\/katalog-robert-hromec-inside-a-time-capsule\\\/\",\"name\":\"Robert Hromec - Inside a Time Capsule | Nedbalka\",\"isPartOf\":{\"@id\":\"https:\\\/\\\/www.nedbalka.sk\\\/#website\"},\"primaryImageOfPage\":{\"@id\":\"https:\\\/\\\/www.nedbalka.sk\\\/en\\\/product\\\/katalog-robert-hromec-inside-a-time-capsule\\\/#primaryimage\"},\"image\":{\"@id\":\"https:\\\/\\\/www.nedbalka.sk\\\/en\\\/product\\\/katalog-robert-hromec-inside-a-time-capsule\\\/#primaryimage\"},\"thumbnailUrl\":\"https:\\\/\\\/www.nedbalka.sk\\\/wp-content\\\/uploads\\\/Robert-Hromec-Inside-a-Time-Capsule.jpg\",\"datePublished\":\"2018-12-04T05:00:09+00:00\",\"dateModified\":\"2019-04-23T13:25:31+00:00\",\"breadcrumb\":{\"@id\":\"https:\\\/\\\/www.nedbalka.sk\\\/en\\\/product\\\/katalog-robert-hromec-inside-a-time-capsule\\\/#breadcrumb\"},\"inLanguage\":\"de\",\"potentialAction\":[{\"@type\":\"ReadAction\",\"target\":[\"https:\\\/\\\/www.nedbalka.sk\\\/en\\\/product\\\/katalog-robert-hromec-inside-a-time-capsule\\\/\"]}]},{\"@type\":\"ImageObject\",\"inLanguage\":\"de\",\"@id\":\"https:\\\/\\\/www.nedbalka.sk\\\/en\\\/product\\\/katalog-robert-hromec-inside-a-time-capsule\\\/#primaryimage\",\"url\":\"https:\\\/\\\/www.nedbalka.sk\\\/wp-content\\\/uploads\\\/Robert-Hromec-Inside-a-Time-Capsule.jpg\",\"contentUrl\":\"https:\\\/\\\/www.nedbalka.sk\\\/wp-content\\\/uploads\\\/Robert-Hromec-Inside-a-Time-Capsule.jpg\",\"width\":865,\"height\":1156,\"caption\":\"Robert Hromec, Inside a Time Capsule\"},{\"@type\":\"BreadcrumbList\",\"@id\":\"https:\\\/\\\/www.nedbalka.sk\\\/en\\\/product\\\/katalog-robert-hromec-inside-a-time-capsule\\\/#breadcrumb\",\"itemListElement\":[{\"@type\":\"ListItem\",\"position\":1,\"name\":\"Home\",\"item\":\"https:\\\/\\\/www.nedbalka.sk\\\/de\\\/\"},{\"@type\":\"ListItem\",\"position\":2,\"name\":\"E-shop\",\"item\":\"https:\\\/\\\/www.nedbalka.sk\\\/e-shop\\\/\"},{\"@type\":\"ListItem\",\"position\":3,\"name\":\"Robert Hromec &#8211; Inside a Time Capsule\"}]},{\"@type\":\"WebSite\",\"@id\":\"https:\\\/\\\/www.nedbalka.sk\\\/#website\",\"url\":\"https:\\\/\\\/www.nedbalka.sk\\\/\",\"name\":\"Nedbalka\",\"description\":\"\u0164a\u017eisko zbierky Gal\u00e9rie Nedbalka spo\u010d\u00edva v slovenskej ma\u013ebe 20. storo\u010dia, ale s\u00fa v nej zast\u00fapen\u00e9 aj socha a grafika. Gal\u00e9ria diela prezentuje prostredn\u00edctvom st\u00e1lej expoz\u00edcie a kr\u00e1tkodob\u00fdch v\u00fdstav.\",\"potentialAction\":[{\"@type\":\"SearchAction\",\"target\":{\"@type\":\"EntryPoint\",\"urlTemplate\":\"https:\\\/\\\/www.nedbalka.sk\\\/?s={search_term_string}\"},\"query-input\":{\"@type\":\"PropertyValueSpecification\",\"valueRequired\":true,\"valueName\":\"search_term_string\"}}],\"inLanguage\":\"de\"}]}<\/script>\n<!-- \/ Yoast SEO plugin. -->","yoast_head_json":{"title":"Robert Hromec - Inside a Time Capsule | Nedbalka","robots":{"index":"index","follow":"follow","max-snippet":"max-snippet:-1","max-image-preview":"max-image-preview:large","max-video-preview":"max-video-preview:-1"},"canonical":"https:\/\/www.nedbalka.sk\/en\/product\/katalog-robert-hromec-inside-a-time-capsule\/","og_locale":"de_DE","og_type":"article","og_title":"Robert Hromec - Inside a Time Capsule | Nedbalka","og_description":"V\u00fdstava Roberta Hromca prezentovala odv\u00e1\u017ene expres\u00edvne pr\u00e1ce vytvoren\u00e9 n\u00e1ro\u010dnou kombinovanou technikou. Jej s\u00fa\u010das\u0165ou je \u0161es\u0165 ve\u013ekorozmern\u00fdch obd\u013a\u017enikov\u00fdch malieb na obzvl\u00e1\u0161\u0165 ve\u013ekom hlin\u00edkovom plechu s rozmermi 1 \u00d7 2 metre a osem malieb na hlin\u00edkovom plechu polovi\u010dnej ve\u013ekosti. K \u0161tyrom zo \u0161iestich ve\u013ekorozmern\u00fdch pr\u00e1c s\u00fa pripevnen\u00e9 siv\u00e9 \u0161tvorcov\u00e9 plechy s obrazom r\u00fak, ktor\u00e9 p\u00f4sobia, akoby sa vzn\u00e1\u0161ali nad povrchom obrazu. K povrchu viacer\u00fdch \u0161tvorcov\u00fdch malieb je zasa pripevnen\u00fd pevn\u00fd hlin\u00edkov\u00fd obd\u013a\u017enik. Pr\u00e1ve tieto hlin\u00edkov\u00e9 obd\u013a\u017eniky boli in\u0161pir\u00e1ciou pre n\u00e1zov v\u00fdstavy, ke\u010f\u017ee umelec si predstavoval svoje ma\u013eby ako ak\u00fasi \u010dasov\u00fa kapsulu odr\u00e1\u017eaj\u00facu \u017eivot v dne\u0161nom svete, ktor\u00e1 doru\u010d\u00ed nevyhnutn\u00e9 inform\u00e1cie o na\u0161ej s\u00fa\u010dasnej realite nasleduj\u00facim gener\u00e1ci\u00e1m.  Publik\u00e1cia: Robert Hromec \u2013 Vn\u00fatri\u00a0\u010dasovej kapsuly\/Inside a\u00a0time capsule; autorka textov: Rick Kinsel, Giacomo Marco Valeri, Martina Campese, Dorothea Jeger, Anton Div\u00e1cky, Ivan Jan\u010d\u00e1r.; po\u010det str\u00e1n: 72; v\u00e4zba: flexi; jazyk: slovensk\u00fd a\u00a0anglick\u00fd; rok vydania: 2018.","og_url":"https:\/\/www.nedbalka.sk\/en\/product\/katalog-robert-hromec-inside-a-time-capsule\/","og_site_name":"Nedbalka","article_modified_time":"2019-04-23T13:25:31+00:00","og_image":[{"width":865,"height":1156,"url":"https:\/\/www.nedbalka.sk\/wp-content\/uploads\/Robert-Hromec-Inside-a-Time-Capsule.jpg","type":"image\/jpeg"}],"twitter_card":"summary_large_image","schema":{"@context":"https:\/\/schema.org","@graph":[{"@type":"WebPage","@id":"https:\/\/www.nedbalka.sk\/en\/product\/katalog-robert-hromec-inside-a-time-capsule\/","url":"https:\/\/www.nedbalka.sk\/en\/product\/katalog-robert-hromec-inside-a-time-capsule\/","name":"Robert Hromec - Inside a Time Capsule | Nedbalka","isPartOf":{"@id":"https:\/\/www.nedbalka.sk\/#website"},"primaryImageOfPage":{"@id":"https:\/\/www.nedbalka.sk\/en\/product\/katalog-robert-hromec-inside-a-time-capsule\/#primaryimage"},"image":{"@id":"https:\/\/www.nedbalka.sk\/en\/product\/katalog-robert-hromec-inside-a-time-capsule\/#primaryimage"},"thumbnailUrl":"https:\/\/www.nedbalka.sk\/wp-content\/uploads\/Robert-Hromec-Inside-a-Time-Capsule.jpg","datePublished":"2018-12-04T05:00:09+00:00","dateModified":"2019-04-23T13:25:31+00:00","breadcrumb":{"@id":"https:\/\/www.nedbalka.sk\/en\/product\/katalog-robert-hromec-inside-a-time-capsule\/#breadcrumb"},"inLanguage":"de","potentialAction":[{"@type":"ReadAction","target":["https:\/\/www.nedbalka.sk\/en\/product\/katalog-robert-hromec-inside-a-time-capsule\/"]}]},{"@type":"ImageObject","inLanguage":"de","@id":"https:\/\/www.nedbalka.sk\/en\/product\/katalog-robert-hromec-inside-a-time-capsule\/#primaryimage","url":"https:\/\/www.nedbalka.sk\/wp-content\/uploads\/Robert-Hromec-Inside-a-Time-Capsule.jpg","contentUrl":"https:\/\/www.nedbalka.sk\/wp-content\/uploads\/Robert-Hromec-Inside-a-Time-Capsule.jpg","width":865,"height":1156,"caption":"Robert Hromec, Inside a Time Capsule"},{"@type":"BreadcrumbList","@id":"https:\/\/www.nedbalka.sk\/en\/product\/katalog-robert-hromec-inside-a-time-capsule\/#breadcrumb","itemListElement":[{"@type":"ListItem","position":1,"name":"Home","item":"https:\/\/www.nedbalka.sk\/de\/"},{"@type":"ListItem","position":2,"name":"E-shop","item":"https:\/\/www.nedbalka.sk\/e-shop\/"},{"@type":"ListItem","position":3,"name":"Robert Hromec &#8211; Inside a Time Capsule"}]},{"@type":"WebSite","@id":"https:\/\/www.nedbalka.sk\/#website","url":"https:\/\/www.nedbalka.sk\/","name":"Nedbalka","description":"\u0164a\u017eisko zbierky Gal\u00e9rie Nedbalka spo\u010d\u00edva v slovenskej ma\u013ebe 20. storo\u010dia, ale s\u00fa v nej zast\u00fapen\u00e9 aj socha a grafika. Gal\u00e9ria diela prezentuje prostredn\u00edctvom st\u00e1lej expoz\u00edcie a kr\u00e1tkodob\u00fdch v\u00fdstav.","potentialAction":[{"@type":"SearchAction","target":{"@type":"EntryPoint","urlTemplate":"https:\/\/www.nedbalka.sk\/?s={search_term_string}"},"query-input":{"@type":"PropertyValueSpecification","valueRequired":true,"valueName":"search_term_string"}}],"inLanguage":"de"}]}},"_links":{"self":[{"href":"https:\/\/www.nedbalka.sk\/de\/wp-json\/wp\/v2\/product\/2239","targetHints":{"allow":["GET"]}}],"collection":[{"href":"https:\/\/www.nedbalka.sk\/de\/wp-json\/wp\/v2\/product"}],"about":[{"href":"https:\/\/www.nedbalka.sk\/de\/wp-json\/wp\/v2\/types\/product"}],"wp:featuredmedia":[{"embeddable":true,"href":"https:\/\/www.nedbalka.sk\/de\/wp-json\/wp\/v2\/media\/2247"}],"wp:attachment":[{"href":"https:\/\/www.nedbalka.sk\/de\/wp-json\/wp\/v2\/media?parent=2239"}],"curies":[{"name":"wp","href":"https:\/\/api.w.org\/{rel}","templated":true}]}}