{"id":2224,"date":"2018-10-01T15:57:23","date_gmt":"2018-10-01T14:57:23","guid":{"rendered":"http:\/\/www.nedbalka.sk\/?post_type=product&#038;p=2224"},"modified":"2019-04-23T14:25:40","modified_gmt":"2019-04-23T13:25:40","slug":"slovenske-moderne-umenie","status":"publish","type":"product","link":"https:\/\/www.nedbalka.sk\/de\/product\/slovenske-moderne-umenie\/","title":{"rendered":"Slovensk\u00e9 modern\u00e9 umenie"},"content":{"rendered":"","protected":false},"excerpt":{"rendered":"<p>Publik\u00e1cia je druhou knihou o Gal\u00e9ri\u00ed Nedbalka, ktor\u00e1 prezentuje diela st\u00e1lej expoz\u00edcie zameranej na slovensk\u00e9 modern\u00e9 umenie 20. storo\u010dia, s presahom do konca 19. a za\u010diatku 21. storo\u010dia. Prv\u00e1 kniha vy\u0161la pri pr\u00edle\u017eitosti otvorenia gal\u00e9rie v roku 2012. Cie\u013eom roz\u0161\u00edren\u00e9ho a doplnen\u00e9ho vydania je predstavi\u0165 \u0161irokej verejnosti st\u00e1lu expoz\u00edciu gal\u00e9rie vr\u00e1tane nov\u00fdch akviz\u00edci\u00ed a poskytn\u00fa\u0165 z\u00e1ujemcom o v\u00fdtvarn\u00e9 umenie mo\u017enos\u0165 zozn\u00e1mi\u0165 sa s dielami najv\u00fdznamnej\u0161\u00edch umelcov tvoriacich na Slovensku od konca 19. storo\u010dia a\u017e po s\u00fa\u010dasnos\u0165.<\/p>\n<p><strong>Publik\u00e1cia:\u00a0Slovensk\u00e9 modern\u00e9 umenie; <\/strong>autor textov:\u00a0Zs\u00f3fia Kiss-Szem\u00e1n; po\u010det str\u00e1n: 392; v\u00e4zba:\u00a0pevn\u00e1; rok vydania: 2014.<\/p>\n","protected":false},"featured_media":2236,"template":"","meta":{"_acf_changed":false,"inline_featured_image":false},"class_list":{"0":"post-2224","1":"product","2":"type-product","3":"status-publish","4":"has-post-thumbnail","6":"product_cat-katalog","8":"first","9":"instock","10":"taxable","11":"shipping-taxable","12":"purchasable","13":"product-type-simple"},"acf":[],"yoast_head":"<!-- This site is optimized with the Yoast SEO plugin v27.4 - https:\/\/yoast.com\/product\/yoast-seo-wordpress\/ -->\n<title>Slovensk\u00e9 modern\u00e9 umenie | Nedbalka<\/title>\n<meta name=\"robots\" content=\"index, follow, max-snippet:-1, max-image-preview:large, max-video-preview:-1\" \/>\n<link rel=\"canonical\" href=\"https:\/\/www.nedbalka.sk\/en\/product\/slovenske-moderne-umenie\/\" \/>\n<meta property=\"og:locale\" content=\"de_DE\" \/>\n<meta property=\"og:type\" content=\"article\" \/>\n<meta property=\"og:title\" content=\"Slovensk\u00e9 modern\u00e9 umenie | Nedbalka\" \/>\n<meta property=\"og:description\" content=\"Publik\u00e1cia je druhou knihou o Gal\u00e9ri\u00ed Nedbalka, ktor\u00e1 prezentuje diela st\u00e1lej expoz\u00edcie zameranej na slovensk\u00e9 modern\u00e9 umenie 20. storo\u010dia, s presahom do konca 19. a za\u010diatku 21. storo\u010dia. Prv\u00e1 kniha vy\u0161la pri pr\u00edle\u017eitosti otvorenia gal\u00e9rie v roku 2012. Cie\u013eom roz\u0161\u00edren\u00e9ho a doplnen\u00e9ho vydania je predstavi\u0165 \u0161irokej verejnosti st\u00e1lu expoz\u00edciu gal\u00e9rie vr\u00e1tane nov\u00fdch akviz\u00edci\u00ed a poskytn\u00fa\u0165 z\u00e1ujemcom o v\u00fdtvarn\u00e9 umenie mo\u017enos\u0165 zozn\u00e1mi\u0165 sa s dielami najv\u00fdznamnej\u0161\u00edch umelcov tvoriacich na Slovensku od konca 19. storo\u010dia a\u017e po s\u00fa\u010dasnos\u0165.  Publik\u00e1cia:\u00a0Slovensk\u00e9 modern\u00e9 umenie; autor textov:\u00a0Zs\u00f3fia Kiss-Szem\u00e1n; po\u010det str\u00e1n: 392; v\u00e4zba:\u00a0pevn\u00e1; rok vydania: 2014.\" \/>\n<meta property=\"og:url\" content=\"https:\/\/www.nedbalka.sk\/en\/product\/slovenske-moderne-umenie\/\" \/>\n<meta property=\"og:site_name\" content=\"Nedbalka\" \/>\n<meta property=\"article:modified_time\" content=\"2019-04-23T13:25:40+00:00\" \/>\n<meta property=\"og:image\" content=\"https:\/\/www.nedbalka.sk\/wp-content\/uploads\/Slovenske\u0301-moderne\u0301-umenie-1.jpg\" \/>\n\t<meta property=\"og:image:width\" content=\"865\" \/>\n\t<meta property=\"og:image:height\" content=\"1156\" \/>\n\t<meta property=\"og:image:type\" content=\"image\/jpeg\" \/>\n<meta name=\"twitter:card\" content=\"summary_large_image\" \/>\n<script type=\"application\/ld+json\" class=\"yoast-schema-graph\">{\"@context\":\"https:\\\/\\\/schema.org\",\"@graph\":[{\"@type\":\"WebPage\",\"@id\":\"https:\\\/\\\/www.nedbalka.sk\\\/en\\\/product\\\/slovenske-moderne-umenie\\\/\",\"url\":\"https:\\\/\\\/www.nedbalka.sk\\\/en\\\/product\\\/slovenske-moderne-umenie\\\/\",\"name\":\"Slovensk\u00e9 modern\u00e9 umenie | Nedbalka\",\"isPartOf\":{\"@id\":\"https:\\\/\\\/www.nedbalka.sk\\\/#website\"},\"primaryImageOfPage\":{\"@id\":\"https:\\\/\\\/www.nedbalka.sk\\\/en\\\/product\\\/slovenske-moderne-umenie\\\/#primaryimage\"},\"image\":{\"@id\":\"https:\\\/\\\/www.nedbalka.sk\\\/en\\\/product\\\/slovenske-moderne-umenie\\\/#primaryimage\"},\"thumbnailUrl\":\"https:\\\/\\\/www.nedbalka.sk\\\/wp-content\\\/uploads\\\/Slovenske\u0301-moderne\u0301-umenie-1.jpg\",\"datePublished\":\"2018-10-01T14:57:23+00:00\",\"dateModified\":\"2019-04-23T13:25:40+00:00\",\"breadcrumb\":{\"@id\":\"https:\\\/\\\/www.nedbalka.sk\\\/en\\\/product\\\/slovenske-moderne-umenie\\\/#breadcrumb\"},\"inLanguage\":\"de\",\"potentialAction\":[{\"@type\":\"ReadAction\",\"target\":[\"https:\\\/\\\/www.nedbalka.sk\\\/en\\\/product\\\/slovenske-moderne-umenie\\\/\"]}]},{\"@type\":\"ImageObject\",\"inLanguage\":\"de\",\"@id\":\"https:\\\/\\\/www.nedbalka.sk\\\/en\\\/product\\\/slovenske-moderne-umenie\\\/#primaryimage\",\"url\":\"https:\\\/\\\/www.nedbalka.sk\\\/wp-content\\\/uploads\\\/Slovenske\u0301-moderne\u0301-umenie-1.jpg\",\"contentUrl\":\"https:\\\/\\\/www.nedbalka.sk\\\/wp-content\\\/uploads\\\/Slovenske\u0301-moderne\u0301-umenie-1.jpg\",\"width\":865,\"height\":1156,\"caption\":\"Slovenske\u0301 moderne\u0301 umenie\"},{\"@type\":\"BreadcrumbList\",\"@id\":\"https:\\\/\\\/www.nedbalka.sk\\\/en\\\/product\\\/slovenske-moderne-umenie\\\/#breadcrumb\",\"itemListElement\":[{\"@type\":\"ListItem\",\"position\":1,\"name\":\"Home\",\"item\":\"https:\\\/\\\/www.nedbalka.sk\\\/de\\\/\"},{\"@type\":\"ListItem\",\"position\":2,\"name\":\"E-shop\",\"item\":\"https:\\\/\\\/www.nedbalka.sk\\\/e-shop\\\/\"},{\"@type\":\"ListItem\",\"position\":3,\"name\":\"Slovensk\u00e9 modern\u00e9 umenie\"}]},{\"@type\":\"WebSite\",\"@id\":\"https:\\\/\\\/www.nedbalka.sk\\\/#website\",\"url\":\"https:\\\/\\\/www.nedbalka.sk\\\/\",\"name\":\"Nedbalka\",\"description\":\"\u0164a\u017eisko zbierky Gal\u00e9rie Nedbalka spo\u010d\u00edva v slovenskej ma\u013ebe 20. storo\u010dia, ale s\u00fa v nej zast\u00fapen\u00e9 aj socha a grafika. Gal\u00e9ria diela prezentuje prostredn\u00edctvom st\u00e1lej expoz\u00edcie a kr\u00e1tkodob\u00fdch v\u00fdstav.\",\"potentialAction\":[{\"@type\":\"SearchAction\",\"target\":{\"@type\":\"EntryPoint\",\"urlTemplate\":\"https:\\\/\\\/www.nedbalka.sk\\\/?s={search_term_string}\"},\"query-input\":{\"@type\":\"PropertyValueSpecification\",\"valueRequired\":true,\"valueName\":\"search_term_string\"}}],\"inLanguage\":\"de\"}]}<\/script>\n<!-- \/ Yoast SEO plugin. -->","yoast_head_json":{"title":"Slovensk\u00e9 modern\u00e9 umenie | Nedbalka","robots":{"index":"index","follow":"follow","max-snippet":"max-snippet:-1","max-image-preview":"max-image-preview:large","max-video-preview":"max-video-preview:-1"},"canonical":"https:\/\/www.nedbalka.sk\/en\/product\/slovenske-moderne-umenie\/","og_locale":"de_DE","og_type":"article","og_title":"Slovensk\u00e9 modern\u00e9 umenie | Nedbalka","og_description":"Publik\u00e1cia je druhou knihou o Gal\u00e9ri\u00ed Nedbalka, ktor\u00e1 prezentuje diela st\u00e1lej expoz\u00edcie zameranej na slovensk\u00e9 modern\u00e9 umenie 20. storo\u010dia, s presahom do konca 19. a za\u010diatku 21. storo\u010dia. Prv\u00e1 kniha vy\u0161la pri pr\u00edle\u017eitosti otvorenia gal\u00e9rie v roku 2012. Cie\u013eom roz\u0161\u00edren\u00e9ho a doplnen\u00e9ho vydania je predstavi\u0165 \u0161irokej verejnosti st\u00e1lu expoz\u00edciu gal\u00e9rie vr\u00e1tane nov\u00fdch akviz\u00edci\u00ed a poskytn\u00fa\u0165 z\u00e1ujemcom o v\u00fdtvarn\u00e9 umenie mo\u017enos\u0165 zozn\u00e1mi\u0165 sa s dielami najv\u00fdznamnej\u0161\u00edch umelcov tvoriacich na Slovensku od konca 19. storo\u010dia a\u017e po s\u00fa\u010dasnos\u0165.  Publik\u00e1cia:\u00a0Slovensk\u00e9 modern\u00e9 umenie; autor textov:\u00a0Zs\u00f3fia Kiss-Szem\u00e1n; po\u010det str\u00e1n: 392; v\u00e4zba:\u00a0pevn\u00e1; rok vydania: 2014.","og_url":"https:\/\/www.nedbalka.sk\/en\/product\/slovenske-moderne-umenie\/","og_site_name":"Nedbalka","article_modified_time":"2019-04-23T13:25:40+00:00","og_image":[{"width":865,"height":1156,"url":"https:\/\/www.nedbalka.sk\/wp-content\/uploads\/Slovenske\u0301-moderne\u0301-umenie-1.jpg","type":"image\/jpeg"}],"twitter_card":"summary_large_image","schema":{"@context":"https:\/\/schema.org","@graph":[{"@type":"WebPage","@id":"https:\/\/www.nedbalka.sk\/en\/product\/slovenske-moderne-umenie\/","url":"https:\/\/www.nedbalka.sk\/en\/product\/slovenske-moderne-umenie\/","name":"Slovensk\u00e9 modern\u00e9 umenie | Nedbalka","isPartOf":{"@id":"https:\/\/www.nedbalka.sk\/#website"},"primaryImageOfPage":{"@id":"https:\/\/www.nedbalka.sk\/en\/product\/slovenske-moderne-umenie\/#primaryimage"},"image":{"@id":"https:\/\/www.nedbalka.sk\/en\/product\/slovenske-moderne-umenie\/#primaryimage"},"thumbnailUrl":"https:\/\/www.nedbalka.sk\/wp-content\/uploads\/Slovenske\u0301-moderne\u0301-umenie-1.jpg","datePublished":"2018-10-01T14:57:23+00:00","dateModified":"2019-04-23T13:25:40+00:00","breadcrumb":{"@id":"https:\/\/www.nedbalka.sk\/en\/product\/slovenske-moderne-umenie\/#breadcrumb"},"inLanguage":"de","potentialAction":[{"@type":"ReadAction","target":["https:\/\/www.nedbalka.sk\/en\/product\/slovenske-moderne-umenie\/"]}]},{"@type":"ImageObject","inLanguage":"de","@id":"https:\/\/www.nedbalka.sk\/en\/product\/slovenske-moderne-umenie\/#primaryimage","url":"https:\/\/www.nedbalka.sk\/wp-content\/uploads\/Slovenske\u0301-moderne\u0301-umenie-1.jpg","contentUrl":"https:\/\/www.nedbalka.sk\/wp-content\/uploads\/Slovenske\u0301-moderne\u0301-umenie-1.jpg","width":865,"height":1156,"caption":"Slovenske\u0301 moderne\u0301 umenie"},{"@type":"BreadcrumbList","@id":"https:\/\/www.nedbalka.sk\/en\/product\/slovenske-moderne-umenie\/#breadcrumb","itemListElement":[{"@type":"ListItem","position":1,"name":"Home","item":"https:\/\/www.nedbalka.sk\/de\/"},{"@type":"ListItem","position":2,"name":"E-shop","item":"https:\/\/www.nedbalka.sk\/e-shop\/"},{"@type":"ListItem","position":3,"name":"Slovensk\u00e9 modern\u00e9 umenie"}]},{"@type":"WebSite","@id":"https:\/\/www.nedbalka.sk\/#website","url":"https:\/\/www.nedbalka.sk\/","name":"Nedbalka","description":"\u0164a\u017eisko zbierky Gal\u00e9rie Nedbalka spo\u010d\u00edva v slovenskej ma\u013ebe 20. storo\u010dia, ale s\u00fa v nej zast\u00fapen\u00e9 aj socha a grafika. Gal\u00e9ria diela prezentuje prostredn\u00edctvom st\u00e1lej expoz\u00edcie a kr\u00e1tkodob\u00fdch v\u00fdstav.","potentialAction":[{"@type":"SearchAction","target":{"@type":"EntryPoint","urlTemplate":"https:\/\/www.nedbalka.sk\/?s={search_term_string}"},"query-input":{"@type":"PropertyValueSpecification","valueRequired":true,"valueName":"search_term_string"}}],"inLanguage":"de"}]}},"_links":{"self":[{"href":"https:\/\/www.nedbalka.sk\/de\/wp-json\/wp\/v2\/product\/2224","targetHints":{"allow":["GET"]}}],"collection":[{"href":"https:\/\/www.nedbalka.sk\/de\/wp-json\/wp\/v2\/product"}],"about":[{"href":"https:\/\/www.nedbalka.sk\/de\/wp-json\/wp\/v2\/types\/product"}],"wp:featuredmedia":[{"embeddable":true,"href":"https:\/\/www.nedbalka.sk\/de\/wp-json\/wp\/v2\/media\/2236"}],"wp:attachment":[{"href":"https:\/\/www.nedbalka.sk\/de\/wp-json\/wp\/v2\/media?parent=2224"}],"curies":[{"name":"wp","href":"https:\/\/api.w.org\/{rel}","templated":true}]}}