{"id":2878,"date":"2018-08-30T15:12:24","date_gmt":"2018-08-30T15:12:24","guid":{"rendered":"http:\/\/www.nedbalka.sk\/cafe-artshop\/"},"modified":"2018-12-05T13:51:13","modified_gmt":"2018-12-05T12:51:13","slug":"cafe-artshop","status":"publish","type":"page","link":"https:\/\/www.nedbalka.sk\/de\/cafe-artshop\/","title":{"rendered":"Das Galerie-Caf\u00e9 und der Artshop"},"content":{"rendered":"","protected":false},"excerpt":{"rendered":"","protected":false},"author":2,"featured_media":0,"parent":0,"menu_order":0,"comment_status":"closed","ping_status":"closed","template":"templates\/page-dynamic-content.php","meta":{"_acf_changed":false,"inline_featured_image":false,"footnotes":""},"class_list":["post-2878","page","type-page","status-publish","hentry"],"acf":[],"yoast_head":"<!-- This site is optimized with the Yoast SEO plugin v27.4 - https:\/\/yoast.com\/product\/yoast-seo-wordpress\/ -->\n<title>Das Galerie-Caf\u00e9 und der Artshop | Nedbalka<\/title>\n<meta name=\"robots\" content=\"index, follow, max-snippet:-1, max-image-preview:large, max-video-preview:-1\" \/>\n<link rel=\"canonical\" href=\"https:\/\/www.nedbalka.sk\/de\/cafe-artshop\/\" \/>\n<meta property=\"og:locale\" content=\"de_DE\" \/>\n<meta property=\"og:type\" content=\"article\" \/>\n<meta property=\"og:title\" content=\"Das Galerie-Caf\u00e9 und der Artshop | Nedbalka\" \/>\n<meta property=\"og:url\" content=\"https:\/\/www.nedbalka.sk\/de\/cafe-artshop\/\" \/>\n<meta property=\"og:site_name\" content=\"Nedbalka\" \/>\n<meta property=\"article:modified_time\" content=\"2018-12-05T12:51:13+00:00\" \/>\n<meta property=\"og:image\" content=\"https:\/\/www.nedbalka.sk\/wp-content\/uploads\/01a-1.jpg\" \/>\n\t<meta property=\"og:image:width\" content=\"1920\" \/>\n\t<meta property=\"og:image:height\" content=\"1375\" \/>\n\t<meta property=\"og:image:type\" content=\"image\/jpeg\" \/>\n<meta name=\"twitter:card\" content=\"summary_large_image\" \/>\n<script type=\"application\/ld+json\" class=\"yoast-schema-graph\">{\"@context\":\"https:\\\/\\\/schema.org\",\"@graph\":[{\"@type\":\"WebPage\",\"@id\":\"https:\\\/\\\/www.nedbalka.sk\\\/de\\\/cafe-artshop\\\/\",\"url\":\"https:\\\/\\\/www.nedbalka.sk\\\/de\\\/cafe-artshop\\\/\",\"name\":\"Das Galerie-Caf\u00e9 und der Artshop | Nedbalka\",\"isPartOf\":{\"@id\":\"https:\\\/\\\/www.nedbalka.sk\\\/#website\"},\"datePublished\":\"2018-08-30T15:12:24+00:00\",\"dateModified\":\"2018-12-05T12:51:13+00:00\",\"breadcrumb\":{\"@id\":\"https:\\\/\\\/www.nedbalka.sk\\\/de\\\/cafe-artshop\\\/#breadcrumb\"},\"inLanguage\":\"de\",\"potentialAction\":[{\"@type\":\"ReadAction\",\"target\":[\"https:\\\/\\\/www.nedbalka.sk\\\/de\\\/cafe-artshop\\\/\"]}]},{\"@type\":\"BreadcrumbList\",\"@id\":\"https:\\\/\\\/www.nedbalka.sk\\\/de\\\/cafe-artshop\\\/#breadcrumb\",\"itemListElement\":[{\"@type\":\"ListItem\",\"position\":1,\"name\":\"Home\",\"item\":\"https:\\\/\\\/www.nedbalka.sk\\\/de\\\/\"},{\"@type\":\"ListItem\",\"position\":2,\"name\":\"Das Galerie-Caf\u00e9 und der Artshop\"}]},{\"@type\":\"WebSite\",\"@id\":\"https:\\\/\\\/www.nedbalka.sk\\\/#website\",\"url\":\"https:\\\/\\\/www.nedbalka.sk\\\/\",\"name\":\"Nedbalka\",\"description\":\"\u0164a\u017eisko zbierky Gal\u00e9rie Nedbalka spo\u010d\u00edva v slovenskej ma\u013ebe 20. storo\u010dia, ale s\u00fa v nej zast\u00fapen\u00e9 aj socha a grafika. Gal\u00e9ria diela prezentuje prostredn\u00edctvom st\u00e1lej expoz\u00edcie a kr\u00e1tkodob\u00fdch v\u00fdstav.\",\"potentialAction\":[{\"@type\":\"SearchAction\",\"target\":{\"@type\":\"EntryPoint\",\"urlTemplate\":\"https:\\\/\\\/www.nedbalka.sk\\\/?s={search_term_string}\"},\"query-input\":{\"@type\":\"PropertyValueSpecification\",\"valueRequired\":true,\"valueName\":\"search_term_string\"}}],\"inLanguage\":\"de\"}]}<\/script>\n<!-- \/ Yoast SEO plugin. -->","yoast_head_json":{"title":"Das Galerie-Caf\u00e9 und der Artshop | Nedbalka","robots":{"index":"index","follow":"follow","max-snippet":"max-snippet:-1","max-image-preview":"max-image-preview:large","max-video-preview":"max-video-preview:-1"},"canonical":"https:\/\/www.nedbalka.sk\/de\/cafe-artshop\/","og_locale":"de_DE","og_type":"article","og_title":"Das Galerie-Caf\u00e9 und der Artshop | Nedbalka","og_url":"https:\/\/www.nedbalka.sk\/de\/cafe-artshop\/","og_site_name":"Nedbalka","article_modified_time":"2018-12-05T12:51:13+00:00","og_image":[{"width":1920,"height":1375,"url":"https:\/\/www.nedbalka.sk\/wp-content\/uploads\/01a-1.jpg","type":"image\/jpeg"}],"twitter_card":"summary_large_image","schema":{"@context":"https:\/\/schema.org","@graph":[{"@type":"WebPage","@id":"https:\/\/www.nedbalka.sk\/de\/cafe-artshop\/","url":"https:\/\/www.nedbalka.sk\/de\/cafe-artshop\/","name":"Das Galerie-Caf\u00e9 und der Artshop | Nedbalka","isPartOf":{"@id":"https:\/\/www.nedbalka.sk\/#website"},"datePublished":"2018-08-30T15:12:24+00:00","dateModified":"2018-12-05T12:51:13+00:00","breadcrumb":{"@id":"https:\/\/www.nedbalka.sk\/de\/cafe-artshop\/#breadcrumb"},"inLanguage":"de","potentialAction":[{"@type":"ReadAction","target":["https:\/\/www.nedbalka.sk\/de\/cafe-artshop\/"]}]},{"@type":"BreadcrumbList","@id":"https:\/\/www.nedbalka.sk\/de\/cafe-artshop\/#breadcrumb","itemListElement":[{"@type":"ListItem","position":1,"name":"Home","item":"https:\/\/www.nedbalka.sk\/de\/"},{"@type":"ListItem","position":2,"name":"Das Galerie-Caf\u00e9 und der Artshop"}]},{"@type":"WebSite","@id":"https:\/\/www.nedbalka.sk\/#website","url":"https:\/\/www.nedbalka.sk\/","name":"Nedbalka","description":"\u0164a\u017eisko zbierky Gal\u00e9rie Nedbalka spo\u010d\u00edva v slovenskej ma\u013ebe 20. storo\u010dia, ale s\u00fa v nej zast\u00fapen\u00e9 aj socha a grafika. Gal\u00e9ria diela prezentuje prostredn\u00edctvom st\u00e1lej expoz\u00edcie a kr\u00e1tkodob\u00fdch v\u00fdstav.","potentialAction":[{"@type":"SearchAction","target":{"@type":"EntryPoint","urlTemplate":"https:\/\/www.nedbalka.sk\/?s={search_term_string}"},"query-input":{"@type":"PropertyValueSpecification","valueRequired":true,"valueName":"search_term_string"}}],"inLanguage":"de"}]}},"_links":{"self":[{"href":"https:\/\/www.nedbalka.sk\/de\/wp-json\/wp\/v2\/pages\/2878","targetHints":{"allow":["GET"]}}],"collection":[{"href":"https:\/\/www.nedbalka.sk\/de\/wp-json\/wp\/v2\/pages"}],"about":[{"href":"https:\/\/www.nedbalka.sk\/de\/wp-json\/wp\/v2\/types\/page"}],"author":[{"embeddable":true,"href":"https:\/\/www.nedbalka.sk\/de\/wp-json\/wp\/v2\/users\/2"}],"replies":[{"embeddable":true,"href":"https:\/\/www.nedbalka.sk\/de\/wp-json\/wp\/v2\/comments?post=2878"}],"version-history":[{"count":4,"href":"https:\/\/www.nedbalka.sk\/de\/wp-json\/wp\/v2\/pages\/2878\/revisions"}],"predecessor-version":[{"id":3723,"href":"https:\/\/www.nedbalka.sk\/de\/wp-json\/wp\/v2\/pages\/2878\/revisions\/3723"}],"wp:attachment":[{"href":"https:\/\/www.nedbalka.sk\/de\/wp-json\/wp\/v2\/media?parent=2878"}],"curies":[{"name":"wp","href":"https:\/\/api.w.org\/{rel}","templated":true}]}}